{"id":23215,"date":"2023-01-23T03:46:17","date_gmt":"2023-01-23T03:46:17","guid":{"rendered":"https:\/\/ztsports.com\/?post_type=product&#038;p=23215"},"modified":"2026-03-09T08:02:17","modified_gmt":"2026-03-09T08:02:17","slug":"zandstra-nis-nordic-blades-clip-on","status":"publish","type":"product","link":"https:\/\/ztsports.com\/fr\/store\/zandstra-nis-nordic-blades-clip-on\/","title":{"rendered":"ZANDSTRA NIS Nordic Blades Clip-On"},"content":{"rendered":"<h2>ZANDSTRA NIS Lames Nordiques<\/h2>\n<p>Les lames nordiques sont compatibles avec les chaussures de ski de fond NNN. La fixation NIS peut \u00eatre mont\u00e9e sur ce skate nordique gr\u00e2ce \u00e0 une partie sup\u00e9rieure usin\u00e9e sp\u00e9ciale. La fixation se monte facilement sans vis ni boulons, ce qui la rend 40 % plus l\u00e9g\u00e8re que les fixations classiques. La lame s\u2019adapte aux syst\u00e8mes NIS NNN tels que : <a href=\"https:\/\/www.skatenow.us\/product\/15143915\/zandstra-nis-performance-binding-by-rottefella\" target=\"_blank\" rel=\"noopener\">Rossignol (Rottefella)<\/a>, Fischer, Salomon, NNN BC et XC.<\/p>\n<p><em><strong>Fixations non incluses et vendues s\u00e9par\u00e9ment.<\/strong><\/em><\/p>\n<p><em><strong>Un kit de montage est requis pour installer toute fixation non-NIS.<\/strong><\/em><\/p>\n<p>Vendue par lot de 2 pi\u00e8ces.<\/p>\n<ul>\n<li><strong>Tailles :<\/strong> 40 (petit), 43 (moyen), 45 (grand) et 48 (tr\u00e8s grand) cm<\/li>\n<li><strong>Acier :<\/strong> acier \u00e0 outils inoxydable 1,25 mm<\/li>\n<li><strong>Duret\u00e9 :<\/strong> 60 Rc<\/li>\n<li><strong>Rayon :<\/strong> 35 m\u00e8tres<\/li>\n<li><strong>Syst\u00e8me de montage :<\/strong> NIS<\/li>\n<li><strong>Hauteur de la lame :<\/strong> 27 mm<\/li>\n<li><strong>Finition :<\/strong> peinture en poudre rouge<\/li>\n<\/ul>\n<h4>ZANDSTRA NIS Lames Nordiques<\/h4>\n<p>La lame nordique Zandstra NIS dispose d\u2019une plateforme Delta repens\u00e9e. Ce skate permet d\u00e9sormais de monter facilement n\u2019importe quelle fixation NIS \u2014 Xcelerator, Exercise ou Performance \u2014 rapidement \u00e0 la maison sans outils.<\/p>\n<p>Vous b\u00e9n\u00e9ficiez toujours de l\u2019acier \u00e0 outils l\u00e9gendaire, durable et qui reste tranchant longtemps.<\/p>\n<p>Si vous ne souhaitez pas utiliser les fixations \u00e0 glissi\u00e8re NIS, vous pouvez acheter le <strong>kit de montage Zandstra<\/strong> et installer la fixation de votre choix : NNN, SNS ou m\u00eame Rottefella NNN-BC Manual Back Country. La position de toutes les fixations peut \u00eatre ajust\u00e9e selon vos pr\u00e9f\u00e9rences afin de trouver le bon \u00e9quilibre.<\/p>\n<p>Les lames nordiques Zandstra NIS sont compatibles avec vos chaussures de ski de fond pour offrir une exp\u00e9rience de type \u00ab clap skate \u00bb authentique ! Zandstra propose un mod\u00e8le adapt\u00e9 \u00e0 plusieurs types de fixations de ski. Id\u00e9al pour patiner sur des \u00e9tangs gel\u00e9s, lacs, canaux ou pistes ovales.<\/p>\n<h3>ZANDSTRA NIS Lames Nordiques<\/h3>\n<p>Skates nordiques sur lesquels vous pouvez monter des fixations NIS ! R\u00e9utilisez vos chaussures et fixations de ski de fond pour patiner sur des \u00e9tangs, canaux ou pistes ovales. Ce mod\u00e8le NIS est usin\u00e9 pour accueillir des fixations NIS telles que les Rottefella Performance ou Xcelerator.<\/p>\n<p>Vous pouvez ainsi utiliser vos chaussures de ski de fond (technique skating avec maintien de la cheville) et profiter d\u2019une extension maximale de la pouss\u00e9e gr\u00e2ce au talon libre, pour obtenir la sensation du \u00ab clap skate \u00bb.<\/p>\n<p>Surprenamment facile \u00e0 ma\u00eetriser. Les virages et d\u00e9rapages deviennent amusants, m\u00eame si vous patinez en ligne droite. Procurez-vous une paire, surveillez l\u2019\u00e9tat de la glace et profitez d\u2019une autre activit\u00e9 hivernale en plein air !<\/p>\n<p>La lame nordique Zandstra NIS est disponible en taille : 45 cm<\/p>\n<p>48 cm sur commande sp\u00e9ciale<\/p>\n<p>D\u00e9couvrez toutes nos <a href=\"\/?product_cat=blades2\"><strong>lames nordiques ici<\/strong><\/a>.<\/p>\n","protected":false},"excerpt":{"rendered":"<p>ZANDSTRA NIS Lames Nordiques Les lames nordiques sont compatibles avec les chaussures de ski de fond NNN. La fixation NIS peut \u00eatre mont\u00e9e sur ce skate nordique gr\u00e2ce \u00e0 une partie sup\u00e9rieure usin\u00e9e sp\u00e9ciale. La fixation se monte facilement sans vis ni boulons, ce qui la rend 40 % plus l\u00e9g\u00e8re que les fixations classiques. [&hellip;]<\/p>\n","protected":false},"featured_media":23209,"comment_status":"open","ping_status":"closed","template":"","meta":{"_acf_changed":false,"_monsterinsights_skip_tracking":false,"_monsterinsights_sitenote_active":false,"_monsterinsights_sitenote_note":"","_monsterinsights_sitenote_category":0,"_uf_show_specific_survey":0,"_uf_disable_surveys":false,"site-sidebar-layout":"default","site-content-layout":"","ast-site-content-layout":"default","site-content-style":"default","site-sidebar-style":"default","ast-global-header-display":"","ast-banner-title-visibility":"","ast-main-header-display":"","ast-hfb-above-header-display":"","ast-hfb-below-header-display":"","ast-hfb-mobile-header-display":"","site-post-title":"","ast-breadcrumbs-content":"","ast-featured-img":"","footer-sml-layout":"","ast-disable-related-posts":"","theme-transparent-header-meta":"default","adv-header-id-meta":"","stick-header-meta":"","header-above-stick-meta":"","header-main-stick-meta":"","header-below-stick-meta":"","astra-migrate-meta-layouts":"set","ast-page-background-enabled":"default","ast-page-background-meta":{"desktop":{"background-color":"","background-image":"","background-repeat":"repeat","background-position":"center center","background-size":"auto","background-attachment":"scroll","background-type":"","background-media":"","overlay-type":"","overlay-color":"","overlay-opacity":"","overlay-gradient":""},"tablet":{"background-color":"","background-image":"","background-repeat":"repeat","background-position":"center center","background-size":"auto","background-attachment":"scroll","background-type":"","background-media":"","overlay-type":"","overlay-color":"","overlay-opacity":"","overlay-gradient":""},"mobile":{"background-color":"","background-image":"","background-repeat":"repeat","background-position":"center center","background-size":"auto","background-attachment":"scroll","background-type":"","background-media":"","overlay-type":"","overlay-color":"","overlay-opacity":"","overlay-gradient":""}},"ast-content-background-meta":{"desktop":{"background-color":"var(--ast-global-color-5)","background-image":"","background-repeat":"repeat","background-position":"center center","background-size":"auto","background-attachment":"scroll","background-type":"","background-media":"","overlay-type":"","overlay-color":"","overlay-opacity":"","overlay-gradient":""},"tablet":{"background-color":"var(--ast-global-color-5)","background-image":"","background-repeat":"repeat","background-position":"center center","background-size":"auto","background-attachment":"scroll","background-type":"","background-media":"","overlay-type":"","overlay-color":"","overlay-opacity":"","overlay-gradient":""},"mobile":{"background-color":"var(--ast-global-color-5)","background-image":"","background-repeat":"repeat","background-position":"center center","background-size":"auto","background-attachment":"scroll","background-type":"","background-media":"","overlay-type":"","overlay-color":"","overlay-opacity":"","overlay-gradient":""}}},"product_brand":[3363,3364],"product_cat":[4552],"product_tag":[],"class_list":{"0":"post-23215","1":"product","2":"type-product","3":"status-publish","4":"has-post-thumbnail","6":"product_brand-zandstra","7":"product_brand-zanstra","8":"product_cat-patins-du-canal-nordique","9":"desktop-align-left","10":"tablet-align-left","11":"mobile-align-left","13":"first","14":"instock","15":"taxable","16":"shipping-taxable","17":"purchasable","18":"product-type-simple"},"acf":[],"_links":{"self":[{"href":"https:\/\/ztsports.com\/fr\/wp-json\/wp\/v2\/product\/23215","targetHints":{"allow":["GET"]}}],"collection":[{"href":"https:\/\/ztsports.com\/fr\/wp-json\/wp\/v2\/product"}],"about":[{"href":"https:\/\/ztsports.com\/fr\/wp-json\/wp\/v2\/types\/product"}],"replies":[{"embeddable":true,"href":"https:\/\/ztsports.com\/fr\/wp-json\/wp\/v2\/comments?post=23215"}],"version-history":[{"count":1,"href":"https:\/\/ztsports.com\/fr\/wp-json\/wp\/v2\/product\/23215\/revisions"}],"predecessor-version":[{"id":23216,"href":"https:\/\/ztsports.com\/fr\/wp-json\/wp\/v2\/product\/23215\/revisions\/23216"}],"wp:featuredmedia":[{"embeddable":true,"href":"https:\/\/ztsports.com\/fr\/wp-json\/wp\/v2\/media\/23209"}],"wp:attachment":[{"href":"https:\/\/ztsports.com\/fr\/wp-json\/wp\/v2\/media?parent=23215"}],"wp:term":[{"taxonomy":"product_brand","embeddable":true,"href":"https:\/\/ztsports.com\/fr\/wp-json\/wp\/v2\/product_brand?post=23215"},{"taxonomy":"product_cat","embeddable":true,"href":"https:\/\/ztsports.com\/fr\/wp-json\/wp\/v2\/product_cat?post=23215"},{"taxonomy":"product_tag","embeddable":true,"href":"https:\/\/ztsports.com\/fr\/wp-json\/wp\/v2\/product_tag?post=23215"}],"curies":[{"name":"wp","href":"https:\/\/api.w.org\/{rel}","templated":true}]}}