{"id":23207,"date":"2023-01-23T04:49:20","date_gmt":"2023-01-23T04:49:20","guid":{"rendered":"https:\/\/ztsports.com\/?post_type=product&#038;p=23207"},"modified":"2026-03-09T08:00:39","modified_gmt":"2026-03-09T08:00:39","slug":"protective-soft-neck-guard-x-series","status":"publish","type":"product","link":"https:\/\/ztsports.com\/fr\/store\/protective-soft-neck-guard-x-series\/","title":{"rendered":"Protective Soft Neck Guard X-Series"},"content":{"rendered":"<h1 class=\"product_title entry-title\">Prot\u00e8ge-Cou Souple X-Series<\/h1>\n<p>Le prot\u00e8ge-cou souple X-Series est propos\u00e9 en deux tailles et dispose d\u2019un nylon renforc\u00e9 avec doublure en Kevlar.<\/p>\n<h2>Prot\u00e8ge-cou souple r\u00e9sistant aux coupures X-Series<\/h2>\n<p>Ce prot\u00e8ge-cou r\u00e9sistant aux coupures est fabriqu\u00e9 \u00e0 partir de fibres super Aramid, \u00e9galement connues sous le nom de Kevlar. Il r\u00e9pond aux r\u00e9glementations de l\u2019International Skating Union (ISU) ainsi qu\u2019\u00e0 la norme internationale EN388 pour les mat\u00e9riaux r\u00e9sistants aux coupures.<\/p>\n<p>Il offre aux patineurs de short track, long track ou marathon la protection optimale.<\/p>\n<p><strong>L\u00e9ger et performant \u2014 Fibre Kevlar<sup>\u00ae<\/sup><\/strong><\/p>\n<p>Polyvalente et solide, la fibre Kevlar<sup>\u00ae<\/sup> n\u2019est pas seulement une s\u00e9rie de fils. Les fibres DuPont<sup>\u2122<\/sup> Kevlar<sup>\u00ae<\/sup> sont utilis\u00e9es dans divers v\u00eatements, accessoires et \u00e9quipements pour les rendre plus s\u00fbrs et durables.<\/p>\n<p>Avec une r\u00e9sistance cinq fois sup\u00e9rieure \u00e0 celle de l\u2019acier \u00e0 poids \u00e9gal, c\u2019est la fibre de r\u00e9f\u00e9rence pour les v\u00eatements et accessoires de protection. Les fibres et filaments Kevlar<sup>\u00ae<\/sup> existent en plusieurs types, chacun poss\u00e9dant des propri\u00e9t\u00e9s et performances uniques adapt\u00e9es \u00e0 diff\u00e9rents besoins de protection.<\/p>\n<p><strong>Kevlar<sup>\u00ae<\/sup> 100<\/strong> : fils color\u00e9s par le producteur, utilis\u00e9s dans les cordes et c\u00e2bles, rubans et sangles, gants et autres v\u00eatements de protection, articles de sport et notre prot\u00e8ge-cou souple.<\/p>\n<p>En savoir plus sur le Kevlar <a href=\"https:\/\/www.dupont.com\/products\/dupont-kevlar-fiber.html\" target=\"_blank\" rel=\"noopener\">ici !<\/a><\/p>\n<h3>V\u00eatements r\u00e9sistants aux coupures<\/h3>\n<p>Aucune limitation n\u2019est impos\u00e9e pour la fabrication des v\u00eatements\/uniformes de comp\u00e9tition protecteurs, \u00e0 condition que le mat\u00e9riau respecte au minimum la norme EN388. Une \u00e9tude approfondie du processus de mise en \u0153uvre, de la disponibilit\u00e9 mondiale des v\u00eatements\/uniformes r\u00e9sistants aux coupures et des exp\u00e9riences pratiques a conduit \u00e0 une r\u00e9\u00e9valuation des exigences.<\/p>\n<p>Le mat\u00e9riau r\u00e9sistant aux coupures utilis\u00e9 dans le prot\u00e8ge-cou souple doit r\u00e9pondre, selon cette communication de l\u2019ISU, au niveau 2 de la norme EN388 pour les tests de r\u00e9sistance aux coupures (r\u00e9sistance aux objets tranchants). La protection contre les coupures peut \u00eatre int\u00e9gr\u00e9e aux uniformes de comp\u00e9tition ou port\u00e9e comme sous-v\u00eatement sp\u00e9cial.<\/p>\n<p>Cette doublure nylon\/Kevlar offre une protection essentielle contre les coupures.<\/p>\n<p>De plus, ce prot\u00e8ge-cou souple est disponible en 2 tailles :<\/p>\n<ul>\n<li>Nylon renforc\u00e9 avec doublure Kevlar pour protection contre les coupures<\/li>\n<li>Conforme aux normes ISU<\/li>\n<li>Mat\u00e9riau souple et confortable<\/li>\n<li>Fermeture velcro r\u00e9glable<\/li>\n<\/ul>\n<h3><strong>Junior : 11\u2033 \u2013 14\u2033 (27-35 cm)<\/strong><\/h3>\n<h3><strong>Senior : 14,5\u2033 \u2013 17,5\u2033 (36 \u2013 43 cm)<\/strong><\/h3>\n<p><strong>\u00c0 noter : FPVQ &#038; <a href=\"https:\/\/www.ontariospeedskating.ca\/safety-equipment\" target=\"_blank\" rel=\"noopener\">OSSA : accessoire obligatoire<\/a> en comp\u00e9tition.<\/strong><\/p>\n<p>Enfin, d\u00e9couvrez notre s\u00e9lection compl\u00e8te de <a href=\"https:\/\/ztsports.com\/product-category\/protection\/neck-guards\/\">prot\u00e8ge-cou de protection<\/a> ici.<\/p>\n","protected":false},"excerpt":{"rendered":"<p>Prot\u00e8ge-Cou Souple X-Series Le prot\u00e8ge-cou souple X-Series est propos\u00e9 en deux tailles et dispose d\u2019un nylon renforc\u00e9 avec doublure en Kevlar. Prot\u00e8ge-cou souple r\u00e9sistant aux coupures X-Series Ce prot\u00e8ge-cou r\u00e9sistant aux coupures est fabriqu\u00e9 \u00e0 partir de fibres super Aramid, \u00e9galement connues sous le nom de Kevlar. Il r\u00e9pond aux r\u00e9glementations de l\u2019International Skating Union [&hellip;]<\/p>\n","protected":false},"featured_media":23206,"comment_status":"open","ping_status":"closed","template":"","meta":{"_acf_changed":false,"_monsterinsights_skip_tracking":false,"_monsterinsights_sitenote_active":false,"_monsterinsights_sitenote_note":"","_monsterinsights_sitenote_category":0,"_uf_show_specific_survey":0,"_uf_disable_surveys":false,"site-sidebar-layout":"default","site-content-layout":"","ast-site-content-layout":"default","site-content-style":"default","site-sidebar-style":"default","ast-global-header-display":"","ast-banner-title-visibility":"","ast-main-header-display":"","ast-hfb-above-header-display":"","ast-hfb-below-header-display":"","ast-hfb-mobile-header-display":"","site-post-title":"","ast-breadcrumbs-content":"","ast-featured-img":"","footer-sml-layout":"","ast-disable-related-posts":"","theme-transparent-header-meta":"default","adv-header-id-meta":"","stick-header-meta":"","header-above-stick-meta":"","header-main-stick-meta":"","header-below-stick-meta":"","astra-migrate-meta-layouts":"set","ast-page-background-enabled":"default","ast-page-background-meta":{"desktop":{"background-color":"","background-image":"","background-repeat":"repeat","background-position":"center center","background-size":"auto","background-attachment":"scroll","background-type":"","background-media":"","overlay-type":"","overlay-color":"","overlay-opacity":"","overlay-gradient":""},"tablet":{"background-color":"","background-image":"","background-repeat":"repeat","background-position":"center center","background-size":"auto","background-attachment":"scroll","background-type":"","background-media":"","overlay-type":"","overlay-color":"","overlay-opacity":"","overlay-gradient":""},"mobile":{"background-color":"","background-image":"","background-repeat":"repeat","background-position":"center center","background-size":"auto","background-attachment":"scroll","background-type":"","background-media":"","overlay-type":"","overlay-color":"","overlay-opacity":"","overlay-gradient":""}},"ast-content-background-meta":{"desktop":{"background-color":"var(--ast-global-color-5)","background-image":"","background-repeat":"repeat","background-position":"center center","background-size":"auto","background-attachment":"scroll","background-type":"","background-media":"","overlay-type":"","overlay-color":"","overlay-opacity":"","overlay-gradient":""},"tablet":{"background-color":"var(--ast-global-color-5)","background-image":"","background-repeat":"repeat","background-position":"center center","background-size":"auto","background-attachment":"scroll","background-type":"","background-media":"","overlay-type":"","overlay-color":"","overlay-opacity":"","overlay-gradient":""},"mobile":{"background-color":"var(--ast-global-color-5)","background-image":"","background-repeat":"repeat","background-position":"center center","background-size":"auto","background-attachment":"scroll","background-type":"","background-media":"","overlay-type":"","overlay-color":"","overlay-opacity":"","overlay-gradient":""}}},"product_brand":[3358,3361],"product_cat":[3378],"product_tag":[],"class_list":{"0":"post-23207","1":"product","2":"type-product","3":"status-publish","4":"has-post-thumbnail","6":"product_brand-x-series","7":"product_brand-x-series-xact","8":"product_cat-non-categorise","9":"desktop-align-left","10":"tablet-align-left","11":"mobile-align-left","13":"first","14":"instock","15":"sale","16":"taxable","17":"shipping-taxable","18":"purchasable","19":"product-type-simple"},"acf":[],"_links":{"self":[{"href":"https:\/\/ztsports.com\/fr\/wp-json\/wp\/v2\/product\/23207","targetHints":{"allow":["GET"]}}],"collection":[{"href":"https:\/\/ztsports.com\/fr\/wp-json\/wp\/v2\/product"}],"about":[{"href":"https:\/\/ztsports.com\/fr\/wp-json\/wp\/v2\/types\/product"}],"replies":[{"embeddable":true,"href":"https:\/\/ztsports.com\/fr\/wp-json\/wp\/v2\/comments?post=23207"}],"version-history":[{"count":1,"href":"https:\/\/ztsports.com\/fr\/wp-json\/wp\/v2\/product\/23207\/revisions"}],"predecessor-version":[{"id":23208,"href":"https:\/\/ztsports.com\/fr\/wp-json\/wp\/v2\/product\/23207\/revisions\/23208"}],"wp:featuredmedia":[{"embeddable":true,"href":"https:\/\/ztsports.com\/fr\/wp-json\/wp\/v2\/media\/23206"}],"wp:attachment":[{"href":"https:\/\/ztsports.com\/fr\/wp-json\/wp\/v2\/media?parent=23207"}],"wp:term":[{"taxonomy":"product_brand","embeddable":true,"href":"https:\/\/ztsports.com\/fr\/wp-json\/wp\/v2\/product_brand?post=23207"},{"taxonomy":"product_cat","embeddable":true,"href":"https:\/\/ztsports.com\/fr\/wp-json\/wp\/v2\/product_cat?post=23207"},{"taxonomy":"product_tag","embeddable":true,"href":"https:\/\/ztsports.com\/fr\/wp-json\/wp\/v2\/product_tag?post=23207"}],"curies":[{"name":"wp","href":"https:\/\/api.w.org\/{rel}","templated":true}]}}