{"id":23204,"date":"2023-01-23T05:59:32","date_gmt":"2023-01-23T05:59:32","guid":{"rendered":"https:\/\/ztsports.com\/?post_type=product&#038;p=23204"},"modified":"2026-05-01T00:06:58","modified_gmt":"2026-05-01T00:06:58","slug":"free-skate-nordic-blade-marathon-skating-new","status":"publish","type":"product","link":"https:\/\/ztsports.com\/fr\/store\/free-skate-nordic-blade-marathon-skating-new\/","title":{"rendered":"Free-Skate Nordic Blade Marathon Skating NEW"},"content":{"rendered":"<h1><strong>Lame Free-Skate Nordic<\/strong><\/h1>\n<p>La lame Free-Skate Nordic s\u2019adresse aux patineurs actifs qui appr\u00e9cient le patrimoine des patins en bois d\u2019autrefois, tout en ne voulant pas compromettre le confort et la fiabilit\u00e9.<\/p>\n<p>Le patineur &#8220;Classic&#8221; aime la lame Free-Skate Nordic, pr\u00e9f\u00e8re patiner avec style et n\u2019aime pas se presser. Ses caract\u00e9ristiques de glisse exceptionnelles offrent une conduite rapide et r\u00e9siliente. Le look r\u00e9tro cache un patin moderne avec des performances adapt\u00e9es. Chaque paire poss\u00e8de son propre veinage de bois unique, offrant \u00e0 chaque patineur un ensemble distinctif.<\/p>\n<h3>Sp\u00e9cifications Classic :<\/h3>\n<ul class=\"arrow\">\n<li>Ch\u00e2ssis en fr\u00eane verni transparent avec un joli veinage<\/li>\n<li>Lame en acier durci ; 1,25 mm (inoxydable et robuste)<\/li>\n<li>Fiabilit\u00e9 100 % (fixation chimique et m\u00e9canique)<\/li>\n<li>Rocker : 23 m<\/li>\n<li>Fixation double axe Salomon Pilot (plus de stabilit\u00e9)<\/li>\n<li>Hauteur : 4,6 cm incluant la fixation<\/li>\n<li>Glisse soyeuse gr\u00e2ce aux propri\u00e9t\u00e9s amortissantes du bois<\/li>\n<li>Poids (avec fixations) : 495 grammes (L)<\/li>\n<li><strong>&#8211; L (44,5 cm)<\/strong><\/li>\n<\/ul>\n<p>Voici un <strong><a href=\"https:\/\/fb.watch\/kVTvLs8Nvd\/\" target=\"_blank\" rel=\"noopener\">court clip des Free-Skates sur glace naturelle<\/a><\/strong> montrant une belle glisse.<\/p>\n<p><strong>Enfin, vous pouvez voir toutes nos <a href=\"\/?product_cat=blades2\">lames et fixations Nordic<\/a> ici<\/strong>.<\/p>\n","protected":false},"excerpt":{"rendered":"<p>Lame Free-Skate Nordic La lame Free-Skate Nordic s\u2019adresse aux patineurs actifs qui appr\u00e9cient le patrimoine des patins en bois d\u2019autrefois, tout en ne voulant pas compromettre le confort et la fiabilit\u00e9. Le patineur &#8220;Classic&#8221; aime la lame Free-Skate Nordic, pr\u00e9f\u00e8re patiner avec style et n\u2019aime pas se presser. Ses caract\u00e9ristiques de glisse exceptionnelles offrent une [&hellip;]<\/p>\n","protected":false},"featured_media":22514,"comment_status":"open","ping_status":"closed","template":"","meta":{"_acf_changed":false,"_monsterinsights_skip_tracking":false,"_monsterinsights_sitenote_active":false,"_monsterinsights_sitenote_note":"","_monsterinsights_sitenote_category":0,"_uf_show_specific_survey":0,"_uf_disable_surveys":false,"site-sidebar-layout":"default","site-content-layout":"","ast-site-content-layout":"default","site-content-style":"default","site-sidebar-style":"default","ast-global-header-display":"","ast-banner-title-visibility":"","ast-main-header-display":"","ast-hfb-above-header-display":"","ast-hfb-below-header-display":"","ast-hfb-mobile-header-display":"","site-post-title":"","ast-breadcrumbs-content":"","ast-featured-img":"","footer-sml-layout":"","ast-disable-related-posts":"","theme-transparent-header-meta":"default","adv-header-id-meta":"","stick-header-meta":"","header-above-stick-meta":"","header-main-stick-meta":"","header-below-stick-meta":"","astra-migrate-meta-layouts":"set","ast-page-background-enabled":"default","ast-page-background-meta":{"desktop":{"background-color":"","background-image":"","background-repeat":"repeat","background-position":"center center","background-size":"auto","background-attachment":"scroll","background-type":"","background-media":"","overlay-type":"","overlay-color":"","overlay-opacity":"","overlay-gradient":""},"tablet":{"background-color":"","background-image":"","background-repeat":"repeat","background-position":"center center","background-size":"auto","background-attachment":"scroll","background-type":"","background-media":"","overlay-type":"","overlay-color":"","overlay-opacity":"","overlay-gradient":""},"mobile":{"background-color":"","background-image":"","background-repeat":"repeat","background-position":"center center","background-size":"auto","background-attachment":"scroll","background-type":"","background-media":"","overlay-type":"","overlay-color":"","overlay-opacity":"","overlay-gradient":""}},"ast-content-background-meta":{"desktop":{"background-color":"var(--ast-global-color-5)","background-image":"","background-repeat":"repeat","background-position":"center center","background-size":"auto","background-attachment":"scroll","background-type":"","background-media":"","overlay-type":"","overlay-color":"","overlay-opacity":"","overlay-gradient":""},"tablet":{"background-color":"var(--ast-global-color-5)","background-image":"","background-repeat":"repeat","background-position":"center center","background-size":"auto","background-attachment":"scroll","background-type":"","background-media":"","overlay-type":"","overlay-color":"","overlay-opacity":"","overlay-gradient":""},"mobile":{"background-color":"var(--ast-global-color-5)","background-image":"","background-repeat":"repeat","background-position":"center center","background-size":"auto","background-attachment":"scroll","background-type":"","background-media":"","overlay-type":"","overlay-color":"","overlay-opacity":"","overlay-gradient":""}}},"product_brand":[3301],"product_cat":[4552],"product_tag":[],"class_list":{"0":"post-23204","1":"product","2":"type-product","3":"status-publish","4":"has-post-thumbnail","6":"product_brand-free-skate","7":"product_cat-patins-du-canal-nordique","8":"desktop-align-left","9":"tablet-align-left","10":"mobile-align-left","12":"first","13":"outofstock","14":"taxable","15":"shipping-taxable","16":"purchasable","17":"product-type-simple"},"acf":[],"_links":{"self":[{"href":"https:\/\/ztsports.com\/fr\/wp-json\/wp\/v2\/product\/23204","targetHints":{"allow":["GET"]}}],"collection":[{"href":"https:\/\/ztsports.com\/fr\/wp-json\/wp\/v2\/product"}],"about":[{"href":"https:\/\/ztsports.com\/fr\/wp-json\/wp\/v2\/types\/product"}],"replies":[{"embeddable":true,"href":"https:\/\/ztsports.com\/fr\/wp-json\/wp\/v2\/comments?post=23204"}],"version-history":[{"count":1,"href":"https:\/\/ztsports.com\/fr\/wp-json\/wp\/v2\/product\/23204\/revisions"}],"predecessor-version":[{"id":23205,"href":"https:\/\/ztsports.com\/fr\/wp-json\/wp\/v2\/product\/23204\/revisions\/23205"}],"wp:featuredmedia":[{"embeddable":true,"href":"https:\/\/ztsports.com\/fr\/wp-json\/wp\/v2\/media\/22514"}],"wp:attachment":[{"href":"https:\/\/ztsports.com\/fr\/wp-json\/wp\/v2\/media?parent=23204"}],"wp:term":[{"taxonomy":"product_brand","embeddable":true,"href":"https:\/\/ztsports.com\/fr\/wp-json\/wp\/v2\/product_brand?post=23204"},{"taxonomy":"product_cat","embeddable":true,"href":"https:\/\/ztsports.com\/fr\/wp-json\/wp\/v2\/product_cat?post=23204"},{"taxonomy":"product_tag","embeddable":true,"href":"https:\/\/ztsports.com\/fr\/wp-json\/wp\/v2\/product_tag?post=23204"}],"curies":[{"name":"wp","href":"https:\/\/api.w.org\/{rel}","templated":true}]}}