{"id":23202,"date":"2023-01-27T19:13:08","date_gmt":"2023-01-27T19:13:08","guid":{"rendered":"https:\/\/ztsports.com\/?post_type=product&#038;p=23202"},"modified":"2026-03-09T07:58:30","modified_gmt":"2026-03-09T07:58:30","slug":"skate-tec-m-wave-180-flex-blades-2","status":"publish","type":"product","link":"https:\/\/ztsports.com\/fr\/store\/skate-tec-m-wave-180-flex-blades-2\/","title":{"rendered":"SKATE-TEC M-Wave 180 Flex blades"},"content":{"rendered":"<h1 class=\"product_title entry-title\">Lames SKATE-TEC M-Wave 180 Flex<\/h1>\n<p>La lame SKATE-TEC M-Wave 180 Flex offre une adh\u00e9rence sup\u00e9rieure tout en maintenant un excellent contr\u00f4le et ressenti. La nouvelle technologie de montage &#8220;M&#8221; comporte 3 points de fixation pour plus de rigidit\u00e9 et un meilleur ressenti. La version Flex FlatTop est la plus flexible : vous sentirez la lame travailler sur la glace et g\u00e9n\u00e9rer de la pression. Id\u00e9al pour les patineurs l\u00e9gers ou ceux qui aiment sentir la lame travailler pour eux. La lame Flex FlatTop est encore plus flexible que la Flex standard. La version Firm est la plus rigide des trois mod\u00e8les et convient donc aux patineurs les plus lourds.<\/p>\n<ul>\n<li>Nom de la lame : ST M-Wave &#8211; Flex<\/li>\n<li>Mod\u00e8les disponibles : Firm, Flex ou Flex FlatTop<\/li>\n<li>Tube : aluminium anodis\u00e9 7000<\/li>\n<li>Hauteur : 36mm \/ 38mm<\/li>\n<li>Lame : 1,1mm d\u2019\u00e9paisseur, BiMetal 62-64 HRC pour Flex ou PM pour Firm<\/li>\n<li>La lame 62-64 HRC maintient une excellente qualit\u00e9 de tranchant.<\/li>\n<li>Pr\u00e9-cintrage<\/li>\n<li>Hauteur de la lame : +1mm pour Flex et +3mm pour Firm<\/li>\n<li>Plus d\u2019infos sur : <a href=\"http:\/\/www.skate-tec.com\" target=\"_blank\" rel=\"noopener\">www.skate-tec.com<\/a><\/li>\n<li>Tailles : 16&#8243; \u00e0 18&#8243;<\/li>\n<li>Coupelles disponibles : -2mm \u00e0 +6mm<\/li>\n<li>Ordre de rigidit\u00e9 :\n<ol>\n<li>Firm<\/li>\n<li>Flex<\/li>\n<li>Flex FlatTop<\/li>\n<\/ol>\n<\/li>\n<\/ul>\n<p>Pour <a href=\"https:\/\/www.skate-tec.com\/nagano.html\" target=\"_blank\" rel=\"noopener\">plus d\u2019informations sur la lame Skate-Tec Nagano<\/a>.<\/p>\n<p>Enfin, d\u00e9couvrez toutes nos <a href=\"https:\/\/ztsports.com\/product-category\/short-track\/blades\/\"><strong>lames Short Track<\/strong><\/a> ici.<\/p>\n<h3>N\u2019oubliez pas d\u2019ajouter la <strong><a href=\"https:\/\/ztsports.com\/product\/short-track-blade-preparation\/\">pr\u00e9paration de la lame<\/a><\/strong><\/h3>\n","protected":false},"excerpt":{"rendered":"<p>Lames SKATE-TEC M-Wave 180 Flex La lame SKATE-TEC M-Wave 180 Flex offre une adh\u00e9rence sup\u00e9rieure tout en maintenant un excellent contr\u00f4le et ressenti. La nouvelle technologie de montage &#8220;M&#8221; comporte 3 points de fixation pour plus de rigidit\u00e9 et un meilleur ressenti. La version Flex FlatTop est la plus flexible : vous sentirez la lame [&hellip;]<\/p>\n","protected":false},"featured_media":23198,"comment_status":"open","ping_status":"closed","template":"","meta":{"_acf_changed":false,"_monsterinsights_skip_tracking":false,"_monsterinsights_sitenote_active":false,"_monsterinsights_sitenote_note":"","_monsterinsights_sitenote_category":0,"_uf_show_specific_survey":0,"_uf_disable_surveys":false,"site-sidebar-layout":"default","site-content-layout":"","ast-site-content-layout":"default","site-content-style":"default","site-sidebar-style":"default","ast-global-header-display":"","ast-banner-title-visibility":"","ast-main-header-display":"","ast-hfb-above-header-display":"","ast-hfb-below-header-display":"","ast-hfb-mobile-header-display":"","site-post-title":"","ast-breadcrumbs-content":"","ast-featured-img":"","footer-sml-layout":"","ast-disable-related-posts":"","theme-transparent-header-meta":"default","adv-header-id-meta":"","stick-header-meta":"","header-above-stick-meta":"","header-main-stick-meta":"","header-below-stick-meta":"","astra-migrate-meta-layouts":"set","ast-page-background-enabled":"default","ast-page-background-meta":{"desktop":{"background-color":"","background-image":"","background-repeat":"repeat","background-position":"center center","background-size":"auto","background-attachment":"scroll","background-type":"","background-media":"","overlay-type":"","overlay-color":"","overlay-opacity":"","overlay-gradient":""},"tablet":{"background-color":"","background-image":"","background-repeat":"repeat","background-position":"center center","background-size":"auto","background-attachment":"scroll","background-type":"","background-media":"","overlay-type":"","overlay-color":"","overlay-opacity":"","overlay-gradient":""},"mobile":{"background-color":"","background-image":"","background-repeat":"repeat","background-position":"center center","background-size":"auto","background-attachment":"scroll","background-type":"","background-media":"","overlay-type":"","overlay-color":"","overlay-opacity":"","overlay-gradient":""}},"ast-content-background-meta":{"desktop":{"background-color":"var(--ast-global-color-5)","background-image":"","background-repeat":"repeat","background-position":"center center","background-size":"auto","background-attachment":"scroll","background-type":"","background-media":"","overlay-type":"","overlay-color":"","overlay-opacity":"","overlay-gradient":""},"tablet":{"background-color":"var(--ast-global-color-5)","background-image":"","background-repeat":"repeat","background-position":"center center","background-size":"auto","background-attachment":"scroll","background-type":"","background-media":"","overlay-type":"","overlay-color":"","overlay-opacity":"","overlay-gradient":""},"mobile":{"background-color":"var(--ast-global-color-5)","background-image":"","background-repeat":"repeat","background-position":"center center","background-size":"auto","background-attachment":"scroll","background-type":"","background-media":"","overlay-type":"","overlay-color":"","overlay-opacity":"","overlay-gradient":""}}},"product_brand":[3338],"product_cat":[4561,4560],"product_tag":[],"class_list":{"0":"post-23202","1":"product","2":"type-product","3":"status-publish","4":"has-post-thumbnail","6":"product_brand-skate-tec","7":"product_cat-blades","8":"product_cat-short-track-blades","9":"desktop-align-left","10":"tablet-align-left","11":"mobile-align-left","13":"first","14":"instock","15":"sale","16":"taxable","17":"shipping-taxable","18":"purchasable","19":"product-type-simple"},"acf":[],"_links":{"self":[{"href":"https:\/\/ztsports.com\/fr\/wp-json\/wp\/v2\/product\/23202","targetHints":{"allow":["GET"]}}],"collection":[{"href":"https:\/\/ztsports.com\/fr\/wp-json\/wp\/v2\/product"}],"about":[{"href":"https:\/\/ztsports.com\/fr\/wp-json\/wp\/v2\/types\/product"}],"replies":[{"embeddable":true,"href":"https:\/\/ztsports.com\/fr\/wp-json\/wp\/v2\/comments?post=23202"}],"version-history":[{"count":1,"href":"https:\/\/ztsports.com\/fr\/wp-json\/wp\/v2\/product\/23202\/revisions"}],"predecessor-version":[{"id":23203,"href":"https:\/\/ztsports.com\/fr\/wp-json\/wp\/v2\/product\/23202\/revisions\/23203"}],"wp:featuredmedia":[{"embeddable":true,"href":"https:\/\/ztsports.com\/fr\/wp-json\/wp\/v2\/media\/23198"}],"wp:attachment":[{"href":"https:\/\/ztsports.com\/fr\/wp-json\/wp\/v2\/media?parent=23202"}],"wp:term":[{"taxonomy":"product_brand","embeddable":true,"href":"https:\/\/ztsports.com\/fr\/wp-json\/wp\/v2\/product_brand?post=23202"},{"taxonomy":"product_cat","embeddable":true,"href":"https:\/\/ztsports.com\/fr\/wp-json\/wp\/v2\/product_cat?post=23202"},{"taxonomy":"product_tag","embeddable":true,"href":"https:\/\/ztsports.com\/fr\/wp-json\/wp\/v2\/product_tag?post=23202"}],"curies":[{"name":"wp","href":"https:\/\/api.w.org\/{rel}","templated":true}]}}