{"id":23196,"date":"2023-01-31T19:36:56","date_gmt":"2023-01-31T19:36:56","guid":{"rendered":"https:\/\/ztsports.com\/?post_type=product&#038;p=23196"},"modified":"2026-03-09T07:57:27","modified_gmt":"2026-03-09T07:57:27","slug":"ehs-control-st-blades-mfd-netherlands","status":"publish","type":"product","link":"https:\/\/ztsports.com\/fr\/store\/ehs-control-st-blades-mfd-netherlands\/","title":{"rendered":"EHS Control ST Blades MFD Netherlands"},"content":{"rendered":"<h1>Lames EHS Control ST<\/h1>\n<p>La lame EHS Control ST offre exactement ce que son nom indique : <strong>un contr\u00f4le optimal sur la glace.<\/strong> De plus, le tube est fourni pr\u00e9-cintr\u00e9 avec un rayon de courbure de 25 m\u00e8tres. \u00c9galement, EHS propose un rocker variable directement d\u2019usine.<\/p>\n<h2>Informations EHS Control<\/h2>\n<div class=\"rte\">\n<ul class=\"font_8 color_11\">\n<li>\n<p class=\"font_8\"><span class=\"color_11\">La EHS Control utilise le m\u00eame design de tube et les m\u00eames mat\u00e9riaux que la EHS QCS.<\/span><\/p>\n<\/li>\n<li>\n<p class=\"font_8\"><span class=\"color_11\">L\u2019acier 12C27 est standard et pr\u00e9par\u00e9 selon les m\u00eames normes que nos patins PM et BM.<\/span><\/p>\n<\/li>\n<li>\n<p class=\"font_8\"><span class=\"color_11\">Fabriqu\u00e9e \u00e0 partir d\u2019aluminium de la plus haute qualit\u00e9 provenant des Pays-Bas.<\/span><\/p>\n<\/li>\n<li>\n<p class=\"font_8\"><span class=\"color_11\">Renforts aux fixations des coupelles pour augmenter la stabilit\u00e9 et le contr\u00f4le.<\/span><\/p>\n<\/li>\n<li>\n<p class=\"font_8\"><span class=\"color_11\">Les coupelles sont fabriqu\u00e9es avec les m\u00eames mat\u00e9riaux et selon les m\u00eames sp\u00e9cifications que les lames ACS et QCS.<\/span><\/p>\n<\/li>\n<li>\n<p class=\"font_8\"><span class=\"color_11\">Les lames sont assembl\u00e9es en interne par les artisans de Hagen Techniek.<\/span><\/p>\n<\/li>\n<li>\n<p class=\"font_8\"><span class=\"color_11\">Enfin, les coupelles sont construites en aluminium plus l\u00e9ger et plus r\u00e9sistant pour plus de rigidit\u00e9 et de durabilit\u00e9.<\/span><\/p>\n<\/li>\n<li>\n<p class=\"font_8\"><strong>Fabriqu\u00e9 aux <a href=\"https:\/\/www.ehskates.com\/technology\" target=\"_blank\" rel=\"noopener\">Pays-Bas !<\/a><\/strong><\/p>\n<p><a href=\"https:\/\/ztsports.com\/brand\/staybent-by-ehs\/ehs\/\">Vous pouvez voir tous les produits EHS <strong>ici<\/strong>.<\/a><\/p>\n<p><a href=\"https:\/\/ztsports.com\/product-category\/short-track\/blades\/\">Pour toutes nos lames short track, cliquez <strong>ici.<\/strong><\/a><\/li>\n<li>\n<h3>N\u2019oubliez pas d\u2019ajouter la <strong><a href=\"https:\/\/ztsports.com\/product\/short-track-blade-preparation\/\">Pr\u00e9paration de la lame<\/a><\/strong><\/h3>\n<\/li>\n<\/ul>\n<\/div>\n","protected":false},"excerpt":{"rendered":"<p>Lames EHS Control ST La lame EHS Control ST offre exactement ce que son nom indique : un contr\u00f4le optimal sur la glace. De plus, le tube est fourni pr\u00e9-cintr\u00e9 avec un rayon de courbure de 25 m\u00e8tres. \u00c9galement, EHS propose un rocker variable directement d\u2019usine. Informations EHS Control La EHS Control utilise le m\u00eame [&hellip;]<\/p>\n","protected":false},"featured_media":23192,"comment_status":"open","ping_status":"closed","template":"","meta":{"_acf_changed":false,"_monsterinsights_skip_tracking":false,"_monsterinsights_sitenote_active":false,"_monsterinsights_sitenote_note":"","_monsterinsights_sitenote_category":0,"_uf_show_specific_survey":0,"_uf_disable_surveys":false,"site-sidebar-layout":"default","site-content-layout":"","ast-site-content-layout":"default","site-content-style":"default","site-sidebar-style":"default","ast-global-header-display":"","ast-banner-title-visibility":"","ast-main-header-display":"","ast-hfb-above-header-display":"","ast-hfb-below-header-display":"","ast-hfb-mobile-header-display":"","site-post-title":"","ast-breadcrumbs-content":"","ast-featured-img":"","footer-sml-layout":"","ast-disable-related-posts":"","theme-transparent-header-meta":"default","adv-header-id-meta":"","stick-header-meta":"","header-above-stick-meta":"","header-main-stick-meta":"","header-below-stick-meta":"","astra-migrate-meta-layouts":"set","ast-page-background-enabled":"default","ast-page-background-meta":{"desktop":{"background-color":"","background-image":"","background-repeat":"repeat","background-position":"center center","background-size":"auto","background-attachment":"scroll","background-type":"","background-media":"","overlay-type":"","overlay-color":"","overlay-opacity":"","overlay-gradient":""},"tablet":{"background-color":"","background-image":"","background-repeat":"repeat","background-position":"center center","background-size":"auto","background-attachment":"scroll","background-type":"","background-media":"","overlay-type":"","overlay-color":"","overlay-opacity":"","overlay-gradient":""},"mobile":{"background-color":"","background-image":"","background-repeat":"repeat","background-position":"center center","background-size":"auto","background-attachment":"scroll","background-type":"","background-media":"","overlay-type":"","overlay-color":"","overlay-opacity":"","overlay-gradient":""}},"ast-content-background-meta":{"desktop":{"background-color":"var(--ast-global-color-5)","background-image":"","background-repeat":"repeat","background-position":"center center","background-size":"auto","background-attachment":"scroll","background-type":"","background-media":"","overlay-type":"","overlay-color":"","overlay-opacity":"","overlay-gradient":""},"tablet":{"background-color":"var(--ast-global-color-5)","background-image":"","background-repeat":"repeat","background-position":"center center","background-size":"auto","background-attachment":"scroll","background-type":"","background-media":"","overlay-type":"","overlay-color":"","overlay-opacity":"","overlay-gradient":""},"mobile":{"background-color":"var(--ast-global-color-5)","background-image":"","background-repeat":"repeat","background-position":"center center","background-size":"auto","background-attachment":"scroll","background-type":"","background-media":"","overlay-type":"","overlay-color":"","overlay-opacity":"","overlay-gradient":""}}},"product_brand":[3347],"product_cat":[4561,4560],"product_tag":[4563,3811,3796,3806,3805],"class_list":{"0":"post-23196","1":"product","2":"type-product","3":"status-publish","4":"has-post-thumbnail","6":"product_brand-ehs","7":"product_cat-blades","8":"product_cat-short-track-blades","9":"product_tag-best-blades","10":"product_tag-ehs","11":"product_tag-short-track","12":"product_tag-staybent","13":"product_tag-staybent-by-ehs","14":"desktop-align-left","15":"tablet-align-left","16":"mobile-align-left","18":"first","19":"instock","20":"featured","21":"taxable","22":"shipping-taxable","23":"purchasable","24":"product-type-simple"},"acf":[],"_links":{"self":[{"href":"https:\/\/ztsports.com\/fr\/wp-json\/wp\/v2\/product\/23196","targetHints":{"allow":["GET"]}}],"collection":[{"href":"https:\/\/ztsports.com\/fr\/wp-json\/wp\/v2\/product"}],"about":[{"href":"https:\/\/ztsports.com\/fr\/wp-json\/wp\/v2\/types\/product"}],"replies":[{"embeddable":true,"href":"https:\/\/ztsports.com\/fr\/wp-json\/wp\/v2\/comments?post=23196"}],"version-history":[{"count":1,"href":"https:\/\/ztsports.com\/fr\/wp-json\/wp\/v2\/product\/23196\/revisions"}],"predecessor-version":[{"id":23197,"href":"https:\/\/ztsports.com\/fr\/wp-json\/wp\/v2\/product\/23196\/revisions\/23197"}],"wp:featuredmedia":[{"embeddable":true,"href":"https:\/\/ztsports.com\/fr\/wp-json\/wp\/v2\/media\/23192"}],"wp:attachment":[{"href":"https:\/\/ztsports.com\/fr\/wp-json\/wp\/v2\/media?parent=23196"}],"wp:term":[{"taxonomy":"product_brand","embeddable":true,"href":"https:\/\/ztsports.com\/fr\/wp-json\/wp\/v2\/product_brand?post=23196"},{"taxonomy":"product_cat","embeddable":true,"href":"https:\/\/ztsports.com\/fr\/wp-json\/wp\/v2\/product_cat?post=23196"},{"taxonomy":"product_tag","embeddable":true,"href":"https:\/\/ztsports.com\/fr\/wp-json\/wp\/v2\/product_tag?post=23196"}],"curies":[{"name":"wp","href":"https:\/\/api.w.org\/{rel}","templated":true}]}}