{"id":23190,"date":"2023-02-23T18:50:22","date_gmt":"2023-02-23T18:50:22","guid":{"rendered":"https:\/\/ztsports.com\/?post_type=product&#038;p=23190"},"modified":"2026-03-09T07:56:09","modified_gmt":"2026-03-09T07:56:09","slug":"skate-tec-gauge-for-short-long-track-blades","status":"publish","type":"product","link":"https:\/\/ztsports.com\/fr\/store\/skate-tec-gauge-for-short-long-track-blades\/","title":{"rendered":"Skate-Tec Gauge for Short &#038; Long Track Blades"},"content":{"rendered":"<p>Le <strong>SKATE-TEC Gauge<\/strong> est livr\u00e9 avec un coffret solide pour le rangement et le transport.<\/p>\n<ul>\n<li>Pieds magn\u00e9tiques<\/li>\n<li>Outil de pr\u00e9cision l\u00e9ger<\/li>\n<li>Pr\u00e9cision de 0,0001\u2033<\/li>\n<li>Inserts magn\u00e9tiques pour un maintien plus facile<\/li>\n<li>Table de conversion et barre de r\u00e9f\u00e9rence incluses<\/li>\n<li>Mesures de rayons populaires imprim\u00e9es sur le corps du jauge<\/li>\n<li>Livr\u00e9 avec un coffret robuste pour le rangement et le transport<\/li>\n<li>Jauge d\u2019entr\u00e9e de gamme de Skate-Tec, id\u00e9ale pour un usage domestique ou pour les coachs souhaitant v\u00e9rifier rapidement leurs propres lames<\/li>\n<\/ul>\n<p>V\u00e9rifiez votre courbure et rocker avec ce <a href=\"https:\/\/www.youtube.com\/watch?v=Wcjvgt_6sKg\" target=\"_blank\" rel=\"noopener\">clip YouTube sur le Radius Gauge<\/a>.<\/p>\n<p><strong>Enfin, vous pouvez consulter tous nos <a href=\"\/?product_cat=benders-and-gages-sharpening\">Benders et Jauges<\/a> ici.<\/strong><\/p>\n","protected":false},"excerpt":{"rendered":"<p>Le SKATE-TEC Gauge est livr\u00e9 avec un coffret solide pour le rangement et le transport. Pieds magn\u00e9tiques Outil de pr\u00e9cision l\u00e9ger Pr\u00e9cision de 0,0001\u2033 Inserts magn\u00e9tiques pour un maintien plus facile Table de conversion et barre de r\u00e9f\u00e9rence incluses Mesures de rayons populaires imprim\u00e9es sur le corps du jauge Livr\u00e9 avec un coffret robuste pour [&hellip;]<\/p>\n","protected":false},"featured_media":23186,"comment_status":"open","ping_status":"closed","template":"","meta":{"_acf_changed":false,"_monsterinsights_skip_tracking":false,"_monsterinsights_sitenote_active":false,"_monsterinsights_sitenote_note":"","_monsterinsights_sitenote_category":0,"_uf_show_specific_survey":0,"_uf_disable_surveys":false,"site-sidebar-layout":"default","site-content-layout":"","ast-site-content-layout":"default","site-content-style":"default","site-sidebar-style":"default","ast-global-header-display":"","ast-banner-title-visibility":"","ast-main-header-display":"","ast-hfb-above-header-display":"","ast-hfb-below-header-display":"","ast-hfb-mobile-header-display":"","site-post-title":"","ast-breadcrumbs-content":"","ast-featured-img":"","footer-sml-layout":"","ast-disable-related-posts":"","theme-transparent-header-meta":"default","adv-header-id-meta":"","stick-header-meta":"","header-above-stick-meta":"","header-main-stick-meta":"","header-below-stick-meta":"","astra-migrate-meta-layouts":"set","ast-page-background-enabled":"default","ast-page-background-meta":{"desktop":{"background-color":"","background-image":"","background-repeat":"repeat","background-position":"center center","background-size":"auto","background-attachment":"scroll","background-type":"","background-media":"","overlay-type":"","overlay-color":"","overlay-opacity":"","overlay-gradient":""},"tablet":{"background-color":"","background-image":"","background-repeat":"repeat","background-position":"center center","background-size":"auto","background-attachment":"scroll","background-type":"","background-media":"","overlay-type":"","overlay-color":"","overlay-opacity":"","overlay-gradient":""},"mobile":{"background-color":"","background-image":"","background-repeat":"repeat","background-position":"center center","background-size":"auto","background-attachment":"scroll","background-type":"","background-media":"","overlay-type":"","overlay-color":"","overlay-opacity":"","overlay-gradient":""}},"ast-content-background-meta":{"desktop":{"background-color":"var(--ast-global-color-5)","background-image":"","background-repeat":"repeat","background-position":"center center","background-size":"auto","background-attachment":"scroll","background-type":"","background-media":"","overlay-type":"","overlay-color":"","overlay-opacity":"","overlay-gradient":""},"tablet":{"background-color":"var(--ast-global-color-5)","background-image":"","background-repeat":"repeat","background-position":"center center","background-size":"auto","background-attachment":"scroll","background-type":"","background-media":"","overlay-type":"","overlay-color":"","overlay-opacity":"","overlay-gradient":""},"mobile":{"background-color":"var(--ast-global-color-5)","background-image":"","background-repeat":"repeat","background-position":"center center","background-size":"auto","background-attachment":"scroll","background-type":"","background-media":"","overlay-type":"","overlay-color":"","overlay-opacity":"","overlay-gradient":""}}},"product_brand":[3338],"product_cat":[3379],"product_tag":[],"class_list":{"0":"post-23190","1":"product","2":"type-product","3":"status-publish","4":"has-post-thumbnail","6":"product_brand-skate-tec","7":"product_cat-aides-au-coaching-et-a-lentrainement","8":"desktop-align-left","9":"tablet-align-left","10":"mobile-align-left","12":"first","13":"instock","14":"taxable","15":"shipping-taxable","16":"purchasable","17":"product-type-simple"},"acf":[],"_links":{"self":[{"href":"https:\/\/ztsports.com\/fr\/wp-json\/wp\/v2\/product\/23190","targetHints":{"allow":["GET"]}}],"collection":[{"href":"https:\/\/ztsports.com\/fr\/wp-json\/wp\/v2\/product"}],"about":[{"href":"https:\/\/ztsports.com\/fr\/wp-json\/wp\/v2\/types\/product"}],"replies":[{"embeddable":true,"href":"https:\/\/ztsports.com\/fr\/wp-json\/wp\/v2\/comments?post=23190"}],"version-history":[{"count":1,"href":"https:\/\/ztsports.com\/fr\/wp-json\/wp\/v2\/product\/23190\/revisions"}],"predecessor-version":[{"id":23191,"href":"https:\/\/ztsports.com\/fr\/wp-json\/wp\/v2\/product\/23190\/revisions\/23191"}],"wp:featuredmedia":[{"embeddable":true,"href":"https:\/\/ztsports.com\/fr\/wp-json\/wp\/v2\/media\/23186"}],"wp:attachment":[{"href":"https:\/\/ztsports.com\/fr\/wp-json\/wp\/v2\/media?parent=23190"}],"wp:term":[{"taxonomy":"product_brand","embeddable":true,"href":"https:\/\/ztsports.com\/fr\/wp-json\/wp\/v2\/product_brand?post=23190"},{"taxonomy":"product_cat","embeddable":true,"href":"https:\/\/ztsports.com\/fr\/wp-json\/wp\/v2\/product_cat?post=23190"},{"taxonomy":"product_tag","embeddable":true,"href":"https:\/\/ztsports.com\/fr\/wp-json\/wp\/v2\/product_tag?post=23190"}],"curies":[{"name":"wp","href":"https:\/\/api.w.org\/{rel}","templated":true}]}}