{"id":23183,"date":"2023-04-14T13:30:14","date_gmt":"2023-04-14T13:30:14","guid":{"rendered":"https:\/\/ztsports.com\/?post_type=product&#038;p=23183"},"modified":"2026-03-09T07:54:22","modified_gmt":"2026-03-09T07:54:22","slug":"bont-patriot-carbon-boa-white-black-red","status":"publish","type":"product","link":"https:\/\/ztsports.com\/fr\/store\/bont-patriot-carbon-boa-white-black-red\/","title":{"rendered":"BONT PATRIOT CARBON BOA White\/Black\/Red"},"content":{"rendered":"<h2 class=\"product_title entry-title show-product-nav\">BONT PATRIOT CARBON BOA Blanc\/Noir\/Rouge Nouvelle Couleur CDN<\/h2>\n<p>Le <strong>Bont Patriot Carbon BOA<\/strong> est maintenant disponible dans une nouvelle couleur vibrante CDN.<\/p>\n<p>Ce mod\u00e8le est plus rigide que le Patriot classique. De plus, le Bont Patriot Carbon BOA offre un meilleur maintien pour les patineurs souhaitant atteindre des vitesses plus \u00e9lev\u00e9es.<\/p>\n<p>Enfin, le syst\u00e8me <strong>BOA<\/strong> permet d\u2019ajuster pr\u00e9cis\u00e9ment la tension de votre botte entre les s\u00e9ances.<\/p>\n<h3>Une extension naturelle de votre corps<\/h3>\n<h3>Sp\u00e9cifications :<\/h3>\n<ul>\n<li><strong>Base :<\/strong> Base composite en carbone pos\u00e9e \u00e0 la main<\/li>\n<li><strong>Peau ext\u00e9rieure :<\/strong> Microfibre<\/li>\n<li><strong>Doublure :<\/strong> Microfibre<\/li>\n<li><strong>Semelle int\u00e9rieure :<\/strong> Cuir<\/li>\n<li><strong>Thermomoulable :<\/strong> Base enti\u00e8rement thermomoulable utilisant une r\u00e9sine \u00e9poxy thermodurcissable<\/li>\n<li><strong>Rembourrage :<\/strong> Mousse \u00e0 m\u00e9moire de forme haute densit\u00e9<\/li>\n<li><strong>Fermeture :<\/strong> Double cadran BOA + couverture des lacets<\/li>\n<li><strong>Options de pointure :<\/strong> Standard<\/li>\n<li><strong>Options semi-personnalis\u00e9es :<\/strong> \u00c9troit (4-6 semaines), Large (4-6 semaines)<\/li>\n<\/ul>\n<h5>Vid\u00e9o sur le <a href=\"https:\/\/www.youtube.com\/watch?v=2AfKfzVSCWk\" target=\"_blank\" rel=\"noopener\"><strong>thermomoulage des bottes Bont<\/strong><\/a><\/h5>\n<p><a href=\"https:\/\/www.youtube.com\/watch?v=ap-RUcV2cOs\" target=\"_blank\" rel=\"noopener\"><strong>Comment r\u00e9gler les cadrans BOA + 3 astuces<\/strong><\/a><\/p>\n<p><strong>Enfin, d\u00e9couvrez tous nos <a href=\"\/?product_cat=speed-skating-boots\">Short Track Boots<\/a> ici.<\/strong><\/p>\n","protected":false},"excerpt":{"rendered":"<p>BONT PATRIOT CARBON BOA Blanc\/Noir\/Rouge Nouvelle Couleur CDN Le Bont Patriot Carbon BOA est maintenant disponible dans une nouvelle couleur vibrante CDN. Ce mod\u00e8le est plus rigide que le Patriot classique. De plus, le Bont Patriot Carbon BOA offre un meilleur maintien pour les patineurs souhaitant atteindre des vitesses plus \u00e9lev\u00e9es. Enfin, le syst\u00e8me BOA [&hellip;]<\/p>\n","protected":false},"featured_media":22988,"comment_status":"open","ping_status":"closed","template":"","meta":{"_acf_changed":false,"_monsterinsights_skip_tracking":false,"_monsterinsights_sitenote_active":false,"_monsterinsights_sitenote_note":"","_monsterinsights_sitenote_category":0,"_uf_show_specific_survey":0,"_uf_disable_surveys":false,"site-sidebar-layout":"default","site-content-layout":"","ast-site-content-layout":"default","site-content-style":"default","site-sidebar-style":"default","ast-global-header-display":"","ast-banner-title-visibility":"","ast-main-header-display":"","ast-hfb-above-header-display":"","ast-hfb-below-header-display":"","ast-hfb-mobile-header-display":"","site-post-title":"","ast-breadcrumbs-content":"","ast-featured-img":"","footer-sml-layout":"","ast-disable-related-posts":"","theme-transparent-header-meta":"default","adv-header-id-meta":"","stick-header-meta":"","header-above-stick-meta":"","header-main-stick-meta":"","header-below-stick-meta":"","astra-migrate-meta-layouts":"set","ast-page-background-enabled":"default","ast-page-background-meta":{"desktop":{"background-color":"","background-image":"","background-repeat":"repeat","background-position":"center center","background-size":"auto","background-attachment":"scroll","background-type":"","background-media":"","overlay-type":"","overlay-color":"","overlay-opacity":"","overlay-gradient":""},"tablet":{"background-color":"","background-image":"","background-repeat":"repeat","background-position":"center center","background-size":"auto","background-attachment":"scroll","background-type":"","background-media":"","overlay-type":"","overlay-color":"","overlay-opacity":"","overlay-gradient":""},"mobile":{"background-color":"","background-image":"","background-repeat":"repeat","background-position":"center center","background-size":"auto","background-attachment":"scroll","background-type":"","background-media":"","overlay-type":"","overlay-color":"","overlay-opacity":"","overlay-gradient":""}},"ast-content-background-meta":{"desktop":{"background-color":"var(--ast-global-color-5)","background-image":"","background-repeat":"repeat","background-position":"center center","background-size":"auto","background-attachment":"scroll","background-type":"","background-media":"","overlay-type":"","overlay-color":"","overlay-opacity":"","overlay-gradient":""},"tablet":{"background-color":"var(--ast-global-color-5)","background-image":"","background-repeat":"repeat","background-position":"center center","background-size":"auto","background-attachment":"scroll","background-type":"","background-media":"","overlay-type":"","overlay-color":"","overlay-opacity":"","overlay-gradient":""},"mobile":{"background-color":"var(--ast-global-color-5)","background-image":"","background-repeat":"repeat","background-position":"center center","background-size":"auto","background-attachment":"scroll","background-type":"","background-media":"","overlay-type":"","overlay-color":"","overlay-opacity":"","overlay-gradient":""}}},"product_brand":[3285],"product_cat":[3378],"product_tag":[3796,4562],"class_list":{"0":"post-23183","1":"product","2":"type-product","3":"status-publish","4":"has-post-thumbnail","6":"product_brand-bont","7":"product_cat-non-categorise","8":"product_tag-short-track","9":"product_tag-speed-skating","10":"desktop-align-left","11":"tablet-align-left","12":"mobile-align-left","14":"first","15":"instock","16":"taxable","17":"shipping-taxable","18":"purchasable","19":"product-type-simple"},"acf":[],"_links":{"self":[{"href":"https:\/\/ztsports.com\/fr\/wp-json\/wp\/v2\/product\/23183","targetHints":{"allow":["GET"]}}],"collection":[{"href":"https:\/\/ztsports.com\/fr\/wp-json\/wp\/v2\/product"}],"about":[{"href":"https:\/\/ztsports.com\/fr\/wp-json\/wp\/v2\/types\/product"}],"replies":[{"embeddable":true,"href":"https:\/\/ztsports.com\/fr\/wp-json\/wp\/v2\/comments?post=23183"}],"version-history":[{"count":2,"href":"https:\/\/ztsports.com\/fr\/wp-json\/wp\/v2\/product\/23183\/revisions"}],"predecessor-version":[{"id":23185,"href":"https:\/\/ztsports.com\/fr\/wp-json\/wp\/v2\/product\/23183\/revisions\/23185"}],"wp:featuredmedia":[{"embeddable":true,"href":"https:\/\/ztsports.com\/fr\/wp-json\/wp\/v2\/media\/22988"}],"wp:attachment":[{"href":"https:\/\/ztsports.com\/fr\/wp-json\/wp\/v2\/media?parent=23183"}],"wp:term":[{"taxonomy":"product_brand","embeddable":true,"href":"https:\/\/ztsports.com\/fr\/wp-json\/wp\/v2\/product_brand?post=23183"},{"taxonomy":"product_cat","embeddable":true,"href":"https:\/\/ztsports.com\/fr\/wp-json\/wp\/v2\/product_cat?post=23183"},{"taxonomy":"product_tag","embeddable":true,"href":"https:\/\/ztsports.com\/fr\/wp-json\/wp\/v2\/product_tag?post=23183"}],"curies":[{"name":"wp","href":"https:\/\/api.w.org\/{rel}","templated":true}]}}