{"id":23180,"date":"2023-04-16T16:56:16","date_gmt":"2023-04-16T16:56:16","guid":{"rendered":"https:\/\/ztsports.com\/?post_type=product&#038;p=23180"},"modified":"2026-03-09T07:52:13","modified_gmt":"2026-03-09T07:52:13","slug":"3pf-7050-inline-frame-from-bont","status":"publish","type":"product","link":"https:\/\/ztsports.com\/fr\/store\/3pf-7050-inline-frame-from-bont\/","title":{"rendered":"3PF 7050 Inline Frame From Bont"},"content":{"rendered":"<h1 class=\"product_title entry-title\">3PF 7050 Inline Frame<\/h1>\n<p>Le <strong>3PF 7050 Inline Frame<\/strong> de Bont est unique, comme rien de ce que vous avez vu ou patin\u00e9 auparavant !<\/p>\n<p>Bont a con\u00e7u le 3PF avec son l\u00e9gendaire syst\u00e8me \u00e0 3 points, \u00e9liminant totalement toute flexion de la base de la botte. La base de botte en carbone courb\u00e9e produit la semelle la plus rigide du march\u00e9 et garantit que votre \u00e9nergie n\u2019est jamais absorb\u00e9e par la botte. Le design brevet\u00e9 \u00e0 3 points est associ\u00e9 aux meilleurs mat\u00e9riaux et aux simulations informatiques de contraintes sur cadres inline les plus avanc\u00e9es au monde.<\/p>\n<h3>Caract\u00e9ristiques principales :<\/h3>\n<ul>\n<li>Montage : 2 points 195 mm ou 3 points 195 mm<\/li>\n<li>Longueurs : 13,2&#8243; (202 g) \/ 12,8&#8243; (186 g)<\/li>\n<li>Hauteur du deck (axe central \u2192 haut du cadre) : Avant 48,5 mm \/ Arri\u00e8re 59,5 mm<\/li>\n<li>Mat\u00e9riau : Aluminium 7050 T6<\/li>\n<li>Fabriqu\u00e9 \u00e0 : Ta\u00efwan<\/li>\n<li>Inclus : 1 paire de cadres avec axes, entretoises et cl\u00e9 Allen<\/li>\n<\/ul>\n<p>Le kit de fixation Bont est fourni gratuitement lors de l\u2019achat de bottes ou de packages.<\/p>\n<h3>Flexibilit\u00e9 parfaite<\/h3>\n<p>Beaucoup de patineurs pensent qu\u2019un cadre plus rigide est meilleur, mais ce n\u2019est pas toujours le cas. Un cadre doit avoir une l\u00e9g\u00e8re flexion \u00e0 certains endroits pour faciliter les virages et \u00e9viter que le cadre ne d\u00e9rape \u00e0 la fin de la pouss\u00e9e. Un l\u00e9ger flex pr\u00e8s des roues augmente l\u2019adh\u00e9rence. Le cadre 3PF a \u00e9t\u00e9 con\u00e7u avec exactement la bonne quantit\u00e9 de flex.<\/p>\n<h3>Montage 2 et 3 points<\/h3>\n<p>Le cadre 3PF peut \u00eatre fix\u00e9 sur une botte 2 points 195 mm ou sur nos nouvelles bottes 3 points 195 mm, offrant ainsi la plus grande flexibilit\u00e9 pour composer un setup adapt\u00e9 \u00e0 vos besoins. Par exemple, les patineurs indoor pr\u00e9f\u00e8rent la flexibilit\u00e9 d\u2019un cadre 2 points tandis que les patineurs de route privil\u00e9gient la solidit\u00e9 du 3 points.<\/p>\n<h3>Longueurs de cadre<\/h3>\n<p>Disponible en 2 longueurs : 13,2&#8243; 4&#215;110 mm ou 12,8&#8243; 4&#215;100 mm compatible avec des roues de 105 mm.<\/p>\n<h3>Sp\u00e9cifications du cadre<\/h3>\n<ul>\n<li>Montage : 2 points 195 mm \/ 3 points 195 mm<\/li>\n<li>Hauteur du deck : Avant 48,5 mm \/ Arri\u00e8re 59,5 mm<\/li>\n<li>Fabriqu\u00e9 \u00e0 : Ta\u00efwan<\/li>\n<\/ul>\n<h3>Poids<\/h3>\n<p>Le cadre 110 mm ne p\u00e8se que 190 g, extr\u00eamement l\u00e9ger pour sa solidit\u00e9.<\/p>\n<h3>Aluminium 7050 T6<\/h3>\n<p>Le 7050 T6 est un alliage a\u00e9ronautique offrant le meilleur compromis entre r\u00e9sistance, r\u00e9sistance \u00e0 la corrosion sous contrainte et t\u00e9nacit\u00e9. Le traitement T6 signifie que le cadre a \u00e9t\u00e9 solutionn\u00e9 et vieilli artificiellement, augmentant consid\u00e9rablement la duret\u00e9. L\u2019extrusion est maintenue dans un gabarit sp\u00e9cial pour \u00e9viter toute torsion pendant le traitement.<\/p>\n<h3>Tests informatiques de contraintes<\/h3>\n<p>Bont utilise les simulations informatiques les plus avanc\u00e9es pour tester la r\u00e9sistance des cadres. Chaque pi\u00e8ce est ainsi garantie contre la fatigue m\u00e9tallique, cause fr\u00e9quente de casse.<\/p>\n<h3>Design et simulation 3D<\/h3>\n<p>Le design a \u00e9t\u00e9 test\u00e9 et optimis\u00e9 dans un simulateur 3D reproduisant les contraintes r\u00e9elles du patinage. Le 3PF a subi plus de 200 jours de tests virtuels avant la fabrication du premier cadre.<\/p>\n<h3>Usinage CNC de pr\u00e9cision<\/h3>\n<p>Le 3PF est usin\u00e9 avec des machines CNC pour garantir que les fixations des roulements sont parfaitement planes et que les axes s\u2019alignent parfaitement, assurant un roulement optimal.<\/p>\n<h3>Axes<\/h3>\n<p>Les axes sont en aluminium 7075 pour \u00e9viter tout d\u00e9nudaement.<\/p>\n<h3>L\u00e9ger. Solide. Rapide.<\/h3>\n<p>Nous repoussons les limites de la technologie pour vous aider \u00e0 performer au maximum.<\/p>\n<p>Vid\u00e9o de pr\u00e9sentation et test du <a href=\"https:\/\/www.youtube.com\/watch?v=2AfKfzVSCWk\" target=\"_blank\" rel=\"noopener\"><strong>3PF 7050 Inline Frame<\/strong><\/a><\/p>\n<p><strong>Enfin, d\u00e9couvrez tous nos <a href=\"\/?product_cat=inline-speed-skating-frames\">cadres de vitesse inline<\/a> ici.<\/strong><\/p>\n","protected":false},"excerpt":{"rendered":"<p>3PF 7050 Inline Frame Le 3PF 7050 Inline Frame de Bont est unique, comme rien de ce que vous avez vu ou patin\u00e9 auparavant ! Bont a con\u00e7u le 3PF avec son l\u00e9gendaire syst\u00e8me \u00e0 3 points, \u00e9liminant totalement toute flexion de la base de la botte. La base de botte en carbone courb\u00e9e produit [&hellip;]<\/p>\n","protected":false},"featured_media":23175,"comment_status":"open","ping_status":"closed","template":"","meta":{"_acf_changed":false,"_monsterinsights_skip_tracking":false,"_monsterinsights_sitenote_active":false,"_monsterinsights_sitenote_note":"","_monsterinsights_sitenote_category":0,"_uf_show_specific_survey":0,"_uf_disable_surveys":false,"site-sidebar-layout":"default","site-content-layout":"","ast-site-content-layout":"default","site-content-style":"default","site-sidebar-style":"default","ast-global-header-display":"","ast-banner-title-visibility":"","ast-main-header-display":"","ast-hfb-above-header-display":"","ast-hfb-below-header-display":"","ast-hfb-mobile-header-display":"","site-post-title":"","ast-breadcrumbs-content":"","ast-featured-img":"","footer-sml-layout":"","ast-disable-related-posts":"","theme-transparent-header-meta":"default","adv-header-id-meta":"","stick-header-meta":"","header-above-stick-meta":"","header-main-stick-meta":"","header-below-stick-meta":"","astra-migrate-meta-layouts":"set","ast-page-background-enabled":"default","ast-page-background-meta":{"desktop":{"background-color":"","background-image":"","background-repeat":"repeat","background-position":"center center","background-size":"auto","background-attachment":"scroll","background-type":"","background-media":"","overlay-type":"","overlay-color":"","overlay-opacity":"","overlay-gradient":""},"tablet":{"background-color":"","background-image":"","background-repeat":"repeat","background-position":"center center","background-size":"auto","background-attachment":"scroll","background-type":"","background-media":"","overlay-type":"","overlay-color":"","overlay-opacity":"","overlay-gradient":""},"mobile":{"background-color":"","background-image":"","background-repeat":"repeat","background-position":"center center","background-size":"auto","background-attachment":"scroll","background-type":"","background-media":"","overlay-type":"","overlay-color":"","overlay-opacity":"","overlay-gradient":""}},"ast-content-background-meta":{"desktop":{"background-color":"var(--ast-global-color-5)","background-image":"","background-repeat":"repeat","background-position":"center center","background-size":"auto","background-attachment":"scroll","background-type":"","background-media":"","overlay-type":"","overlay-color":"","overlay-opacity":"","overlay-gradient":""},"tablet":{"background-color":"var(--ast-global-color-5)","background-image":"","background-repeat":"repeat","background-position":"center center","background-size":"auto","background-attachment":"scroll","background-type":"","background-media":"","overlay-type":"","overlay-color":"","overlay-opacity":"","overlay-gradient":""},"mobile":{"background-color":"var(--ast-global-color-5)","background-image":"","background-repeat":"repeat","background-position":"center center","background-size":"auto","background-attachment":"scroll","background-type":"","background-media":"","overlay-type":"","overlay-color":"","overlay-opacity":"","overlay-gradient":""}}},"product_brand":[3285],"product_cat":[3381],"product_tag":[],"class_list":{"0":"post-23180","1":"product","2":"type-product","3":"status-publish","4":"has-post-thumbnail","6":"product_brand-bont","7":"product_cat-patinage-de-vitesse-en-ligne","8":"desktop-align-left","9":"tablet-align-left","10":"mobile-align-left","12":"first","13":"instock","14":"taxable","15":"shipping-taxable","16":"purchasable","17":"product-type-simple"},"acf":[],"_links":{"self":[{"href":"https:\/\/ztsports.com\/fr\/wp-json\/wp\/v2\/product\/23180","targetHints":{"allow":["GET"]}}],"collection":[{"href":"https:\/\/ztsports.com\/fr\/wp-json\/wp\/v2\/product"}],"about":[{"href":"https:\/\/ztsports.com\/fr\/wp-json\/wp\/v2\/types\/product"}],"replies":[{"embeddable":true,"href":"https:\/\/ztsports.com\/fr\/wp-json\/wp\/v2\/comments?post=23180"}],"version-history":[{"count":2,"href":"https:\/\/ztsports.com\/fr\/wp-json\/wp\/v2\/product\/23180\/revisions"}],"predecessor-version":[{"id":23182,"href":"https:\/\/ztsports.com\/fr\/wp-json\/wp\/v2\/product\/23180\/revisions\/23182"}],"wp:featuredmedia":[{"embeddable":true,"href":"https:\/\/ztsports.com\/fr\/wp-json\/wp\/v2\/media\/23175"}],"wp:attachment":[{"href":"https:\/\/ztsports.com\/fr\/wp-json\/wp\/v2\/media?parent=23180"}],"wp:term":[{"taxonomy":"product_brand","embeddable":true,"href":"https:\/\/ztsports.com\/fr\/wp-json\/wp\/v2\/product_brand?post=23180"},{"taxonomy":"product_cat","embeddable":true,"href":"https:\/\/ztsports.com\/fr\/wp-json\/wp\/v2\/product_cat?post=23180"},{"taxonomy":"product_tag","embeddable":true,"href":"https:\/\/ztsports.com\/fr\/wp-json\/wp\/v2\/product_tag?post=23180"}],"curies":[{"name":"wp","href":"https:\/\/api.w.org\/{rel}","templated":true}]}}