{"id":23173,"date":"2023-04-17T19:35:18","date_gmt":"2023-04-17T19:35:18","guid":{"rendered":"https:\/\/ztsports.com\/?post_type=product&#038;p=23173"},"modified":"2026-03-12T12:11:22","modified_gmt":"2026-03-12T12:11:22","slug":"bont-skate-rip-jaws-boot-punch","status":"publish","type":"product","link":"https:\/\/ztsports.com\/fr\/store\/bont-skate-rip-jaws-boot-punch\/","title":{"rendered":"BONT Skate Rip Jaws Boot Punch"},"content":{"rendered":"<h1 class=\"product_title entry-title\">BONT Skate Rip Jaws<\/h1>\n<p>Le Bont Skate <strong>Rip Jaws<\/strong> est un outil d\u2019\u00e9limination des points de pression, invent\u00e9 par Bont en 1976 et fourni aux magasins et distributeurs. C\u2019est un incontournable pour tout <strong>club, entra\u00eeneur ou responsable mat\u00e9riel<\/strong>.<\/p>\n<h3>BONT Skate Rip Jaws \u2013 Outil pour bottes<\/h3>\n<p>Cet outil est id\u00e9al pour supprimer les points de pression au niveau du talon des bottes en carbone pour patins en ligne, patins de vitesse sur glace et patins \u00e0 roulettes. Il fonctionne \u00e9galement pour les patins artistiques et les patins de hockey sur glace.<\/p>\n<p>Le <strong>Rip Jaws<\/strong> supprime les points de pression dans vos bottes. Un point de pression est une zone inconfortable dans votre botte. Les bottes en fibre de carbone ou en fibre de verre ont seulement une fine couche de rembourrage entre votre pied et le carbone dur, ce qui peut provoquer des ampoules. Le Rip Jaws est con\u00e7u pour repousser la zone inconfortable afin de rendre la botte confortable pour patiner.<\/p>\n<h4>Instructions d\u2019utilisation :<\/h4>\n<ol>\n<li>Retirez d\u2019abord les lacets de vos patins.<\/li>\n<li>Chauffez ensuite la zone inconfortable avec un s\u00e8che-cheveux pendant environ 5 minutes ou dans le four, selon les instructions du fabricant de vos bottes.<\/li>\n<li>Ouvrez le Rip Jaws et utilisez le bouton au bout de la poign\u00e9e pour l\u2019ouvrir largement.<\/li>\n<li>Placez le Rip Jaws sur la zone probl\u00e9matique et serrez la vis \u00e0 l\u2019aide du m\u00eame bouton.<\/li>\n<li>Rapprochez les poign\u00e9es pour verrouiller l\u2019outil en place.<\/li>\n<li>Attendez quelques minutes que la botte refroidisse, puis d\u00e9bloquez le Rip Jaws.<\/li>\n<\/ol>\n<p>Vous pouvez r\u00e9p\u00e9ter ce processus si n\u00e9cessaire. Il est important de laisser gu\u00e9rir toute ampoule ou zone douloureuse avant de tester la botte, sinon la douleur persistera.<\/p>\n<h4><strong>Voir le Rip Jaws en action : <a href=\"https:\/\/www.youtube.com\/watch?v=tlaEiWXyeRE\" target=\"_blank\" rel=\"noopener\">Vid\u00e9o officielle Bont Rip Jaws<\/a><\/strong><\/h4>\n<p>Voir aussi un avis ind\u00e9pendant sur YouTube : <a href=\"https:\/\/www.google.com\/search?q=BONT+Skate+Rip+Jaws+Boot+Punch&amp;rlz=1C1ONGR_enCA951CA951&amp;oq=BONT+Skate+Rip+Jaws+Boot+Punch&amp;gs_lcrp=EgZjaHJvbWUyBggAEEUYOTIGCAEQRRg90gEJMjg1NGowajE1qAIIsAIB8QXazfveCqDEvA&amp;sourceid=chrome&amp;ie=UTF-8#fpstate=ive&amp;vld=cid:95c64449,vid:yEVkmN0gC8A,st:0\" target=\"_blank\" rel=\"noopener\">Avis ind\u00e9pendant sur YouTube<\/a><\/p>\n<p><strong>Enfin, d\u00e9couvrez aussi le <a href=\"https:\/\/ztsports.com\/product\/ball-ring-skate-stretcher-boot-punch\/\">Ball &amp; Ring Skate Stretcher Boot Punch<\/a> chez Zt Sports.<\/strong><\/p>\n","protected":false},"excerpt":{"rendered":"<p>BONT Skate Rip Jaws Le Bont Skate Rip Jaws est un outil d\u2019\u00e9limination des points de pression, invent\u00e9 par Bont en 1976 et fourni aux magasins et distributeurs. C\u2019est un incontournable pour tout club, entra\u00eeneur ou responsable mat\u00e9riel. BONT Skate Rip Jaws \u2013 Outil pour bottes Cet outil est id\u00e9al pour supprimer les points de [&hellip;]<\/p>\n","protected":false},"featured_media":23171,"comment_status":"open","ping_status":"closed","template":"","meta":{"_acf_changed":false,"_monsterinsights_skip_tracking":false,"_monsterinsights_sitenote_active":false,"_monsterinsights_sitenote_note":"","_monsterinsights_sitenote_category":0,"_uf_show_specific_survey":0,"_uf_disable_surveys":false,"site-sidebar-layout":"default","site-content-layout":"","ast-site-content-layout":"default","site-content-style":"default","site-sidebar-style":"default","ast-global-header-display":"","ast-banner-title-visibility":"","ast-main-header-display":"","ast-hfb-above-header-display":"","ast-hfb-below-header-display":"","ast-hfb-mobile-header-display":"","site-post-title":"","ast-breadcrumbs-content":"","ast-featured-img":"","footer-sml-layout":"","ast-disable-related-posts":"","theme-transparent-header-meta":"default","adv-header-id-meta":"","stick-header-meta":"","header-above-stick-meta":"","header-main-stick-meta":"","header-below-stick-meta":"","astra-migrate-meta-layouts":"set","ast-page-background-enabled":"default","ast-page-background-meta":{"desktop":{"background-color":"","background-image":"","background-repeat":"repeat","background-position":"center center","background-size":"auto","background-attachment":"scroll","background-type":"","background-media":"","overlay-type":"","overlay-color":"","overlay-opacity":"","overlay-gradient":""},"tablet":{"background-color":"","background-image":"","background-repeat":"repeat","background-position":"center center","background-size":"auto","background-attachment":"scroll","background-type":"","background-media":"","overlay-type":"","overlay-color":"","overlay-opacity":"","overlay-gradient":""},"mobile":{"background-color":"","background-image":"","background-repeat":"repeat","background-position":"center center","background-size":"auto","background-attachment":"scroll","background-type":"","background-media":"","overlay-type":"","overlay-color":"","overlay-opacity":"","overlay-gradient":""}},"ast-content-background-meta":{"desktop":{"background-color":"var(--ast-global-color-5)","background-image":"","background-repeat":"repeat","background-position":"center center","background-size":"auto","background-attachment":"scroll","background-type":"","background-media":"","overlay-type":"","overlay-color":"","overlay-opacity":"","overlay-gradient":""},"tablet":{"background-color":"var(--ast-global-color-5)","background-image":"","background-repeat":"repeat","background-position":"center center","background-size":"auto","background-attachment":"scroll","background-type":"","background-media":"","overlay-type":"","overlay-color":"","overlay-opacity":"","overlay-gradient":""},"mobile":{"background-color":"var(--ast-global-color-5)","background-image":"","background-repeat":"repeat","background-position":"center center","background-size":"auto","background-attachment":"scroll","background-type":"","background-media":"","overlay-type":"","overlay-color":"","overlay-opacity":"","overlay-gradient":""}}},"product_brand":[3285],"product_cat":[4565,3379],"product_tag":[3853,3851],"class_list":{"0":"post-23173","1":"product","2":"type-product","3":"status-publish","4":"has-post-thumbnail","6":"product_brand-bont","7":"product_cat-accessoires","8":"product_cat-aides-au-coaching-et-a-lentrainement","9":"product_tag-bont-skate-rip-jaws","10":"product_tag-bonttool","11":"desktop-align-left","12":"tablet-align-left","13":"mobile-align-left","15":"first","16":"instock","17":"sale","18":"taxable","19":"shipping-taxable","20":"purchasable","21":"product-type-simple"},"acf":[],"_links":{"self":[{"href":"https:\/\/ztsports.com\/fr\/wp-json\/wp\/v2\/product\/23173","targetHints":{"allow":["GET"]}}],"collection":[{"href":"https:\/\/ztsports.com\/fr\/wp-json\/wp\/v2\/product"}],"about":[{"href":"https:\/\/ztsports.com\/fr\/wp-json\/wp\/v2\/types\/product"}],"replies":[{"embeddable":true,"href":"https:\/\/ztsports.com\/fr\/wp-json\/wp\/v2\/comments?post=23173"}],"version-history":[{"count":1,"href":"https:\/\/ztsports.com\/fr\/wp-json\/wp\/v2\/product\/23173\/revisions"}],"predecessor-version":[{"id":23174,"href":"https:\/\/ztsports.com\/fr\/wp-json\/wp\/v2\/product\/23173\/revisions\/23174"}],"wp:featuredmedia":[{"embeddable":true,"href":"https:\/\/ztsports.com\/fr\/wp-json\/wp\/v2\/media\/23171"}],"wp:attachment":[{"href":"https:\/\/ztsports.com\/fr\/wp-json\/wp\/v2\/media?parent=23173"}],"wp:term":[{"taxonomy":"product_brand","embeddable":true,"href":"https:\/\/ztsports.com\/fr\/wp-json\/wp\/v2\/product_brand?post=23173"},{"taxonomy":"product_cat","embeddable":true,"href":"https:\/\/ztsports.com\/fr\/wp-json\/wp\/v2\/product_cat?post=23173"},{"taxonomy":"product_tag","embeddable":true,"href":"https:\/\/ztsports.com\/fr\/wp-json\/wp\/v2\/product_tag?post=23173"}],"curies":[{"name":"wp","href":"https:\/\/api.w.org\/{rel}","templated":true}]}}