{"id":23165,"date":"2023-04-25T03:38:46","date_gmt":"2023-04-25T03:38:46","guid":{"rendered":"https:\/\/ztsports.com\/?post_type=product&#038;p=23165"},"modified":"2026-03-09T07:46:19","modified_gmt":"2026-03-09T07:46:19","slug":"bont-patriot-version-2-ultrasprint-package","status":"publish","type":"product","link":"https:\/\/ztsports.com\/fr\/store\/bont-patriot-version-2-ultrasprint-package\/","title":{"rendered":"BONT Patriot Version 2\/Ultrasprint Package"},"content":{"rendered":"<h1 class=\"product_title entry-title\">BOTTES BONT Patriot Version 2 \/ Pack Ultrasprint<\/h1>\n<p>Le pack Bont Patriot Version 2 \/ Ultrasprint est notre patin de short track d\u2019entr\u00e9e de gamme offrant un rapport qualit\u00e9-prix exceptionnel.<\/p>\n<p>Sa base en carbone pos\u00e9e \u00e0 la main procure une botte ultra-rigide, enti\u00e8rement thermoformable gr\u00e2ce \u00e0 la r\u00e9sine \u00e9poxy thermodurcissable.<\/p>\n<p>Combin\u00e9e \u00e0 une forme anatomique et \u00e0 une mousse \u00e0 m\u00e9moire de forme haute densit\u00e9, cette botte est in\u00e9gal\u00e9e pour son rapport qualit\u00e9-prix.<\/p>\n<h3>Pr\u00e9sentation du nouveau pack Patriot Carbon V2 \/ Ultrasprint<\/h3>\n<h4>Nouvelles caract\u00e9ristiques :<\/h4>\n<ul>\n<li>Dernier mis \u00e0 jour<\/li>\n<li>Production am\u00e9lior\u00e9e avec une botte monobloc<\/li>\n<li>Le col est plus haut et l\u2019angle du col a \u00e9t\u00e9 modifi\u00e9<\/li>\n<li>Rembourrage plus \u00e9pais sur le col<\/li>\n<li>Plus de carbone dans la base de la botte<\/li>\n<li>Doublure Suede-L<\/li>\n<\/ul>\n<h4>Sp\u00e9cifications des BOTTES :<\/h4>\n<ul>\n<li>Base : Composite carbone pos\u00e9 \u00e0 la main<\/li>\n<li>Peau ext\u00e9rieure : Microfibre<\/li>\n<li>Doublure : Microfibre<\/li>\n<li>Semelle int\u00e9rieure : Microfibre<\/li>\n<li>Thermoformable : Base enti\u00e8rement thermoformable avec r\u00e9sine \u00e9poxy thermodurcissable<\/li>\n<li>Rembourrage : Mousse \u00e0 m\u00e9moire de forme haute densit\u00e9<\/li>\n<li>Fermeture : 2 bandes Velcro r\u00e9glables + lacets<\/li>\n<li>Tailles disponibles : 9\/27 \u2013 13.5\/51<\/li>\n<li>Options de coupe : Standard<\/li>\n<\/ul>\n<p>La lame ULTRASPRINT vise \u00e0 surpasser la concurrence dans tous les aspects : acier de meilleure qualit\u00e9, polissage brillant, pli parfait, meilleure tenue du pli et graphismes impressionnants. Tout cela \u00e0 un prix incroyable.<\/p>\n<h4>Sp\u00e9cifications des lames :<\/h4>\n<ul>\n<li>Tube : 6061 T6<\/li>\n<li>Support (Cup) : Aluminium 7075 T6<\/li>\n<li>Rayon : 8 m<\/li>\n<li>Longueurs disponibles : 12\u2033, 13\u2033, 14\u2033, 14,5\u2033, 15\u2033, 15,5\u2033, 16\u2033, 16,5\u2033, 17\u2033<\/li>\n<li>\u00c9paisseur de la lame : 1,1 mm<\/li>\n<li>Duret\u00e9 : 58 Rockwell<\/li>\n<li>Pli : Pli\u00e9 en machine<\/li>\n<\/ul>\n<h5><strong><em>VEUILLEZ SP\u00c9CIFIER LA TAILLE DANS LA CASE DE COMMENTAIRE LORS DE VOTRE COMMANDE.<\/em><\/strong><\/h5>\n<h5>Vid\u00e9o : <a href=\"https:\/\/www.youtube.com\/watch?v=2AfKfzVSCWk\" target=\"_blank\" rel=\"noopener\"><strong>Thermoformage de vos bottes Bont<\/strong><\/a><\/h5>\n<p>Enfin, consultez tous nos <a href=\"https:\/\/ztsports.com\/product-category\/patinage-de-vitesse-en-ligne\/packages\/\"><strong>packs Short Track<\/strong><\/a> ici.<\/p>\n","protected":false},"excerpt":{"rendered":"<p>BOTTES BONT Patriot Version 2 \/ Pack Ultrasprint Le pack Bont Patriot Version 2 \/ Ultrasprint est notre patin de short track d\u2019entr\u00e9e de gamme offrant un rapport qualit\u00e9-prix exceptionnel. Sa base en carbone pos\u00e9e \u00e0 la main procure une botte ultra-rigide, enti\u00e8rement thermoformable gr\u00e2ce \u00e0 la r\u00e9sine \u00e9poxy thermodurcissable. Combin\u00e9e \u00e0 une forme anatomique [&hellip;]<\/p>\n","protected":false},"featured_media":24706,"comment_status":"open","ping_status":"closed","template":"","meta":{"_acf_changed":false,"_monsterinsights_skip_tracking":false,"_monsterinsights_sitenote_active":false,"_monsterinsights_sitenote_note":"","_monsterinsights_sitenote_category":0,"_uf_show_specific_survey":0,"_uf_disable_surveys":false,"site-sidebar-layout":"default","site-content-layout":"","ast-site-content-layout":"default","site-content-style":"default","site-sidebar-style":"default","ast-global-header-display":"","ast-banner-title-visibility":"","ast-main-header-display":"","ast-hfb-above-header-display":"","ast-hfb-below-header-display":"","ast-hfb-mobile-header-display":"","site-post-title":"","ast-breadcrumbs-content":"","ast-featured-img":"","footer-sml-layout":"","ast-disable-related-posts":"","theme-transparent-header-meta":"default","adv-header-id-meta":"","stick-header-meta":"","header-above-stick-meta":"","header-main-stick-meta":"","header-below-stick-meta":"","astra-migrate-meta-layouts":"set","ast-page-background-enabled":"default","ast-page-background-meta":{"desktop":{"background-color":"","background-image":"","background-repeat":"repeat","background-position":"center center","background-size":"auto","background-attachment":"scroll","background-type":"","background-media":"","overlay-type":"","overlay-color":"","overlay-opacity":"","overlay-gradient":""},"tablet":{"background-color":"","background-image":"","background-repeat":"repeat","background-position":"center center","background-size":"auto","background-attachment":"scroll","background-type":"","background-media":"","overlay-type":"","overlay-color":"","overlay-opacity":"","overlay-gradient":""},"mobile":{"background-color":"","background-image":"","background-repeat":"repeat","background-position":"center center","background-size":"auto","background-attachment":"scroll","background-type":"","background-media":"","overlay-type":"","overlay-color":"","overlay-opacity":"","overlay-gradient":""}},"ast-content-background-meta":{"desktop":{"background-color":"var(--ast-global-color-5)","background-image":"","background-repeat":"repeat","background-position":"center center","background-size":"auto","background-attachment":"scroll","background-type":"","background-media":"","overlay-type":"","overlay-color":"","overlay-opacity":"","overlay-gradient":""},"tablet":{"background-color":"var(--ast-global-color-5)","background-image":"","background-repeat":"repeat","background-position":"center center","background-size":"auto","background-attachment":"scroll","background-type":"","background-media":"","overlay-type":"","overlay-color":"","overlay-opacity":"","overlay-gradient":""},"mobile":{"background-color":"var(--ast-global-color-5)","background-image":"","background-repeat":"repeat","background-position":"center center","background-size":"auto","background-attachment":"scroll","background-type":"","background-media":"","overlay-type":"","overlay-color":"","overlay-opacity":"","overlay-gradient":""}}},"product_brand":[3285],"product_cat":[3378],"product_tag":[],"class_list":{"0":"post-23165","1":"product","2":"type-product","3":"status-publish","4":"has-post-thumbnail","6":"product_brand-bont","7":"product_cat-non-categorise","8":"desktop-align-left","9":"tablet-align-left","10":"mobile-align-left","12":"first","13":"instock","14":"featured","15":"taxable","16":"shipping-taxable","17":"purchasable","18":"product-type-simple"},"acf":[],"_links":{"self":[{"href":"https:\/\/ztsports.com\/fr\/wp-json\/wp\/v2\/product\/23165","targetHints":{"allow":["GET"]}}],"collection":[{"href":"https:\/\/ztsports.com\/fr\/wp-json\/wp\/v2\/product"}],"about":[{"href":"https:\/\/ztsports.com\/fr\/wp-json\/wp\/v2\/types\/product"}],"replies":[{"embeddable":true,"href":"https:\/\/ztsports.com\/fr\/wp-json\/wp\/v2\/comments?post=23165"}],"version-history":[{"count":1,"href":"https:\/\/ztsports.com\/fr\/wp-json\/wp\/v2\/product\/23165\/revisions"}],"predecessor-version":[{"id":23166,"href":"https:\/\/ztsports.com\/fr\/wp-json\/wp\/v2\/product\/23165\/revisions\/23166"}],"wp:featuredmedia":[{"embeddable":true,"href":"https:\/\/ztsports.com\/fr\/wp-json\/wp\/v2\/media\/24706"}],"wp:attachment":[{"href":"https:\/\/ztsports.com\/fr\/wp-json\/wp\/v2\/media?parent=23165"}],"wp:term":[{"taxonomy":"product_brand","embeddable":true,"href":"https:\/\/ztsports.com\/fr\/wp-json\/wp\/v2\/product_brand?post=23165"},{"taxonomy":"product_cat","embeddable":true,"href":"https:\/\/ztsports.com\/fr\/wp-json\/wp\/v2\/product_cat?post=23165"},{"taxonomy":"product_tag","embeddable":true,"href":"https:\/\/ztsports.com\/fr\/wp-json\/wp\/v2\/product_tag?post=23165"}],"curies":[{"name":"wp","href":"https:\/\/api.w.org\/{rel}","templated":true}]}}