{"id":23157,"date":"2023-04-25T13:31:32","date_gmt":"2023-04-25T13:31:32","guid":{"rendered":"https:\/\/ztsports.com\/?post_type=product&#038;p=23157"},"modified":"2026-03-09T07:44:57","modified_gmt":"2026-03-09T07:44:57","slug":"bont-patriot-short-track-boot-version-2","status":"publish","type":"product","link":"https:\/\/ztsports.com\/fr\/store\/bont-patriot-short-track-boot-version-2\/","title":{"rendered":"BONT Patriot Short Track Boot Version 2"},"content":{"rendered":"<h1 class=\"product_title entry-title\">BOTTES BONT Patriot Short Track Version 2<\/h1>\n<p><strong>Bont Patriot pr\u00e9sente la nouvelle Patriot Carbon V2 pour le Short Track<\/strong><\/p>\n<h4>Nouvelles caract\u00e9ristiques :<\/h4>\n<ul>\n<li>Dernier mis \u00e0 jour<\/li>\n<li>Production am\u00e9lior\u00e9e avec une botte monobloc (auparavant botte en 2 parties)<\/li>\n<li>Protecteur d\u2019orteil int\u00e9gr\u00e9 \u00e0 haute r\u00e9sistance \u00e0 l\u2019abrasion<\/li>\n<li>Le col est plus haut et l\u2019angle du col a \u00e9t\u00e9 modifi\u00e9<\/li>\n<li>Rembourrage plus \u00e9pais sur le col et la languette<\/li>\n<li>Base enti\u00e8rement en carbone, avec plus de carbone dans la base que le mod\u00e8le pr\u00e9c\u00e9dent<\/li>\n<li>Doublure Suede-L<\/li>\n<\/ul>\n<h4>Sp\u00e9cifications :<\/h4>\n<ul>\n<li>Base : Composite carbone pos\u00e9 \u00e0 la main<\/li>\n<li>Peau ext\u00e9rieure : Microfibre<\/li>\n<li>Doublure : Microfibre<\/li>\n<li>Semelle int\u00e9rieure : Microfibre<\/li>\n<li>Thermoformable : Base enti\u00e8rement thermoformable utilisant une r\u00e9sine \u00e9poxy thermodurcissable<\/li>\n<li>Rembourrage : Mousse \u00e0 m\u00e9moire de forme haute densit\u00e9<\/li>\n<li>Fermeture : 2 bandes Velcro r\u00e9glables + lacets<\/li>\n<li>Tailles disponibles : 9\/27 \u2013 13.5\/51<\/li>\n<li>Options de coupe : Standard<\/li>\n<\/ul>\n<p>Il n\u2019est pas difficile de retrouver notre riche tradition de lignes \u00e9pur\u00e9es et d\u2019attitude affirm\u00e9e dans ce dernier mod\u00e8le Short Track. Nous sommes une marque qui continue de refuser la pens\u00e9e conventionnelle tout en faisant \u00e9voluer nos designs classiques \u00e0 chaque nouvelle version.<\/p>\n<h5>Vid\u00e9o : <a href=\"https:\/\/www.youtube.com\/watch?v=2AfKfzVSCWk\" target=\"_blank\" rel=\"noopener\"><strong>Thermoformage de vos bottes Bont<\/strong><\/a><\/h5>\n<p>Enfin, consultez toutes nos <a href=\"\/?product_cat=speed-skating-boots\"><strong>bottes Short Track<\/strong><\/a> ici.<\/p>\n","protected":false},"excerpt":{"rendered":"<p>BOTTES BONT Patriot Short Track Version 2 Bont Patriot pr\u00e9sente la nouvelle Patriot Carbon V2 pour le Short Track Nouvelles caract\u00e9ristiques : Dernier mis \u00e0 jour Production am\u00e9lior\u00e9e avec une botte monobloc (auparavant botte en 2 parties) Protecteur d\u2019orteil int\u00e9gr\u00e9 \u00e0 haute r\u00e9sistance \u00e0 l\u2019abrasion Le col est plus haut et l\u2019angle du col a [&hellip;]<\/p>\n","protected":false},"featured_media":23152,"comment_status":"open","ping_status":"closed","template":"","meta":{"_acf_changed":false,"_monsterinsights_skip_tracking":false,"_monsterinsights_sitenote_active":false,"_monsterinsights_sitenote_note":"","_monsterinsights_sitenote_category":0,"_uf_show_specific_survey":0,"_uf_disable_surveys":false,"site-sidebar-layout":"default","site-content-layout":"","ast-site-content-layout":"default","site-content-style":"default","site-sidebar-style":"default","ast-global-header-display":"","ast-banner-title-visibility":"","ast-main-header-display":"","ast-hfb-above-header-display":"","ast-hfb-below-header-display":"","ast-hfb-mobile-header-display":"","site-post-title":"","ast-breadcrumbs-content":"","ast-featured-img":"","footer-sml-layout":"","ast-disable-related-posts":"","theme-transparent-header-meta":"default","adv-header-id-meta":"","stick-header-meta":"","header-above-stick-meta":"","header-main-stick-meta":"","header-below-stick-meta":"","astra-migrate-meta-layouts":"set","ast-page-background-enabled":"default","ast-page-background-meta":{"desktop":{"background-color":"","background-image":"","background-repeat":"repeat","background-position":"center center","background-size":"auto","background-attachment":"scroll","background-type":"","background-media":"","overlay-type":"","overlay-color":"","overlay-opacity":"","overlay-gradient":""},"tablet":{"background-color":"","background-image":"","background-repeat":"repeat","background-position":"center center","background-size":"auto","background-attachment":"scroll","background-type":"","background-media":"","overlay-type":"","overlay-color":"","overlay-opacity":"","overlay-gradient":""},"mobile":{"background-color":"","background-image":"","background-repeat":"repeat","background-position":"center center","background-size":"auto","background-attachment":"scroll","background-type":"","background-media":"","overlay-type":"","overlay-color":"","overlay-opacity":"","overlay-gradient":""}},"ast-content-background-meta":{"desktop":{"background-color":"var(--ast-global-color-5)","background-image":"","background-repeat":"repeat","background-position":"center center","background-size":"auto","background-attachment":"scroll","background-type":"","background-media":"","overlay-type":"","overlay-color":"","overlay-opacity":"","overlay-gradient":""},"tablet":{"background-color":"var(--ast-global-color-5)","background-image":"","background-repeat":"repeat","background-position":"center center","background-size":"auto","background-attachment":"scroll","background-type":"","background-media":"","overlay-type":"","overlay-color":"","overlay-opacity":"","overlay-gradient":""},"mobile":{"background-color":"var(--ast-global-color-5)","background-image":"","background-repeat":"repeat","background-position":"center center","background-size":"auto","background-attachment":"scroll","background-type":"","background-media":"","overlay-type":"","overlay-color":"","overlay-opacity":"","overlay-gradient":""}}},"product_brand":[3285],"product_cat":[3378],"product_tag":[3796],"class_list":{"0":"post-23157","1":"product","2":"type-product","3":"status-publish","4":"has-post-thumbnail","6":"product_brand-bont","7":"product_cat-non-categorise","8":"product_tag-short-track","9":"desktop-align-left","10":"tablet-align-left","11":"mobile-align-left","13":"first","14":"instock","15":"taxable","16":"shipping-taxable","17":"purchasable","18":"product-type-simple"},"acf":[],"_links":{"self":[{"href":"https:\/\/ztsports.com\/fr\/wp-json\/wp\/v2\/product\/23157","targetHints":{"allow":["GET"]}}],"collection":[{"href":"https:\/\/ztsports.com\/fr\/wp-json\/wp\/v2\/product"}],"about":[{"href":"https:\/\/ztsports.com\/fr\/wp-json\/wp\/v2\/types\/product"}],"replies":[{"embeddable":true,"href":"https:\/\/ztsports.com\/fr\/wp-json\/wp\/v2\/comments?post=23157"}],"version-history":[{"count":1,"href":"https:\/\/ztsports.com\/fr\/wp-json\/wp\/v2\/product\/23157\/revisions"}],"predecessor-version":[{"id":23158,"href":"https:\/\/ztsports.com\/fr\/wp-json\/wp\/v2\/product\/23157\/revisions\/23158"}],"wp:featuredmedia":[{"embeddable":true,"href":"https:\/\/ztsports.com\/fr\/wp-json\/wp\/v2\/media\/23152"}],"wp:attachment":[{"href":"https:\/\/ztsports.com\/fr\/wp-json\/wp\/v2\/media?parent=23157"}],"wp:term":[{"taxonomy":"product_brand","embeddable":true,"href":"https:\/\/ztsports.com\/fr\/wp-json\/wp\/v2\/product_brand?post=23157"},{"taxonomy":"product_cat","embeddable":true,"href":"https:\/\/ztsports.com\/fr\/wp-json\/wp\/v2\/product_cat?post=23157"},{"taxonomy":"product_tag","embeddable":true,"href":"https:\/\/ztsports.com\/fr\/wp-json\/wp\/v2\/product_tag?post=23157"}],"curies":[{"name":"wp","href":"https:\/\/api.w.org\/{rel}","templated":true}]}}