{"id":23145,"date":"2023-04-30T15:10:09","date_gmt":"2023-04-30T15:10:09","guid":{"rendered":"https:\/\/ztsports.com\/?post_type=product&#038;p=23145"},"modified":"2026-03-09T07:42:31","modified_gmt":"2026-03-09T07:42:31","slug":"skate-tec-pro-013-helmet-for-short-track","status":"publish","type":"product","link":"https:\/\/ztsports.com\/fr\/store\/skate-tec-pro-013-helmet-for-short-track\/","title":{"rendered":"SKATE-TEC PRO 013 HELMET for Short Track"},"content":{"rendered":"<p><strong><em>Le casque <strong>SKATE-TEC PRO 013<\/strong> pour le short track est le mod\u00e8le haut de gamme de la gamme Skate-tec. Il est fabriqu\u00e9 uniquement avec des mat\u00e9riaux premium, selon les proc\u00e9d\u00e9s de fabrication les plus rigoureux et b\u00e9n\u00e9ficie de designs avanc\u00e9s.<\/em><\/strong><\/p>\n<h3>SKATE-TEC PRO 013 HELMET<\/h3>\n<p><strong><em>L\u2019entreprise collabore avec des athl\u00e8tes et entra\u00eeneurs de haut niveau pour offrir les meilleurs produits de patinage.<\/em><\/strong><\/p>\n<ul>\n<li>Casque ST 013 Pro<\/li>\n<li>Construction l\u00e9g\u00e8re<\/li>\n<li>Casque r\u00e9glable<\/li>\n<li><strong><em>Le PRO 013 Skate-tec est con\u00e7u gr\u00e2ce \u00e0 des tests et innovations constants.<\/em><\/strong><\/li>\n<li><strong>Casque professionnel ajustable avec construction ultra-l\u00e9g\u00e8re<\/strong><\/li>\n<\/ul>\n<h4>Tailles et poids :<\/h4>\n<ul>\n<li>S\/M : 54-57 cm, 298 g<\/li>\n<li>L\/XL : 58-61 cm, 319 g<\/li>\n<\/ul>\n<p>Rapport de test SGS : GZHG1203005770HM<\/p>\n<p>Casque certifi\u00e9 ISU<\/p>\n<p><strong>Enfin, d\u00e9couvrez tous nos <a href=\"https:\/\/ztsports.com\/product-category\/inline\/helmets\/\">casques ici<\/a>.<\/strong><\/p>\n","protected":false},"excerpt":{"rendered":"<p>Le casque SKATE-TEC PRO 013 pour le short track est le mod\u00e8le haut de gamme de la gamme Skate-tec. Il est fabriqu\u00e9 uniquement avec des mat\u00e9riaux premium, selon les proc\u00e9d\u00e9s de fabrication les plus rigoureux et b\u00e9n\u00e9ficie de designs avanc\u00e9s. SKATE-TEC PRO 013 HELMET L\u2019entreprise collabore avec des athl\u00e8tes et entra\u00eeneurs de haut niveau pour [&hellip;]<\/p>\n","protected":false},"featured_media":23140,"comment_status":"open","ping_status":"closed","template":"","meta":{"_acf_changed":false,"_monsterinsights_skip_tracking":false,"_monsterinsights_sitenote_active":false,"_monsterinsights_sitenote_note":"","_monsterinsights_sitenote_category":0,"_uf_show_specific_survey":0,"_uf_disable_surveys":false,"site-sidebar-layout":"default","site-content-layout":"","ast-site-content-layout":"default","site-content-style":"default","site-sidebar-style":"default","ast-global-header-display":"","ast-banner-title-visibility":"","ast-main-header-display":"","ast-hfb-above-header-display":"","ast-hfb-below-header-display":"","ast-hfb-mobile-header-display":"","site-post-title":"","ast-breadcrumbs-content":"","ast-featured-img":"","footer-sml-layout":"","ast-disable-related-posts":"","theme-transparent-header-meta":"default","adv-header-id-meta":"","stick-header-meta":"","header-above-stick-meta":"","header-main-stick-meta":"","header-below-stick-meta":"","astra-migrate-meta-layouts":"set","ast-page-background-enabled":"default","ast-page-background-meta":{"desktop":{"background-color":"","background-image":"","background-repeat":"repeat","background-position":"center center","background-size":"auto","background-attachment":"scroll","background-type":"","background-media":"","overlay-type":"","overlay-color":"","overlay-opacity":"","overlay-gradient":""},"tablet":{"background-color":"","background-image":"","background-repeat":"repeat","background-position":"center center","background-size":"auto","background-attachment":"scroll","background-type":"","background-media":"","overlay-type":"","overlay-color":"","overlay-opacity":"","overlay-gradient":""},"mobile":{"background-color":"","background-image":"","background-repeat":"repeat","background-position":"center center","background-size":"auto","background-attachment":"scroll","background-type":"","background-media":"","overlay-type":"","overlay-color":"","overlay-opacity":"","overlay-gradient":""}},"ast-content-background-meta":{"desktop":{"background-color":"var(--ast-global-color-5)","background-image":"","background-repeat":"repeat","background-position":"center center","background-size":"auto","background-attachment":"scroll","background-type":"","background-media":"","overlay-type":"","overlay-color":"","overlay-opacity":"","overlay-gradient":""},"tablet":{"background-color":"var(--ast-global-color-5)","background-image":"","background-repeat":"repeat","background-position":"center center","background-size":"auto","background-attachment":"scroll","background-type":"","background-media":"","overlay-type":"","overlay-color":"","overlay-opacity":"","overlay-gradient":""},"mobile":{"background-color":"var(--ast-global-color-5)","background-image":"","background-repeat":"repeat","background-position":"center center","background-size":"auto","background-attachment":"scroll","background-type":"","background-media":"","overlay-type":"","overlay-color":"","overlay-opacity":"","overlay-gradient":""}}},"product_brand":[3338],"product_cat":[3378],"product_tag":[3796,4562],"class_list":{"0":"post-23145","1":"product","2":"type-product","3":"status-publish","4":"has-post-thumbnail","6":"product_brand-skate-tec","7":"product_cat-non-categorise","8":"product_tag-short-track","9":"product_tag-speed-skating","10":"desktop-align-left","11":"tablet-align-left","12":"mobile-align-left","14":"first","15":"instock","16":"sale","17":"taxable","18":"shipping-taxable","19":"purchasable","20":"product-type-simple"},"acf":[],"_links":{"self":[{"href":"https:\/\/ztsports.com\/fr\/wp-json\/wp\/v2\/product\/23145","targetHints":{"allow":["GET"]}}],"collection":[{"href":"https:\/\/ztsports.com\/fr\/wp-json\/wp\/v2\/product"}],"about":[{"href":"https:\/\/ztsports.com\/fr\/wp-json\/wp\/v2\/types\/product"}],"replies":[{"embeddable":true,"href":"https:\/\/ztsports.com\/fr\/wp-json\/wp\/v2\/comments?post=23145"}],"version-history":[{"count":1,"href":"https:\/\/ztsports.com\/fr\/wp-json\/wp\/v2\/product\/23145\/revisions"}],"predecessor-version":[{"id":23146,"href":"https:\/\/ztsports.com\/fr\/wp-json\/wp\/v2\/product\/23145\/revisions\/23146"}],"wp:featuredmedia":[{"embeddable":true,"href":"https:\/\/ztsports.com\/fr\/wp-json\/wp\/v2\/media\/23140"}],"wp:attachment":[{"href":"https:\/\/ztsports.com\/fr\/wp-json\/wp\/v2\/media?parent=23145"}],"wp:term":[{"taxonomy":"product_brand","embeddable":true,"href":"https:\/\/ztsports.com\/fr\/wp-json\/wp\/v2\/product_brand?post=23145"},{"taxonomy":"product_cat","embeddable":true,"href":"https:\/\/ztsports.com\/fr\/wp-json\/wp\/v2\/product_cat?post=23145"},{"taxonomy":"product_tag","embeddable":true,"href":"https:\/\/ztsports.com\/fr\/wp-json\/wp\/v2\/product_tag?post=23145"}],"curies":[{"name":"wp","href":"https:\/\/api.w.org\/{rel}","templated":true}]}}