{"id":23138,"date":"2023-04-30T15:52:10","date_gmt":"2023-04-30T15:52:10","guid":{"rendered":"https:\/\/ztsports.com\/?post_type=product&#038;p=23138"},"modified":"2026-03-12T12:11:12","modified_gmt":"2026-03-12T12:11:12","slug":"cadomotus-alpha-3-youth-st-helmet-new","status":"publish","type":"product","link":"https:\/\/ztsports.com\/fr\/store\/cadomotus-alpha-3-youth-st-helmet-new\/","title":{"rendered":"CADOMOTUS ALPHA 3 YOUTH ST HELMET NEW!"},"content":{"rendered":"<h1>CASQUE CADOMOTUS ALPHA YOUTH ST<\/h1>\n<p>Le <strong>Cadomotus Alpha YOUTH ST<\/strong> est le casque multi-sport que tous les enfants devraient porter. Certifi\u00e9 pour le patinage de vitesse, le short track et le cyclisme. L\u2019Alpha 3Y est le tout premier casque a\u00e9rodynamique pour enfants adapt\u00e9 au cyclisme !<\/p>\n<h2>Protection Ultime<\/h2>\n<p>Le Cadomotus Alpha-Y offre une protection compl\u00e8te de la t\u00eate jusqu\u2019\u00e0 la base du cr\u00e2ne. Il est s\u00fbr, efficace et con\u00e7u pour la forme et la taille d\u2019une t\u00eate d\u2019enfant. Vos enfants ont besoin de casques de s\u00e9curit\u00e9 pour pratiquement tous les sports. Ce casque offre une protection optimale tout en restant styl\u00e9 !<\/p>\n<div id=\"product-content\" class=\"product-content general-content content-col mobile-popup\" data-popup=\"product-content\">\n<div class=\"popup-inner\">\n<p><strong>Casque de patinage de vitesse long track pour enfants.<\/strong><\/p>\n<p>De plus, le casque Cadomotus Alpha-3Y Aero est le premier casque long track pour enfants au monde. Les casques sont l\u2019\u00e9quipement de protection le plus important pour tout patineur de vitesse, les aidant \u00e0 \u00e9viter les blessures graves.<\/p>\n<h3>\u00c0 noter :<\/h3>\n<p>C\u2019est un \u00e9quipement \u00e0 usage unique\u202f: en cas de choc, le casque doit \u00eatre remplac\u00e9 pour assurer la s\u00e9curit\u00e9 de votre enfant.<\/p>\n<h3>Couleurs et tailles disponibles :<\/h3>\n<p>Tailles : <strong>XS (50-53\u202fcm)<\/strong><\/p>\n<p>Couleurs en stock : <strong>Rocket Blue, Rosy Pink, Racing Red et le nouveau Ravin Purple<\/strong><\/p>\n<p>Le casque Cadomotus Alpha-3Y aide les enfants \u00e0 profiter pleinement de leur sport, rester prot\u00e9g\u00e9s, styl\u00e9s et confortables. Et lorsqu\u2019il est temps de le remplacer apr\u00e8s un choc, il reste abordable.<\/p>\n<h3>Conformit\u00e9 multi-sport :<\/h3>\n<ul>\n<li>Approuv\u00e9 selon les normes ASTM F-1849-07<\/li>\n<li>Conforme aux r\u00e8gles ISU pour les casques short track<\/li>\n<li>EN 1078 approuv\u00e9 pour cyclisme et patinage<\/li>\n<\/ul>\n<p>Un casque que vous n\u2019aurez jamais besoin de rappeler \u00e0 vos enfants de porter. Confortable, styl\u00e9 et pratique, il fera l\u2019envie de tous les enfants sur la piste !<\/p>\n<p><strong>Vid\u00e9o de test :<\/strong> <a href=\"https:\/\/www.youtube.com\/watch?v=7XZzirH3PzI\" target=\"_blank\" rel=\"noopener\">Test du casque par Cadomotus<\/a><\/p>\n<\/div>\n<\/div>\n<div class=\"content-col specs mobile-popup\" data-popup=\"product-specs\">\n<div class=\"popup-inner\">\n<div class=\"spec-table\">\n<p><strong>Enfin, d\u00e9couvrez notre s\u00e9lection de <a href=\"https:\/\/ztsports.com\/product-category\/inline\/helmets\/\">casques Short Track<\/a> ici.<\/strong><\/p>\n<\/div>\n<\/div>\n<\/div>\n","protected":false},"excerpt":{"rendered":"<p>CASQUE CADOMOTUS ALPHA YOUTH ST Le Cadomotus Alpha YOUTH ST est le casque multi-sport que tous les enfants devraient porter. Certifi\u00e9 pour le patinage de vitesse, le short track et le cyclisme. L\u2019Alpha 3Y est le tout premier casque a\u00e9rodynamique pour enfants adapt\u00e9 au cyclisme ! Protection Ultime Le Cadomotus Alpha-Y offre une protection compl\u00e8te [&hellip;]<\/p>\n","protected":false},"featured_media":23131,"comment_status":"open","ping_status":"closed","template":"","meta":{"_acf_changed":false,"_monsterinsights_skip_tracking":false,"_monsterinsights_sitenote_active":false,"_monsterinsights_sitenote_note":"","_monsterinsights_sitenote_category":0,"_uf_show_specific_survey":0,"_uf_disable_surveys":false,"site-sidebar-layout":"default","site-content-layout":"","ast-site-content-layout":"default","site-content-style":"default","site-sidebar-style":"default","ast-global-header-display":"","ast-banner-title-visibility":"","ast-main-header-display":"","ast-hfb-above-header-display":"","ast-hfb-below-header-display":"","ast-hfb-mobile-header-display":"","site-post-title":"","ast-breadcrumbs-content":"","ast-featured-img":"","footer-sml-layout":"","ast-disable-related-posts":"","theme-transparent-header-meta":"default","adv-header-id-meta":"","stick-header-meta":"","header-above-stick-meta":"","header-main-stick-meta":"","header-below-stick-meta":"","astra-migrate-meta-layouts":"set","ast-page-background-enabled":"default","ast-page-background-meta":{"desktop":{"background-color":"","background-image":"","background-repeat":"repeat","background-position":"center center","background-size":"auto","background-attachment":"scroll","background-type":"","background-media":"","overlay-type":"","overlay-color":"","overlay-opacity":"","overlay-gradient":""},"tablet":{"background-color":"","background-image":"","background-repeat":"repeat","background-position":"center center","background-size":"auto","background-attachment":"scroll","background-type":"","background-media":"","overlay-type":"","overlay-color":"","overlay-opacity":"","overlay-gradient":""},"mobile":{"background-color":"","background-image":"","background-repeat":"repeat","background-position":"center center","background-size":"auto","background-attachment":"scroll","background-type":"","background-media":"","overlay-type":"","overlay-color":"","overlay-opacity":"","overlay-gradient":""}},"ast-content-background-meta":{"desktop":{"background-color":"var(--ast-global-color-5)","background-image":"","background-repeat":"repeat","background-position":"center center","background-size":"auto","background-attachment":"scroll","background-type":"","background-media":"","overlay-type":"","overlay-color":"","overlay-opacity":"","overlay-gradient":""},"tablet":{"background-color":"var(--ast-global-color-5)","background-image":"","background-repeat":"repeat","background-position":"center center","background-size":"auto","background-attachment":"scroll","background-type":"","background-media":"","overlay-type":"","overlay-color":"","overlay-opacity":"","overlay-gradient":""},"mobile":{"background-color":"var(--ast-global-color-5)","background-image":"","background-repeat":"repeat","background-position":"center center","background-size":"auto","background-attachment":"scroll","background-type":"","background-media":"","overlay-type":"","overlay-color":"","overlay-opacity":"","overlay-gradient":""}}},"product_brand":[3289],"product_cat":[4565,3381],"product_tag":[4562],"class_list":{"0":"post-23138","1":"product","2":"type-product","3":"status-publish","4":"has-post-thumbnail","6":"product_brand-cadomotus","7":"product_cat-accessoires","8":"product_cat-patinage-de-vitesse-en-ligne","9":"product_tag-speed-skating","10":"desktop-align-left","11":"tablet-align-left","12":"mobile-align-left","14":"first","15":"instock","16":"featured","17":"taxable","18":"shipping-taxable","19":"purchasable","20":"product-type-simple"},"acf":[],"_links":{"self":[{"href":"https:\/\/ztsports.com\/fr\/wp-json\/wp\/v2\/product\/23138","targetHints":{"allow":["GET"]}}],"collection":[{"href":"https:\/\/ztsports.com\/fr\/wp-json\/wp\/v2\/product"}],"about":[{"href":"https:\/\/ztsports.com\/fr\/wp-json\/wp\/v2\/types\/product"}],"replies":[{"embeddable":true,"href":"https:\/\/ztsports.com\/fr\/wp-json\/wp\/v2\/comments?post=23138"}],"version-history":[{"count":2,"href":"https:\/\/ztsports.com\/fr\/wp-json\/wp\/v2\/product\/23138\/revisions"}],"predecessor-version":[{"id":24572,"href":"https:\/\/ztsports.com\/fr\/wp-json\/wp\/v2\/product\/23138\/revisions\/24572"}],"wp:featuredmedia":[{"embeddable":true,"href":"https:\/\/ztsports.com\/fr\/wp-json\/wp\/v2\/media\/23131"}],"wp:attachment":[{"href":"https:\/\/ztsports.com\/fr\/wp-json\/wp\/v2\/media?parent=23138"}],"wp:term":[{"taxonomy":"product_brand","embeddable":true,"href":"https:\/\/ztsports.com\/fr\/wp-json\/wp\/v2\/product_brand?post=23138"},{"taxonomy":"product_cat","embeddable":true,"href":"https:\/\/ztsports.com\/fr\/wp-json\/wp\/v2\/product_cat?post=23138"},{"taxonomy":"product_tag","embeddable":true,"href":"https:\/\/ztsports.com\/fr\/wp-json\/wp\/v2\/product_tag?post=23138"}],"curies":[{"name":"wp","href":"https:\/\/api.w.org\/{rel}","templated":true}]}}