{"id":23129,"date":"2023-04-30T17:26:39","date_gmt":"2023-04-30T17:26:39","guid":{"rendered":"https:\/\/ztsports.com\/?post_type=product&#038;p=23129"},"modified":"2026-03-09T07:39:53","modified_gmt":"2026-03-09T07:39:53","slug":"norton-im2-sharpening-stone-for-speed-skates","status":"publish","type":"product","link":"https:\/\/ztsports.com\/fr\/store\/norton-im2-sharpening-stone-for-speed-skates\/","title":{"rendered":"NORTON IM2 SHARPENING STONE for Speed Skates"},"content":{"rendered":"<h1 class=\"product_title entry-title wd-entities-title\">NORTON IM2 PIERRE \u00c0 AIGUISER &#8211; India<\/h1>\n<p>Norton IM2 est une pierre \u00e0 combinaison pour \u00e9tabli\u202f:<\/p>\n<p>Ces pierres \u00e0 double face disposent d\u2019un c\u00f4t\u00e9 Coarse India pour \u00e9tablir le tranchant et d\u2019un c\u00f4t\u00e9 Fine India pour affiner le tranchant.<\/p>\n<p>Les pierres ont une \u00e9paisseur compl\u00e8te de 1&#8243; (2,54\u202fcm). Grande pierre d\u2019\u00e9tabli \u2013 11\u00bd\u201d x 2\u00bd\u201d x 1\u2033\u202f; pierre coarse\/fine\u202f; id\u00e9ale pour la finition. Une pierre incontournable pour les patineurs, que ce soit pour le short track ou le long track.<\/p>\n<p>La combinaison coarse et fine India, constitu\u00e9e de surfaces abrasives en oxyde d\u2019aluminium, produit des bords incroyablement tranchants, solides et durables sur des lames de patins de vitesse de qualit\u00e9 et outils. Couleur orange\/brun.<\/p>\n<ul>\n<li><strong>Coarse India \u2013 150 grit \u2013 93 microns<\/strong><\/li>\n<li><strong>Fine India \u2013 280 grit \u2013 43 microns<\/strong><\/li>\n<\/ul>\n<p>Cette pierre doit \u00eatre <a href=\"https:\/\/ztsports.com\/product\/norton-sharpening-stone-oil-xb1\/\">utilis\u00e9e avec de l\u2019huile<\/a>.<\/p>\n<p>Enfin, vous pouvez trouver toutes nos <a href=\"https:\/\/ztsports.com\/product-category\/sharpening\/stones\/\"><strong>pierres \u00e0 aiguiser ici<\/strong><\/a>.<\/p>\n<div class=\"article--container\">\n<div class=\"article--inner\">\n<h1 class=\"article--title\">Quels sont les grains des pierres Norton Fine, Medium et Coarse ?<\/h1>\n<\/div>\n<\/div>\n<div class=\"article--container\">\n<div class=\"article--inner\">\n<div class=\"article--content rte\">\n<h2>Quels sont les grains des pierres Norton Fine, Medium et Coarse ?<\/h2>\n<p><a href=\"https:\/\/www.sharpeningsupplies.com\/collections\/oil-stones\" target=\"_blank\" rel=\"noopener\"><img decoding=\"async\" src=\"https:\/\/cdn.shopify.com\/s\/files\/1\/0769\/9287\/2750\/files\/india_bench-z.jpg?v=9353003892\" alt=\"Pierre India\" align=\"right\" border=\"0\" \/><\/a><\/p>\n<p>Norton fabrique plusieurs pierres avec des grains Fine, Medium et Coarse, mais ces grains ne sont pas toujours indiqu\u00e9s en termes de grit exact.<\/p>\n<p>Selon notre exp\u00e9rience et la documentation, nous avons d\u00e9termin\u00e9 les grits. Norton produit des grits diff\u00e9rents pour ses pierres India (oxyde d\u2019aluminium) et ses pierres Crystolon (carbure de silicium).<\/p>\n<p>Bien qu\u2019il n\u2019existe pas de standard unique pour les grits, nous utilisons g\u00e9n\u00e9ralement le standard associ\u00e9 aux waterstones (JIS).<\/p>\n<h3>Pourquoi proc\u00e9dons-nous ainsi ?<\/h3>\n<p>Pour plusieurs raisons :<\/p>\n<ul>\n<li>Pour les grains bas, cela suit assez fid\u00e8lement le standard USA (CAMI) pour abrasifs enduits et le standard europ\u00e9en (FEPA).<\/li>\n<li>Le standard waterstone a une large gamme, du tr\u00e8s gros grain au tr\u00e8s fin, contrairement \u00e0 CAMI et FEPA.<\/li>\n<li>Le mesure en microns permet une comparaison pr\u00e9cise de la taille des particules.<\/li>\n<\/ul>\n<p>Par exemple, une particule de 45 microns correspond \u00e0 environ 325 grit, ce qui donne un meilleur rep\u00e8re visuel.<\/p>\n<h3>Tableau des grits Norton India et Norton Crystolon<\/h3>\n<table class=\"table\">\n<thead>\n<tr>\n<th>Type de pierre<\/th>\n<th>Grain Coarse<\/th>\n<th>Grain Medium<\/th>\n<th>Grain Fine<\/th>\n<\/tr>\n<\/thead>\n<tbody>\n<tr>\n<td><a href=\"https:\/\/ztsports.com\/product\/norton-im2-sharpening-stone-for-speed-skates\/\"><strong>Pierre Norton India<\/strong><\/a><\/td>\n<td><strong>150<\/strong><\/td>\n<td><strong>240<\/strong><\/td>\n<td><strong>400<\/strong><\/td>\n<\/tr>\n<tr>\n<td><a href=\"https:\/\/ztsports.com\/product\/norton-ic11-crystolon-sharpening-stone\/\"><strong>Pierre Norton Crystolon<\/strong><\/a><\/td>\n<td><strong>120<\/strong><\/td>\n<td><strong>180<\/strong><\/td>\n<td><strong>320<\/strong><\/td>\n<\/tr>\n<\/tbody>\n<\/table>\n","protected":false},"excerpt":{"rendered":"<p>NORTON IM2 PIERRE \u00c0 AIGUISER &#8211; India Norton IM2 est une pierre \u00e0 combinaison pour \u00e9tabli\u202f: Ces pierres \u00e0 double face disposent d\u2019un c\u00f4t\u00e9 Coarse India pour \u00e9tablir le tranchant et d\u2019un c\u00f4t\u00e9 Fine India pour affiner le tranchant. Les pierres ont une \u00e9paisseur compl\u00e8te de 1&#8243; (2,54\u202fcm). Grande pierre d\u2019\u00e9tabli \u2013 11\u00bd\u201d x 2\u00bd\u201d [&hellip;]<\/p>\n","protected":false},"featured_media":23126,"comment_status":"open","ping_status":"closed","template":"","meta":{"_acf_changed":false,"_monsterinsights_skip_tracking":false,"_monsterinsights_sitenote_active":false,"_monsterinsights_sitenote_note":"","_monsterinsights_sitenote_category":0,"_uf_show_specific_survey":0,"_uf_disable_surveys":false,"site-sidebar-layout":"default","site-content-layout":"","ast-site-content-layout":"default","site-content-style":"default","site-sidebar-style":"default","ast-global-header-display":"","ast-banner-title-visibility":"","ast-main-header-display":"","ast-hfb-above-header-display":"","ast-hfb-below-header-display":"","ast-hfb-mobile-header-display":"","site-post-title":"","ast-breadcrumbs-content":"","ast-featured-img":"","footer-sml-layout":"","ast-disable-related-posts":"","theme-transparent-header-meta":"default","adv-header-id-meta":"","stick-header-meta":"","header-above-stick-meta":"","header-main-stick-meta":"","header-below-stick-meta":"","astra-migrate-meta-layouts":"set","ast-page-background-enabled":"default","ast-page-background-meta":{"desktop":{"background-color":"","background-image":"","background-repeat":"repeat","background-position":"center center","background-size":"auto","background-attachment":"scroll","background-type":"","background-media":"","overlay-type":"","overlay-color":"","overlay-opacity":"","overlay-gradient":""},"tablet":{"background-color":"","background-image":"","background-repeat":"repeat","background-position":"center center","background-size":"auto","background-attachment":"scroll","background-type":"","background-media":"","overlay-type":"","overlay-color":"","overlay-opacity":"","overlay-gradient":""},"mobile":{"background-color":"","background-image":"","background-repeat":"repeat","background-position":"center center","background-size":"auto","background-attachment":"scroll","background-type":"","background-media":"","overlay-type":"","overlay-color":"","overlay-opacity":"","overlay-gradient":""}},"ast-content-background-meta":{"desktop":{"background-color":"var(--ast-global-color-5)","background-image":"","background-repeat":"repeat","background-position":"center center","background-size":"auto","background-attachment":"scroll","background-type":"","background-media":"","overlay-type":"","overlay-color":"","overlay-opacity":"","overlay-gradient":""},"tablet":{"background-color":"var(--ast-global-color-5)","background-image":"","background-repeat":"repeat","background-position":"center center","background-size":"auto","background-attachment":"scroll","background-type":"","background-media":"","overlay-type":"","overlay-color":"","overlay-opacity":"","overlay-gradient":""},"mobile":{"background-color":"var(--ast-global-color-5)","background-image":"","background-repeat":"repeat","background-position":"center center","background-size":"auto","background-attachment":"scroll","background-type":"","background-media":"","overlay-type":"","overlay-color":"","overlay-opacity":"","overlay-gradient":""}}},"product_brand":[3328],"product_cat":[3378],"product_tag":[],"class_list":{"0":"post-23129","1":"product","2":"type-product","3":"status-publish","4":"has-post-thumbnail","6":"product_brand-norton","7":"product_cat-non-categorise","8":"desktop-align-left","9":"tablet-align-left","10":"mobile-align-left","12":"first","13":"instock","14":"sale","15":"taxable","16":"shipping-taxable","17":"purchasable","18":"product-type-simple"},"acf":[],"_links":{"self":[{"href":"https:\/\/ztsports.com\/fr\/wp-json\/wp\/v2\/product\/23129","targetHints":{"allow":["GET"]}}],"collection":[{"href":"https:\/\/ztsports.com\/fr\/wp-json\/wp\/v2\/product"}],"about":[{"href":"https:\/\/ztsports.com\/fr\/wp-json\/wp\/v2\/types\/product"}],"replies":[{"embeddable":true,"href":"https:\/\/ztsports.com\/fr\/wp-json\/wp\/v2\/comments?post=23129"}],"version-history":[{"count":1,"href":"https:\/\/ztsports.com\/fr\/wp-json\/wp\/v2\/product\/23129\/revisions"}],"predecessor-version":[{"id":23130,"href":"https:\/\/ztsports.com\/fr\/wp-json\/wp\/v2\/product\/23129\/revisions\/23130"}],"wp:featuredmedia":[{"embeddable":true,"href":"https:\/\/ztsports.com\/fr\/wp-json\/wp\/v2\/media\/23126"}],"wp:attachment":[{"href":"https:\/\/ztsports.com\/fr\/wp-json\/wp\/v2\/media?parent=23129"}],"wp:term":[{"taxonomy":"product_brand","embeddable":true,"href":"https:\/\/ztsports.com\/fr\/wp-json\/wp\/v2\/product_brand?post=23129"},{"taxonomy":"product_cat","embeddable":true,"href":"https:\/\/ztsports.com\/fr\/wp-json\/wp\/v2\/product_cat?post=23129"},{"taxonomy":"product_tag","embeddable":true,"href":"https:\/\/ztsports.com\/fr\/wp-json\/wp\/v2\/product_tag?post=23129"}],"curies":[{"name":"wp","href":"https:\/\/api.w.org\/{rel}","templated":true}]}}