{"id":23123,"date":"2023-05-01T19:28:53","date_gmt":"2023-05-01T19:28:53","guid":{"rendered":"https:\/\/ztsports.com\/?post_type=product&#038;p=23123"},"modified":"2026-03-09T07:38:24","modified_gmt":"2026-03-09T07:38:24","slug":"norton-as-22-hard-askanas-polishing-stone","status":"publish","type":"product","link":"https:\/\/ztsports.com\/fr\/store\/norton-as-22-hard-askanas-polishing-stone\/","title":{"rendered":"NORTON AS-22 HARD ASKANAS POLISHING STONE"},"content":{"rendered":"<h2 class=\"product_title entry-title show-product-nav\">NORTON AS-22 PIERRE DE POLISSAGE HARD ASKANAS<\/h2>\n<p class=\"product_title entry-title show-product-nav\"><em>La pierre de polissage NORTON AS-22 Hard ASKANAS produit l\u2019un des bords les plus tranchants pour les lames de patins de vitesse. Convient \u00e9galement aux lames de laboratoire, instruments chirurgicaux et couteaux de poche.<\/em><\/p>\n<p class=\"product_title entry-title show-product-nav\">Ces pierres Hard Arkansas sont fabriqu\u00e9es en novaculite, tr\u00e8s denses et \u00e0 grain fin, id\u00e9ales pour obtenir des bords extr\u00eamement tranchants et des finitions pr\u00e9cises et polies.<\/p>\n<p class=\"product_title entry-title show-product-nav\">La pierre peut \u00eatre utilis\u00e9e \u00e0 sec, mais l\u2019utilisation d\u2019huile augmente l\u2019action de polissage et r\u00e9duit l\u2019encrassement de la surface.<\/p>\n<div class=\"title-block\">CARACT\u00c9RISTIQUES &amp; AVANTAGES<\/div>\n<div>D\u00e9couvrez les pierres Arkansas Novaculite pour obtenir des bords ultra-tranchants et parfaitement polis. Extraites et fa\u00e7onn\u00e9es avec expertise pour un poli quasi-miroir.<\/div>\n<div>Pour un tranchant optimal, utilisez les pierres Hard Arkansas\u202f! Nos pierres naturelles sont incroyablement denses et \u00e0 grain fin pour un aiguisage optimal. Procurez-vous la v\u00f4tre d\u00e8s aujourd\u2019hui\u202f!<\/div>\n<div>D\u00e9couvrez le secret pour des lames plus tranchantes avec moins d\u2019encrassement\u202f!<\/div>\n<div>Enfin, utilisez de l\u2019huile pour am\u00e9liorer l\u2019action de polissage et minimiser l\u2019encrassement.<\/div>\n<p>Pierre Hard Arkansas translucide<\/p>\n<p>Ultrafine<\/p>\n<p>Dimensions : 2,25\u2033 x 7\/8\u2033 x 3\/16\u2033<\/p>\n<pre id=\"tw-target-text\" class=\"tw-data-text tw-text-large tw-ta\" dir=\"ltr\" data-placeholder=\"Translation\">Enfin, vous pouvez trouver plus de <a href=\"https:\/\/ztsports.com\/product-category\/sharpening\/burr-stones\/\"><strong>pierres de polissage c\u00e9ramiques et Burr ici<\/strong><\/a><\/pre>\n","protected":false},"excerpt":{"rendered":"<p>NORTON AS-22 PIERRE DE POLISSAGE HARD ASKANAS La pierre de polissage NORTON AS-22 Hard ASKANAS produit l\u2019un des bords les plus tranchants pour les lames de patins de vitesse. Convient \u00e9galement aux lames de laboratoire, instruments chirurgicaux et couteaux de poche. Ces pierres Hard Arkansas sont fabriqu\u00e9es en novaculite, tr\u00e8s denses et \u00e0 grain fin, [&hellip;]<\/p>\n","protected":false},"featured_media":23120,"comment_status":"open","ping_status":"closed","template":"","meta":{"_acf_changed":false,"_monsterinsights_skip_tracking":false,"_monsterinsights_sitenote_active":false,"_monsterinsights_sitenote_note":"","_monsterinsights_sitenote_category":0,"_uf_show_specific_survey":0,"_uf_disable_surveys":false,"site-sidebar-layout":"default","site-content-layout":"","ast-site-content-layout":"default","site-content-style":"default","site-sidebar-style":"default","ast-global-header-display":"","ast-banner-title-visibility":"","ast-main-header-display":"","ast-hfb-above-header-display":"","ast-hfb-below-header-display":"","ast-hfb-mobile-header-display":"","site-post-title":"","ast-breadcrumbs-content":"","ast-featured-img":"","footer-sml-layout":"","ast-disable-related-posts":"","theme-transparent-header-meta":"default","adv-header-id-meta":"","stick-header-meta":"","header-above-stick-meta":"","header-main-stick-meta":"","header-below-stick-meta":"","astra-migrate-meta-layouts":"set","ast-page-background-enabled":"default","ast-page-background-meta":{"desktop":{"background-color":"","background-image":"","background-repeat":"repeat","background-position":"center center","background-size":"auto","background-attachment":"scroll","background-type":"","background-media":"","overlay-type":"","overlay-color":"","overlay-opacity":"","overlay-gradient":""},"tablet":{"background-color":"","background-image":"","background-repeat":"repeat","background-position":"center center","background-size":"auto","background-attachment":"scroll","background-type":"","background-media":"","overlay-type":"","overlay-color":"","overlay-opacity":"","overlay-gradient":""},"mobile":{"background-color":"","background-image":"","background-repeat":"repeat","background-position":"center center","background-size":"auto","background-attachment":"scroll","background-type":"","background-media":"","overlay-type":"","overlay-color":"","overlay-opacity":"","overlay-gradient":""}},"ast-content-background-meta":{"desktop":{"background-color":"var(--ast-global-color-5)","background-image":"","background-repeat":"repeat","background-position":"center center","background-size":"auto","background-attachment":"scroll","background-type":"","background-media":"","overlay-type":"","overlay-color":"","overlay-opacity":"","overlay-gradient":""},"tablet":{"background-color":"var(--ast-global-color-5)","background-image":"","background-repeat":"repeat","background-position":"center center","background-size":"auto","background-attachment":"scroll","background-type":"","background-media":"","overlay-type":"","overlay-color":"","overlay-opacity":"","overlay-gradient":""},"mobile":{"background-color":"var(--ast-global-color-5)","background-image":"","background-repeat":"repeat","background-position":"center center","background-size":"auto","background-attachment":"scroll","background-type":"","background-media":"","overlay-type":"","overlay-color":"","overlay-opacity":"","overlay-gradient":""}}},"product_brand":[3328],"product_cat":[3378],"product_tag":[],"class_list":{"0":"post-23123","1":"product","2":"type-product","3":"status-publish","4":"has-post-thumbnail","6":"product_brand-norton","7":"product_cat-non-categorise","8":"desktop-align-left","9":"tablet-align-left","10":"mobile-align-left","12":"first","13":"instock","14":"sale","15":"taxable","16":"shipping-taxable","17":"purchasable","18":"product-type-simple"},"acf":[],"_links":{"self":[{"href":"https:\/\/ztsports.com\/fr\/wp-json\/wp\/v2\/product\/23123","targetHints":{"allow":["GET"]}}],"collection":[{"href":"https:\/\/ztsports.com\/fr\/wp-json\/wp\/v2\/product"}],"about":[{"href":"https:\/\/ztsports.com\/fr\/wp-json\/wp\/v2\/types\/product"}],"replies":[{"embeddable":true,"href":"https:\/\/ztsports.com\/fr\/wp-json\/wp\/v2\/comments?post=23123"}],"version-history":[{"count":2,"href":"https:\/\/ztsports.com\/fr\/wp-json\/wp\/v2\/product\/23123\/revisions"}],"predecessor-version":[{"id":23125,"href":"https:\/\/ztsports.com\/fr\/wp-json\/wp\/v2\/product\/23123\/revisions\/23125"}],"wp:featuredmedia":[{"embeddable":true,"href":"https:\/\/ztsports.com\/fr\/wp-json\/wp\/v2\/media\/23120"}],"wp:attachment":[{"href":"https:\/\/ztsports.com\/fr\/wp-json\/wp\/v2\/media?parent=23123"}],"wp:term":[{"taxonomy":"product_brand","embeddable":true,"href":"https:\/\/ztsports.com\/fr\/wp-json\/wp\/v2\/product_brand?post=23123"},{"taxonomy":"product_cat","embeddable":true,"href":"https:\/\/ztsports.com\/fr\/wp-json\/wp\/v2\/product_cat?post=23123"},{"taxonomy":"product_tag","embeddable":true,"href":"https:\/\/ztsports.com\/fr\/wp-json\/wp\/v2\/product_tag?post=23123"}],"curies":[{"name":"wp","href":"https:\/\/api.w.org\/{rel}","templated":true}]}}