{"id":23118,"date":"2023-05-02T18:53:38","date_gmt":"2023-05-02T18:53:38","guid":{"rendered":"https:\/\/ztsports.com\/?post_type=product&#038;p=23118"},"modified":"2026-03-09T07:35:45","modified_gmt":"2026-03-09T07:35:45","slug":"dmt-duosharp-diamond-stone-10-w250-2-sided","status":"publish","type":"product","link":"https:\/\/ztsports.com\/fr\/store\/dmt-duosharp-diamond-stone-10-w250-2-sided\/","title":{"rendered":"DMT DuoSharp DIAMOND STONE 10&#8243; W250 2 sided"},"content":{"rendered":"<h1>DMT DuoSharp PIERRE DIAMANT\u00c9E<\/h1>\n<p>La pierre diamant\u00e9e DMT DuoSharp fixe la norme \u00e0 laquelle toutes les autres pierres diamant\u00e9es aspirent.<\/p>\n<p>La pierre de choix pour un aiguisage de niveau mondial. Double face, 10 pouces.<\/p>\n<p>Diamant v\u00e9ritable, le mat\u00e9riau le plus dur connu. R\u00e9duit consid\u00e9rablement le temps d\u2019aiguisage, 20 secondes au lieu de 10 minutes !<\/p>\n<p>Le plus important : n\u2019utiliser que de l\u2019eau. La pierre reste parfaitement plate, ne se creuse jamais et dure des ann\u00e9es.<\/p>\n<p>De plus, seule une l\u00e9g\u00e8re pression permet d\u2019obtenir un tranchant parfait avec quelques passages.<\/p>\n<p>La DuoSharp\u00ae 10 pouces est la <strong>pierre \u00e0 aiguiser diamant\u00e9e ultime<\/strong>. Tous les avantages du mod\u00e8le 8 pouces, mais avec <strong>87 % de surface de diamant interrompue en motif polka-dot<\/strong> en plus. Chaque pierre double face contient <strong>plus de 4 carats<\/strong> de diamant micronis\u00e9 monocrystallin.<\/p>\n<ul>\n<li>Noir \u2013 Extra Grossier 220 grit, 60 micron<\/li>\n<li>Bleu \u2013 Moyen 325 grit, 45 micron<\/li>\n<li>Rouge \u2013 Fin 600 grit, 25 micron<\/li>\n<li>Vert \u2013 Extra Fin 1200 grit, 9 micron<\/li>\n<\/ul>\n<p>Combinaisons disponibles :<\/p>\n<ul>\n<li>Noir \/ Bleu \u2013 W250CXNB<\/li>\n<li>Bleu \/ Rouge \u2013 W250FCNB<\/li>\n<li>Rouge \/ Vert \u2013 W250ENFB<\/li>\n<\/ul>\n<p>Tout ce que vous devez savoir sur les <a href=\"https:\/\/www.youtube.com\/watch?v=1EmVBZ-5PZg&amp;t=165s\" target=\"_blank\" rel=\"noopener\"><strong>aiguiseurs DMT fabriqu\u00e9s aux USA<\/strong><\/a>.<\/p>\n<p>Enfin, vous pouvez trouver toutes nos <a href=\"\/?product_cat=diamond-stones-2\"><strong>pierres \u00e0 aiguiser et pierres \u00e0 \u00e9bavurer diamant\u00e9es<\/strong><\/a> ici.<\/p>\n","protected":false},"excerpt":{"rendered":"<p>DMT DuoSharp PIERRE DIAMANT\u00c9E La pierre diamant\u00e9e DMT DuoSharp fixe la norme \u00e0 laquelle toutes les autres pierres diamant\u00e9es aspirent. La pierre de choix pour un aiguisage de niveau mondial. Double face, 10 pouces. Diamant v\u00e9ritable, le mat\u00e9riau le plus dur connu. R\u00e9duit consid\u00e9rablement le temps d\u2019aiguisage, 20 secondes au lieu de 10 minutes ! [&hellip;]<\/p>\n","protected":false},"featured_media":23113,"comment_status":"open","ping_status":"closed","template":"","meta":{"_acf_changed":false,"_monsterinsights_skip_tracking":false,"_monsterinsights_sitenote_active":false,"_monsterinsights_sitenote_note":"","_monsterinsights_sitenote_category":0,"_uf_show_specific_survey":0,"_uf_disable_surveys":false,"site-sidebar-layout":"default","site-content-layout":"","ast-site-content-layout":"default","site-content-style":"default","site-sidebar-style":"default","ast-global-header-display":"","ast-banner-title-visibility":"","ast-main-header-display":"","ast-hfb-above-header-display":"","ast-hfb-below-header-display":"","ast-hfb-mobile-header-display":"","site-post-title":"","ast-breadcrumbs-content":"","ast-featured-img":"","footer-sml-layout":"","ast-disable-related-posts":"","theme-transparent-header-meta":"default","adv-header-id-meta":"","stick-header-meta":"","header-above-stick-meta":"","header-main-stick-meta":"","header-below-stick-meta":"","astra-migrate-meta-layouts":"set","ast-page-background-enabled":"default","ast-page-background-meta":{"desktop":{"background-color":"","background-image":"","background-repeat":"repeat","background-position":"center center","background-size":"auto","background-attachment":"scroll","background-type":"","background-media":"","overlay-type":"","overlay-color":"","overlay-opacity":"","overlay-gradient":""},"tablet":{"background-color":"","background-image":"","background-repeat":"repeat","background-position":"center center","background-size":"auto","background-attachment":"scroll","background-type":"","background-media":"","overlay-type":"","overlay-color":"","overlay-opacity":"","overlay-gradient":""},"mobile":{"background-color":"","background-image":"","background-repeat":"repeat","background-position":"center center","background-size":"auto","background-attachment":"scroll","background-type":"","background-media":"","overlay-type":"","overlay-color":"","overlay-opacity":"","overlay-gradient":""}},"ast-content-background-meta":{"desktop":{"background-color":"var(--ast-global-color-5)","background-image":"","background-repeat":"repeat","background-position":"center center","background-size":"auto","background-attachment":"scroll","background-type":"","background-media":"","overlay-type":"","overlay-color":"","overlay-opacity":"","overlay-gradient":""},"tablet":{"background-color":"var(--ast-global-color-5)","background-image":"","background-repeat":"repeat","background-position":"center center","background-size":"auto","background-attachment":"scroll","background-type":"","background-media":"","overlay-type":"","overlay-color":"","overlay-opacity":"","overlay-gradient":""},"mobile":{"background-color":"var(--ast-global-color-5)","background-image":"","background-repeat":"repeat","background-position":"center center","background-size":"auto","background-attachment":"scroll","background-type":"","background-media":"","overlay-type":"","overlay-color":"","overlay-opacity":"","overlay-gradient":""}}},"product_brand":[3295],"product_cat":[3378],"product_tag":[],"class_list":{"0":"post-23118","1":"product","2":"type-product","3":"status-publish","4":"has-post-thumbnail","6":"product_brand-dmt","7":"product_cat-non-categorise","8":"desktop-align-left","9":"tablet-align-left","10":"mobile-align-left","12":"first","13":"instock","14":"sale","15":"taxable","16":"shipping-taxable","17":"purchasable","18":"product-type-simple"},"acf":[],"_links":{"self":[{"href":"https:\/\/ztsports.com\/fr\/wp-json\/wp\/v2\/product\/23118","targetHints":{"allow":["GET"]}}],"collection":[{"href":"https:\/\/ztsports.com\/fr\/wp-json\/wp\/v2\/product"}],"about":[{"href":"https:\/\/ztsports.com\/fr\/wp-json\/wp\/v2\/types\/product"}],"replies":[{"embeddable":true,"href":"https:\/\/ztsports.com\/fr\/wp-json\/wp\/v2\/comments?post=23118"}],"version-history":[{"count":1,"href":"https:\/\/ztsports.com\/fr\/wp-json\/wp\/v2\/product\/23118\/revisions"}],"predecessor-version":[{"id":23119,"href":"https:\/\/ztsports.com\/fr\/wp-json\/wp\/v2\/product\/23118\/revisions\/23119"}],"wp:featuredmedia":[{"embeddable":true,"href":"https:\/\/ztsports.com\/fr\/wp-json\/wp\/v2\/media\/23113"}],"wp:attachment":[{"href":"https:\/\/ztsports.com\/fr\/wp-json\/wp\/v2\/media?parent=23118"}],"wp:term":[{"taxonomy":"product_brand","embeddable":true,"href":"https:\/\/ztsports.com\/fr\/wp-json\/wp\/v2\/product_brand?post=23118"},{"taxonomy":"product_cat","embeddable":true,"href":"https:\/\/ztsports.com\/fr\/wp-json\/wp\/v2\/product_cat?post=23118"},{"taxonomy":"product_tag","embeddable":true,"href":"https:\/\/ztsports.com\/fr\/wp-json\/wp\/v2\/product_tag?post=23118"}],"curies":[{"name":"wp","href":"https:\/\/api.w.org\/{rel}","templated":true}]}}