{"id":23111,"date":"2023-05-02T20:50:44","date_gmt":"2023-05-02T20:50:44","guid":{"rendered":"https:\/\/ztsports.com\/?post_type=product&#038;p=23111"},"modified":"2026-03-09T07:34:26","modified_gmt":"2026-03-09T07:34:26","slug":"bont-ceramic-polishing-stone-for-speed-skates","status":"publish","type":"product","link":"https:\/\/ztsports.com\/fr\/store\/bont-ceramic-polishing-stone-for-speed-skates\/","title":{"rendered":"BONT Ceramic Polishing Stone for Speed Skates"},"content":{"rendered":"<h1 class=\"product_title entry-title wd-entities-title\">Pierre de polissage c\u00e9ramique BONT pour patins de vitesse<\/h1>\n<p>La pierre de polissage c\u00e9ramique Bont est con\u00e7ue pour les patineurs professionnels de short track et long track. Le grain est de 8000 microns (ultra-fin). Cette pierre doit \u00eatre utilis\u00e9e comme pierre de finition lors de l\u2019aiguisage de vos lames de short track. Les pierres de polissage permettent d\u2019augmenter votre glisse lors du patinage.<\/p>\n<div class=\"product-tabs-wrapper\">\n<div class=\"container\">\n<div class=\"row\">\n<div class=\"col-12 poduct-tabs-inner\">\n<div class=\"woocommerce-tabs wc-tabs-wrapper tabs-layout-tabs\" data-state=\"first\" data-layout=\"tabs\">\n<div class=\"wd-accordion-item\">\n<div id=\"tab-description\" class=\"entry-content woocommerce-Tabs-panel woocommerce-Tabs-panel--description wd-active panel wc-tab\" role=\"tabpanel\" aria-labelledby=\"tab-title-description\" data-accordion-index=\"description\">\n<div class=\"wc-tab-inner\">\n<p>La pierre \u00e0 aiguiser c\u00e9ramique Bont est fabriqu\u00e9e avec des mat\u00e9riaux d\u2019une qualit\u00e9 exceptionnelle. Les abrasifs des pierres Bont sont extr\u00eamement uniformes, ce qui signifie que l\u2019abrasif rencontr\u00e9 lors du premier mois d\u2019utilisation restera identique apr\u00e8s des ann\u00e9es.<\/p>\n<p>Lors de l\u2019aiguisage de patins de vitesse, une pierre parfaitement plate est cruciale puisque l\u2019on aiguise deux lames en m\u00eame temps.<\/p>\n<p>De plus, la pierre de polissage c\u00e9ramique est livr\u00e9e avec un \u00e9tui de protection. Ses dimensions de 300 mm x 60 mm x 15 mm et son poids facilitent le polissage de vos lames.<\/p>\n<p>Une fois le polissage termin\u00e9, vous obtiendrez une finition miroir qui permet \u00e0 vos lames de glisser sans que des micro-coupures ne g\u00eanent votre trajectoire sur la glace.<\/p>\n<\/div>\n<\/div>\n<\/div>\n<div class=\"wd-accordion-item\">\n<p><strong>Caract\u00e9ristiques principales :<\/strong><\/p>\n<p>Surface parfaitement plate<\/p>\n<ul>\n<li>Grain 8000<\/li>\n<li>Con\u00e7ue pour les patineurs de short track<\/li>\n<li>Facile \u00e0 tenir lors de l\u2019aiguisage des lames<\/li>\n<li>Dimensions : 300 mm x 60 mm x 15 mm<\/li>\n<\/ul>\n<\/div>\n<\/div>\n<\/div>\n<\/div>\n<\/div>\n<\/div>\n<div class=\"wd-before-product-tabs\">\n<div class=\"container\">\n<div class=\"product_meta wd-layout-inline\">De plus, d\u00e9couvrez nos <a href=\"https:\/\/ztsports.com\/product-category\/ceramic\/\">autres pierres c\u00e9ramiques<\/a> ici.<\/div>\n<div>Enfin, vous pouvez trouver toutes nos <a href=\"https:\/\/ztsports.com\/product-category\/sharpening\/stones\/\"><strong>pierres \u00e0 aiguiser ici.<\/strong><\/a><\/div>\n<\/div>\n<\/div>\n","protected":false},"excerpt":{"rendered":"<p>Pierre de polissage c\u00e9ramique BONT pour patins de vitesse La pierre de polissage c\u00e9ramique Bont est con\u00e7ue pour les patineurs professionnels de short track et long track. Le grain est de 8000 microns (ultra-fin). Cette pierre doit \u00eatre utilis\u00e9e comme pierre de finition lors de l\u2019aiguisage de vos lames de short track. Les pierres de [&hellip;]<\/p>\n","protected":false},"featured_media":23107,"comment_status":"open","ping_status":"closed","template":"","meta":{"_acf_changed":false,"_monsterinsights_skip_tracking":false,"_monsterinsights_sitenote_active":false,"_monsterinsights_sitenote_note":"","_monsterinsights_sitenote_category":0,"_uf_show_specific_survey":0,"_uf_disable_surveys":false,"site-sidebar-layout":"default","site-content-layout":"","ast-site-content-layout":"default","site-content-style":"default","site-sidebar-style":"default","ast-global-header-display":"","ast-banner-title-visibility":"","ast-main-header-display":"","ast-hfb-above-header-display":"","ast-hfb-below-header-display":"","ast-hfb-mobile-header-display":"","site-post-title":"","ast-breadcrumbs-content":"","ast-featured-img":"","footer-sml-layout":"","ast-disable-related-posts":"","theme-transparent-header-meta":"default","adv-header-id-meta":"","stick-header-meta":"","header-above-stick-meta":"","header-main-stick-meta":"","header-below-stick-meta":"","astra-migrate-meta-layouts":"set","ast-page-background-enabled":"default","ast-page-background-meta":{"desktop":{"background-color":"","background-image":"","background-repeat":"repeat","background-position":"center center","background-size":"auto","background-attachment":"scroll","background-type":"","background-media":"","overlay-type":"","overlay-color":"","overlay-opacity":"","overlay-gradient":""},"tablet":{"background-color":"","background-image":"","background-repeat":"repeat","background-position":"center center","background-size":"auto","background-attachment":"scroll","background-type":"","background-media":"","overlay-type":"","overlay-color":"","overlay-opacity":"","overlay-gradient":""},"mobile":{"background-color":"","background-image":"","background-repeat":"repeat","background-position":"center center","background-size":"auto","background-attachment":"scroll","background-type":"","background-media":"","overlay-type":"","overlay-color":"","overlay-opacity":"","overlay-gradient":""}},"ast-content-background-meta":{"desktop":{"background-color":"var(--ast-global-color-5)","background-image":"","background-repeat":"repeat","background-position":"center center","background-size":"auto","background-attachment":"scroll","background-type":"","background-media":"","overlay-type":"","overlay-color":"","overlay-opacity":"","overlay-gradient":""},"tablet":{"background-color":"var(--ast-global-color-5)","background-image":"","background-repeat":"repeat","background-position":"center center","background-size":"auto","background-attachment":"scroll","background-type":"","background-media":"","overlay-type":"","overlay-color":"","overlay-opacity":"","overlay-gradient":""},"mobile":{"background-color":"var(--ast-global-color-5)","background-image":"","background-repeat":"repeat","background-position":"center center","background-size":"auto","background-attachment":"scroll","background-type":"","background-media":"","overlay-type":"","overlay-color":"","overlay-opacity":"","overlay-gradient":""}}},"product_brand":[3285],"product_cat":[3378],"product_tag":[],"class_list":{"0":"post-23111","1":"product","2":"type-product","3":"status-publish","4":"has-post-thumbnail","6":"product_brand-bont","7":"product_cat-non-categorise","8":"desktop-align-left","9":"tablet-align-left","10":"mobile-align-left","12":"first","13":"instock","14":"sale","15":"taxable","16":"shipping-taxable","17":"purchasable","18":"product-type-simple"},"acf":[],"_links":{"self":[{"href":"https:\/\/ztsports.com\/fr\/wp-json\/wp\/v2\/product\/23111","targetHints":{"allow":["GET"]}}],"collection":[{"href":"https:\/\/ztsports.com\/fr\/wp-json\/wp\/v2\/product"}],"about":[{"href":"https:\/\/ztsports.com\/fr\/wp-json\/wp\/v2\/types\/product"}],"replies":[{"embeddable":true,"href":"https:\/\/ztsports.com\/fr\/wp-json\/wp\/v2\/comments?post=23111"}],"version-history":[{"count":1,"href":"https:\/\/ztsports.com\/fr\/wp-json\/wp\/v2\/product\/23111\/revisions"}],"predecessor-version":[{"id":23112,"href":"https:\/\/ztsports.com\/fr\/wp-json\/wp\/v2\/product\/23111\/revisions\/23112"}],"wp:featuredmedia":[{"embeddable":true,"href":"https:\/\/ztsports.com\/fr\/wp-json\/wp\/v2\/media\/23107"}],"wp:attachment":[{"href":"https:\/\/ztsports.com\/fr\/wp-json\/wp\/v2\/media?parent=23111"}],"wp:term":[{"taxonomy":"product_brand","embeddable":true,"href":"https:\/\/ztsports.com\/fr\/wp-json\/wp\/v2\/product_brand?post=23111"},{"taxonomy":"product_cat","embeddable":true,"href":"https:\/\/ztsports.com\/fr\/wp-json\/wp\/v2\/product_cat?post=23111"},{"taxonomy":"product_tag","embeddable":true,"href":"https:\/\/ztsports.com\/fr\/wp-json\/wp\/v2\/product_tag?post=23111"}],"curies":[{"name":"wp","href":"https:\/\/api.w.org\/{rel}","templated":true}]}}