{"id":23104,"date":"2023-05-04T21:03:55","date_gmt":"2023-05-04T21:03:55","guid":{"rendered":"https:\/\/ztsports.com\/?post_type=product&#038;p=23104"},"modified":"2026-03-09T07:32:46","modified_gmt":"2026-03-09T07:32:46","slug":"norton-im9-fine-india-sharpening-stone","status":"publish","type":"product","link":"https:\/\/ztsports.com\/fr\/store\/norton-im9-fine-india-sharpening-stone\/","title":{"rendered":"NORTON IM9 FINE INDIA SHARPENING STONE"},"content":{"rendered":"<h1 class=\"product_title entry-title wd-entities-title\">PIERRE \u00c0 AIGUISER NORTON IM9 FINE INDIA<\/h1>\n<p>La pierre Norton IM9 FINE INDIA est id\u00e9ale pour lisser et uniformiser la surface de vos lames, vous offrant le tranchant recherch\u00e9. La pierre \u00e0 aiguiser Norton IM9 a ses deux faces identiques au c\u00f4t\u00e9 fin de l\u2019IM2.<\/p>\n<h3 class=\"a-size-base-plus a-text-bold\">\u00c0 propos de la pierre Norton FINE INDIA<\/h3>\n<h3 class=\"a-size-base-plus a-text-bold\">Grain 320 pour l\u2019aiguisage et l\u2019entretien des tranchants en acier<\/h3>\n<ul class=\"a-unordered-list a-vertical a-spacing-mini\">\n<li class=\"a-spacing-small\"><span class=\"a-list-item\">L\u2019oxyde d\u2019aluminium produit des tranchants durables et lisses, id\u00e9al pour des tol\u00e9rances pr\u00e9cises<\/span><\/li>\n<li class=\"a-spacing-small\"><span class=\"a-list-item\">Pr\u00e9-remplie avec de l\u2019huile pour que le lubrifiant reste sur la surface pendant l\u2019aff\u00fbtage<\/span><\/li>\n<li class=\"a-spacing-small\"><span class=\"a-list-item\">Dimensions du paquet : 1,0 H x 12,0 L x 3,0 P (en pouces) \u2013 13 x 63 x 292 mm<\/span><\/li>\n<\/ul>\n<p>Enfin, d\u00e9couvrez toutes nos <a href=\"https:\/\/ztsports.com\/product-category\/sharpening\/stones\/\"><strong>pierres \u00e0 aiguiser<\/strong><\/a> ici.<\/p>\n","protected":false},"excerpt":{"rendered":"<p>PIERRE \u00c0 AIGUISER NORTON IM9 FINE INDIA La pierre Norton IM9 FINE INDIA est id\u00e9ale pour lisser et uniformiser la surface de vos lames, vous offrant le tranchant recherch\u00e9. La pierre \u00e0 aiguiser Norton IM9 a ses deux faces identiques au c\u00f4t\u00e9 fin de l\u2019IM2. \u00c0 propos de la pierre Norton FINE INDIA Grain 320 [&hellip;]<\/p>\n","protected":false},"featured_media":23102,"comment_status":"open","ping_status":"closed","template":"","meta":{"_acf_changed":false,"_monsterinsights_skip_tracking":false,"_monsterinsights_sitenote_active":false,"_monsterinsights_sitenote_note":"","_monsterinsights_sitenote_category":0,"_uf_show_specific_survey":0,"_uf_disable_surveys":false,"site-sidebar-layout":"default","site-content-layout":"","ast-site-content-layout":"default","site-content-style":"default","site-sidebar-style":"default","ast-global-header-display":"","ast-banner-title-visibility":"","ast-main-header-display":"","ast-hfb-above-header-display":"","ast-hfb-below-header-display":"","ast-hfb-mobile-header-display":"","site-post-title":"","ast-breadcrumbs-content":"","ast-featured-img":"","footer-sml-layout":"","ast-disable-related-posts":"","theme-transparent-header-meta":"default","adv-header-id-meta":"","stick-header-meta":"","header-above-stick-meta":"","header-main-stick-meta":"","header-below-stick-meta":"","astra-migrate-meta-layouts":"set","ast-page-background-enabled":"default","ast-page-background-meta":{"desktop":{"background-color":"","background-image":"","background-repeat":"repeat","background-position":"center center","background-size":"auto","background-attachment":"scroll","background-type":"","background-media":"","overlay-type":"","overlay-color":"","overlay-opacity":"","overlay-gradient":""},"tablet":{"background-color":"","background-image":"","background-repeat":"repeat","background-position":"center center","background-size":"auto","background-attachment":"scroll","background-type":"","background-media":"","overlay-type":"","overlay-color":"","overlay-opacity":"","overlay-gradient":""},"mobile":{"background-color":"","background-image":"","background-repeat":"repeat","background-position":"center center","background-size":"auto","background-attachment":"scroll","background-type":"","background-media":"","overlay-type":"","overlay-color":"","overlay-opacity":"","overlay-gradient":""}},"ast-content-background-meta":{"desktop":{"background-color":"var(--ast-global-color-5)","background-image":"","background-repeat":"repeat","background-position":"center center","background-size":"auto","background-attachment":"scroll","background-type":"","background-media":"","overlay-type":"","overlay-color":"","overlay-opacity":"","overlay-gradient":""},"tablet":{"background-color":"var(--ast-global-color-5)","background-image":"","background-repeat":"repeat","background-position":"center center","background-size":"auto","background-attachment":"scroll","background-type":"","background-media":"","overlay-type":"","overlay-color":"","overlay-opacity":"","overlay-gradient":""},"mobile":{"background-color":"var(--ast-global-color-5)","background-image":"","background-repeat":"repeat","background-position":"center center","background-size":"auto","background-attachment":"scroll","background-type":"","background-media":"","overlay-type":"","overlay-color":"","overlay-opacity":"","overlay-gradient":""}}},"product_brand":[3328],"product_cat":[3378],"product_tag":[],"class_list":{"0":"post-23104","1":"product","2":"type-product","3":"status-publish","4":"has-post-thumbnail","6":"product_brand-norton","7":"product_cat-non-categorise","8":"desktop-align-left","9":"tablet-align-left","10":"mobile-align-left","12":"first","13":"instock","14":"taxable","15":"shipping-taxable","16":"purchasable","17":"product-type-simple"},"acf":[],"_links":{"self":[{"href":"https:\/\/ztsports.com\/fr\/wp-json\/wp\/v2\/product\/23104","targetHints":{"allow":["GET"]}}],"collection":[{"href":"https:\/\/ztsports.com\/fr\/wp-json\/wp\/v2\/product"}],"about":[{"href":"https:\/\/ztsports.com\/fr\/wp-json\/wp\/v2\/types\/product"}],"replies":[{"embeddable":true,"href":"https:\/\/ztsports.com\/fr\/wp-json\/wp\/v2\/comments?post=23104"}],"version-history":[{"count":1,"href":"https:\/\/ztsports.com\/fr\/wp-json\/wp\/v2\/product\/23104\/revisions"}],"predecessor-version":[{"id":23105,"href":"https:\/\/ztsports.com\/fr\/wp-json\/wp\/v2\/product\/23104\/revisions\/23105"}],"wp:featuredmedia":[{"embeddable":true,"href":"https:\/\/ztsports.com\/fr\/wp-json\/wp\/v2\/media\/23102"}],"wp:attachment":[{"href":"https:\/\/ztsports.com\/fr\/wp-json\/wp\/v2\/media?parent=23104"}],"wp:term":[{"taxonomy":"product_brand","embeddable":true,"href":"https:\/\/ztsports.com\/fr\/wp-json\/wp\/v2\/product_brand?post=23104"},{"taxonomy":"product_cat","embeddable":true,"href":"https:\/\/ztsports.com\/fr\/wp-json\/wp\/v2\/product_cat?post=23104"},{"taxonomy":"product_tag","embeddable":true,"href":"https:\/\/ztsports.com\/fr\/wp-json\/wp\/v2\/product_tag?post=23104"}],"curies":[{"name":"wp","href":"https:\/\/api.w.org\/{rel}","templated":true}]}}