{"id":23100,"date":"2023-05-04T21:41:45","date_gmt":"2023-05-04T21:41:45","guid":{"rendered":"https:\/\/ztsports.com\/?post_type=product&#038;p=23100"},"modified":"2026-03-09T07:31:53","modified_gmt":"2026-03-09T07:31:53","slug":"norton-im6-med-india-sharpening-stone","status":"publish","type":"product","link":"https:\/\/ztsports.com\/fr\/store\/norton-im6-med-india-sharpening-stone\/","title":{"rendered":"NORTON IM6 MED INDIA SHARPENING STONE"},"content":{"rendered":"<h3>NORTON PIERRE \u00c0 AIGUISER IM6 MED INDIA<\/h3>\n<p class=\"product_title entry-title wd-entities-title\">La <em>Norton IM6<\/em> Fine India stone est id\u00e9ale pour lisser et uniformiser la surface de vos lames, vous offrant le tranchant recherch\u00e9.<\/p>\n<p class=\"product_title entry-title wd-entities-title\">Pierre \u00e0 aiguiser Norton IM6 avec les deux faces identiques au c\u00f4t\u00e9 MED de l\u2019IM2.<\/p>\n<div data-hveid=\"CBMQAQ\" data-ved=\"2ahUKEwiDtILy5eOHAxULv4kEHTqlKNcQj7gIegQIExAB\">\n<div class=\"dnXCYb\" tabindex=\"0\" role=\"button\" aria-controls=\"_P-OzZsOYAov-ptQPusqiuQ0_37\" aria-expanded=\"true\">\n<h4 class=\"JlqpRe\"><span class=\"JCzEY tNxQIb\"><span class=\"CSkcDe\">De quoi sont faites les pierres \u00e0 aiguiser Norton ?<\/span><\/span><\/h4>\n<p class=\"JlqpRe\">Les pierres d&#8217;\u00e9tabli fabriqu\u00e9es par l&#8217;homme sont principalement disponibles en deux types d&#8217;abrasifs : <b>oxyde d&#8217;aluminium (pierres India) et carbure de silicium (pierres Crystolon)<\/b>.<\/p>\n<div data-hveid=\"CAIQAQ\" data-ved=\"2ahUKEwiKxe395eOHAxX0v4kEHaoQOYwQj7gIegQIAhAB\">\n<div class=\"dnXCYb\" tabindex=\"0\" role=\"button\" aria-controls=\"_V-OzZsq9NPT_ptQPqqHk4Qg_4\" aria-expanded=\"true\">\n<h4 class=\"JlqpRe\"><span class=\"JCzEY tNxQIb\"><span class=\"CSkcDe\">Faut-il utiliser de l\u2019huile ou de l\u2019eau sur les pierres Norton ?<\/span><\/span><\/h4>\n<\/div>\n<\/div>\n<div id=\"_V-OzZsq9NPT_ptQPqqHk4Qg_4\" class=\"bCOlv\" data-ved=\"2ahUKEwiKxe395eOHAxX0v4kEHaoQOYwQ7NUEegQIAhAE\">\n<div class=\"IZE3Td\">\n<div class=\"r2fjmd t0bRye\" data-hveid=\"CAIQBQ\" data-ved=\"2ahUKEwiKxe395eOHAxX0v4kEHaoQOYwQu04oAHoECAIQBQ\">\n<div id=\"V-OzZsq9NPT_ptQPqqHk4Qg__3\">\n<div class=\"wDYxhc\" data-md=\"61\">\n<div class=\"LGOjhe\" role=\"heading\" data-attrid=\"wa:\/description\" aria-level=\"3\" data-hveid=\"CAsQAA\"><span class=\"ILfuVd\" lang=\"en\"><br \/>\n<span class=\"hgKElc\">Pour \u00e9viter que votre pierre ne s\u2019encrasse avec de petits fragments de m\u00e9tal, ce qui r\u00e9duirait l\u2019efficacit\u00e9 de l\u2019abrasif, <b>vous pouvez utiliser soit de l\u2019huile d\u2019aff\u00fbtage Norton, soit de l\u2019eau sur la pierre avant l\u2019aiguisage<\/b>.<\/span><br \/>\n<\/span><\/div>\n<\/div>\n<div role=\"heading\" data-attrid=\"wa:\/description\" aria-level=\"3\" data-hveid=\"CAsQAA\">\n<div data-hveid=\"CAIQAQ\" data-ved=\"2ahUKEwjx8ci25uOHAxUvhIkEHUNXDBcQj7gIegQIAhAB\">\n<div class=\"dnXCYb\" tabindex=\"0\" role=\"button\" aria-controls=\"_zuOzZvHSMK-IptQPw66xuAE_3\" aria-expanded=\"true\">\n<h4 class=\"JlqpRe\"><span class=\"JCzEY tNxQIb\"><span class=\"CSkcDe\">Peut-on utiliser de l\u2019huile d\u2019olive ou de l\u2019huile pour b\u00e9b\u00e9 sur une pierre \u00e0 aiguiser ?<\/span><\/span><\/h4>\n<div class=\"p8Jhnd\">\n<div class=\"aj35ze\"><span class=\"ILfuVd\" lang=\"en\"><br \/>\n<span class=\"hgKElc\">Les huiles v\u00e9g\u00e9tales comestibles comme l\u2019huile d\u2019olive, d\u2019arachide, de colza, ou l\u2019huile pour b\u00e9b\u00e9 sont tr\u00e8s visqueuses et <b>peuvent entra\u00eener l\u2019encrassement de la surface de la pierre \u00e0 aiguiser<\/b>.<\/span><br \/>\n<\/span><\/div>\n<\/div>\n<\/div>\n<\/div>\n<\/div>\n<\/div>\n<\/div>\n<\/div>\n<h4 class=\"a-size-base-plus a-text-bold\">\u00c0 propos de cet article<\/h4>\n<ul class=\"a-unordered-list a-vertical a-spacing-mini\">\n<li class=\"a-spacing-small\"><span class=\"a-list-item\">Grain 240 pour l\u2019aiguisage et l\u2019entretien des tranchants en acier<\/span><\/li>\n<li class=\"a-spacing-small\"><span class=\"a-list-item\">L\u2019oxyde d\u2019aluminium produit des tranchants durables et lisses, id\u00e9al pour des tol\u00e9rances pr\u00e9cises<\/span><\/li>\n<li class=\"a-spacing-small\"><span class=\"a-list-item\">Pr\u00e9-remplie avec de l\u2019huile pour que le lubrifiant reste sur la surface pendant l\u2019aff\u00fbtage<\/span><\/li>\n<li class=\"a-spacing-small\"><span class=\"a-list-item\">Dimensions du paquet : 1,0 H x 12,0 L x 3,0 P (en pouces)<\/span><\/li>\n<\/ul>\n<p>Norton RS 61463654214 (IM6 MED) pierre \u00e0 aiguiser 13 x 63 x 292 mm<\/p>\n<h5 class=\"style-scope ytd-watch-metadata\">Pr\u00e9sentation vid\u00e9o des <a href=\"https:\/\/www.youtube.com\/watch?v=11uz6mu4Eh8\" target=\"_blank\" rel=\"noopener\">produits Norton pour aff\u00fbtage<\/a>.<\/h5>\n<p>Enfin, vous pouvez trouver toutes nos <a href=\"https:\/\/ztsports.com\/product-category\/sharpening\/stones\/\"><strong>pierres \u00e0 aiguiser ici.<\/strong><\/a><\/p>\n<\/div>\n<\/div>\n<\/div>\n","protected":false},"excerpt":{"rendered":"<p>NORTON PIERRE \u00c0 AIGUISER IM6 MED INDIA La Norton IM6 Fine India stone est id\u00e9ale pour lisser et uniformiser la surface de vos lames, vous offrant le tranchant recherch\u00e9. Pierre \u00e0 aiguiser Norton IM6 avec les deux faces identiques au c\u00f4t\u00e9 MED de l\u2019IM2. De quoi sont faites les pierres \u00e0 aiguiser Norton ? Les [&hellip;]<\/p>\n","protected":false},"featured_media":23097,"comment_status":"open","ping_status":"closed","template":"","meta":{"_acf_changed":false,"_monsterinsights_skip_tracking":false,"_monsterinsights_sitenote_active":false,"_monsterinsights_sitenote_note":"","_monsterinsights_sitenote_category":0,"_uf_show_specific_survey":0,"_uf_disable_surveys":false,"site-sidebar-layout":"default","site-content-layout":"","ast-site-content-layout":"default","site-content-style":"default","site-sidebar-style":"default","ast-global-header-display":"","ast-banner-title-visibility":"","ast-main-header-display":"","ast-hfb-above-header-display":"","ast-hfb-below-header-display":"","ast-hfb-mobile-header-display":"","site-post-title":"","ast-breadcrumbs-content":"","ast-featured-img":"","footer-sml-layout":"","ast-disable-related-posts":"","theme-transparent-header-meta":"default","adv-header-id-meta":"","stick-header-meta":"","header-above-stick-meta":"","header-main-stick-meta":"","header-below-stick-meta":"","astra-migrate-meta-layouts":"set","ast-page-background-enabled":"default","ast-page-background-meta":{"desktop":{"background-color":"","background-image":"","background-repeat":"repeat","background-position":"center center","background-size":"auto","background-attachment":"scroll","background-type":"","background-media":"","overlay-type":"","overlay-color":"","overlay-opacity":"","overlay-gradient":""},"tablet":{"background-color":"","background-image":"","background-repeat":"repeat","background-position":"center center","background-size":"auto","background-attachment":"scroll","background-type":"","background-media":"","overlay-type":"","overlay-color":"","overlay-opacity":"","overlay-gradient":""},"mobile":{"background-color":"","background-image":"","background-repeat":"repeat","background-position":"center center","background-size":"auto","background-attachment":"scroll","background-type":"","background-media":"","overlay-type":"","overlay-color":"","overlay-opacity":"","overlay-gradient":""}},"ast-content-background-meta":{"desktop":{"background-color":"var(--ast-global-color-5)","background-image":"","background-repeat":"repeat","background-position":"center center","background-size":"auto","background-attachment":"scroll","background-type":"","background-media":"","overlay-type":"","overlay-color":"","overlay-opacity":"","overlay-gradient":""},"tablet":{"background-color":"var(--ast-global-color-5)","background-image":"","background-repeat":"repeat","background-position":"center center","background-size":"auto","background-attachment":"scroll","background-type":"","background-media":"","overlay-type":"","overlay-color":"","overlay-opacity":"","overlay-gradient":""},"mobile":{"background-color":"var(--ast-global-color-5)","background-image":"","background-repeat":"repeat","background-position":"center center","background-size":"auto","background-attachment":"scroll","background-type":"","background-media":"","overlay-type":"","overlay-color":"","overlay-opacity":"","overlay-gradient":""}}},"product_brand":[3328],"product_cat":[3378],"product_tag":[],"class_list":{"0":"post-23100","1":"product","2":"type-product","3":"status-publish","4":"has-post-thumbnail","6":"product_brand-norton","7":"product_cat-non-categorise","8":"desktop-align-left","9":"tablet-align-left","10":"mobile-align-left","12":"first","13":"instock","14":"taxable","15":"shipping-taxable","16":"purchasable","17":"product-type-simple"},"acf":[],"_links":{"self":[{"href":"https:\/\/ztsports.com\/fr\/wp-json\/wp\/v2\/product\/23100","targetHints":{"allow":["GET"]}}],"collection":[{"href":"https:\/\/ztsports.com\/fr\/wp-json\/wp\/v2\/product"}],"about":[{"href":"https:\/\/ztsports.com\/fr\/wp-json\/wp\/v2\/types\/product"}],"replies":[{"embeddable":true,"href":"https:\/\/ztsports.com\/fr\/wp-json\/wp\/v2\/comments?post=23100"}],"version-history":[{"count":1,"href":"https:\/\/ztsports.com\/fr\/wp-json\/wp\/v2\/product\/23100\/revisions"}],"predecessor-version":[{"id":23101,"href":"https:\/\/ztsports.com\/fr\/wp-json\/wp\/v2\/product\/23100\/revisions\/23101"}],"wp:featuredmedia":[{"embeddable":true,"href":"https:\/\/ztsports.com\/fr\/wp-json\/wp\/v2\/media\/23097"}],"wp:attachment":[{"href":"https:\/\/ztsports.com\/fr\/wp-json\/wp\/v2\/media?parent=23100"}],"wp:term":[{"taxonomy":"product_brand","embeddable":true,"href":"https:\/\/ztsports.com\/fr\/wp-json\/wp\/v2\/product_brand?post=23100"},{"taxonomy":"product_cat","embeddable":true,"href":"https:\/\/ztsports.com\/fr\/wp-json\/wp\/v2\/product_cat?post=23100"},{"taxonomy":"product_tag","embeddable":true,"href":"https:\/\/ztsports.com\/fr\/wp-json\/wp\/v2\/product_tag?post=23100"}],"curies":[{"name":"wp","href":"https:\/\/api.w.org\/{rel}","templated":true}]}}