{"id":23094,"date":"2023-05-05T14:46:53","date_gmt":"2023-05-05T14:46:53","guid":{"rendered":"https:\/\/ztsports.com\/?post_type=product&#038;p=23094"},"modified":"2026-03-09T07:30:33","modified_gmt":"2026-03-09T07:30:33","slug":"norton-sharpenning-oils-for-stones","status":"publish","type":"product","link":"https:\/\/ztsports.com\/fr\/store\/norton-sharpenning-oils-for-stones\/","title":{"rendered":"NORTON SHARPENNING OILS for Stones"},"content":{"rendered":"<h1 class=\"tw-data-text tw-text-large tw-ta\" dir=\"ltr\" data-placeholder=\"Translation\">HUILES D&#8217;AFF\u00dbTAGE NORTON pour Pierres<\/h1>\n<p>Les <span class=\"Y2IQFc\" lang=\"en\">HUILES D&#8217;AFF\u00dbTAGE NORTON<\/span> sont fabriqu\u00e9es \u00e0 partir de mat\u00e9riaux suisses de haute qualit\u00e9, notamment Victorinox. Huile d&#8217;aff\u00fbtage sp\u00e9cialement formul\u00e9e pour aff\u00fbter divers couteaux, y compris les lames de patins. Conforme aux standards pharmaceutiques de puret\u00e9, ce qui signifie qu\u2019elle peut \u00eatre utilis\u00e9e dans des op\u00e9rations de pr\u00e9paration alimentaire.<\/p>\n<p class=\"tw-data-text tw-text-large tw-ta\" dir=\"ltr\" data-placeholder=\"Translation\"><span class=\"Y2IQFc\" lang=\"en\">Cette huile est sp\u00e9cialement con\u00e7ue pour faciliter l&#8217;aff\u00fbtage de vos lames. Contrairement \u00e0 l&#8217;huile pour b\u00e9b\u00e9, elle ne favorise pas l&#8217;accumulation de m\u00e9tal dans vos pierres. Pour l&#8217;utiliser, appliquez simplement l&#8217;huile sur la surface de la pierre.<\/span><\/p>\n<p class=\"tw-data-text tw-text-large tw-ta\" dir=\"ltr\" data-placeholder=\"Translation\"><span class=\"Y2IQFc\" lang=\"en\">Pour les pierres synth\u00e9tiques, plus d&#8217;huile peut \u00eatre n\u00e9cessaire, tandis que les pierres naturelles comme les pierres d&#8217;Arkansas n\u00e9cessitent moins d&#8217;huile car elles sont moins poreuses.<\/span><\/p>\n<p class=\"tw-data-text tw-text-large tw-ta\" dir=\"ltr\" data-placeholder=\"Translation\"><span class=\"Y2IQFc\" lang=\"en\">Fabriqu\u00e9 aux \u00c9tats-Unis.<\/span><\/p>\n<h4 class=\"tw-data-text tw-text-large tw-ta\" dir=\"ltr\" data-placeholder=\"Translation\"><span class=\"Y2IQFc\" lang=\"en\">Disponible en 3 tailles :<\/span><\/h4>\n<h4 class=\"tw-data-text tw-text-large tw-ta\" dir=\"ltr\" data-placeholder=\"Translation\"><span class=\"Y2IQFc\" lang=\"en\">133 ml (4,5 oz)<\/span><\/h4>\n<h4 class=\"tw-data-text tw-text-large tw-ta\" dir=\"ltr\" data-placeholder=\"Translation\"><span class=\"Y2IQFc\" lang=\"en\">473 ml (16 oz)<\/span><\/h4>\n<h4 class=\"tw-data-text tw-text-large tw-ta\" dir=\"ltr\" data-placeholder=\"Translation\"><span class=\"Y2IQFc\" lang=\"en\">946 ml (32 oz)<\/span><\/h4>\n<pre id=\"tw-target-text\" class=\"tw-data-text tw-text-large tw-ta\" dir=\"ltr\" data-placeholder=\"Translation\"><span class=\"Y2IQFc\" lang=\"en\">Enfin, vous pouvez trouver toutes les <a href=\"https:\/\/ztsports.com\/brand\/norton\/\"><strong>Huiles Norton et Pierres \u00e0 aff\u00fbter<\/strong><\/a> ici.<\/span><\/pre>\n","protected":false},"excerpt":{"rendered":"<p>HUILES D&#8217;AFF\u00dbTAGE NORTON pour Pierres Les HUILES D&#8217;AFF\u00dbTAGE NORTON sont fabriqu\u00e9es \u00e0 partir de mat\u00e9riaux suisses de haute qualit\u00e9, notamment Victorinox. Huile d&#8217;aff\u00fbtage sp\u00e9cialement formul\u00e9e pour aff\u00fbter divers couteaux, y compris les lames de patins. Conforme aux standards pharmaceutiques de puret\u00e9, ce qui signifie qu\u2019elle peut \u00eatre utilis\u00e9e dans des op\u00e9rations de pr\u00e9paration alimentaire. Cette [&hellip;]<\/p>\n","protected":false},"featured_media":23090,"comment_status":"open","ping_status":"closed","template":"","meta":{"_acf_changed":false,"_monsterinsights_skip_tracking":false,"_monsterinsights_sitenote_active":false,"_monsterinsights_sitenote_note":"","_monsterinsights_sitenote_category":0,"_uf_show_specific_survey":0,"_uf_disable_surveys":false,"site-sidebar-layout":"default","site-content-layout":"","ast-site-content-layout":"default","site-content-style":"default","site-sidebar-style":"default","ast-global-header-display":"","ast-banner-title-visibility":"","ast-main-header-display":"","ast-hfb-above-header-display":"","ast-hfb-below-header-display":"","ast-hfb-mobile-header-display":"","site-post-title":"","ast-breadcrumbs-content":"","ast-featured-img":"","footer-sml-layout":"","ast-disable-related-posts":"","theme-transparent-header-meta":"default","adv-header-id-meta":"","stick-header-meta":"","header-above-stick-meta":"","header-main-stick-meta":"","header-below-stick-meta":"","astra-migrate-meta-layouts":"set","ast-page-background-enabled":"default","ast-page-background-meta":{"desktop":{"background-color":"","background-image":"","background-repeat":"repeat","background-position":"center center","background-size":"auto","background-attachment":"scroll","background-type":"","background-media":"","overlay-type":"","overlay-color":"","overlay-opacity":"","overlay-gradient":""},"tablet":{"background-color":"","background-image":"","background-repeat":"repeat","background-position":"center center","background-size":"auto","background-attachment":"scroll","background-type":"","background-media":"","overlay-type":"","overlay-color":"","overlay-opacity":"","overlay-gradient":""},"mobile":{"background-color":"","background-image":"","background-repeat":"repeat","background-position":"center center","background-size":"auto","background-attachment":"scroll","background-type":"","background-media":"","overlay-type":"","overlay-color":"","overlay-opacity":"","overlay-gradient":""}},"ast-content-background-meta":{"desktop":{"background-color":"var(--ast-global-color-5)","background-image":"","background-repeat":"repeat","background-position":"center center","background-size":"auto","background-attachment":"scroll","background-type":"","background-media":"","overlay-type":"","overlay-color":"","overlay-opacity":"","overlay-gradient":""},"tablet":{"background-color":"var(--ast-global-color-5)","background-image":"","background-repeat":"repeat","background-position":"center center","background-size":"auto","background-attachment":"scroll","background-type":"","background-media":"","overlay-type":"","overlay-color":"","overlay-opacity":"","overlay-gradient":""},"mobile":{"background-color":"var(--ast-global-color-5)","background-image":"","background-repeat":"repeat","background-position":"center center","background-size":"auto","background-attachment":"scroll","background-type":"","background-media":"","overlay-type":"","overlay-color":"","overlay-opacity":"","overlay-gradient":""}}},"product_brand":[3328],"product_cat":[3378],"product_tag":[],"class_list":{"0":"post-23094","1":"product","2":"type-product","3":"status-publish","4":"has-post-thumbnail","6":"product_brand-norton","7":"product_cat-non-categorise","8":"desktop-align-left","9":"tablet-align-left","10":"mobile-align-left","12":"first","13":"instock","14":"taxable","15":"shipping-taxable","16":"product-type-simple"},"acf":[],"_links":{"self":[{"href":"https:\/\/ztsports.com\/fr\/wp-json\/wp\/v2\/product\/23094","targetHints":{"allow":["GET"]}}],"collection":[{"href":"https:\/\/ztsports.com\/fr\/wp-json\/wp\/v2\/product"}],"about":[{"href":"https:\/\/ztsports.com\/fr\/wp-json\/wp\/v2\/types\/product"}],"replies":[{"embeddable":true,"href":"https:\/\/ztsports.com\/fr\/wp-json\/wp\/v2\/comments?post=23094"}],"version-history":[{"count":2,"href":"https:\/\/ztsports.com\/fr\/wp-json\/wp\/v2\/product\/23094\/revisions"}],"predecessor-version":[{"id":23096,"href":"https:\/\/ztsports.com\/fr\/wp-json\/wp\/v2\/product\/23094\/revisions\/23096"}],"wp:featuredmedia":[{"embeddable":true,"href":"https:\/\/ztsports.com\/fr\/wp-json\/wp\/v2\/media\/23090"}],"wp:attachment":[{"href":"https:\/\/ztsports.com\/fr\/wp-json\/wp\/v2\/media?parent=23094"}],"wp:term":[{"taxonomy":"product_brand","embeddable":true,"href":"https:\/\/ztsports.com\/fr\/wp-json\/wp\/v2\/product_brand?post=23094"},{"taxonomy":"product_cat","embeddable":true,"href":"https:\/\/ztsports.com\/fr\/wp-json\/wp\/v2\/product_cat?post=23094"},{"taxonomy":"product_tag","embeddable":true,"href":"https:\/\/ztsports.com\/fr\/wp-json\/wp\/v2\/product_tag?post=23094"}],"curies":[{"name":"wp","href":"https:\/\/api.w.org\/{rel}","templated":true}]}}