{"id":23087,"date":"2023-05-10T03:01:26","date_gmt":"2023-05-10T03:01:26","guid":{"rendered":"https:\/\/ztsports.com\/?post_type=product&#038;p=23087"},"modified":"2026-03-09T07:29:09","modified_gmt":"2026-03-09T07:29:09","slug":"cut-resistant-soft-neck-guard-x-series","status":"publish","type":"product","link":"https:\/\/ztsports.com\/fr\/store\/cut-resistant-soft-neck-guard-x-series\/","title":{"rendered":"CUT RESISTANT SOFT NECK GUARD X-Series"},"content":{"rendered":"<h1>PROTEGE-COU SOUPLE ANTI-COUPURE X-SERIES<\/h1>\n<p>Le prot\u00e8ge-cou souple anti-coupure de la s\u00e9rie X est fabriqu\u00e9 \u00e0 partir de fibres super-r\u00e9sistantes Aramid, \u00e9galement connues sous le nom de Kevlar. Ce prot\u00e8ge-cou respecte les r\u00e9glementations de l\u2019Union Internationale de Patinage (ISU) ainsi que la norme internationale EN388 pour les mat\u00e9riaux r\u00e9sistants aux coupures. De plus, ce prot\u00e8ge-cou particuli\u00e8rement souple offre une protection optimale pour le short track, le long track ou le marathon sur glace.<\/p>\n<p><strong>COULEUR :<\/strong> NOIR<\/p>\n<p><strong>TAILLES :<\/strong> SM-XL<\/p>\n<ul>\n<li>SMALL = 28 \u2013 30 cm<\/li>\n<li>MEDIUM = 33 \u2013 36 cm<\/li>\n<li>LARGE = 37 \u2013 39 cm<\/li>\n<li>XLARGE = 40 \u2013 42 cm<\/li>\n<\/ul>\n<p><strong>\u00c0 noter :<\/strong> FPVQ &amp; <a href=\"https:\/\/www.ontariospeedskating.ca\/safety-equipment\" target=\"_blank\" rel=\"noopener\">OSSA : accessoire obligatoire<\/a> en comp\u00e9tition.<\/p>\n<p>Enfin, d\u00e9couvrez toute notre <a href=\"https:\/\/ztsports.com\/product-category\/protection\/neck-guards\/\"><strong>s\u00e9lection de prot\u00e8ge-cou<\/strong><\/a> ici.<\/p>\n","protected":false},"excerpt":{"rendered":"<p>PROTEGE-COU SOUPLE ANTI-COUPURE X-SERIES Le prot\u00e8ge-cou souple anti-coupure de la s\u00e9rie X est fabriqu\u00e9 \u00e0 partir de fibres super-r\u00e9sistantes Aramid, \u00e9galement connues sous le nom de Kevlar. Ce prot\u00e8ge-cou respecte les r\u00e9glementations de l\u2019Union Internationale de Patinage (ISU) ainsi que la norme internationale EN388 pour les mat\u00e9riaux r\u00e9sistants aux coupures. De plus, ce prot\u00e8ge-cou particuli\u00e8rement [&hellip;]<\/p>\n","protected":false},"featured_media":23086,"comment_status":"open","ping_status":"closed","template":"","meta":{"_acf_changed":false,"_monsterinsights_skip_tracking":false,"_monsterinsights_sitenote_active":false,"_monsterinsights_sitenote_note":"","_monsterinsights_sitenote_category":0,"_uf_show_specific_survey":0,"_uf_disable_surveys":false,"site-sidebar-layout":"default","site-content-layout":"","ast-site-content-layout":"default","site-content-style":"default","site-sidebar-style":"default","ast-global-header-display":"","ast-banner-title-visibility":"","ast-main-header-display":"","ast-hfb-above-header-display":"","ast-hfb-below-header-display":"","ast-hfb-mobile-header-display":"","site-post-title":"","ast-breadcrumbs-content":"","ast-featured-img":"","footer-sml-layout":"","ast-disable-related-posts":"","theme-transparent-header-meta":"default","adv-header-id-meta":"","stick-header-meta":"","header-above-stick-meta":"","header-main-stick-meta":"","header-below-stick-meta":"","astra-migrate-meta-layouts":"set","ast-page-background-enabled":"default","ast-page-background-meta":{"desktop":{"background-color":"","background-image":"","background-repeat":"repeat","background-position":"center center","background-size":"auto","background-attachment":"scroll","background-type":"","background-media":"","overlay-type":"","overlay-color":"","overlay-opacity":"","overlay-gradient":""},"tablet":{"background-color":"","background-image":"","background-repeat":"repeat","background-position":"center center","background-size":"auto","background-attachment":"scroll","background-type":"","background-media":"","overlay-type":"","overlay-color":"","overlay-opacity":"","overlay-gradient":""},"mobile":{"background-color":"","background-image":"","background-repeat":"repeat","background-position":"center center","background-size":"auto","background-attachment":"scroll","background-type":"","background-media":"","overlay-type":"","overlay-color":"","overlay-opacity":"","overlay-gradient":""}},"ast-content-background-meta":{"desktop":{"background-color":"var(--ast-global-color-5)","background-image":"","background-repeat":"repeat","background-position":"center center","background-size":"auto","background-attachment":"scroll","background-type":"","background-media":"","overlay-type":"","overlay-color":"","overlay-opacity":"","overlay-gradient":""},"tablet":{"background-color":"var(--ast-global-color-5)","background-image":"","background-repeat":"repeat","background-position":"center center","background-size":"auto","background-attachment":"scroll","background-type":"","background-media":"","overlay-type":"","overlay-color":"","overlay-opacity":"","overlay-gradient":""},"mobile":{"background-color":"var(--ast-global-color-5)","background-image":"","background-repeat":"repeat","background-position":"center center","background-size":"auto","background-attachment":"scroll","background-type":"","background-media":"","overlay-type":"","overlay-color":"","overlay-opacity":"","overlay-gradient":""}}},"product_brand":[3358,3361,3360],"product_cat":[3378],"product_tag":[],"class_list":{"0":"post-23087","1":"product","2":"type-product","3":"status-publish","4":"has-post-thumbnail","6":"product_brand-x-series","7":"product_brand-x-series-xact","8":"product_brand-xact","9":"product_cat-non-categorise","10":"desktop-align-left","11":"tablet-align-left","12":"mobile-align-left","14":"first","15":"instock","16":"taxable","17":"shipping-taxable","18":"purchasable","19":"product-type-simple"},"acf":[],"_links":{"self":[{"href":"https:\/\/ztsports.com\/fr\/wp-json\/wp\/v2\/product\/23087","targetHints":{"allow":["GET"]}}],"collection":[{"href":"https:\/\/ztsports.com\/fr\/wp-json\/wp\/v2\/product"}],"about":[{"href":"https:\/\/ztsports.com\/fr\/wp-json\/wp\/v2\/types\/product"}],"replies":[{"embeddable":true,"href":"https:\/\/ztsports.com\/fr\/wp-json\/wp\/v2\/comments?post=23087"}],"version-history":[{"count":2,"href":"https:\/\/ztsports.com\/fr\/wp-json\/wp\/v2\/product\/23087\/revisions"}],"predecessor-version":[{"id":23089,"href":"https:\/\/ztsports.com\/fr\/wp-json\/wp\/v2\/product\/23087\/revisions\/23089"}],"wp:featuredmedia":[{"embeddable":true,"href":"https:\/\/ztsports.com\/fr\/wp-json\/wp\/v2\/media\/23086"}],"wp:attachment":[{"href":"https:\/\/ztsports.com\/fr\/wp-json\/wp\/v2\/media?parent=23087"}],"wp:term":[{"taxonomy":"product_brand","embeddable":true,"href":"https:\/\/ztsports.com\/fr\/wp-json\/wp\/v2\/product_brand?post=23087"},{"taxonomy":"product_cat","embeddable":true,"href":"https:\/\/ztsports.com\/fr\/wp-json\/wp\/v2\/product_cat?post=23087"},{"taxonomy":"product_tag","embeddable":true,"href":"https:\/\/ztsports.com\/fr\/wp-json\/wp\/v2\/product_tag?post=23087"}],"curies":[{"name":"wp","href":"https:\/\/api.w.org\/{rel}","templated":true}]}}