{"id":23078,"date":"2023-05-11T02:06:05","date_gmt":"2023-05-11T02:06:05","guid":{"rendered":"https:\/\/ztsports.com\/?post_type=product&#038;p=23078"},"modified":"2026-03-12T12:10:04","modified_gmt":"2026-03-12T12:10:04","slug":"maple-allen-key-t-wrench-4mm-long-track","status":"publish","type":"product","link":"https:\/\/ztsports.com\/fr\/store\/maple-allen-key-t-wrench-4mm-long-track\/","title":{"rendered":"Maple Allen Key T-Wrench 4mm Long Track"},"content":{"rendered":"<h1>Cl\u00e9 Allen T Maple 4mm<\/h1>\n<p>La cl\u00e9 T Maple est de 4 mm, avec une grande extr\u00e9mit\u00e9 pour la force et une extr\u00e9mit\u00e9 courte pour faciliter l\u2019usage.<\/p>\n<p>Ceci est un outil \u00e0 poign\u00e9e en T de 4 mm utilis\u00e9 pour monter et ajuster les boulons de montage des patins long track.<\/p>\n<p><strong>Cl\u00e9 Allen pratique pour Long Track et Inline.<\/strong><\/p>\n<p><strong>De plus, elle fonctionne \u00e9galement sur les produits <\/strong><a href=\"https:\/\/www.ikea.com\/ca\/en\/stores\/ottawa\/\" target=\"_blank\" rel=\"noopener\"><strong>IKEA<\/strong><\/a><strong>, bien mieux que la petite cl\u00e9 Allen fournie.<\/strong><\/p>\n<p>Un outil indispensable pour toute trousse d\u2019\u00e9quipement de patineur de vitesse.<\/p>\n","protected":false},"excerpt":{"rendered":"<p>Cl\u00e9 Allen T Maple 4mm La cl\u00e9 T Maple est de 4 mm, avec une grande extr\u00e9mit\u00e9 pour la force et une extr\u00e9mit\u00e9 courte pour faciliter l\u2019usage. Ceci est un outil \u00e0 poign\u00e9e en T de 4 mm utilis\u00e9 pour monter et ajuster les boulons de montage des patins long track. Cl\u00e9 Allen pratique pour [&hellip;]<\/p>\n","protected":false},"featured_media":23077,"comment_status":"open","ping_status":"closed","template":"","meta":{"_acf_changed":false,"_monsterinsights_skip_tracking":false,"_monsterinsights_sitenote_active":false,"_monsterinsights_sitenote_note":"","_monsterinsights_sitenote_category":0,"_uf_show_specific_survey":0,"_uf_disable_surveys":false,"site-sidebar-layout":"default","site-content-layout":"","ast-site-content-layout":"default","site-content-style":"default","site-sidebar-style":"default","ast-global-header-display":"","ast-banner-title-visibility":"","ast-main-header-display":"","ast-hfb-above-header-display":"","ast-hfb-below-header-display":"","ast-hfb-mobile-header-display":"","site-post-title":"","ast-breadcrumbs-content":"","ast-featured-img":"","footer-sml-layout":"","ast-disable-related-posts":"","theme-transparent-header-meta":"default","adv-header-id-meta":"","stick-header-meta":"","header-above-stick-meta":"","header-main-stick-meta":"","header-below-stick-meta":"","astra-migrate-meta-layouts":"set","ast-page-background-enabled":"default","ast-page-background-meta":{"desktop":{"background-color":"","background-image":"","background-repeat":"repeat","background-position":"center center","background-size":"auto","background-attachment":"scroll","background-type":"","background-media":"","overlay-type":"","overlay-color":"","overlay-opacity":"","overlay-gradient":""},"tablet":{"background-color":"","background-image":"","background-repeat":"repeat","background-position":"center center","background-size":"auto","background-attachment":"scroll","background-type":"","background-media":"","overlay-type":"","overlay-color":"","overlay-opacity":"","overlay-gradient":""},"mobile":{"background-color":"","background-image":"","background-repeat":"repeat","background-position":"center center","background-size":"auto","background-attachment":"scroll","background-type":"","background-media":"","overlay-type":"","overlay-color":"","overlay-opacity":"","overlay-gradient":""}},"ast-content-background-meta":{"desktop":{"background-color":"var(--ast-global-color-5)","background-image":"","background-repeat":"repeat","background-position":"center center","background-size":"auto","background-attachment":"scroll","background-type":"","background-media":"","overlay-type":"","overlay-color":"","overlay-opacity":"","overlay-gradient":""},"tablet":{"background-color":"var(--ast-global-color-5)","background-image":"","background-repeat":"repeat","background-position":"center center","background-size":"auto","background-attachment":"scroll","background-type":"","background-media":"","overlay-type":"","overlay-color":"","overlay-opacity":"","overlay-gradient":""},"mobile":{"background-color":"var(--ast-global-color-5)","background-image":"","background-repeat":"repeat","background-position":"center center","background-size":"auto","background-attachment":"scroll","background-type":"","background-media":"","overlay-type":"","overlay-color":"","overlay-opacity":"","overlay-gradient":""}}},"product_brand":[3318,3319],"product_cat":[4565,3381],"product_tag":[],"class_list":{"0":"post-23078","1":"product","2":"type-product","3":"status-publish","4":"has-post-thumbnail","6":"product_brand-maple","7":"product_brand-maplez","8":"product_cat-accessoires","9":"product_cat-patinage-de-vitesse-en-ligne","10":"desktop-align-left","11":"tablet-align-left","12":"mobile-align-left","14":"first","15":"instock","16":"sale","17":"taxable","18":"shipping-taxable","19":"purchasable","20":"product-type-simple"},"acf":[],"_links":{"self":[{"href":"https:\/\/ztsports.com\/fr\/wp-json\/wp\/v2\/product\/23078","targetHints":{"allow":["GET"]}}],"collection":[{"href":"https:\/\/ztsports.com\/fr\/wp-json\/wp\/v2\/product"}],"about":[{"href":"https:\/\/ztsports.com\/fr\/wp-json\/wp\/v2\/types\/product"}],"replies":[{"embeddable":true,"href":"https:\/\/ztsports.com\/fr\/wp-json\/wp\/v2\/comments?post=23078"}],"version-history":[{"count":1,"href":"https:\/\/ztsports.com\/fr\/wp-json\/wp\/v2\/product\/23078\/revisions"}],"predecessor-version":[{"id":23079,"href":"https:\/\/ztsports.com\/fr\/wp-json\/wp\/v2\/product\/23078\/revisions\/23079"}],"wp:featuredmedia":[{"embeddable":true,"href":"https:\/\/ztsports.com\/fr\/wp-json\/wp\/v2\/media\/23077"}],"wp:attachment":[{"href":"https:\/\/ztsports.com\/fr\/wp-json\/wp\/v2\/media?parent=23078"}],"wp:term":[{"taxonomy":"product_brand","embeddable":true,"href":"https:\/\/ztsports.com\/fr\/wp-json\/wp\/v2\/product_brand?post=23078"},{"taxonomy":"product_cat","embeddable":true,"href":"https:\/\/ztsports.com\/fr\/wp-json\/wp\/v2\/product_cat?post=23078"},{"taxonomy":"product_tag","embeddable":true,"href":"https:\/\/ztsports.com\/fr\/wp-json\/wp\/v2\/product_tag?post=23078"}],"curies":[{"name":"wp","href":"https:\/\/api.w.org\/{rel}","templated":true}]}}