{"id":23075,"date":"2023-05-11T02:23:42","date_gmt":"2023-05-11T02:23:42","guid":{"rendered":"https:\/\/ztsports.com\/?post_type=product&#038;p=23075"},"modified":"2026-03-12T12:09:53","modified_gmt":"2026-03-12T12:09:53","slug":"triple-row-stopwatch-100-lap-chronograph","status":"publish","type":"product","link":"https:\/\/ztsports.com\/fr\/store\/triple-row-stopwatch-100-lap-chronograph\/","title":{"rendered":"TRIPLE ROW STOPWATCH 100 LAP Chronograph"},"content":{"rendered":"<h1>CHRONOM\u00c8TRE \u00c0 TRIPLE LIGNE 100 TOURS<\/h1>\n<p>Le CHRONOM\u00c8TRE \u00c0 TRIPLE LIGNE 100 TOURS est un chronom\u00e8tre num\u00e9rique professionnel portatif, con\u00e7u pour l\u2019entra\u00eenement sportif.<\/p>\n<p><strong>Caract\u00e9ristiques :<\/strong><\/p>\n<ol>\n<li>Fonction d\u2019arr\u00eat : l\u2019alimentation peut \u00eatre \u00e9teinte et l\u2019horloge n\u2019a pas besoin d\u2019\u00eatre r\u00e9initialis\u00e9e.<\/li>\n<li>Fonction de d\u00e9sactivation des touches : peut \u00eatre utilis\u00e9e en silence dans des situations calmes.<\/li>\n<li>Fonction date et heure : affiche l\u2019ann\u00e9e, le mois, le jour, l\u2019heure, les minutes, les secondes, le jour de la semaine ; syst\u00e8me 12\/24 heures au choix.<\/li>\n<li>Fonction chronom\u00e8tre : affichage sur 3 lignes, m\u00e9moire segment\u00e9e, pr\u00e9cision jusqu\u2019au 1\/100 de seconde, dur\u00e9e maximale de 9 heures 59 minutes 59 secondes.<\/li>\n<li>Les valeurs les plus rapides, les plus lentes et la moyenne peuvent \u00eatre consult\u00e9es. Lors de la recherche dans la m\u00e9moire, il est possible de naviguer vers le haut ou le bas. Chaque fonction est facile \u00e0 utiliser.<\/li>\n<li>Fonction compte \u00e0 rebours : possibilit\u00e9 de r\u00e9gler un compte \u00e0 rebours et un chronom\u00e9trage. Dur\u00e9e maximale du compte \u00e0 rebours : 9 heures 59 minutes 59 secondes.<\/li>\n<li>Fonction alarme quotidienne : activation et d\u00e9sactivation rapide de l\u2019alarme.<\/li>\n<li>Fonction m\u00e9tronome : fr\u00e9quence du battement r\u00e9glable de 5 \u00e0 320 battements\/minute (par multiples de 5) avec fonction de comptage du temps.<\/li>\n<\/ol>\n<p><strong>Sp\u00e9cifications :<\/strong><\/p>\n<ul>\n<li>Mod\u00e8le : YS8100<\/li>\n<li>Couleur : blanc<\/li>\n<li>Affichage : 3 lignes, 100 pistes<\/li>\n<li>Mat\u00e9riau : coque en plastique ABS<\/li>\n<li>Batterie : pile bouton CR2032 int\u00e9gr\u00e9e<\/li>\n<li>Taille de l\u2019affichage : 35 x 23,5 mm<\/li>\n<li>Dimensions du produit : 75 x 62 x 21 mm<\/li>\n<li>Poids brut : 70 g<\/li>\n<\/ul>\n","protected":false},"excerpt":{"rendered":"<p>CHRONOM\u00c8TRE \u00c0 TRIPLE LIGNE 100 TOURS Le CHRONOM\u00c8TRE \u00c0 TRIPLE LIGNE 100 TOURS est un chronom\u00e8tre num\u00e9rique professionnel portatif, con\u00e7u pour l\u2019entra\u00eenement sportif. Caract\u00e9ristiques : Fonction d\u2019arr\u00eat : l\u2019alimentation peut \u00eatre \u00e9teinte et l\u2019horloge n\u2019a pas besoin d\u2019\u00eatre r\u00e9initialis\u00e9e. Fonction de d\u00e9sactivation des touches : peut \u00eatre utilis\u00e9e en silence dans des situations calmes. Fonction [&hellip;]<\/p>\n","protected":false},"featured_media":23074,"comment_status":"open","ping_status":"closed","template":"","meta":{"_acf_changed":false,"_monsterinsights_skip_tracking":false,"_monsterinsights_sitenote_active":false,"_monsterinsights_sitenote_note":"","_monsterinsights_sitenote_category":0,"_uf_show_specific_survey":0,"_uf_disable_surveys":false,"site-sidebar-layout":"default","site-content-layout":"","ast-site-content-layout":"default","site-content-style":"default","site-sidebar-style":"default","ast-global-header-display":"","ast-banner-title-visibility":"","ast-main-header-display":"","ast-hfb-above-header-display":"","ast-hfb-below-header-display":"","ast-hfb-mobile-header-display":"","site-post-title":"","ast-breadcrumbs-content":"","ast-featured-img":"","footer-sml-layout":"","ast-disable-related-posts":"","theme-transparent-header-meta":"default","adv-header-id-meta":"","stick-header-meta":"","header-above-stick-meta":"","header-main-stick-meta":"","header-below-stick-meta":"","astra-migrate-meta-layouts":"set","ast-page-background-enabled":"default","ast-page-background-meta":{"desktop":{"background-color":"","background-image":"","background-repeat":"repeat","background-position":"center center","background-size":"auto","background-attachment":"scroll","background-type":"","background-media":"","overlay-type":"","overlay-color":"","overlay-opacity":"","overlay-gradient":""},"tablet":{"background-color":"","background-image":"","background-repeat":"repeat","background-position":"center center","background-size":"auto","background-attachment":"scroll","background-type":"","background-media":"","overlay-type":"","overlay-color":"","overlay-opacity":"","overlay-gradient":""},"mobile":{"background-color":"","background-image":"","background-repeat":"repeat","background-position":"center center","background-size":"auto","background-attachment":"scroll","background-type":"","background-media":"","overlay-type":"","overlay-color":"","overlay-opacity":"","overlay-gradient":""}},"ast-content-background-meta":{"desktop":{"background-color":"var(--ast-global-color-5)","background-image":"","background-repeat":"repeat","background-position":"center center","background-size":"auto","background-attachment":"scroll","background-type":"","background-media":"","overlay-type":"","overlay-color":"","overlay-opacity":"","overlay-gradient":""},"tablet":{"background-color":"var(--ast-global-color-5)","background-image":"","background-repeat":"repeat","background-position":"center center","background-size":"auto","background-attachment":"scroll","background-type":"","background-media":"","overlay-type":"","overlay-color":"","overlay-opacity":"","overlay-gradient":""},"mobile":{"background-color":"var(--ast-global-color-5)","background-image":"","background-repeat":"repeat","background-position":"center center","background-size":"auto","background-attachment":"scroll","background-type":"","background-media":"","overlay-type":"","overlay-color":"","overlay-opacity":"","overlay-gradient":""}}},"product_brand":[3361,3360],"product_cat":[4565,3380,3379],"product_tag":[],"class_list":{"0":"post-23075","1":"product","2":"type-product","3":"status-publish","4":"has-post-thumbnail","6":"product_brand-x-series-xact","7":"product_brand-xact","8":"product_cat-accessoires","9":"product_cat-aides-a-lentrainement","10":"product_cat-aides-au-coaching-et-a-lentrainement","11":"desktop-align-left","12":"tablet-align-left","13":"mobile-align-left","15":"first","16":"instock","17":"taxable","18":"shipping-taxable","19":"purchasable","20":"product-type-simple"},"acf":[],"_links":{"self":[{"href":"https:\/\/ztsports.com\/fr\/wp-json\/wp\/v2\/product\/23075","targetHints":{"allow":["GET"]}}],"collection":[{"href":"https:\/\/ztsports.com\/fr\/wp-json\/wp\/v2\/product"}],"about":[{"href":"https:\/\/ztsports.com\/fr\/wp-json\/wp\/v2\/types\/product"}],"replies":[{"embeddable":true,"href":"https:\/\/ztsports.com\/fr\/wp-json\/wp\/v2\/comments?post=23075"}],"version-history":[{"count":1,"href":"https:\/\/ztsports.com\/fr\/wp-json\/wp\/v2\/product\/23075\/revisions"}],"predecessor-version":[{"id":23076,"href":"https:\/\/ztsports.com\/fr\/wp-json\/wp\/v2\/product\/23075\/revisions\/23076"}],"wp:featuredmedia":[{"embeddable":true,"href":"https:\/\/ztsports.com\/fr\/wp-json\/wp\/v2\/media\/23074"}],"wp:attachment":[{"href":"https:\/\/ztsports.com\/fr\/wp-json\/wp\/v2\/media?parent=23075"}],"wp:term":[{"taxonomy":"product_brand","embeddable":true,"href":"https:\/\/ztsports.com\/fr\/wp-json\/wp\/v2\/product_brand?post=23075"},{"taxonomy":"product_cat","embeddable":true,"href":"https:\/\/ztsports.com\/fr\/wp-json\/wp\/v2\/product_cat?post=23075"},{"taxonomy":"product_tag","embeddable":true,"href":"https:\/\/ztsports.com\/fr\/wp-json\/wp\/v2\/product_tag?post=23075"}],"curies":[{"name":"wp","href":"https:\/\/api.w.org\/{rel}","templated":true}]}}