{"id":23072,"date":"2023-05-11T15:00:39","date_gmt":"2023-05-11T15:00:39","guid":{"rendered":"https:\/\/ztsports.com\/?post_type=product&#038;p=23072"},"modified":"2026-03-18T12:26:00","modified_gmt":"2026-03-18T12:26:00","slug":"long-track-pendant-skate-tec-new","status":"publish","type":"product","link":"https:\/\/ztsports.com\/fr\/store\/long-track-pendant-skate-tec-new\/","title":{"rendered":"LONG TRACK PENDANT SKATE-TEC NEW"},"content":{"rendered":"<p>Le PENDENTIF LONG TRACK de SKATE-TEC est fabriqu\u00e9 \u00e0 100 % en argent sterling 925.<\/p>\n<p>Soyez styl\u00e9 avec notre nouveau <em>Collier SKATE-TEC<\/em>, disponible en mod\u00e8le Long Track ou Short Track.<\/p>\n<p>Soyez l&#8217;envie de tous et affichez votre sport en argent sterling 925.<\/p>\n<p>Livr\u00e9 dans un \u00e9crin en velours.<\/p>\n<p>Fabriqu\u00e9 \u00e0 100 % en argent sterling 925.<\/p>\n<p>D\u00e9couvrez \u00e9galement tous nos autres <a href=\"https:\/\/ztsports.com\/product-category\/sports-jewelry\/\"><strong>bijoux sportifs ici.<\/strong><\/a><\/p>\n<p>De plus, vous trouverez d&#8217;autres <a href=\"https:\/\/ztsports.com\/product-category\/skater-gifts\/\"><strong>cadeaux pour patineurs ici.<\/strong><\/a><\/p>\n","protected":false},"excerpt":{"rendered":"<p>Le PENDENTIF LONG TRACK de SKATE-TEC est fabriqu\u00e9 \u00e0 100 % en argent sterling 925. Soyez styl\u00e9 avec notre nouveau Collier SKATE-TEC, disponible en mod\u00e8le Long Track ou Short Track. Soyez l&#8217;envie de tous et affichez votre sport en argent sterling 925. Livr\u00e9 dans un \u00e9crin en velours. Fabriqu\u00e9 \u00e0 100 % en argent sterling [&hellip;]<\/p>\n","protected":false},"featured_media":23067,"comment_status":"open","ping_status":"closed","template":"","meta":{"_acf_changed":false,"_monsterinsights_skip_tracking":false,"_monsterinsights_sitenote_active":false,"_monsterinsights_sitenote_note":"","_monsterinsights_sitenote_category":0,"_uf_show_specific_survey":0,"_uf_disable_surveys":false,"site-sidebar-layout":"default","site-content-layout":"","ast-site-content-layout":"default","site-content-style":"default","site-sidebar-style":"default","ast-global-header-display":"","ast-banner-title-visibility":"","ast-main-header-display":"","ast-hfb-above-header-display":"","ast-hfb-below-header-display":"","ast-hfb-mobile-header-display":"","site-post-title":"","ast-breadcrumbs-content":"","ast-featured-img":"","footer-sml-layout":"","ast-disable-related-posts":"","theme-transparent-header-meta":"default","adv-header-id-meta":"","stick-header-meta":"","header-above-stick-meta":"","header-main-stick-meta":"","header-below-stick-meta":"","astra-migrate-meta-layouts":"set","ast-page-background-enabled":"default","ast-page-background-meta":{"desktop":{"background-color":"","background-image":"","background-repeat":"repeat","background-position":"center center","background-size":"auto","background-attachment":"scroll","background-type":"","background-media":"","overlay-type":"","overlay-color":"","overlay-opacity":"","overlay-gradient":""},"tablet":{"background-color":"","background-image":"","background-repeat":"repeat","background-position":"center center","background-size":"auto","background-attachment":"scroll","background-type":"","background-media":"","overlay-type":"","overlay-color":"","overlay-opacity":"","overlay-gradient":""},"mobile":{"background-color":"","background-image":"","background-repeat":"repeat","background-position":"center center","background-size":"auto","background-attachment":"scroll","background-type":"","background-media":"","overlay-type":"","overlay-color":"","overlay-opacity":"","overlay-gradient":""}},"ast-content-background-meta":{"desktop":{"background-color":"var(--ast-global-color-5)","background-image":"","background-repeat":"repeat","background-position":"center center","background-size":"auto","background-attachment":"scroll","background-type":"","background-media":"","overlay-type":"","overlay-color":"","overlay-opacity":"","overlay-gradient":""},"tablet":{"background-color":"var(--ast-global-color-5)","background-image":"","background-repeat":"repeat","background-position":"center center","background-size":"auto","background-attachment":"scroll","background-type":"","background-media":"","overlay-type":"","overlay-color":"","overlay-opacity":"","overlay-gradient":""},"mobile":{"background-color":"var(--ast-global-color-5)","background-image":"","background-repeat":"repeat","background-position":"center center","background-size":"auto","background-attachment":"scroll","background-type":"","background-media":"","overlay-type":"","overlay-color":"","overlay-opacity":"","overlay-gradient":""}}},"product_brand":[3338],"product_cat":[4577,4554],"product_tag":[],"class_list":{"0":"post-23072","1":"product","2":"type-product","3":"status-publish","4":"has-post-thumbnail","6":"product_brand-skate-tec","7":"product_cat-cadeaux","8":"product_cat-vetements","9":"desktop-align-left","10":"tablet-align-left","11":"mobile-align-left","13":"first","14":"instock","15":"taxable","16":"shipping-taxable","17":"purchasable","18":"product-type-simple"},"acf":[],"_links":{"self":[{"href":"https:\/\/ztsports.com\/fr\/wp-json\/wp\/v2\/product\/23072","targetHints":{"allow":["GET"]}}],"collection":[{"href":"https:\/\/ztsports.com\/fr\/wp-json\/wp\/v2\/product"}],"about":[{"href":"https:\/\/ztsports.com\/fr\/wp-json\/wp\/v2\/types\/product"}],"replies":[{"embeddable":true,"href":"https:\/\/ztsports.com\/fr\/wp-json\/wp\/v2\/comments?post=23072"}],"version-history":[{"count":1,"href":"https:\/\/ztsports.com\/fr\/wp-json\/wp\/v2\/product\/23072\/revisions"}],"predecessor-version":[{"id":23073,"href":"https:\/\/ztsports.com\/fr\/wp-json\/wp\/v2\/product\/23072\/revisions\/23073"}],"wp:featuredmedia":[{"embeddable":true,"href":"https:\/\/ztsports.com\/fr\/wp-json\/wp\/v2\/media\/23067"}],"wp:attachment":[{"href":"https:\/\/ztsports.com\/fr\/wp-json\/wp\/v2\/media?parent=23072"}],"wp:term":[{"taxonomy":"product_brand","embeddable":true,"href":"https:\/\/ztsports.com\/fr\/wp-json\/wp\/v2\/product_brand?post=23072"},{"taxonomy":"product_cat","embeddable":true,"href":"https:\/\/ztsports.com\/fr\/wp-json\/wp\/v2\/product_cat?post=23072"},{"taxonomy":"product_tag","embeddable":true,"href":"https:\/\/ztsports.com\/fr\/wp-json\/wp\/v2\/product_tag?post=23072"}],"curies":[{"name":"wp","href":"https:\/\/api.w.org\/{rel}","templated":true}]}}