{"id":23063,"date":"2023-05-18T22:01:14","date_gmt":"2023-05-18T22:01:14","guid":{"rendered":"https:\/\/ztsports.com\/?post_type=product&#038;p=23063"},"modified":"2026-03-09T07:19:52","modified_gmt":"2026-03-09T07:19:52","slug":"bont-bnt-short-track-boot-2","status":"publish","type":"product","link":"https:\/\/ztsports.com\/fr\/store\/bont-bnt-short-track-boot-2\/","title":{"rendered":"BONT BNT Short Track Boot"},"content":{"rendered":"<h1 data-rm-block-id=\"block-1\">Botte BONT BNT Short Track<\/h1>\n<p data-rm-block-id=\"block-2\"><strong>\u00a0<\/strong>La botte Bont BNT short track est une \u00e9volution de la Z. Contrairement \u00e0 la Z, construite en carbone et fibre de verre, la BNT est fabriqu\u00e9e \u00e0 100 % en carbone, ce qui la rend plus rigide que la Z.<\/p>\n<p data-rm-block-id=\"block-3\">La peau ext\u00e9rieure est \u00e9galement fabriqu\u00e9e avec un mat\u00e9riau de meilleure qualit\u00e9 que la Z. Le rembourrage en mousse est plus fin et plus ferme que celui de la Z et il n\u2019y a pas de thermoplastique dans la botte, ce qui la rend un peu moins thermoformable mais plus l\u00e9g\u00e8re. La botte reste n\u00e9anmoins thermoformable gr\u00e2ce \u00e0 la r\u00e9sine.<\/p>\n<ul>\n<li>\n<h3 data-rm-block-id=\"block-4\"><strong>Super promotion Bont BNT en rouge, taille 37 seulement !<\/strong><\/h3>\n<\/li>\n<\/ul>\n<p data-rm-block-id=\"block-5\">La BNT a \u00e9tabli un nouveau standard dans le monde du patinage inline et nous esp\u00e9rons qu\u2019elle fera de m\u00eame en short track. Les meilleurs patineurs inline ont d\u00e9clar\u00e9 que c\u2019est la botte de s\u00e9rie la mieux adapt\u00e9e qu\u2019ils aient jamais port\u00e9e. Nous avons \u00e9galement une \u00e9dition BOA avec un syst\u00e8me de r\u00e9glage rapide. La BNT est l\u2019une des bottes les plus l\u00e9g\u00e8res que nous ayons jamais fabriqu\u00e9es, si l\u00e9g\u00e8re que vous aurez \u00e0 peine l\u2019impression de la porter.<\/p>\n<ul>\n<li><strong>Caract\u00e9ristiques<\/strong>\n<ul>\n<li data-rm-block-id=\"block-6\"><strong>Base :<\/strong> 100 % carbone avec finition mate<\/li>\n<li data-rm-block-id=\"block-7\"><strong>Peau ext\u00e9rieure :<\/strong> Durolite<\/li>\n<li data-rm-block-id=\"block-8\"><strong>Doublure :<\/strong> Suede-L<\/li>\n<li data-rm-block-id=\"block-9\"><strong>Semelle int\u00e9rieure :<\/strong> EVA thermoformable<\/li>\n<li data-rm-block-id=\"block-10\"><strong>Thermoformable :<\/strong> Base enti\u00e8rement thermoformable utilisant une r\u00e9sine \u00e9poxy thermodurcissable<\/li>\n<li data-rm-block-id=\"block-11\"><strong>Rembourrage :<\/strong> N\u00e9opr\u00e8ne 2 mm<\/li>\n<li data-rm-block-id=\"block-12\"><strong>Protection :<\/strong> aucune<\/li>\n<li data-rm-block-id=\"block-13\"><strong>Vegan :<\/strong> Oui<\/li>\n<\/ul>\n<\/li>\n<\/ul>\n<h5 class=\"tw-data-text tw-text-large tw-ta\" dir=\"ltr\" data-placeholder=\"Translation\" data-rm-block-id=\"block-14\">Voici une vid\u00e9o sur <a href=\"https:\/\/www.youtube.com\/watch?v=2AfKfzVSCWk\" target=\"_blank\" rel=\"noopener\"><strong>la thermoformage de vos bottes Bont.<\/strong><\/a><\/h5>\n<p dir=\"ltr\" data-placeholder=\"Translation\" data-rm-block-id=\"block-15\">Enfin, vous pouvez trouver toutes nos <a href=\"\/?product_cat=speed-skating-boots\"><strong>bottes Short Track ici.<\/strong><\/a><\/p>\n","protected":false},"excerpt":{"rendered":"<p>Botte BONT BNT Short Track \u00a0La botte Bont BNT short track est une \u00e9volution de la Z. Contrairement \u00e0 la Z, construite en carbone et fibre de verre, la BNT est fabriqu\u00e9e \u00e0 100 % en carbone, ce qui la rend plus rigide que la Z. La peau ext\u00e9rieure est \u00e9galement fabriqu\u00e9e avec un mat\u00e9riau [&hellip;]<\/p>\n","protected":false},"featured_media":23059,"comment_status":"open","ping_status":"closed","template":"","meta":{"_acf_changed":false,"_monsterinsights_skip_tracking":false,"_monsterinsights_sitenote_active":false,"_monsterinsights_sitenote_note":"","_monsterinsights_sitenote_category":0,"_uf_show_specific_survey":0,"_uf_disable_surveys":false,"site-sidebar-layout":"default","site-content-layout":"","ast-site-content-layout":"default","site-content-style":"default","site-sidebar-style":"default","ast-global-header-display":"","ast-banner-title-visibility":"","ast-main-header-display":"","ast-hfb-above-header-display":"","ast-hfb-below-header-display":"","ast-hfb-mobile-header-display":"","site-post-title":"","ast-breadcrumbs-content":"","ast-featured-img":"","footer-sml-layout":"","ast-disable-related-posts":"","theme-transparent-header-meta":"default","adv-header-id-meta":"","stick-header-meta":"","header-above-stick-meta":"","header-main-stick-meta":"","header-below-stick-meta":"","astra-migrate-meta-layouts":"set","ast-page-background-enabled":"default","ast-page-background-meta":{"desktop":{"background-color":"","background-image":"","background-repeat":"repeat","background-position":"center center","background-size":"auto","background-attachment":"scroll","background-type":"","background-media":"","overlay-type":"","overlay-color":"","overlay-opacity":"","overlay-gradient":""},"tablet":{"background-color":"","background-image":"","background-repeat":"repeat","background-position":"center center","background-size":"auto","background-attachment":"scroll","background-type":"","background-media":"","overlay-type":"","overlay-color":"","overlay-opacity":"","overlay-gradient":""},"mobile":{"background-color":"","background-image":"","background-repeat":"repeat","background-position":"center center","background-size":"auto","background-attachment":"scroll","background-type":"","background-media":"","overlay-type":"","overlay-color":"","overlay-opacity":"","overlay-gradient":""}},"ast-content-background-meta":{"desktop":{"background-color":"var(--ast-global-color-5)","background-image":"","background-repeat":"repeat","background-position":"center center","background-size":"auto","background-attachment":"scroll","background-type":"","background-media":"","overlay-type":"","overlay-color":"","overlay-opacity":"","overlay-gradient":""},"tablet":{"background-color":"var(--ast-global-color-5)","background-image":"","background-repeat":"repeat","background-position":"center center","background-size":"auto","background-attachment":"scroll","background-type":"","background-media":"","overlay-type":"","overlay-color":"","overlay-opacity":"","overlay-gradient":""},"mobile":{"background-color":"var(--ast-global-color-5)","background-image":"","background-repeat":"repeat","background-position":"center center","background-size":"auto","background-attachment":"scroll","background-type":"","background-media":"","overlay-type":"","overlay-color":"","overlay-opacity":"","overlay-gradient":""}}},"product_brand":[3285,3342],"product_cat":[3378],"product_tag":[3796],"class_list":{"0":"post-23063","1":"product","2":"type-product","3":"status-publish","4":"has-post-thumbnail","6":"product_brand-bont","7":"product_brand-spring-cleaning","8":"product_cat-non-categorise","9":"product_tag-short-track","10":"desktop-align-left","11":"tablet-align-left","12":"mobile-align-left","14":"first","15":"instock","16":"featured","17":"taxable","18":"shipping-taxable","19":"purchasable","20":"product-type-simple"},"acf":[],"_links":{"self":[{"href":"https:\/\/ztsports.com\/fr\/wp-json\/wp\/v2\/product\/23063","targetHints":{"allow":["GET"]}}],"collection":[{"href":"https:\/\/ztsports.com\/fr\/wp-json\/wp\/v2\/product"}],"about":[{"href":"https:\/\/ztsports.com\/fr\/wp-json\/wp\/v2\/types\/product"}],"replies":[{"embeddable":true,"href":"https:\/\/ztsports.com\/fr\/wp-json\/wp\/v2\/comments?post=23063"}],"version-history":[{"count":3,"href":"https:\/\/ztsports.com\/fr\/wp-json\/wp\/v2\/product\/23063\/revisions"}],"predecessor-version":[{"id":23066,"href":"https:\/\/ztsports.com\/fr\/wp-json\/wp\/v2\/product\/23063\/revisions\/23066"}],"wp:featuredmedia":[{"embeddable":true,"href":"https:\/\/ztsports.com\/fr\/wp-json\/wp\/v2\/media\/23059"}],"wp:attachment":[{"href":"https:\/\/ztsports.com\/fr\/wp-json\/wp\/v2\/media?parent=23063"}],"wp:term":[{"taxonomy":"product_brand","embeddable":true,"href":"https:\/\/ztsports.com\/fr\/wp-json\/wp\/v2\/product_brand?post=23063"},{"taxonomy":"product_cat","embeddable":true,"href":"https:\/\/ztsports.com\/fr\/wp-json\/wp\/v2\/product_cat?post=23063"},{"taxonomy":"product_tag","embeddable":true,"href":"https:\/\/ztsports.com\/fr\/wp-json\/wp\/v2\/product_tag?post=23063"}],"curies":[{"name":"wp","href":"https:\/\/api.w.org\/{rel}","templated":true}]}}