{"id":23056,"date":"2023-05-18T22:22:33","date_gmt":"2023-05-18T22:22:33","guid":{"rendered":"https:\/\/ztsports.com\/?post_type=product&#038;p=23056"},"modified":"2026-03-09T07:18:26","modified_gmt":"2026-03-09T07:18:26","slug":"bnt-long-track-boots-bont-lt-bnt","status":"publish","type":"product","link":"https:\/\/ztsports.com\/fr\/store\/bnt-long-track-boots-bont-lt-bnt\/","title":{"rendered":"BNT Long Track Boots Bont LT BNT"},"content":{"rendered":"<h1 class=\"product-title\" align=\"left\">Bottes BNT Long Track Bont<\/h1>\n<div class=\"detailmodule_text-image\" data-spm-anchor-id=\"a2g0o.detail.1000023.i1.39271d0c8V4JaZ\">\n<div><\/div>\n<p align=\"left\" data-spm-anchor-id=\"a2g0o.detail.1000023.i0.39271d0c8V4JaZ\">Les bottes BNT Long Track Bont sont fabriqu\u00e9es \u00e0 100 % en carbone unidirectionnel et poss\u00e8dent une tige Durolite. De plus, les BNT sont extr\u00eamement l\u00e9g\u00e8res et confortables. Elles sont \u00e9galement disponibles en plusieurs options de couleurs. Veuillez nous contacter par email pour obtenir la liste compl\u00e8te.<\/p>\n<p align=\"left\"><strong>*Remarque<\/strong> : cette botte sera fabriqu\u00e9e avec <strong>s\u00e9paration Euro<\/strong>. Cela signifie que l\u2019espacement pour le montage des lames d\u00e9pendra de la pointure de la botte command\u00e9e.<\/p>\n<p><strong>Caract\u00e9ristiques<\/strong><\/p>\n<div align=\"left\">\n<div>\n<ul>\n<li><strong>Base :<\/strong> 100 % carbone avec carbone unidirectionnel et finition mate<\/li>\n<li><strong>Peau ext\u00e9rieure :<\/strong> Durolite<\/li>\n<li><strong>Doublure :<\/strong> Suede-L<\/li>\n<li><strong>Pente :<\/strong> 12 mm<\/li>\n<li><strong>Semelle int\u00e9rieure :<\/strong> Cuir<\/li>\n<li><strong>Thermoformable :<\/strong> Base enti\u00e8rement thermoformable utilisant une r\u00e9sine \u00e9poxy thermodurcissable<\/li>\n<li><strong>Rembourrage :<\/strong> Mousse \u00e0 m\u00e9moire de forme haute densit\u00e9<\/li>\n<li><strong>Options de fermeture :<\/strong> Lacets et couverture de lacets avec fermeture \u00e9clair<\/li>\n<li><strong>Options de largeur :<\/strong> Standard, \u00e9troite et large<\/li>\n<li>Peut \u00eatre command\u00e9e sur mesure avec co\u00fbt suppl\u00e9mentaire<\/li>\n<\/ul>\n<\/div>\n<\/div>\n<\/div>\n<p>BOTTES BONT LT BNT<\/p>\n<p>La botte BONT BNT a remplac\u00e9 les bottes Bont Z.<\/p>\n<p>Enfin, consultez toutes nos <a href=\"\/?product_cat=boots1\"><strong>bottes Long Track<\/strong><\/a> ici.<\/p>\n","protected":false},"excerpt":{"rendered":"<p>Bottes BNT Long Track Bont Les bottes BNT Long Track Bont sont fabriqu\u00e9es \u00e0 100 % en carbone unidirectionnel et poss\u00e8dent une tige Durolite. De plus, les BNT sont extr\u00eamement l\u00e9g\u00e8res et confortables. Elles sont \u00e9galement disponibles en plusieurs options de couleurs. Veuillez nous contacter par email pour obtenir la liste compl\u00e8te. *Remarque : cette [&hellip;]<\/p>\n","protected":false},"featured_media":23052,"comment_status":"open","ping_status":"closed","template":"","meta":{"_acf_changed":false,"_monsterinsights_skip_tracking":false,"_monsterinsights_sitenote_active":false,"_monsterinsights_sitenote_note":"","_monsterinsights_sitenote_category":0,"_uf_show_specific_survey":0,"_uf_disable_surveys":false,"site-sidebar-layout":"default","site-content-layout":"","ast-site-content-layout":"default","site-content-style":"default","site-sidebar-style":"default","ast-global-header-display":"","ast-banner-title-visibility":"","ast-main-header-display":"","ast-hfb-above-header-display":"","ast-hfb-below-header-display":"","ast-hfb-mobile-header-display":"","site-post-title":"","ast-breadcrumbs-content":"","ast-featured-img":"","footer-sml-layout":"","ast-disable-related-posts":"","theme-transparent-header-meta":"default","adv-header-id-meta":"","stick-header-meta":"","header-above-stick-meta":"","header-main-stick-meta":"","header-below-stick-meta":"","astra-migrate-meta-layouts":"set","ast-page-background-enabled":"default","ast-page-background-meta":{"desktop":{"background-color":"","background-image":"","background-repeat":"repeat","background-position":"center center","background-size":"auto","background-attachment":"scroll","background-type":"","background-media":"","overlay-type":"","overlay-color":"","overlay-opacity":"","overlay-gradient":""},"tablet":{"background-color":"","background-image":"","background-repeat":"repeat","background-position":"center center","background-size":"auto","background-attachment":"scroll","background-type":"","background-media":"","overlay-type":"","overlay-color":"","overlay-opacity":"","overlay-gradient":""},"mobile":{"background-color":"","background-image":"","background-repeat":"repeat","background-position":"center center","background-size":"auto","background-attachment":"scroll","background-type":"","background-media":"","overlay-type":"","overlay-color":"","overlay-opacity":"","overlay-gradient":""}},"ast-content-background-meta":{"desktop":{"background-color":"var(--ast-global-color-5)","background-image":"","background-repeat":"repeat","background-position":"center center","background-size":"auto","background-attachment":"scroll","background-type":"","background-media":"","overlay-type":"","overlay-color":"","overlay-opacity":"","overlay-gradient":""},"tablet":{"background-color":"var(--ast-global-color-5)","background-image":"","background-repeat":"repeat","background-position":"center center","background-size":"auto","background-attachment":"scroll","background-type":"","background-media":"","overlay-type":"","overlay-color":"","overlay-opacity":"","overlay-gradient":""},"mobile":{"background-color":"var(--ast-global-color-5)","background-image":"","background-repeat":"repeat","background-position":"center center","background-size":"auto","background-attachment":"scroll","background-type":"","background-media":"","overlay-type":"","overlay-color":"","overlay-opacity":"","overlay-gradient":""}}},"product_brand":[3285],"product_cat":[3378],"product_tag":[],"class_list":{"0":"post-23056","1":"product","2":"type-product","3":"status-publish","4":"has-post-thumbnail","6":"product_brand-bont","7":"product_cat-non-categorise","8":"desktop-align-left","9":"tablet-align-left","10":"mobile-align-left","12":"first","13":"instock","14":"taxable","15":"shipping-taxable","16":"purchasable","17":"product-type-simple"},"acf":[],"_links":{"self":[{"href":"https:\/\/ztsports.com\/fr\/wp-json\/wp\/v2\/product\/23056","targetHints":{"allow":["GET"]}}],"collection":[{"href":"https:\/\/ztsports.com\/fr\/wp-json\/wp\/v2\/product"}],"about":[{"href":"https:\/\/ztsports.com\/fr\/wp-json\/wp\/v2\/types\/product"}],"replies":[{"embeddable":true,"href":"https:\/\/ztsports.com\/fr\/wp-json\/wp\/v2\/comments?post=23056"}],"version-history":[{"count":2,"href":"https:\/\/ztsports.com\/fr\/wp-json\/wp\/v2\/product\/23056\/revisions"}],"predecessor-version":[{"id":23058,"href":"https:\/\/ztsports.com\/fr\/wp-json\/wp\/v2\/product\/23056\/revisions\/23058"}],"wp:featuredmedia":[{"embeddable":true,"href":"https:\/\/ztsports.com\/fr\/wp-json\/wp\/v2\/media\/23052"}],"wp:attachment":[{"href":"https:\/\/ztsports.com\/fr\/wp-json\/wp\/v2\/media?parent=23056"}],"wp:term":[{"taxonomy":"product_brand","embeddable":true,"href":"https:\/\/ztsports.com\/fr\/wp-json\/wp\/v2\/product_brand?post=23056"},{"taxonomy":"product_cat","embeddable":true,"href":"https:\/\/ztsports.com\/fr\/wp-json\/wp\/v2\/product_cat?post=23056"},{"taxonomy":"product_tag","embeddable":true,"href":"https:\/\/ztsports.com\/fr\/wp-json\/wp\/v2\/product_tag?post=23056"}],"curies":[{"name":"wp","href":"https:\/\/api.w.org\/{rel}","templated":true}]}}