{"id":23049,"date":"2023-05-20T22:15:27","date_gmt":"2023-05-20T22:15:27","guid":{"rendered":"https:\/\/ztsports.com\/?post_type=product&#038;p=23049"},"modified":"2026-03-09T07:16:17","modified_gmt":"2026-03-09T07:16:17","slug":"ehs-xq-st-blade-mfd-netherlands","status":"publish","type":"product","link":"https:\/\/ztsports.com\/fr\/store\/ehs-xq-st-blade-mfd-netherlands\/","title":{"rendered":"EHS XQ ST BLADE MFD NETHERLANDS"},"content":{"rendered":"<h1>LAME EHS XQ ST<\/h1>\n<p>Les lames EHS XQ Short Track sont con\u00e7ues pour un contr\u00f4le ultime. L\u2019un des nouveaux mod\u00e8les phares d\u2019EHS.<\/p>\n<div class=\"rte\">\n<p class=\"font_8\">La XQ est con\u00e7ue pour les patineurs recherchant le <strong>summum du design QCS. O<\/strong>ffrant un contr\u00f4le, des sensations et une glisse incomparables. Con\u00e7ue avec un aluminium de tube de la plus haute qualit\u00e9 provenant des Pays-Bas.<\/p>\n<p class=\"font_8\">La XQ utilise uniquement des patins en acier PM premium ou en acier bi-m\u00e9tal soigneusement s\u00e9lectionn\u00e9s \u00e0 la main.<\/p>\n<p class=\"font_8\"><span class=\"color_11\">De plus, la XQ int\u00e8gre notre technologie exclusive <\/span>Precise Bend Technology.<span class=\"color_11\"> Permettant des rayons de courbure extr\u00eamement pr\u00e9cis et fluides. <\/span>En outre, elles sont fabriqu\u00e9es du d\u00e9but \u00e0 la fin en interne par les artisans de Hagen Techniek. Enfin, les cups sont fabriqu\u00e9s \u00e0 partir d\u2019un aluminium plus l\u00e9ger et plus r\u00e9sistant pour une rigidit\u00e9 accrue et un poids r\u00e9duit. Les cups peuvent \u00eatre command\u00e9s \u00e0 diff\u00e9rentes hauteurs.<\/p>\n<p>StayBent by EHS XQ<\/p>\n<ul>\n<li>L\u2019un des nouveaux mod\u00e8les phares d\u2019EHS<\/li>\n<li>La XQ est con\u00e7ue pour les patineurs recherchant le meilleur du design QCS<\/li>\n<li>Elle offre un contr\u00f4le, des sensations et une glisse incomparables<\/li>\n<li>Con\u00e7ue avec un aluminium de tube de la plus haute qualit\u00e9 provenant des Pays-Bas<\/li>\n<li>Utilise uniquement des patins en acier PM premium ou en acier bi-m\u00e9tal s\u00e9lectionn\u00e9s \u00e0 la main<\/li>\n<li>Int\u00e8gre notre technologie exclusive Precise Bend Technology permettant des rayons de courbure tr\u00e8s pr\u00e9cis et fluides<\/li>\n<li>Fabriqu\u00e9e du d\u00e9but \u00e0 la fin en interne par les artisans de Hagen Techniek aux Pays-Bas<\/li>\n<li>Les nouveaux Pro Cups sont fabriqu\u00e9s \u00e0 partir d\u2019un aluminium plus l\u00e9ger et plus r\u00e9sistant pour plus de rigidit\u00e9 et moins de poids, et peuvent \u00eatre command\u00e9s en diff\u00e9rentes hauteurs<\/li>\n<li>Si vous avez besoin de diff\u00e9rentes hauteurs de cups, veuillez le pr\u00e9ciser lors du passage \u00e0 la caisse dans les commentaires<\/li>\n<li>\n<h4><strong>LAMES EHS XQ ST Rigidit\u00e9 : Flex pour patineurs de 145 lb ou moins<\/strong><\/h4>\n<\/li>\n<\/ul>\n<\/div>\n<p><strong>Fabriqu\u00e9es aux <a href=\"https:\/\/www.ehskates.com\/technology\" target=\"_blank\" rel=\"noopener\">Pays-Bas !<\/a><\/strong><\/p>\n<p>Y<a href=\"https:\/\/ztsports.com\/brand\/staybent-by-ehs\/ehs\/\">ou pouvez voir tous les <strong>produits EHS ici.<\/strong><\/a><\/p>\n<h3>En savoir plus sur EHS <a href=\"https:\/\/ehs-staybent.com\/pages\/about-us\" target=\"_blank\" rel=\"noopener\">ici<\/a><\/h3>\n<p><a href=\"https:\/\/ztsports.com\/product-category\/short-track\/blades\/\">Enfin, vous pouvez voir et comparer <strong>toutes nos lames short track ici<\/strong>.<\/a><\/p>\n<h3 data-rm-block-id=\"block-14\">N\u2019oubliez pas d\u2019ajouter la <strong><a href=\"https:\/\/ztsports.com\/product\/short-track-blade-preparation\/\">pr\u00e9paration de la lame.<\/a><\/strong><\/h3>\n","protected":false},"excerpt":{"rendered":"<p>LAME EHS XQ ST Les lames EHS XQ Short Track sont con\u00e7ues pour un contr\u00f4le ultime. L\u2019un des nouveaux mod\u00e8les phares d\u2019EHS. La XQ est con\u00e7ue pour les patineurs recherchant le summum du design QCS. Offrant un contr\u00f4le, des sensations et une glisse incomparables. Con\u00e7ue avec un aluminium de tube de la plus haute qualit\u00e9 [&hellip;]<\/p>\n","protected":false},"featured_media":23047,"comment_status":"open","ping_status":"closed","template":"","meta":{"_acf_changed":false,"_monsterinsights_skip_tracking":false,"_monsterinsights_sitenote_active":false,"_monsterinsights_sitenote_note":"","_monsterinsights_sitenote_category":0,"_uf_show_specific_survey":0,"_uf_disable_surveys":false,"site-sidebar-layout":"default","site-content-layout":"","ast-site-content-layout":"default","site-content-style":"default","site-sidebar-style":"default","ast-global-header-display":"","ast-banner-title-visibility":"","ast-main-header-display":"","ast-hfb-above-header-display":"","ast-hfb-below-header-display":"","ast-hfb-mobile-header-display":"","site-post-title":"","ast-breadcrumbs-content":"","ast-featured-img":"","footer-sml-layout":"","ast-disable-related-posts":"","theme-transparent-header-meta":"default","adv-header-id-meta":"","stick-header-meta":"","header-above-stick-meta":"","header-main-stick-meta":"","header-below-stick-meta":"","astra-migrate-meta-layouts":"set","ast-page-background-enabled":"default","ast-page-background-meta":{"desktop":{"background-color":"","background-image":"","background-repeat":"repeat","background-position":"center center","background-size":"auto","background-attachment":"scroll","background-type":"","background-media":"","overlay-type":"","overlay-color":"","overlay-opacity":"","overlay-gradient":""},"tablet":{"background-color":"","background-image":"","background-repeat":"repeat","background-position":"center center","background-size":"auto","background-attachment":"scroll","background-type":"","background-media":"","overlay-type":"","overlay-color":"","overlay-opacity":"","overlay-gradient":""},"mobile":{"background-color":"","background-image":"","background-repeat":"repeat","background-position":"center center","background-size":"auto","background-attachment":"scroll","background-type":"","background-media":"","overlay-type":"","overlay-color":"","overlay-opacity":"","overlay-gradient":""}},"ast-content-background-meta":{"desktop":{"background-color":"var(--ast-global-color-5)","background-image":"","background-repeat":"repeat","background-position":"center center","background-size":"auto","background-attachment":"scroll","background-type":"","background-media":"","overlay-type":"","overlay-color":"","overlay-opacity":"","overlay-gradient":""},"tablet":{"background-color":"var(--ast-global-color-5)","background-image":"","background-repeat":"repeat","background-position":"center center","background-size":"auto","background-attachment":"scroll","background-type":"","background-media":"","overlay-type":"","overlay-color":"","overlay-opacity":"","overlay-gradient":""},"mobile":{"background-color":"var(--ast-global-color-5)","background-image":"","background-repeat":"repeat","background-position":"center center","background-size":"auto","background-attachment":"scroll","background-type":"","background-media":"","overlay-type":"","overlay-color":"","overlay-opacity":"","overlay-gradient":""}}},"product_brand":[3347,3344,3346],"product_cat":[4561,4560],"product_tag":[3811,3796,3806,3805],"class_list":{"0":"post-23049","1":"product","2":"type-product","3":"status-publish","4":"has-post-thumbnail","6":"product_brand-ehs","7":"product_brand-stay-bent","8":"product_brand-staybent-by-ehs","9":"product_cat-blades","10":"product_cat-short-track-blades","11":"product_tag-ehs","12":"product_tag-short-track","13":"product_tag-staybent","14":"product_tag-staybent-by-ehs","15":"desktop-align-left","16":"tablet-align-left","17":"mobile-align-left","19":"first","20":"instock","21":"featured","22":"taxable","23":"shipping-taxable","24":"purchasable","25":"product-type-simple"},"acf":[],"_links":{"self":[{"href":"https:\/\/ztsports.com\/fr\/wp-json\/wp\/v2\/product\/23049","targetHints":{"allow":["GET"]}}],"collection":[{"href":"https:\/\/ztsports.com\/fr\/wp-json\/wp\/v2\/product"}],"about":[{"href":"https:\/\/ztsports.com\/fr\/wp-json\/wp\/v2\/types\/product"}],"replies":[{"embeddable":true,"href":"https:\/\/ztsports.com\/fr\/wp-json\/wp\/v2\/comments?post=23049"}],"version-history":[{"count":2,"href":"https:\/\/ztsports.com\/fr\/wp-json\/wp\/v2\/product\/23049\/revisions"}],"predecessor-version":[{"id":23051,"href":"https:\/\/ztsports.com\/fr\/wp-json\/wp\/v2\/product\/23049\/revisions\/23051"}],"wp:featuredmedia":[{"embeddable":true,"href":"https:\/\/ztsports.com\/fr\/wp-json\/wp\/v2\/media\/23047"}],"wp:attachment":[{"href":"https:\/\/ztsports.com\/fr\/wp-json\/wp\/v2\/media?parent=23049"}],"wp:term":[{"taxonomy":"product_brand","embeddable":true,"href":"https:\/\/ztsports.com\/fr\/wp-json\/wp\/v2\/product_brand?post=23049"},{"taxonomy":"product_cat","embeddable":true,"href":"https:\/\/ztsports.com\/fr\/wp-json\/wp\/v2\/product_cat?post=23049"},{"taxonomy":"product_tag","embeddable":true,"href":"https:\/\/ztsports.com\/fr\/wp-json\/wp\/v2\/product_tag?post=23049"}],"curies":[{"name":"wp","href":"https:\/\/api.w.org\/{rel}","templated":true}]}}