{"id":23035,"date":"2023-05-22T16:46:09","date_gmt":"2023-05-22T16:46:09","guid":{"rendered":"https:\/\/ztsports.com\/?post_type=product&#038;p=23035"},"modified":"2026-03-09T07:11:59","modified_gmt":"2026-03-09T07:11:59","slug":"ehs-superior-long-track-clap-blade","status":"publish","type":"product","link":"https:\/\/ztsports.com\/fr\/store\/ehs-superior-long-track-clap-blade\/","title":{"rendered":"EHS Superior Long Track Clap Blade"},"content":{"rendered":"<h1>Lame EHS Superior Long Track<\/h1>\n<p class=\"font_8\"><span class=\"color_11\">Le mod\u00e8le de lame EHS Superior Long Track est con\u00e7u pour les patineurs visant des performances d\u2019\u00e9lite. Gr\u00e2ce \u00e0 sa structure de tube en forme de V fabriqu\u00e9e en acier haute r\u00e9sistance extr\u00eamement fin, cette lame est l\u00e9g\u00e8re et facile \u00e0 contr\u00f4ler.<\/span><\/p>\n<ul class=\"font_9 color_11\">\n<li>\n<p class=\"font_9\"><span class=\"color_11\">Lames bi-m\u00e9tal fabriqu\u00e9es \u00e0 partir du meilleur acier \u00e0 outils autrichien.<\/span><\/p>\n<\/li>\n<li><span class=\"color_11\">Offrant une conception innovante avec tube en forme de V et soudure laser.<\/span><\/li>\n<li>D\u2019abord fabriqu\u00e9e \u00e0 partir d\u2019acier premium \u00e0 parois fines.<\/li>\n<li>Offrant ainsi l\u2019\u00e9quilibre optimal entre contr\u00f4le et r\u00e9sistance.<\/li>\n<li>\n<p class=\"font_8\"><span class=\"color_11\">De plus, tous les patins sont ensuite fabriqu\u00e9s selon des standards de classe mondiale. <\/span><\/p>\n<\/li>\n<li>\n<p class=\"font_8\"><span class=\"color_11\">L\u2019acier b<\/span><span class=\"color_11\">i-m\u00e9tal poss\u00e8de d\u2019excellentes propri\u00e9t\u00e9s d\u2019aff\u00fbtage et d\u2019\u00e9bavurage.<\/span><\/p>\n<\/li>\n<li>\n<p class=\"font_9\"><span class=\"color_11\">Roulements et ressorts en acier inoxydable inclus.<\/span><\/p>\n<\/li>\n<li>\n<p class=\"font_9\"><span class=\"color_11\">De plus, ponts en aluminium de haute qualit\u00e9 usin\u00e9s CNC.<\/span><\/p>\n<\/li>\n<li>\n<p class=\"font_9\"><span class=\"color_11\">De plus, et tout aussi important, les ponts sont interchangeables avec d\u2019autres lames EHS.<\/span><\/p>\n<\/li>\n<li>\n<p class=\"font_9\"><span class=\"color_11\">Enfin, le syst\u00e8me clap absorbant les chocs.<\/span><\/p>\n<\/li>\n<li>\n<p class=\"font_9\"><span class=\"color_11\">Disponible en tailles de lames de 16.0&#8243; \u00e0 18.0\u2033 <\/span><\/p>\n<\/li>\n<li>\n<p class=\"font_9\"><span class=\"color_11\">et pour des pointures <\/span><span class=\"color_11\">35 \u00e0 48.<\/span><\/p>\n<\/li>\n<\/ul>\n<p><strong>Fabriqu\u00e9es aux Pays-Bas !<\/strong><\/p>\n<p><strong><a href=\"https:\/\/ztsports.com\/brand\/staybent-by-ehs\/ehs\/\">Vous pouvez voir tous les produits EHS ici.<\/a><\/strong><\/p>\n<p><a href=\"https:\/\/www.ehskates.com\/technology\" target=\"_blank\" rel=\"noopener\"><strong>Staybent by EHS<\/strong> <\/a>= Une technologie innovante con\u00e7ue pour capter et convertir l\u2019\u00e9nergie des mouvements du patineur en puissance utilisable tout en maintenant une posture de patinage stable.<\/p>\n<p><a href=\"\/?product_cat=blades1\"><strong>Vous pouvez voir toutes les lames Long Track ici.<\/strong><\/a><\/p>\n<h3 data-rm-block-id=\"block-14\">N\u2019oubliez pas d\u2019ajouter la <strong><a href=\"https:\/\/ztsports.com\/product\/short-track-blade-preparation\/\">pr\u00e9paration de la lame.<\/a><\/strong><\/h3>\n","protected":false},"excerpt":{"rendered":"<p>Lame EHS Superior Long Track Le mod\u00e8le de lame EHS Superior Long Track est con\u00e7u pour les patineurs visant des performances d\u2019\u00e9lite. Gr\u00e2ce \u00e0 sa structure de tube en forme de V fabriqu\u00e9e en acier haute r\u00e9sistance extr\u00eamement fin, cette lame est l\u00e9g\u00e8re et facile \u00e0 contr\u00f4ler. Lames bi-m\u00e9tal fabriqu\u00e9es \u00e0 partir du meilleur acier [&hellip;]<\/p>\n","protected":false},"featured_media":23032,"comment_status":"open","ping_status":"closed","template":"","meta":{"_acf_changed":false,"_monsterinsights_skip_tracking":false,"_monsterinsights_sitenote_active":false,"_monsterinsights_sitenote_note":"","_monsterinsights_sitenote_category":0,"_uf_show_specific_survey":0,"_uf_disable_surveys":false,"site-sidebar-layout":"default","site-content-layout":"","ast-site-content-layout":"default","site-content-style":"default","site-sidebar-style":"default","ast-global-header-display":"","ast-banner-title-visibility":"","ast-main-header-display":"","ast-hfb-above-header-display":"","ast-hfb-below-header-display":"","ast-hfb-mobile-header-display":"","site-post-title":"","ast-breadcrumbs-content":"","ast-featured-img":"","footer-sml-layout":"","ast-disable-related-posts":"","theme-transparent-header-meta":"default","adv-header-id-meta":"","stick-header-meta":"","header-above-stick-meta":"","header-main-stick-meta":"","header-below-stick-meta":"","astra-migrate-meta-layouts":"set","ast-page-background-enabled":"default","ast-page-background-meta":{"desktop":{"background-color":"","background-image":"","background-repeat":"repeat","background-position":"center center","background-size":"auto","background-attachment":"scroll","background-type":"","background-media":"","overlay-type":"","overlay-color":"","overlay-opacity":"","overlay-gradient":""},"tablet":{"background-color":"","background-image":"","background-repeat":"repeat","background-position":"center center","background-size":"auto","background-attachment":"scroll","background-type":"","background-media":"","overlay-type":"","overlay-color":"","overlay-opacity":"","overlay-gradient":""},"mobile":{"background-color":"","background-image":"","background-repeat":"repeat","background-position":"center center","background-size":"auto","background-attachment":"scroll","background-type":"","background-media":"","overlay-type":"","overlay-color":"","overlay-opacity":"","overlay-gradient":""}},"ast-content-background-meta":{"desktop":{"background-color":"var(--ast-global-color-5)","background-image":"","background-repeat":"repeat","background-position":"center center","background-size":"auto","background-attachment":"scroll","background-type":"","background-media":"","overlay-type":"","overlay-color":"","overlay-opacity":"","overlay-gradient":""},"tablet":{"background-color":"var(--ast-global-color-5)","background-image":"","background-repeat":"repeat","background-position":"center center","background-size":"auto","background-attachment":"scroll","background-type":"","background-media":"","overlay-type":"","overlay-color":"","overlay-opacity":"","overlay-gradient":""},"mobile":{"background-color":"var(--ast-global-color-5)","background-image":"","background-repeat":"repeat","background-position":"center center","background-size":"auto","background-attachment":"scroll","background-type":"","background-media":"","overlay-type":"","overlay-color":"","overlay-opacity":"","overlay-gradient":""}}},"product_brand":[3347,3344],"product_cat":[3378],"product_tag":[3805],"class_list":{"0":"post-23035","1":"product","2":"type-product","3":"status-publish","4":"has-post-thumbnail","6":"product_brand-ehs","7":"product_brand-stay-bent","8":"product_cat-non-categorise","9":"product_tag-staybent-by-ehs","10":"desktop-align-left","11":"tablet-align-left","12":"mobile-align-left","14":"first","15":"instock","16":"sale","17":"taxable","18":"shipping-taxable","19":"purchasable","20":"product-type-simple"},"acf":[],"_links":{"self":[{"href":"https:\/\/ztsports.com\/fr\/wp-json\/wp\/v2\/product\/23035","targetHints":{"allow":["GET"]}}],"collection":[{"href":"https:\/\/ztsports.com\/fr\/wp-json\/wp\/v2\/product"}],"about":[{"href":"https:\/\/ztsports.com\/fr\/wp-json\/wp\/v2\/types\/product"}],"replies":[{"embeddable":true,"href":"https:\/\/ztsports.com\/fr\/wp-json\/wp\/v2\/comments?post=23035"}],"version-history":[{"count":1,"href":"https:\/\/ztsports.com\/fr\/wp-json\/wp\/v2\/product\/23035\/revisions"}],"predecessor-version":[{"id":23037,"href":"https:\/\/ztsports.com\/fr\/wp-json\/wp\/v2\/product\/23035\/revisions\/23037"}],"wp:featuredmedia":[{"embeddable":true,"href":"https:\/\/ztsports.com\/fr\/wp-json\/wp\/v2\/media\/23032"}],"wp:attachment":[{"href":"https:\/\/ztsports.com\/fr\/wp-json\/wp\/v2\/media?parent=23035"}],"wp:term":[{"taxonomy":"product_brand","embeddable":true,"href":"https:\/\/ztsports.com\/fr\/wp-json\/wp\/v2\/product_brand?post=23035"},{"taxonomy":"product_cat","embeddable":true,"href":"https:\/\/ztsports.com\/fr\/wp-json\/wp\/v2\/product_cat?post=23035"},{"taxonomy":"product_tag","embeddable":true,"href":"https:\/\/ztsports.com\/fr\/wp-json\/wp\/v2\/product_tag?post=23035"}],"curies":[{"name":"wp","href":"https:\/\/api.w.org\/{rel}","templated":true}]}}