{"id":23029,"date":"2023-05-22T18:14:54","date_gmt":"2023-05-22T18:14:54","guid":{"rendered":"https:\/\/ztsports.com\/?post_type=product&#038;p=23029"},"modified":"2026-03-09T07:10:48","modified_gmt":"2026-03-09T07:10:48","slug":"ehs-chrome-long-track-clap-blade-new","status":"publish","type":"product","link":"https:\/\/ztsports.com\/fr\/store\/ehs-chrome-long-track-clap-blade-new\/","title":{"rendered":"EHS Chrome Long Track Clap Blade NEW"},"content":{"rendered":"<h1>Lame EHS Chrome Long Track<\/h1>\n<p>La lame EHS Chrome Long Track est une lame long track d\u2019entr\u00e9e de gamme \u00e9conomique.<\/p>\n<p>L\u2019offre clap d\u2019entr\u00e9e de gamme d\u2019EHS propose un ensemble de qualit\u00e9 \u00e0 un prix abordable avec l\u2019option suppl\u00e9mentaire d\u2019un entraxe 165\/195 pour s\u2019adapter aux bottes de short track ou d\u2019inline.<\/p>\n<ul>\n<li>\n<p class=\"font_8\"><span class=\"color_11\">Tout d\u2019abord, le tube est fabriqu\u00e9 en aluminium de haute qualit\u00e9 utilis\u00e9 dans l\u2019industrie a\u00e9ronautique.<\/span><\/p>\n<\/li>\n<li>\n<p class=\"font_8\"><span class=\"color_11\">Deuxi\u00e8mement, la l\u00e8vre en forme d\u2019arc exclusive cr\u00e9e une flexion sous la charni\u00e8re, ce qui permet un guidage naturel et sans effort de la lame.<\/span><\/p>\n<\/li>\n<li>\n<p class=\"font_8\"><span class=\"color_11\">Ensuite, les patins en acier inoxydable sont rectifi\u00e9s et tremp\u00e9s selon des tol\u00e9rances pr\u00e9cises.<\/span><\/p>\n<\/li>\n<li>\n<p class=\"font_8\"><span class=\"color_11\">De plus, les patins sont taill\u00e9s avec un rayon de rocker standard de 24 m.<\/span><\/p>\n<\/li>\n<li>\n<p class=\"font_8\"><span class=\"color_11\">En outre, les ponts sont usin\u00e9s CNC \u00e0 partir d\u2019un seul bloc d\u2019aluminium de haute qualit\u00e9<\/span><\/p>\n<\/li>\n<li>\n<p class=\"font_8\"><span class=\"color_11\">Ainsi que des syst\u00e8mes d\u2019amortissement et de ressort durables<\/span><\/p>\n<\/li>\n<li>\n<p class=\"font_8\"><span class=\"color_11\">Compatible avec des bottes de taille 32 \u00e0 48 et des lames de 16.0 \u00e0 18.0\u201d<\/span><\/p>\n<\/li>\n<li>\n<p class=\"font_8\"><span class=\"color_11\">Longueurs de lames disponibles : 13.0\u201318.0\u201d<\/span><\/p>\n<\/li>\n<\/ul>\n<p><strong>Enfin, elles sont \u00e9galement disponibles avec des supports de pont 165\/195 pour les bottes de Short Track ou d\u2019Inline.<\/strong><\/p>\n<p><strong>Fabriqu\u00e9es aux <\/strong><a href=\"https:\/\/www.google.com\/maps\/place\/EHS-StayBent\/@52.5056104,4.7009933,15z\/data=!4m6!3m5!1s0x47c5fb3f2bbd5f6b:0x3ea90eb0e3a12d46!8m2!3d52.5056104!4d4.7009933!16s\/g\/11fv1dw_1p?entry=ttu\" target=\"_blank\" rel=\"noopener\">Pays-Bas !<\/a><\/p>\n<p><strong><a href=\"https:\/\/ztsports.com\/brand\/staybent-by-ehs\/ehs\/\">Vous pouvez voir tous les produits EHS ici.<\/a><\/strong><\/p>\n<p><a href=\"\/?product_cat=blades1\"><strong>Vous pouvez voir toutes les lames Long Track ici.<\/strong><\/a><\/p>\n","protected":false},"excerpt":{"rendered":"<p>Lame EHS Chrome Long Track La lame EHS Chrome Long Track est une lame long track d\u2019entr\u00e9e de gamme \u00e9conomique. L\u2019offre clap d\u2019entr\u00e9e de gamme d\u2019EHS propose un ensemble de qualit\u00e9 \u00e0 un prix abordable avec l\u2019option suppl\u00e9mentaire d\u2019un entraxe 165\/195 pour s\u2019adapter aux bottes de short track ou d\u2019inline. Tout d\u2019abord, le tube est [&hellip;]<\/p>\n","protected":false},"featured_media":23023,"comment_status":"open","ping_status":"closed","template":"","meta":{"_acf_changed":false,"_monsterinsights_skip_tracking":false,"_monsterinsights_sitenote_active":false,"_monsterinsights_sitenote_note":"","_monsterinsights_sitenote_category":0,"_uf_show_specific_survey":0,"_uf_disable_surveys":false,"site-sidebar-layout":"default","site-content-layout":"","ast-site-content-layout":"default","site-content-style":"default","site-sidebar-style":"default","ast-global-header-display":"","ast-banner-title-visibility":"","ast-main-header-display":"","ast-hfb-above-header-display":"","ast-hfb-below-header-display":"","ast-hfb-mobile-header-display":"","site-post-title":"","ast-breadcrumbs-content":"","ast-featured-img":"","footer-sml-layout":"","ast-disable-related-posts":"","theme-transparent-header-meta":"default","adv-header-id-meta":"","stick-header-meta":"","header-above-stick-meta":"","header-main-stick-meta":"","header-below-stick-meta":"","astra-migrate-meta-layouts":"set","ast-page-background-enabled":"default","ast-page-background-meta":{"desktop":{"background-color":"","background-image":"","background-repeat":"repeat","background-position":"center center","background-size":"auto","background-attachment":"scroll","background-type":"","background-media":"","overlay-type":"","overlay-color":"","overlay-opacity":"","overlay-gradient":""},"tablet":{"background-color":"","background-image":"","background-repeat":"repeat","background-position":"center center","background-size":"auto","background-attachment":"scroll","background-type":"","background-media":"","overlay-type":"","overlay-color":"","overlay-opacity":"","overlay-gradient":""},"mobile":{"background-color":"","background-image":"","background-repeat":"repeat","background-position":"center center","background-size":"auto","background-attachment":"scroll","background-type":"","background-media":"","overlay-type":"","overlay-color":"","overlay-opacity":"","overlay-gradient":""}},"ast-content-background-meta":{"desktop":{"background-color":"var(--ast-global-color-5)","background-image":"","background-repeat":"repeat","background-position":"center center","background-size":"auto","background-attachment":"scroll","background-type":"","background-media":"","overlay-type":"","overlay-color":"","overlay-opacity":"","overlay-gradient":""},"tablet":{"background-color":"var(--ast-global-color-5)","background-image":"","background-repeat":"repeat","background-position":"center center","background-size":"auto","background-attachment":"scroll","background-type":"","background-media":"","overlay-type":"","overlay-color":"","overlay-opacity":"","overlay-gradient":""},"mobile":{"background-color":"var(--ast-global-color-5)","background-image":"","background-repeat":"repeat","background-position":"center center","background-size":"auto","background-attachment":"scroll","background-type":"","background-media":"","overlay-type":"","overlay-color":"","overlay-opacity":"","overlay-gradient":""}}},"product_brand":[3347,3344],"product_cat":[3378],"product_tag":[3811,3385,3823,3796,3806,3805],"class_list":{"0":"post-23029","1":"product","2":"type-product","3":"status-publish","4":"has-post-thumbnail","6":"product_brand-ehs","7":"product_brand-stay-bent","8":"product_cat-non-categorise","9":"product_tag-ehs","10":"product_tag-en-ligne","11":"product_tag-long-track","12":"product_tag-short-track","13":"product_tag-staybent","14":"product_tag-staybent-by-ehs","15":"desktop-align-left","16":"tablet-align-left","17":"mobile-align-left","19":"first","20":"instock","21":"featured","22":"taxable","23":"shipping-taxable","24":"purchasable","25":"product-type-simple"},"acf":[],"_links":{"self":[{"href":"https:\/\/ztsports.com\/fr\/wp-json\/wp\/v2\/product\/23029","targetHints":{"allow":["GET"]}}],"collection":[{"href":"https:\/\/ztsports.com\/fr\/wp-json\/wp\/v2\/product"}],"about":[{"href":"https:\/\/ztsports.com\/fr\/wp-json\/wp\/v2\/types\/product"}],"replies":[{"embeddable":true,"href":"https:\/\/ztsports.com\/fr\/wp-json\/wp\/v2\/comments?post=23029"}],"version-history":[{"count":2,"href":"https:\/\/ztsports.com\/fr\/wp-json\/wp\/v2\/product\/23029\/revisions"}],"predecessor-version":[{"id":23031,"href":"https:\/\/ztsports.com\/fr\/wp-json\/wp\/v2\/product\/23029\/revisions\/23031"}],"wp:featuredmedia":[{"embeddable":true,"href":"https:\/\/ztsports.com\/fr\/wp-json\/wp\/v2\/media\/23023"}],"wp:attachment":[{"href":"https:\/\/ztsports.com\/fr\/wp-json\/wp\/v2\/media?parent=23029"}],"wp:term":[{"taxonomy":"product_brand","embeddable":true,"href":"https:\/\/ztsports.com\/fr\/wp-json\/wp\/v2\/product_brand?post=23029"},{"taxonomy":"product_cat","embeddable":true,"href":"https:\/\/ztsports.com\/fr\/wp-json\/wp\/v2\/product_cat?post=23029"},{"taxonomy":"product_tag","embeddable":true,"href":"https:\/\/ztsports.com\/fr\/wp-json\/wp\/v2\/product_tag?post=23029"}],"curies":[{"name":"wp","href":"https:\/\/api.w.org\/{rel}","templated":true}]}}