{"id":23021,"date":"2023-05-22T18:38:54","date_gmt":"2023-05-22T18:38:54","guid":{"rendered":"https:\/\/ztsports.com\/?post_type=product&#038;p=23021"},"modified":"2026-03-09T07:09:08","modified_gmt":"2026-03-09T07:09:08","slug":"ehs-synergy-long-track-clap-blade","status":"publish","type":"product","link":"https:\/\/ztsports.com\/fr\/store\/ehs-synergy-long-track-clap-blade\/","title":{"rendered":"EHS SYNERGY Long Track Clap BLADE"},"content":{"rendered":"<p>EHS Synergy Long Track Clapskate<\/p>\n<ul>\n<li class=\"wixui-rich-text__text\">\n<p class=\"font_8 wixui-rich-text__text\"><span class=\"wixui-rich-text__text\">La Synergy est l\u2019offre clap haute performance et \u00e0 grande valeur d\u2019EHS<\/span><\/p>\n<\/li>\n<li class=\"wixui-rich-text__text\">\n<p class=\"font_8 wixui-rich-text__text\"><span class=\"wixui-rich-text__text\">L\u2019acier bi-m\u00e9tal des lames EHS provient d\u2019Autriche<\/span><\/p>\n<\/li>\n<li class=\"wixui-rich-text__text\">\n<p class=\"font_8 wixui-rich-text__text\"><span class=\"wixui-rich-text__text\">Toutes les lames sont fabriqu\u00e9es selon des standards de classe mondiale.<\/span><\/p>\n<\/li>\n<li class=\"wixui-rich-text__text\">\n<p class=\"font_8 wixui-rich-text__text\"><span class=\"wixui-rich-text__text\">Notre acier bi-m\u00e9tal poss\u00e8de d\u2019excellentes propri\u00e9t\u00e9s d\u2019aff\u00fbtage<\/span><\/p>\n<\/li>\n<li class=\"wixui-rich-text__text\">\n<p class=\"font_8 wixui-rich-text__text\"><span class=\"wixui-rich-text__text\">Ponts usin\u00e9s CNC \u00e0 partir d\u2019un seul bloc d\u2019aluminium de haute qualit\u00e9<\/span><\/p>\n<\/li>\n<li class=\"wixui-rich-text__text\">\n<p class=\"font_8 wixui-rich-text__text\"><span class=\"wixui-rich-text__text\">Syst\u00e8mes d\u2019amortissement et de ressort durables<\/span><\/p>\n<\/li>\n<li class=\"wixui-rich-text__text\">\n<p class=\"font_8 wixui-rich-text__text\"><span class=\"wixui-rich-text__text\">Compatible avec des bottes de taille 32 \u00e0 48 et des lames de 16.0 \u00e0 18.0\u201d<\/span><\/p>\n<\/li>\n<li class=\"wixui-rich-text__text\">\n<p class=\"font_8 wixui-rich-text__text\"><span class=\"wixui-rich-text__text\">Longueurs de lames disponibles : 15.0\u201318.0\u201d<\/span><\/p>\n<\/li>\n<\/ul>\n<h1>LAME<\/h1>\n<p>La lame EHS Synergy Long Track est l\u2019offre clap haute performance et \u00e0 grande valeur d\u2019EHS.<\/p>\n<ul>\n<li>L\u2019acier bi-m\u00e9tal des lames EHS provient d\u2019Autriche<\/li>\n<li>De plus, toutes les lames sont fabriqu\u00e9es selon des standards de classe mondiale.<\/li>\n<li>En outre, notre acier bi-m\u00e9tal poss\u00e8de d\u2019excellentes propri\u00e9t\u00e9s d\u2019aff\u00fbtage<\/li>\n<li>Les ponts sont usin\u00e9s CNC \u00e0 partir d\u2019un seul bloc d\u2019aluminium de haute qualit\u00e9<\/li>\n<li>Syst\u00e8mes d\u2019amortissement et de ressort durables<\/li>\n<li>Compatible avec des bottes de taille 32 \u00e0 48 et des lames de 16.0 \u00e0 18.0\u201d<\/li>\n<li>Longueurs de lames disponibles : 15.0\u201318.0\u201d<\/li>\n<li>\n<h4>EHS Synergy Long Track Clapskate<\/h4>\n<ul>\n<li class=\"wixui-rich-text__text\">\n<p class=\"font_8 wixui-rich-text__text\"><span class=\"wixui-rich-text__text\">La Synergy est l\u2019offre clap haute performance et \u00e0 grande valeur d\u2019EHS<\/span><\/p>\n<\/li>\n<li class=\"wixui-rich-text__text\">\n<p class=\"font_8 wixui-rich-text__text\"><span class=\"wixui-rich-text__text\">L\u2019acier bi-m\u00e9tal des lames EHS provient d\u2019Autriche<\/span><\/p>\n<\/li>\n<li class=\"wixui-rich-text__text\">\n<p class=\"font_8 wixui-rich-text__text\"><span class=\"wixui-rich-text__text\">Toutes les lames sont fabriqu\u00e9es selon des standards de classe mondiale.<\/span><\/p>\n<\/li>\n<li class=\"wixui-rich-text__text\">\n<p class=\"font_8 wixui-rich-text__text\"><span class=\"wixui-rich-text__text\">Notre acier bi-m\u00e9tal poss\u00e8de d\u2019excellentes propri\u00e9t\u00e9s d\u2019aff\u00fbtage<\/span><\/p>\n<\/li>\n<li class=\"wixui-rich-text__text\">\n<p class=\"font_8 wixui-rich-text__text\"><span class=\"wixui-rich-text__text\">Ponts usin\u00e9s CNC \u00e0 partir d\u2019un seul bloc d\u2019aluminium de haute qualit\u00e9<\/span><\/p>\n<\/li>\n<li class=\"wixui-rich-text__text\">\n<p class=\"font_8 wixui-rich-text__text\"><span class=\"wixui-rich-text__text\">Syst\u00e8mes d\u2019amortissement et de ressort durables<\/span><\/p>\n<\/li>\n<li class=\"wixui-rich-text__text\">\n<p class=\"font_8 wixui-rich-text__text\"><span class=\"wixui-rich-text__text\">Compatible avec des bottes de taille 32 \u00e0 48 et des lames de 16.0 \u00e0 18.0\u201d<\/span><\/p>\n<\/li>\n<li class=\"wixui-rich-text__text\">\n<p class=\"font_8 wixui-rich-text__text\"><span class=\"wixui-rich-text__text\">Longueurs de lames disponibles : 15.0\u201318.0\u201d<\/span><\/p>\n<\/li>\n<\/ul>\n<\/li>\n<\/ul>\n<p><strong>Enfin, elles sont fabriqu\u00e9es aux Pays-Bas !<\/strong><\/p>\n<p><strong><a href=\"https:\/\/ztsports.com\/brand\/staybent-by-ehs\/ehs\/\">Vous pouvez voir tous les produits EHS ici.<\/a><\/strong><\/p>\n<p><a href=\"\/?product_cat=blades1\"><strong>Vous pouvez voir toutes les lames Long Track ici.<\/strong><\/a><\/p>\n","protected":false},"excerpt":{"rendered":"<p>EHS Synergy Long Track Clapskate La Synergy est l\u2019offre clap haute performance et \u00e0 grande valeur d\u2019EHS L\u2019acier bi-m\u00e9tal des lames EHS provient d\u2019Autriche Toutes les lames sont fabriqu\u00e9es selon des standards de classe mondiale. Notre acier bi-m\u00e9tal poss\u00e8de d\u2019excellentes propri\u00e9t\u00e9s d\u2019aff\u00fbtage Ponts usin\u00e9s CNC \u00e0 partir d\u2019un seul bloc d\u2019aluminium de haute qualit\u00e9 Syst\u00e8mes [&hellip;]<\/p>\n","protected":false},"featured_media":23016,"comment_status":"open","ping_status":"closed","template":"","meta":{"_acf_changed":false,"_monsterinsights_skip_tracking":false,"_monsterinsights_sitenote_active":false,"_monsterinsights_sitenote_note":"","_monsterinsights_sitenote_category":0,"_uf_show_specific_survey":0,"_uf_disable_surveys":false,"site-sidebar-layout":"default","site-content-layout":"","ast-site-content-layout":"default","site-content-style":"default","site-sidebar-style":"default","ast-global-header-display":"","ast-banner-title-visibility":"","ast-main-header-display":"","ast-hfb-above-header-display":"","ast-hfb-below-header-display":"","ast-hfb-mobile-header-display":"","site-post-title":"","ast-breadcrumbs-content":"","ast-featured-img":"","footer-sml-layout":"","ast-disable-related-posts":"","theme-transparent-header-meta":"default","adv-header-id-meta":"","stick-header-meta":"","header-above-stick-meta":"","header-main-stick-meta":"","header-below-stick-meta":"","astra-migrate-meta-layouts":"set","ast-page-background-enabled":"default","ast-page-background-meta":{"desktop":{"background-color":"","background-image":"","background-repeat":"repeat","background-position":"center center","background-size":"auto","background-attachment":"scroll","background-type":"","background-media":"","overlay-type":"","overlay-color":"","overlay-opacity":"","overlay-gradient":""},"tablet":{"background-color":"","background-image":"","background-repeat":"repeat","background-position":"center center","background-size":"auto","background-attachment":"scroll","background-type":"","background-media":"","overlay-type":"","overlay-color":"","overlay-opacity":"","overlay-gradient":""},"mobile":{"background-color":"","background-image":"","background-repeat":"repeat","background-position":"center center","background-size":"auto","background-attachment":"scroll","background-type":"","background-media":"","overlay-type":"","overlay-color":"","overlay-opacity":"","overlay-gradient":""}},"ast-content-background-meta":{"desktop":{"background-color":"var(--ast-global-color-5)","background-image":"","background-repeat":"repeat","background-position":"center center","background-size":"auto","background-attachment":"scroll","background-type":"","background-media":"","overlay-type":"","overlay-color":"","overlay-opacity":"","overlay-gradient":""},"tablet":{"background-color":"var(--ast-global-color-5)","background-image":"","background-repeat":"repeat","background-position":"center center","background-size":"auto","background-attachment":"scroll","background-type":"","background-media":"","overlay-type":"","overlay-color":"","overlay-opacity":"","overlay-gradient":""},"mobile":{"background-color":"var(--ast-global-color-5)","background-image":"","background-repeat":"repeat","background-position":"center center","background-size":"auto","background-attachment":"scroll","background-type":"","background-media":"","overlay-type":"","overlay-color":"","overlay-opacity":"","overlay-gradient":""}}},"product_brand":[3347],"product_cat":[3378],"product_tag":[3811,3823,4562,3806,3805],"class_list":{"0":"post-23021","1":"product","2":"type-product","3":"status-publish","4":"has-post-thumbnail","6":"product_brand-ehs","7":"product_cat-non-categorise","8":"product_tag-ehs","9":"product_tag-long-track","10":"product_tag-speed-skating","11":"product_tag-staybent","12":"product_tag-staybent-by-ehs","13":"desktop-align-left","14":"tablet-align-left","15":"mobile-align-left","17":"first","18":"instock","19":"sale","20":"featured","21":"taxable","22":"shipping-taxable","23":"purchasable","24":"product-type-simple"},"acf":[],"_links":{"self":[{"href":"https:\/\/ztsports.com\/fr\/wp-json\/wp\/v2\/product\/23021","targetHints":{"allow":["GET"]}}],"collection":[{"href":"https:\/\/ztsports.com\/fr\/wp-json\/wp\/v2\/product"}],"about":[{"href":"https:\/\/ztsports.com\/fr\/wp-json\/wp\/v2\/types\/product"}],"replies":[{"embeddable":true,"href":"https:\/\/ztsports.com\/fr\/wp-json\/wp\/v2\/comments?post=23021"}],"version-history":[{"count":1,"href":"https:\/\/ztsports.com\/fr\/wp-json\/wp\/v2\/product\/23021\/revisions"}],"predecessor-version":[{"id":23022,"href":"https:\/\/ztsports.com\/fr\/wp-json\/wp\/v2\/product\/23021\/revisions\/23022"}],"wp:featuredmedia":[{"embeddable":true,"href":"https:\/\/ztsports.com\/fr\/wp-json\/wp\/v2\/media\/23016"}],"wp:attachment":[{"href":"https:\/\/ztsports.com\/fr\/wp-json\/wp\/v2\/media?parent=23021"}],"wp:term":[{"taxonomy":"product_brand","embeddable":true,"href":"https:\/\/ztsports.com\/fr\/wp-json\/wp\/v2\/product_brand?post=23021"},{"taxonomy":"product_cat","embeddable":true,"href":"https:\/\/ztsports.com\/fr\/wp-json\/wp\/v2\/product_cat?post=23021"},{"taxonomy":"product_tag","embeddable":true,"href":"https:\/\/ztsports.com\/fr\/wp-json\/wp\/v2\/product_tag?post=23021"}],"curies":[{"name":"wp","href":"https:\/\/api.w.org\/{rel}","templated":true}]}}