{"id":23014,"date":"2023-05-23T03:52:24","date_gmt":"2023-05-23T03:52:24","guid":{"rendered":"https:\/\/ztsports.com\/?post_type=product&#038;p=23014"},"modified":"2026-03-09T07:07:38","modified_gmt":"2026-03-09T07:07:38","slug":"ehs-short-track-boot-speed-skating","status":"publish","type":"product","link":"https:\/\/ztsports.com\/fr\/store\/ehs-short-track-boot-speed-skating\/","title":{"rendered":"EHS Short Track Boot Speed Skating"},"content":{"rendered":"<p>Le <strong>patin EHS Short Track<\/strong> est une botte riche en fonctionnalit\u00e9s qui offre une valeur exceptionnelle.<\/p>\n<p class=\"font_8\"><span class=\"color_11\"> Gr\u00e2ce \u00e0 une construction l\u00e9g\u00e8re utilisant de la fibre de carbone et de Diolen, nos <\/span> formes ont \u00e9t\u00e9 con\u00e7ues en pensant \u00e0 un confort optimal. <span class=\"color_11\">De plus, la coque en carbone est thermoformable et hautement personnalisable gr\u00e2ce \u00e0 sa construction en r\u00e9sine \u00e9poxy thermoplastique et Rhenoflex. <\/span><span class=\"color_11\">Des cuirs synth\u00e9tiques sont utilis\u00e9s dans la tige et la doublure pour une durabilit\u00e9 accrue. De plus, la <\/span>languette est profil\u00e9e pour s\u2019adapter \u00e0 la forme de votre pied afin d\u2019am\u00e9liorer le confort. Enfin, toutes<span class=\"color_11\"> les bottes sont livr\u00e9es avec des lacets cir\u00e9s fabriqu\u00e9s au Canada.<\/span><\/p>\n<p class=\"font_8\"><span class=\"color_11\">Tailles disponibles : 33\u201346<\/span><\/p>\n<p><a href=\"https:\/\/ztsports.com\/brand\/staybent-by-ehs\/ehs\/\"><strong>Vous pouvez trouver tous les produits EHS ici.<\/strong><\/a><\/p>\n<p><a href=\"\/?product_cat=speed-skating-boots\"><strong>Vous pouvez trouver toutes nos bottes Short Track ici.<\/strong><\/a><\/p>\n","protected":false},"excerpt":{"rendered":"<p>Le patin EHS Short Track est une botte riche en fonctionnalit\u00e9s qui offre une valeur exceptionnelle. Gr\u00e2ce \u00e0 une construction l\u00e9g\u00e8re utilisant de la fibre de carbone et de Diolen, nos formes ont \u00e9t\u00e9 con\u00e7ues en pensant \u00e0 un confort optimal. De plus, la coque en carbone est thermoformable et hautement personnalisable gr\u00e2ce \u00e0 sa [&hellip;]<\/p>\n","protected":false},"featured_media":22045,"comment_status":"open","ping_status":"closed","template":"","meta":{"_acf_changed":false,"_monsterinsights_skip_tracking":false,"_monsterinsights_sitenote_active":false,"_monsterinsights_sitenote_note":"","_monsterinsights_sitenote_category":0,"_uf_show_specific_survey":0,"_uf_disable_surveys":false,"site-sidebar-layout":"default","site-content-layout":"","ast-site-content-layout":"default","site-content-style":"default","site-sidebar-style":"default","ast-global-header-display":"","ast-banner-title-visibility":"","ast-main-header-display":"","ast-hfb-above-header-display":"","ast-hfb-below-header-display":"","ast-hfb-mobile-header-display":"","site-post-title":"","ast-breadcrumbs-content":"","ast-featured-img":"","footer-sml-layout":"","ast-disable-related-posts":"","theme-transparent-header-meta":"default","adv-header-id-meta":"","stick-header-meta":"","header-above-stick-meta":"","header-main-stick-meta":"","header-below-stick-meta":"","astra-migrate-meta-layouts":"set","ast-page-background-enabled":"default","ast-page-background-meta":{"desktop":{"background-color":"","background-image":"","background-repeat":"repeat","background-position":"center center","background-size":"auto","background-attachment":"scroll","background-type":"","background-media":"","overlay-type":"","overlay-color":"","overlay-opacity":"","overlay-gradient":""},"tablet":{"background-color":"","background-image":"","background-repeat":"repeat","background-position":"center center","background-size":"auto","background-attachment":"scroll","background-type":"","background-media":"","overlay-type":"","overlay-color":"","overlay-opacity":"","overlay-gradient":""},"mobile":{"background-color":"","background-image":"","background-repeat":"repeat","background-position":"center center","background-size":"auto","background-attachment":"scroll","background-type":"","background-media":"","overlay-type":"","overlay-color":"","overlay-opacity":"","overlay-gradient":""}},"ast-content-background-meta":{"desktop":{"background-color":"var(--ast-global-color-5)","background-image":"","background-repeat":"repeat","background-position":"center center","background-size":"auto","background-attachment":"scroll","background-type":"","background-media":"","overlay-type":"","overlay-color":"","overlay-opacity":"","overlay-gradient":""},"tablet":{"background-color":"var(--ast-global-color-5)","background-image":"","background-repeat":"repeat","background-position":"center center","background-size":"auto","background-attachment":"scroll","background-type":"","background-media":"","overlay-type":"","overlay-color":"","overlay-opacity":"","overlay-gradient":""},"mobile":{"background-color":"var(--ast-global-color-5)","background-image":"","background-repeat":"repeat","background-position":"center center","background-size":"auto","background-attachment":"scroll","background-type":"","background-media":"","overlay-type":"","overlay-color":"","overlay-opacity":"","overlay-gradient":""}}},"product_brand":[3347,3344],"product_cat":[3378],"product_tag":[3811,3796,4562],"class_list":{"0":"post-23014","1":"product","2":"type-product","3":"status-publish","4":"has-post-thumbnail","6":"product_brand-ehs","7":"product_brand-stay-bent","8":"product_cat-non-categorise","9":"product_tag-ehs","10":"product_tag-short-track","11":"product_tag-speed-skating","12":"desktop-align-left","13":"tablet-align-left","14":"mobile-align-left","16":"first","17":"instock","18":"taxable","19":"shipping-taxable","20":"purchasable","21":"product-type-simple"},"acf":[],"_links":{"self":[{"href":"https:\/\/ztsports.com\/fr\/wp-json\/wp\/v2\/product\/23014","targetHints":{"allow":["GET"]}}],"collection":[{"href":"https:\/\/ztsports.com\/fr\/wp-json\/wp\/v2\/product"}],"about":[{"href":"https:\/\/ztsports.com\/fr\/wp-json\/wp\/v2\/types\/product"}],"replies":[{"embeddable":true,"href":"https:\/\/ztsports.com\/fr\/wp-json\/wp\/v2\/comments?post=23014"}],"version-history":[{"count":1,"href":"https:\/\/ztsports.com\/fr\/wp-json\/wp\/v2\/product\/23014\/revisions"}],"predecessor-version":[{"id":23015,"href":"https:\/\/ztsports.com\/fr\/wp-json\/wp\/v2\/product\/23014\/revisions\/23015"}],"wp:featuredmedia":[{"embeddable":true,"href":"https:\/\/ztsports.com\/fr\/wp-json\/wp\/v2\/media\/22045"}],"wp:attachment":[{"href":"https:\/\/ztsports.com\/fr\/wp-json\/wp\/v2\/media?parent=23014"}],"wp:term":[{"taxonomy":"product_brand","embeddable":true,"href":"https:\/\/ztsports.com\/fr\/wp-json\/wp\/v2\/product_brand?post=23014"},{"taxonomy":"product_cat","embeddable":true,"href":"https:\/\/ztsports.com\/fr\/wp-json\/wp\/v2\/product_cat?post=23014"},{"taxonomy":"product_tag","embeddable":true,"href":"https:\/\/ztsports.com\/fr\/wp-json\/wp\/v2\/product_tag?post=23014"}],"curies":[{"name":"wp","href":"https:\/\/api.w.org\/{rel}","templated":true}]}}