{"id":23012,"date":"2023-05-23T04:19:59","date_gmt":"2023-05-23T04:19:59","guid":{"rendered":"https:\/\/ztsports.com\/?post_type=product&#038;p=23012"},"modified":"2026-03-09T07:06:27","modified_gmt":"2026-03-09T07:06:27","slug":"ehs-radon-long-track-boots-for-speed-skating","status":"publish","type":"product","link":"https:\/\/ztsports.com\/fr\/store\/ehs-radon-long-track-boots-for-speed-skating\/","title":{"rendered":"EHS Radon Long Track Boots for Speed Skating"},"content":{"rendered":"<h1>Bottes EHS Radon Long Track<\/h1>\n<p>La botte EHS Radon Long Track offre un excellent rapport qualit\u00e9-prix et int\u00e8gre des technologies provenant de nos mod\u00e8les haut de gamme de long track, \u00e0 un prix d\u2019entr\u00e9e de gamme. <span class=\"color_11\">La coque est construite en Diolein et en fibre de verre et est l\u00e9g\u00e8rement plus souple que nos mod\u00e8les Cyclone, Helium et Hurricane. De plus, elle est f<\/span>acilement thermoformable, permettant un confort optimal et une personnalisation. De plus, notre forme accorde une attention particuli\u00e8re \u00e0 une bonne fixation du talon et \u00e0 un soutien confortable au niveau de la cheville.<\/p>\n<p><span class=\"color_11\">De plus, la tige est fabriqu\u00e9e en cuir Nappa italien reconnu pour sa souplesse et sa durabilit\u00e9 et la <\/span><span class=\"color_11\">doublure est faite d\u2019une microfibre absorbant l\u2019humidit\u00e9. De plus, le <\/span>renfort en nylon offre un soutien suppl\u00e9mentaire et am\u00e9liore encore le confort. Elle comprend \u00e9galement une languette profil\u00e9e offrant un confort suppl\u00e9mentaire et un meilleur maintien du pied.<\/p>\n<p class=\"font_8\"><span class=\"color_11\">Les caract\u00e9ristiques suppl\u00e9mentaires incluent des lacets cir\u00e9s fabriqu\u00e9s au Canada. De plus, cette botte<\/span> peut \u00eatre associ\u00e9e \u00e0 toutes nos lames clap EHS.<\/p>\n<p class=\"font_9\">La Radon est la botte d\u2019entr\u00e9e de gamme d\u2019EHS.<span class=\"wixGuard\">\u200b<\/span><\/p>\n<p class=\"font_9\">Les propri\u00e9t\u00e9s de notre botte de patin d\u2019entr\u00e9e de gamme sont :<span class=\"wixGuard\">\u200b<\/span><\/p>\n<ul class=\"font_9\">\n<li>\n<p class=\"font_9\">Cuir Nappa italien souple<\/p>\n<\/li>\n<li>\n<p class=\"font_9\">Doublure en cuir artificiel absorbant l\u2019humidit\u00e9<\/p>\n<\/li>\n<li>\n<p class=\"font_9\">Coque en diolein tr\u00e8s bien thermoformable<\/p>\n<\/li>\n<li>\n<p class=\"font_9\">La coque est plus souple que celle de l\u2019Helium<\/p>\n<\/li>\n<li>\n<p class=\"font_9\">Sans fermeture \u00e9clair<\/p>\n<\/li>\n<\/ul>\n<p class=\"font_9\">Fabriqu\u00e9e sur une forme avec une attention particuli\u00e8re pour :<\/p>\n<ul class=\"font_9\">\n<li>\n<p class=\"font_9\">la fixation du talon<\/p>\n<\/li>\n<li>\n<p class=\"font_9\">un soutien ferme de la cheville<\/p>\n<\/li>\n<li>\n<p class=\"font_9\">les variations de l\u2019anatomie du pied<\/p>\n<\/li>\n<\/ul>\n<p class=\"font_8\"><span class=\"color_11\">Disponible en tailles 32 \u00e0 48 avec des formes standard.<\/span><\/p>\n<p><a href=\"https:\/\/ztsports.com\/brand\/staybent-by-ehs\/ehs\/\"><strong>Enfin, vous pouvez trouver tous les produits EHS ici.<\/strong><\/a><\/p>\n<p><a href=\"\/?product_cat=boots1\"><strong>Enfin, vous pouvez trouver toutes nos bottes Long Track ici.<\/strong><\/a><\/p>\n","protected":false},"excerpt":{"rendered":"<p>Bottes EHS Radon Long Track La botte EHS Radon Long Track offre un excellent rapport qualit\u00e9-prix et int\u00e8gre des technologies provenant de nos mod\u00e8les haut de gamme de long track, \u00e0 un prix d\u2019entr\u00e9e de gamme. La coque est construite en Diolein et en fibre de verre et est l\u00e9g\u00e8rement plus souple que nos mod\u00e8les [&hellip;]<\/p>\n","protected":false},"featured_media":23006,"comment_status":"open","ping_status":"closed","template":"","meta":{"_acf_changed":false,"_monsterinsights_skip_tracking":false,"_monsterinsights_sitenote_active":false,"_monsterinsights_sitenote_note":"","_monsterinsights_sitenote_category":0,"_uf_show_specific_survey":0,"_uf_disable_surveys":false,"site-sidebar-layout":"default","site-content-layout":"","ast-site-content-layout":"default","site-content-style":"default","site-sidebar-style":"default","ast-global-header-display":"","ast-banner-title-visibility":"","ast-main-header-display":"","ast-hfb-above-header-display":"","ast-hfb-below-header-display":"","ast-hfb-mobile-header-display":"","site-post-title":"","ast-breadcrumbs-content":"","ast-featured-img":"","footer-sml-layout":"","ast-disable-related-posts":"","theme-transparent-header-meta":"default","adv-header-id-meta":"","stick-header-meta":"","header-above-stick-meta":"","header-main-stick-meta":"","header-below-stick-meta":"","astra-migrate-meta-layouts":"set","ast-page-background-enabled":"default","ast-page-background-meta":{"desktop":{"background-color":"","background-image":"","background-repeat":"repeat","background-position":"center center","background-size":"auto","background-attachment":"scroll","background-type":"","background-media":"","overlay-type":"","overlay-color":"","overlay-opacity":"","overlay-gradient":""},"tablet":{"background-color":"","background-image":"","background-repeat":"repeat","background-position":"center center","background-size":"auto","background-attachment":"scroll","background-type":"","background-media":"","overlay-type":"","overlay-color":"","overlay-opacity":"","overlay-gradient":""},"mobile":{"background-color":"","background-image":"","background-repeat":"repeat","background-position":"center center","background-size":"auto","background-attachment":"scroll","background-type":"","background-media":"","overlay-type":"","overlay-color":"","overlay-opacity":"","overlay-gradient":""}},"ast-content-background-meta":{"desktop":{"background-color":"var(--ast-global-color-5)","background-image":"","background-repeat":"repeat","background-position":"center center","background-size":"auto","background-attachment":"scroll","background-type":"","background-media":"","overlay-type":"","overlay-color":"","overlay-opacity":"","overlay-gradient":""},"tablet":{"background-color":"var(--ast-global-color-5)","background-image":"","background-repeat":"repeat","background-position":"center center","background-size":"auto","background-attachment":"scroll","background-type":"","background-media":"","overlay-type":"","overlay-color":"","overlay-opacity":"","overlay-gradient":""},"mobile":{"background-color":"var(--ast-global-color-5)","background-image":"","background-repeat":"repeat","background-position":"center center","background-size":"auto","background-attachment":"scroll","background-type":"","background-media":"","overlay-type":"","overlay-color":"","overlay-opacity":"","overlay-gradient":""}}},"product_brand":[3296,3347],"product_cat":[3378],"product_tag":[3811],"class_list":{"0":"post-23012","1":"product","2":"type-product","3":"status-publish","4":"has-post-thumbnail","6":"product_brand-ehs-2","7":"product_brand-ehs","8":"product_cat-non-categorise","9":"product_tag-ehs","10":"desktop-align-left","11":"tablet-align-left","12":"mobile-align-left","14":"first","15":"instock","16":"sale","17":"taxable","18":"shipping-taxable","19":"purchasable","20":"product-type-simple"},"acf":[],"_links":{"self":[{"href":"https:\/\/ztsports.com\/fr\/wp-json\/wp\/v2\/product\/23012","targetHints":{"allow":["GET"]}}],"collection":[{"href":"https:\/\/ztsports.com\/fr\/wp-json\/wp\/v2\/product"}],"about":[{"href":"https:\/\/ztsports.com\/fr\/wp-json\/wp\/v2\/types\/product"}],"replies":[{"embeddable":true,"href":"https:\/\/ztsports.com\/fr\/wp-json\/wp\/v2\/comments?post=23012"}],"version-history":[{"count":1,"href":"https:\/\/ztsports.com\/fr\/wp-json\/wp\/v2\/product\/23012\/revisions"}],"predecessor-version":[{"id":23013,"href":"https:\/\/ztsports.com\/fr\/wp-json\/wp\/v2\/product\/23012\/revisions\/23013"}],"wp:featuredmedia":[{"embeddable":true,"href":"https:\/\/ztsports.com\/fr\/wp-json\/wp\/v2\/media\/23006"}],"wp:attachment":[{"href":"https:\/\/ztsports.com\/fr\/wp-json\/wp\/v2\/media?parent=23012"}],"wp:term":[{"taxonomy":"product_brand","embeddable":true,"href":"https:\/\/ztsports.com\/fr\/wp-json\/wp\/v2\/product_brand?post=23012"},{"taxonomy":"product_cat","embeddable":true,"href":"https:\/\/ztsports.com\/fr\/wp-json\/wp\/v2\/product_cat?post=23012"},{"taxonomy":"product_tag","embeddable":true,"href":"https:\/\/ztsports.com\/fr\/wp-json\/wp\/v2\/product_tag?post=23012"}],"curies":[{"name":"wp","href":"https:\/\/api.w.org\/{rel}","templated":true}]}}