{"id":22992,"date":"2023-05-24T03:57:51","date_gmt":"2023-05-24T03:57:51","guid":{"rendered":"https:\/\/ztsports.com\/?post_type=product&#038;p=22992"},"modified":"2026-04-22T23:58:22","modified_gmt":"2026-04-22T23:58:22","slug":"bont-gt3-blades-for-short-track","status":"publish","type":"product","link":"https:\/\/ztsports.com\/fr\/store\/bont-gt3-blades-for-short-track\/","title":{"rendered":"BONT GT3 BLADES For Short Track"},"content":{"rendered":"<h1>BONT GT3 LAMES<\/h1>\n<p>Les lames Bont GT3 pour le short track sont fabriqu\u00e9es \u00e0 partir d\u2019un acier japonais de haute qualit\u00e9 utilis\u00e9 pour les couteaux. Les GT3 b\u00e9n\u00e9ficient \u00e9galement de toute la technologie ainsi que de la recherche et du d\u00e9veloppement des lames Platinum.<\/p>\n<p>Elles utilisent les m\u00eames mat\u00e9riaux que les Platinum (\u00e0 l\u2019exception du patin en acier). L\u2019acier des GT3 est ensuite tremp\u00e9 en s\u2019appuyant sur plus de 20 ans d\u2019expertise dans la fabrication de lames de short track.<\/p>\n<p>Depuis leur arriv\u00e9e sur le march\u00e9, les GT3 sont devenues l\u2019un des choix les plus populaires dans la cat\u00e9gorie des lames interm\u00e9diaires : excellente qualit\u00e9, prix attractif et une \u00e9l\u00e9gante couleur bleue.<\/p>\n<h3>Promotion de printemps sur 15&#8243;, 16&#8243;, 16,5&#8243;, 17,5&#8243;<\/h3>\n<div><strong>Sp\u00e9cifications :<\/strong><\/p>\n<ul>\n<li>Mat\u00e9riau du support : Aluminium 7075 T6<\/li>\n<li>Rayon : 8 m<\/li>\n<li>Longueurs : 14\u2033, 14,5\u2033, 15\u2033, 15,5\u2033, 16\u2033, 16,5\u2033, 17\u2033, 17,5\u2033<\/li>\n<li>\u00c9paisseur de la lame : 1,1 mm<\/li>\n<li>Acier japonais : 440A<\/li>\n<li>Duret\u00e9 : 62 Rockwell<\/li>\n<li>Courbure m\u00e9canique<\/li>\n<li>Technologie : Pr\u00e9\u2011courb\u00e9e<\/li>\n<\/ul>\n<p class=\"txt\">Les tubes en aluminium ont tendance \u00e0 revenir \u00e0 leur position droite. Pour r\u00e9soudre ce probl\u00e8me, nous utilisons deux solutions :<\/p>\n<ul class=\"ul_list\">\n<li>Nous utilisons un aluminium sp\u00e9cialement s\u00e9lectionn\u00e9, qui conserve mieux sa courbure que celui utilis\u00e9 par d&#8217;autres marques.<\/li>\n<li>La rainure destin\u00e9e \u00e0 accueillir la lame en acier est usin\u00e9e avec une l\u00e9g\u00e8re courbure dans le tube en aluminium. Le tube reste droit, mais la lame en acier poss\u00e8de d\u00e9j\u00e0 une l\u00e9g\u00e8re courbe.<\/li>\n<li>Cette courbure est volontairement l\u00e9g\u00e8re et vous devrez encore ajuster la lame afin d\u2019obtenir la courbure optimale correspondant \u00e0 votre rayon.<\/li>\n<li>Gr\u00e2ce \u00e0 ce syst\u00e8me, il suffit de plier tr\u00e8s l\u00e9g\u00e8rement le tube en aluminium pour atteindre la courbure id\u00e9ale. Cette faible contrainte n\u2019endommage pas le tube et permet \u00e0 la lame de conserver sa forme beaucoup plus longtemps. Certains patineurs n\u2019auront peut\u2011\u00eatre jamais besoin de re\u2011courber leurs lames.<\/li>\n<\/ul>\n<p><img decoding=\"async\" class=\"lazyloaded\" src=\"https:\/\/cdn.shopify.com\/s\/files\/1\/0048\/6242\/files\/bent_cut.jpg?v=1592384515\" alt=\"Pr\u00e9-courb\u00e9e\" width=\"\" height=\"\" data-src=\"https:\/\/cdn.shopify.com\/s\/files\/1\/0048\/6242\/files\/bent_cut.jpg?v=1592384515\" \/><\/p>\n<\/div>\n<div><a href=\"https:\/\/ztsports.com\/product-category\/short-track\/blades\/\"><strong>Voir toutes nos lames de Short Track ici.<\/strong><\/a><a href=\"https:\/\/ztsports.com\/brand\/bont\/\"><strong>D\u00e9couvrez tous nos produits Bont ici.<\/strong><\/a><\/p>\n<h4>N\u2019oubliez pas d\u2019ajouter la <strong><a href=\"https:\/\/ztsports.com\/product\/short-track-blade-preparation\/\">pr\u00e9paration des lames<\/a><\/strong><\/h4>\n<\/div>\n","protected":false},"excerpt":{"rendered":"<p>BONT GT3 LAMES Les lames Bont GT3 pour le short track sont fabriqu\u00e9es \u00e0 partir d\u2019un acier japonais de haute qualit\u00e9 utilis\u00e9 pour les couteaux. Les GT3 b\u00e9n\u00e9ficient \u00e9galement de toute la technologie ainsi que de la recherche et du d\u00e9veloppement des lames Platinum. Elles utilisent les m\u00eames mat\u00e9riaux que les Platinum (\u00e0 l\u2019exception du [&hellip;]<\/p>\n","protected":false},"featured_media":21596,"comment_status":"open","ping_status":"closed","template":"","meta":{"_acf_changed":false,"_monsterinsights_skip_tracking":false,"_monsterinsights_sitenote_active":false,"_monsterinsights_sitenote_note":"","_monsterinsights_sitenote_category":0,"_uf_show_specific_survey":0,"_uf_disable_surveys":false,"site-sidebar-layout":"default","site-content-layout":"","ast-site-content-layout":"default","site-content-style":"default","site-sidebar-style":"default","ast-global-header-display":"","ast-banner-title-visibility":"","ast-main-header-display":"","ast-hfb-above-header-display":"","ast-hfb-below-header-display":"","ast-hfb-mobile-header-display":"","site-post-title":"","ast-breadcrumbs-content":"","ast-featured-img":"","footer-sml-layout":"","ast-disable-related-posts":"","theme-transparent-header-meta":"default","adv-header-id-meta":"","stick-header-meta":"","header-above-stick-meta":"","header-main-stick-meta":"","header-below-stick-meta":"","astra-migrate-meta-layouts":"set","ast-page-background-enabled":"default","ast-page-background-meta":{"desktop":{"background-color":"","background-image":"","background-repeat":"repeat","background-position":"center center","background-size":"auto","background-attachment":"scroll","background-type":"","background-media":"","overlay-type":"","overlay-color":"","overlay-opacity":"","overlay-gradient":""},"tablet":{"background-color":"","background-image":"","background-repeat":"repeat","background-position":"center center","background-size":"auto","background-attachment":"scroll","background-type":"","background-media":"","overlay-type":"","overlay-color":"","overlay-opacity":"","overlay-gradient":""},"mobile":{"background-color":"","background-image":"","background-repeat":"repeat","background-position":"center center","background-size":"auto","background-attachment":"scroll","background-type":"","background-media":"","overlay-type":"","overlay-color":"","overlay-opacity":"","overlay-gradient":""}},"ast-content-background-meta":{"desktop":{"background-color":"var(--ast-global-color-5)","background-image":"","background-repeat":"repeat","background-position":"center center","background-size":"auto","background-attachment":"scroll","background-type":"","background-media":"","overlay-type":"","overlay-color":"","overlay-opacity":"","overlay-gradient":""},"tablet":{"background-color":"var(--ast-global-color-5)","background-image":"","background-repeat":"repeat","background-position":"center center","background-size":"auto","background-attachment":"scroll","background-type":"","background-media":"","overlay-type":"","overlay-color":"","overlay-opacity":"","overlay-gradient":""},"mobile":{"background-color":"var(--ast-global-color-5)","background-image":"","background-repeat":"repeat","background-position":"center center","background-size":"auto","background-attachment":"scroll","background-type":"","background-media":"","overlay-type":"","overlay-color":"","overlay-opacity":"","overlay-gradient":""}}},"product_brand":[3285],"product_cat":[4561,4560],"product_tag":[3796],"class_list":{"0":"post-22992","1":"product","2":"type-product","3":"status-publish","4":"has-post-thumbnail","6":"product_brand-bont","7":"product_cat-blades","8":"product_cat-short-track-blades","9":"product_tag-short-track","10":"desktop-align-left","11":"tablet-align-left","12":"mobile-align-left","14":"first","15":"instock","16":"sale","17":"taxable","18":"shipping-taxable","19":"purchasable","20":"product-type-simple"},"acf":[],"_links":{"self":[{"href":"https:\/\/ztsports.com\/fr\/wp-json\/wp\/v2\/product\/22992","targetHints":{"allow":["GET"]}}],"collection":[{"href":"https:\/\/ztsports.com\/fr\/wp-json\/wp\/v2\/product"}],"about":[{"href":"https:\/\/ztsports.com\/fr\/wp-json\/wp\/v2\/types\/product"}],"replies":[{"embeddable":true,"href":"https:\/\/ztsports.com\/fr\/wp-json\/wp\/v2\/comments?post=22992"}],"version-history":[{"count":1,"href":"https:\/\/ztsports.com\/fr\/wp-json\/wp\/v2\/product\/22992\/revisions"}],"predecessor-version":[{"id":22993,"href":"https:\/\/ztsports.com\/fr\/wp-json\/wp\/v2\/product\/22992\/revisions\/22993"}],"wp:featuredmedia":[{"embeddable":true,"href":"https:\/\/ztsports.com\/fr\/wp-json\/wp\/v2\/media\/21596"}],"wp:attachment":[{"href":"https:\/\/ztsports.com\/fr\/wp-json\/wp\/v2\/media?parent=22992"}],"wp:term":[{"taxonomy":"product_brand","embeddable":true,"href":"https:\/\/ztsports.com\/fr\/wp-json\/wp\/v2\/product_brand?post=22992"},{"taxonomy":"product_cat","embeddable":true,"href":"https:\/\/ztsports.com\/fr\/wp-json\/wp\/v2\/product_cat?post=22992"},{"taxonomy":"product_tag","embeddable":true,"href":"https:\/\/ztsports.com\/fr\/wp-json\/wp\/v2\/product_tag?post=22992"}],"curies":[{"name":"wp","href":"https:\/\/api.w.org\/{rel}","templated":true}]}}