{"id":22989,"date":"2023-05-24T21:22:29","date_gmt":"2023-05-24T21:22:29","guid":{"rendered":"https:\/\/ztsports.com\/?post_type=product&#038;p=22989"},"modified":"2026-03-07T12:07:20","modified_gmt":"2026-03-07T12:07:20","slug":"bont-patriot-carbon-boa-evo-krypton-se-package","status":"publish","type":"product","link":"https:\/\/ztsports.com\/fr\/store\/bont-patriot-carbon-boa-evo-krypton-se-package\/","title":{"rendered":"BONT Patriot Carbon BOA\/EVO Krypton SE Package"},"content":{"rendered":"<h2 class=\"product_title entry-title show-product-nav\">BONT PATRIOT CARBON BOA\/\u00c9dition Sp\u00e9ciale 12c27<\/h2>\n<p>Le Bont Patriot Carbon BOA pr\u00e9sente une nouvelle couleur vibrante.<\/p>\n<p>Plus rigide que le Patriot, le Bont Patriot Carbon BOA offre un meilleur soutien pour les patineurs cherchant \u00e0 atteindre des vitesses plus \u00e9lev\u00e9es.<\/p>\n<p>Enfin, nous avons ajout\u00e9 un cadran BOA pour r\u00e9gler la tension de votre botte entre les sessions.<\/p>\n<p><strong>Une extension naturelle de votre corps<\/strong><\/p>\n<p><strong>Sp\u00e9cifications :<\/strong><\/p>\n<p>Base : Base composite en carbone pos\u00e9e \u00e0 la main<\/p>\n<p>Peau ext\u00e9rieure : Microfibre<\/p>\n<p>Doublure : Microfibre<\/p>\n<p>Semelle int\u00e9rieure : Cuir<\/p>\n<p>Thermomoulable : Base enti\u00e8rement thermomoulable utilisant de la r\u00e9sine \u00e9poxy thermodurcissable<\/p>\n<p>Rembourrage : Mousse \u00e0 m\u00e9moire de forme haute densit\u00e9<\/p>\n<p>Options de fermeture : Double cadran Boa + couvre-lacets<\/p>\n<h2><strong>Lames EVO Krypton \u00c9DITION SP\u00c9CIALE<\/strong> con\u00e7ues au Canada !<\/h2>\n<p>Con\u00e7ues comme des lames agiles, r\u00e9actives et durables, un produit de grande valeur offrant une excellente qualit\u00e9 \u00e0 un prix plus abordable, avec la technologie du tube Krypton int\u00e9gr\u00e9e dans le mod\u00e8le 12C27.<\/p>\n<p>De plus, le 12C27 est en acier durable, maintenant une excellente qualit\u00e9 de tranchant et nettet\u00e9.<\/p>\n<p>Le 12C27 est fabriqu\u00e9 selon les m\u00eames sp\u00e9cifications et tol\u00e9rances que nos patins PM et Bi-metal.<\/p>\n<p>Con\u00e7u au Canada et con\u00e7u aux Pays-Bas.<\/p>\n<p>Aluminium de qualit\u00e9 premium d\u2019origine n\u00e9erlandaise et acier 12C27.<\/p>\n<p>Le syst\u00e8me innovant de cup Evo offre une interface de montage solide avec une installation et un r\u00e9glage simples et efficaces.<\/p>\n<p>Des cups 5 mm plus hauts sont \u00e9galement disponibles sur demande sp\u00e9ciale.<\/p>\n<p>Courbure : Courbure m\u00e9canique<\/p>\n<p><strong>Enfin, l\u2019avantage BOA<\/strong><\/p>\n<ul>\n<li>Confort comme un gant<\/li>\n<li>Le syst\u00e8me de fermeture Boa offre un confort sur mesure avec une fermeture douce et homog\u00e8ne sans points de pression.<\/li>\n<li>R\u00e9glage rapide<\/li>\n<li>R\u00e9glez facilement d\u2019une seule main avec un simple tour du cadran Boa. Plus besoin de vous agenouiller sur la glace mouill\u00e9e.<\/li>\n<li>Fermeture puissante<\/li>\n<li>Une fois verrouill\u00e9, les bobines et lacets Boa restent en place. Les lacets normaux s\u2019\u00e9tirent de 7 \u00e0 10 %, d\u2019o\u00f9 la n\u00e9cessit\u00e9 de les resserrer encore et encore.<\/li>\n<li>Super durable<\/li>\n<li>Fabriqu\u00e9 en acier inoxydable de qualit\u00e9 a\u00e9ronautique, les lacets Boa sont plus solides au gramme que l\u2019armure de tank.<\/li>\n<li>Micro-r\u00e9glage<\/li>\n<li>Les bobines Boa offrent une infinit\u00e9 apparente de r\u00e9glages fins.<\/li>\n<li>L\u00e9ger<\/li>\n<li>Les fermetures Boa \u00e9vacuent l\u2019eau et la glace, r\u00e9duisant ainsi le poids.<\/li>\n<li>Rapide<\/li>\n<li>Enfilez et retirez rapidement vos patins. Boa fait gagner du temps.<\/li>\n<li>Les avantages continuent encore et encore.<\/li>\n<\/ul>\n<h3><strong>\u00c9DITION SP\u00c9CIALE DE LA SAISON<\/strong><\/h3>\n<h3><strong>COMMANDEZ LA V\u00d4TRE AUJOURD\u2019HUI ET SOYEZ PR\u00caT POUR LA SAISON 2023\/2024<\/strong><\/h3>\n<p><strong>D\u00e9couvrez toutes nos <a href=\"https:\/\/ztsports.com\/product-category\/patinage-de-vitesse-en-ligne\/packages\/\">offres group\u00e9es<\/a> ici.<\/strong><\/p>\n<h5 class=\"tw-data-text tw-text-large tw-ta\" dir=\"ltr\" data-placeholder=\"Translation\">Maintenant une vid\u00e9o sur\u00a0<a href=\"https:\/\/www.youtube.com\/watch?v=2AfKfzVSCWk\" target=\"_blank\" rel=\"noopener\"><strong>le thermomoulage de vos bottes Bont.<\/strong><\/a><\/h5>\n<p><a href=\"https:\/\/ztsports.com\/brand\/bont\/\"><strong>Voir tous nos produits Bont ici.<\/strong><\/a><\/p>\n","protected":false},"excerpt":{"rendered":"<p>BONT PATRIOT CARBON BOA\/\u00c9dition Sp\u00e9ciale 12c27 Le Bont Patriot Carbon BOA pr\u00e9sente une nouvelle couleur vibrante. Plus rigide que le Patriot, le Bont Patriot Carbon BOA offre un meilleur soutien pour les patineurs cherchant \u00e0 atteindre des vitesses plus \u00e9lev\u00e9es. Enfin, nous avons ajout\u00e9 un cadran BOA pour r\u00e9gler la tension de votre botte entre [&hellip;]<\/p>\n","protected":false},"featured_media":22986,"comment_status":"open","ping_status":"closed","template":"","meta":{"_acf_changed":false,"_monsterinsights_skip_tracking":false,"_monsterinsights_sitenote_active":false,"_monsterinsights_sitenote_note":"","_monsterinsights_sitenote_category":0,"_uf_show_specific_survey":0,"_uf_disable_surveys":false,"site-sidebar-layout":"default","site-content-layout":"","ast-site-content-layout":"default","site-content-style":"default","site-sidebar-style":"default","ast-global-header-display":"","ast-banner-title-visibility":"","ast-main-header-display":"","ast-hfb-above-header-display":"","ast-hfb-below-header-display":"","ast-hfb-mobile-header-display":"","site-post-title":"","ast-breadcrumbs-content":"","ast-featured-img":"","footer-sml-layout":"","ast-disable-related-posts":"","theme-transparent-header-meta":"default","adv-header-id-meta":"","stick-header-meta":"","header-above-stick-meta":"","header-main-stick-meta":"","header-below-stick-meta":"","astra-migrate-meta-layouts":"set","ast-page-background-enabled":"default","ast-page-background-meta":{"desktop":{"background-color":"","background-image":"","background-repeat":"repeat","background-position":"center center","background-size":"auto","background-attachment":"scroll","background-type":"","background-media":"","overlay-type":"","overlay-color":"","overlay-opacity":"","overlay-gradient":""},"tablet":{"background-color":"","background-image":"","background-repeat":"repeat","background-position":"center center","background-size":"auto","background-attachment":"scroll","background-type":"","background-media":"","overlay-type":"","overlay-color":"","overlay-opacity":"","overlay-gradient":""},"mobile":{"background-color":"","background-image":"","background-repeat":"repeat","background-position":"center center","background-size":"auto","background-attachment":"scroll","background-type":"","background-media":"","overlay-type":"","overlay-color":"","overlay-opacity":"","overlay-gradient":""}},"ast-content-background-meta":{"desktop":{"background-color":"var(--ast-global-color-5)","background-image":"","background-repeat":"repeat","background-position":"center center","background-size":"auto","background-attachment":"scroll","background-type":"","background-media":"","overlay-type":"","overlay-color":"","overlay-opacity":"","overlay-gradient":""},"tablet":{"background-color":"var(--ast-global-color-5)","background-image":"","background-repeat":"repeat","background-position":"center center","background-size":"auto","background-attachment":"scroll","background-type":"","background-media":"","overlay-type":"","overlay-color":"","overlay-opacity":"","overlay-gradient":""},"mobile":{"background-color":"var(--ast-global-color-5)","background-image":"","background-repeat":"repeat","background-position":"center center","background-size":"auto","background-attachment":"scroll","background-type":"","background-media":"","overlay-type":"","overlay-color":"","overlay-opacity":"","overlay-gradient":""}}},"product_brand":[3285],"product_cat":[3378],"product_tag":[3799],"class_list":{"0":"post-22989","1":"product","2":"type-product","3":"status-publish","4":"has-post-thumbnail","6":"product_brand-bont","7":"product_cat-non-categorise","8":"product_tag-bont","9":"desktop-align-left","10":"tablet-align-left","11":"mobile-align-left","13":"first","14":"instock","15":"sale","16":"taxable","17":"shipping-taxable","18":"purchasable","19":"product-type-simple"},"acf":[],"_links":{"self":[{"href":"https:\/\/ztsports.com\/fr\/wp-json\/wp\/v2\/product\/22989","targetHints":{"allow":["GET"]}}],"collection":[{"href":"https:\/\/ztsports.com\/fr\/wp-json\/wp\/v2\/product"}],"about":[{"href":"https:\/\/ztsports.com\/fr\/wp-json\/wp\/v2\/types\/product"}],"replies":[{"embeddable":true,"href":"https:\/\/ztsports.com\/fr\/wp-json\/wp\/v2\/comments?post=22989"}],"version-history":[{"count":1,"href":"https:\/\/ztsports.com\/fr\/wp-json\/wp\/v2\/product\/22989\/revisions"}],"predecessor-version":[{"id":22990,"href":"https:\/\/ztsports.com\/fr\/wp-json\/wp\/v2\/product\/22989\/revisions\/22990"}],"wp:featuredmedia":[{"embeddable":true,"href":"https:\/\/ztsports.com\/fr\/wp-json\/wp\/v2\/media\/22986"}],"wp:attachment":[{"href":"https:\/\/ztsports.com\/fr\/wp-json\/wp\/v2\/media?parent=22989"}],"wp:term":[{"taxonomy":"product_brand","embeddable":true,"href":"https:\/\/ztsports.com\/fr\/wp-json\/wp\/v2\/product_brand?post=22989"},{"taxonomy":"product_cat","embeddable":true,"href":"https:\/\/ztsports.com\/fr\/wp-json\/wp\/v2\/product_cat?post=22989"},{"taxonomy":"product_tag","embeddable":true,"href":"https:\/\/ztsports.com\/fr\/wp-json\/wp\/v2\/product_tag?post=22989"}],"curies":[{"name":"wp","href":"https:\/\/api.w.org\/{rel}","templated":true}]}}