{"id":22984,"date":"2023-05-25T04:15:31","date_gmt":"2023-05-25T04:15:31","guid":{"rendered":"https:\/\/ztsports.com\/?post_type=product&#038;p=22984"},"modified":"2026-03-07T12:06:19","modified_gmt":"2026-03-07T12:06:19","slug":"skate-tec-quick-tips-abs-protective-finger-tips","status":"publish","type":"product","link":"https:\/\/ztsports.com\/fr\/store\/skate-tec-quick-tips-abs-protective-finger-tips\/","title":{"rendered":"SKATE-TEC Quick Tips ABS Protective Finger Tips"},"content":{"rendered":"<p><strong>SKATE-TEC Quick Tips<\/strong> pour short track sont des tips protecteurs pour les doigts, parfaits pour prot\u00e9ger vos gants contre l\u2019usure rapide. Les patineurs de short track posent leur main gauche sur la glace dans les virages, ce qui peut rapidement cr\u00e9er des trous dans vos gants. Ces tips emp\u00eachent cela de se produire.<\/p>\n<p>Enfin, ils sont disponibles dans de nombreuses couleurs flashy.<\/p>\n<p>Le paquet contient 7 tips pour que vous puissiez choisir les 5 qui conviennent le mieux \u00e0 la forme de vos doigts. Utilisez de la super colle gel pour les fixer \u00e0 vos gants. <span class=\"Y2IQFc\" lang=\"fr\">De plus, nous fournissons la colle avec tous nos Quick Tips.<\/span><\/p>\n<h3><strong>Caract\u00e9ristiques<\/strong><\/h3>\n<p>\u2013 Fabriqu\u00e9 en ABS<br \/>\n\u2013 Durable<br \/>\n\u2013 Facile \u00e0 coller<\/p>\n<p><span class=\"Y2IQFc\" lang=\"fr\">De plus, nous fournissons la colle avec tous nos Quick Tips.<\/span><\/p>\n<h4 class=\"tw-data-text tw-text-large tw-ta\" dir=\"ltr\" data-placeholder=\"Translation\">Comment poser les tips sur vos gants de patinage de vitesse ?<\/h4>\n<div>\n<div class=\"dnXCYb\" tabindex=\"0\" role=\"button\" aria-controls=\"_t6-uZKD1JPeAqtsPyd6pyAo_33\" aria-expanded=\"true\" data-hveid=\"CDkQAQ\">\n<h4 class=\"JlqpRe\"><b>Instructions de collage<\/b><\/h4>\n<\/div>\n<\/div>\n<div id=\"_t6-uZKD1JPeAqtsPyd6pyAo_33\" class=\"bCOlv\" data-ved=\"2ahUKEwjgrO2FqImAAxV3gGoFHUlvCqkQ7NUEegQIORAE\">\n<div class=\"IZE3Td\">\n<div class=\"t0bRye r2fjmd\" data-hveid=\"CDkQBQ\" data-ved=\"2ahUKEwjgrO2FqImAAxV3gGoFHUlvCqkQu04oAHoECDkQBQ\">\n<div id=\"t6-uZKD1JPeAqtsPyd6pyAo__50\">\n<div class=\"wDYxhc\" data-md=\"83\">\n<div class=\"di3YZe\">\n<div class=\"RqBzHd\">\n<ol class=\"X5LH0c\">\n<li>Commencez avec des <strong>gants propres et secs<\/strong><\/li>\n<li class=\"TrT0Xe\">Le paquet contient 5 ou 7 tips de tailles diff\u00e9rentes. Choisissez les cinq tips qui conviennent le mieux \u00e0 vos doigts. Associez les tips de protection \u00e0 votre gant.<\/li>\n<li class=\"TrT0Xe\">Appliquez la colle autour du bord puis un petit point au centre du tip. Appliquez sur des gants propres et secs. Pressez fermement le tip sur le gant avec la main \u00e0 l\u2019int\u00e9rieur du gant.<\/li>\n<li class=\"TrT0Xe\">Attendez au moins 30 minutes avant utilisation.<\/li>\n<\/ol>\n<h4>Voir notre s\u00e9lection de gants <a href=\"https:\/\/ztsports.com\/product-category\/protection\/gloves\/\">ici.<\/a><\/h4>\n<p>Enfin, un clip de <a href=\"https:\/\/olympics.com\/en\/video\/special-skates-and-gloves-for-short-track-speed-skaters\" target=\"_blank\" rel=\"noopener\"><strong>patineurs olympiques effectuant des pivots avec leurs Quick Tips<\/strong><\/a>.<\/p>\n<\/div>\n<\/div>\n<\/div>\n<\/div>\n<\/div>\n<\/div>\n<\/div>\n<p><strong>Enfin, vous pouvez trouver toutes les couleurs et styles de nos <a href=\"https:\/\/ztsports.com\/product-category\/protection\/quick-tips\/\">Quick Tips<\/a> ici.<\/strong><\/p>\n","protected":false},"excerpt":{"rendered":"<p>SKATE-TEC Quick Tips pour short track sont des tips protecteurs pour les doigts, parfaits pour prot\u00e9ger vos gants contre l\u2019usure rapide. Les patineurs de short track posent leur main gauche sur la glace dans les virages, ce qui peut rapidement cr\u00e9er des trous dans vos gants. Ces tips emp\u00eachent cela de se produire. Enfin, ils [&hellip;]<\/p>\n","protected":false},"featured_media":22975,"comment_status":"open","ping_status":"closed","template":"","meta":{"_acf_changed":false,"_monsterinsights_skip_tracking":false,"_monsterinsights_sitenote_active":false,"_monsterinsights_sitenote_note":"","_monsterinsights_sitenote_category":0,"_uf_show_specific_survey":0,"_uf_disable_surveys":false,"site-sidebar-layout":"default","site-content-layout":"","ast-site-content-layout":"default","site-content-style":"default","site-sidebar-style":"default","ast-global-header-display":"","ast-banner-title-visibility":"","ast-main-header-display":"","ast-hfb-above-header-display":"","ast-hfb-below-header-display":"","ast-hfb-mobile-header-display":"","site-post-title":"","ast-breadcrumbs-content":"","ast-featured-img":"","footer-sml-layout":"","ast-disable-related-posts":"","theme-transparent-header-meta":"default","adv-header-id-meta":"","stick-header-meta":"","header-above-stick-meta":"","header-main-stick-meta":"","header-below-stick-meta":"","astra-migrate-meta-layouts":"set","ast-page-background-enabled":"default","ast-page-background-meta":{"desktop":{"background-color":"","background-image":"","background-repeat":"repeat","background-position":"center center","background-size":"auto","background-attachment":"scroll","background-type":"","background-media":"","overlay-type":"","overlay-color":"","overlay-opacity":"","overlay-gradient":""},"tablet":{"background-color":"","background-image":"","background-repeat":"repeat","background-position":"center center","background-size":"auto","background-attachment":"scroll","background-type":"","background-media":"","overlay-type":"","overlay-color":"","overlay-opacity":"","overlay-gradient":""},"mobile":{"background-color":"","background-image":"","background-repeat":"repeat","background-position":"center center","background-size":"auto","background-attachment":"scroll","background-type":"","background-media":"","overlay-type":"","overlay-color":"","overlay-opacity":"","overlay-gradient":""}},"ast-content-background-meta":{"desktop":{"background-color":"var(--ast-global-color-5)","background-image":"","background-repeat":"repeat","background-position":"center center","background-size":"auto","background-attachment":"scroll","background-type":"","background-media":"","overlay-type":"","overlay-color":"","overlay-opacity":"","overlay-gradient":""},"tablet":{"background-color":"var(--ast-global-color-5)","background-image":"","background-repeat":"repeat","background-position":"center center","background-size":"auto","background-attachment":"scroll","background-type":"","background-media":"","overlay-type":"","overlay-color":"","overlay-opacity":"","overlay-gradient":""},"mobile":{"background-color":"var(--ast-global-color-5)","background-image":"","background-repeat":"repeat","background-position":"center center","background-size":"auto","background-attachment":"scroll","background-type":"","background-media":"","overlay-type":"","overlay-color":"","overlay-opacity":"","overlay-gradient":""}}},"product_brand":[3332,3338],"product_cat":[3378],"product_tag":[3796,4562],"class_list":{"0":"post-22984","1":"product","2":"type-product","3":"status-publish","4":"has-post-thumbnail","6":"product_brand-quick-tips","7":"product_brand-skate-tec","8":"product_cat-non-categorise","9":"product_tag-short-track","10":"product_tag-speed-skating","11":"desktop-align-left","12":"tablet-align-left","13":"mobile-align-left","15":"first","16":"instock","17":"taxable","18":"shipping-taxable","19":"purchasable","20":"product-type-simple"},"acf":[],"_links":{"self":[{"href":"https:\/\/ztsports.com\/fr\/wp-json\/wp\/v2\/product\/22984","targetHints":{"allow":["GET"]}}],"collection":[{"href":"https:\/\/ztsports.com\/fr\/wp-json\/wp\/v2\/product"}],"about":[{"href":"https:\/\/ztsports.com\/fr\/wp-json\/wp\/v2\/types\/product"}],"replies":[{"embeddable":true,"href":"https:\/\/ztsports.com\/fr\/wp-json\/wp\/v2\/comments?post=22984"}],"version-history":[{"count":1,"href":"https:\/\/ztsports.com\/fr\/wp-json\/wp\/v2\/product\/22984\/revisions"}],"predecessor-version":[{"id":22985,"href":"https:\/\/ztsports.com\/fr\/wp-json\/wp\/v2\/product\/22984\/revisions\/22985"}],"wp:featuredmedia":[{"embeddable":true,"href":"https:\/\/ztsports.com\/fr\/wp-json\/wp\/v2\/media\/22975"}],"wp:attachment":[{"href":"https:\/\/ztsports.com\/fr\/wp-json\/wp\/v2\/media?parent=22984"}],"wp:term":[{"taxonomy":"product_brand","embeddable":true,"href":"https:\/\/ztsports.com\/fr\/wp-json\/wp\/v2\/product_brand?post=22984"},{"taxonomy":"product_cat","embeddable":true,"href":"https:\/\/ztsports.com\/fr\/wp-json\/wp\/v2\/product_cat?post=22984"},{"taxonomy":"product_tag","embeddable":true,"href":"https:\/\/ztsports.com\/fr\/wp-json\/wp\/v2\/product_tag?post=22984"}],"curies":[{"name":"wp","href":"https:\/\/api.w.org\/{rel}","templated":true}]}}