{"id":22972,"date":"2023-05-25T20:30:36","date_gmt":"2023-05-25T20:30:36","guid":{"rendered":"https:\/\/ztsports.com\/?post_type=product&#038;p=22972"},"modified":"2026-03-07T12:05:12","modified_gmt":"2026-03-07T12:05:12","slug":"chrome-quick-tips-by-nagano-skate","status":"publish","type":"product","link":"https:\/\/ztsports.com\/fr\/store\/chrome-quick-tips-by-nagano-skate\/","title":{"rendered":"Chrome Quick Tips By Nagano Skate"},"content":{"rendered":"<p data-rm-block-id=\"block-1\"><span class=\"\" title=\"\">Les <strong>Chrome<\/strong> <strong>Quick Tips<\/strong> sont fabriqu\u00e9s au Canada par Nagano Skate<\/span><span class=\"\" title=\"\">.<\/span><\/p>\n<div class=\"tlid-input input\">\n<div class=\"source-wrap\">\n<div class=\"input-full-height-wrapper tlid-input-full-height-wrapper\">\n<div class=\"source-input\">\n<div class=\"source-header\" data-rm-block-id=\"block-2\">Les <strong>tips en chrome<\/strong> sont fabriqu\u00e9s en vrai chrome brillant. Ils sont donc tr\u00e8s durables. Nous pensons que le fait que le contenant soit fabriqu\u00e9 au Canada est un point positif, et ils sont \u00e9galement pratiques pour transporter vos carbures.<\/div>\n<\/div>\n<\/div>\n<\/div>\n<\/div>\n<div class=\"tlid-results-container results-container\">\n<div class=\"tlid-result result-dict-wrapper\">\n<div class=\"result tlid-copy-target\">\n<div class=\"text-wrap tlid-copy-target\">\n<div class=\"result-shield-container tlid-copy-target\">\n<pre class=\"tw-data-text tw-text-large tw-ta\" dir=\"ltr\" data-placeholder=\"Translation\" data-rm-block-id=\"block-3\"><span class=\"Y2IQFc\" lang=\"fr\"><strong>De plus, tous nos Short Track Quick Tips sont VENDUS AVEC LA COLLE INCLUSE.<\/strong><\/span><\/pre>\n<h4 class=\"tw-data-text tw-text-large tw-ta\" dir=\"ltr\" data-placeholder=\"Translation\" data-rm-block-id=\"block-4\">Comment poser les tips sur vos gants de patinage de vitesse ?<\/h4>\n<div>\n<div class=\"dnXCYb\" tabindex=\"0\" role=\"button\" aria-controls=\"_t6-uZKD1JPeAqtsPyd6pyAo_33\" aria-expanded=\"true\" data-hveid=\"CDkQAQ\">\n<h4 class=\"JlqpRe\" data-rm-block-id=\"block-5\"><b>Instructions de collage pour les Chrome Quick Tips.<\/b><\/h4>\n<\/div>\n<\/div>\n<div id=\"_t6-uZKD1JPeAqtsPyd6pyAo_33\" class=\"bCOlv\" data-ved=\"2ahUKEwjgrO2FqImAAxV3gGoFHUlvCqkQ7NUEegQIORAE\">\n<div class=\"IZE3Td\">\n<div class=\"t0bRye r2fjmd\" data-hveid=\"CDkQBQ\" data-ved=\"2ahUKEwjgrO2FqImAAxV3gGoFHUlvCqkQu04oAHoECDkQBQ\">\n<div id=\"t6-uZKD1JPeAqtsPyd6pyAo__50\">\n<div class=\"wDYxhc\" data-md=\"83\">\n<div class=\"di3YZe\">\n<div class=\"RqBzHd\">\n<ol class=\"X5LH0c\">\n<li data-rm-block-id=\"block-6\">Commencez avec des <strong>gants propres et secs<\/strong><\/li>\n<li class=\"TrT0Xe\" data-rm-block-id=\"block-7\">Le paquet contient 5 ou 7 tips de tailles diff\u00e9rentes. Choisissez les cinq tips qui conviennent le mieux \u00e0 vos doigts. Associez les tips de protection \u00e0 votre gant.<\/li>\n<li class=\"TrT0Xe\" data-rm-block-id=\"block-8\">Appliquez la colle autour du bord puis un petit point au centre du tip. Appliquez sur des gants propres et secs. Pressez fermement le tip sur le gant avec la main \u00e0 l\u2019int\u00e9rieur du gant.<\/li>\n<li class=\"TrT0Xe\" data-rm-block-id=\"block-9\">Attendez au moins 30 minutes avant utilisation.<\/li>\n<\/ol>\n<p data-rm-block-id=\"block-10\">Enfin, un clip de <a href=\"https:\/\/olympics.com\/en\/video\/special-skates-and-gloves-for-short-track-speed-skaters\" target=\"_blank\" rel=\"noopener\"><strong>patineurs olympiques effectuant des pivots avec leurs Quick Tips<\/strong><\/a>.<\/p>\n<\/div>\n<\/div>\n<\/div>\n<\/div>\n<\/div>\n<\/div>\n<\/div>\n<p data-rm-block-id=\"block-11\"><strong>Enfin, vous pouvez trouver toutes les couleurs et styles de nos <a href=\"https:\/\/ztsports.com\/product-category\/protection\/quick-tips\/\">Quick Tips<\/a> ici.<\/strong><\/p>\n<\/div>\n<\/div>\n<\/div>\n<\/div>\n<\/div>\n","protected":false},"excerpt":{"rendered":"<p>Les Chrome Quick Tips sont fabriqu\u00e9s au Canada par Nagano Skate. Les tips en chrome sont fabriqu\u00e9s en vrai chrome brillant. Ils sont donc tr\u00e8s durables. Nous pensons que le fait que le contenant soit fabriqu\u00e9 au Canada est un point positif, et ils sont \u00e9galement pratiques pour transporter vos carbures. De plus, tous nos [&hellip;]<\/p>\n","protected":false},"featured_media":22969,"comment_status":"open","ping_status":"closed","template":"","meta":{"_acf_changed":false,"_monsterinsights_skip_tracking":false,"_monsterinsights_sitenote_active":false,"_monsterinsights_sitenote_note":"","_monsterinsights_sitenote_category":0,"_uf_show_specific_survey":0,"_uf_disable_surveys":false,"site-sidebar-layout":"default","site-content-layout":"","ast-site-content-layout":"default","site-content-style":"default","site-sidebar-style":"default","ast-global-header-display":"","ast-banner-title-visibility":"","ast-main-header-display":"","ast-hfb-above-header-display":"","ast-hfb-below-header-display":"","ast-hfb-mobile-header-display":"","site-post-title":"","ast-breadcrumbs-content":"","ast-featured-img":"","footer-sml-layout":"","ast-disable-related-posts":"","theme-transparent-header-meta":"default","adv-header-id-meta":"","stick-header-meta":"","header-above-stick-meta":"","header-main-stick-meta":"","header-below-stick-meta":"","astra-migrate-meta-layouts":"set","ast-page-background-enabled":"default","ast-page-background-meta":{"desktop":{"background-color":"","background-image":"","background-repeat":"repeat","background-position":"center center","background-size":"auto","background-attachment":"scroll","background-type":"","background-media":"","overlay-type":"","overlay-color":"","overlay-opacity":"","overlay-gradient":""},"tablet":{"background-color":"","background-image":"","background-repeat":"repeat","background-position":"center center","background-size":"auto","background-attachment":"scroll","background-type":"","background-media":"","overlay-type":"","overlay-color":"","overlay-opacity":"","overlay-gradient":""},"mobile":{"background-color":"","background-image":"","background-repeat":"repeat","background-position":"center center","background-size":"auto","background-attachment":"scroll","background-type":"","background-media":"","overlay-type":"","overlay-color":"","overlay-opacity":"","overlay-gradient":""}},"ast-content-background-meta":{"desktop":{"background-color":"var(--ast-global-color-5)","background-image":"","background-repeat":"repeat","background-position":"center center","background-size":"auto","background-attachment":"scroll","background-type":"","background-media":"","overlay-type":"","overlay-color":"","overlay-opacity":"","overlay-gradient":""},"tablet":{"background-color":"var(--ast-global-color-5)","background-image":"","background-repeat":"repeat","background-position":"center center","background-size":"auto","background-attachment":"scroll","background-type":"","background-media":"","overlay-type":"","overlay-color":"","overlay-opacity":"","overlay-gradient":""},"mobile":{"background-color":"var(--ast-global-color-5)","background-image":"","background-repeat":"repeat","background-position":"center center","background-size":"auto","background-attachment":"scroll","background-type":"","background-media":"","overlay-type":"","overlay-color":"","overlay-opacity":"","overlay-gradient":""}}},"product_brand":[3326,3332],"product_cat":[3378],"product_tag":[],"class_list":{"0":"post-22972","1":"product","2":"type-product","3":"status-publish","4":"has-post-thumbnail","6":"product_brand-nagano","7":"product_brand-quick-tips","8":"product_cat-non-categorise","9":"desktop-align-left","10":"tablet-align-left","11":"mobile-align-left","13":"first","14":"instock","15":"taxable","16":"shipping-taxable","17":"purchasable","18":"product-type-simple"},"acf":[],"_links":{"self":[{"href":"https:\/\/ztsports.com\/fr\/wp-json\/wp\/v2\/product\/22972","targetHints":{"allow":["GET"]}}],"collection":[{"href":"https:\/\/ztsports.com\/fr\/wp-json\/wp\/v2\/product"}],"about":[{"href":"https:\/\/ztsports.com\/fr\/wp-json\/wp\/v2\/types\/product"}],"replies":[{"embeddable":true,"href":"https:\/\/ztsports.com\/fr\/wp-json\/wp\/v2\/comments?post=22972"}],"version-history":[{"count":2,"href":"https:\/\/ztsports.com\/fr\/wp-json\/wp\/v2\/product\/22972\/revisions"}],"predecessor-version":[{"id":22974,"href":"https:\/\/ztsports.com\/fr\/wp-json\/wp\/v2\/product\/22972\/revisions\/22974"}],"wp:featuredmedia":[{"embeddable":true,"href":"https:\/\/ztsports.com\/fr\/wp-json\/wp\/v2\/media\/22969"}],"wp:attachment":[{"href":"https:\/\/ztsports.com\/fr\/wp-json\/wp\/v2\/media?parent=22972"}],"wp:term":[{"taxonomy":"product_brand","embeddable":true,"href":"https:\/\/ztsports.com\/fr\/wp-json\/wp\/v2\/product_brand?post=22972"},{"taxonomy":"product_cat","embeddable":true,"href":"https:\/\/ztsports.com\/fr\/wp-json\/wp\/v2\/product_cat?post=22972"},{"taxonomy":"product_tag","embeddable":true,"href":"https:\/\/ztsports.com\/fr\/wp-json\/wp\/v2\/product_tag?post=22972"}],"curies":[{"name":"wp","href":"https:\/\/api.w.org\/{rel}","templated":true}]}}