{"id":22961,"date":"2023-05-25T21:31:17","date_gmt":"2023-05-25T21:31:17","guid":{"rendered":"https:\/\/ztsports.com\/?post_type=product&#038;p=22961"},"modified":"2026-03-07T12:02:07","modified_gmt":"2026-03-07T12:02:07","slug":"apogee-quick-tips-for-short-track-gloves","status":"publish","type":"product","link":"https:\/\/ztsports.com\/fr\/store\/apogee-quick-tips-for-short-track-gloves\/","title":{"rendered":"APOGEE Quick Tips for Short Track Gloves"},"content":{"rendered":"<h2>APOGEE Conseils Rapides pour Gants de Short Track<\/h2>\n<p>Les Apogee Quick Tips sont <b>con\u00e7us pour r\u00e9duire la friction lorsque vous posez votre main sur la glace dans les virages<\/b>. Les Quick Tips durables en plastique d\u2019Apogee sont r\u00e9sistants et fonctionnels. Sp\u00e9cialement fa\u00e7onn\u00e9s pour chaque doigt, ces Quick Tips sont num\u00e9rot\u00e9s de 1 \u00e0 5 pour un placement facile. La colle est incluse, vous permettant d\u2019appliquer imm\u00e9diatement ces Quick Tips sur vos gants de short track. <span class=\"Y2IQFc\" lang=\"fr\">De plus, nous fournissons la colle avec tous nos Quick Tips.<\/span><\/p>\n<h4 class=\"tw-data-text tw-text-large tw-ta\" dir=\"ltr\" data-placeholder=\"Translation\">Comment poser les APOGEE Quick Tips sur vos gants de patinage de vitesse ?<\/h4>\n<div>\n<div class=\"dnXCYb\" tabindex=\"0\" role=\"button\" aria-controls=\"_t6-uZKD1JPeAqtsPyd6pyAo_33\" aria-expanded=\"true\" data-hveid=\"CDkQAQ\">\n<h4 class=\"JlqpRe\"><b>Instructions de collage<\/b><\/h4>\n<\/div>\n<\/div>\n<div id=\"_t6-uZKD1JPeAqtsPyd6pyAo_33\" class=\"bCOlv\" data-ved=\"2ahUKEwjgrO2FqImAAxV3gGoFHUlvCqkQ7NUEegQIORAE\">\n<div class=\"IZE3Td\">\n<div class=\"t0bRye r2fjmd\" data-hveid=\"CDkQBQ\" data-ved=\"2ahUKEwjgrO2FqImAAxV3gGoFHUlvCqkQu04oAHoECDkQBQ\">\n<div id=\"t6-uZKD1JPeAqtsPyd6pyAo__50\">\n<div class=\"wDYxhc\" data-md=\"83\">\n<div class=\"di3YZe\">\n<div class=\"RqBzHd\">\n<ol class=\"X5LH0c\">\n<li>Commencez avec des <strong>gants propres et secs<\/strong><\/li>\n<li class=\"TrT0Xe\">Le paquet contient 5 ou 7 tips de tailles diff\u00e9rentes. Choisissez les cinq tips qui correspondent le mieux \u00e0 vos doigts. Associez les tips de protection \u00e0 votre gant.<\/li>\n<li class=\"TrT0Xe\">Appliquez la colle autour du bord puis un petit point au centre du tip. Appliquez sur des gants propres et secs. Pressez fermement le tip sur le gant avec la main \u00e0 l\u2019int\u00e9rieur du gant.<\/li>\n<li class=\"TrT0Xe\">Attendez au moins 30 minutes avant utilisation.<\/li>\n<li><strong>DANGER !<\/strong> Lors du collage, gardez la colle \u00e9loign\u00e9e des yeux. La colle peut provoquer une r\u00e9action allergique au contact de la peau. Lisez les pr\u00e9cautions au dos de l\u2019emballage.<\/li>\n<\/ol>\n<p>Enfin, un clip de <a href=\"https:\/\/olympics.com\/en\/video\/special-skates-and-gloves-for-short-track-speed-skaters\" target=\"_blank\" rel=\"noopener\"><strong>patineurs olympiques effectuant des pivots avec leurs Quick Tips<\/strong><\/a>.<\/p>\n<\/div>\n<\/div>\n<\/div>\n<\/div>\n<\/div>\n<\/div>\n<\/div>\n<p><strong>Vous pouvez trouver toutes les couleurs et styles de nos <a href=\"https:\/\/ztsports.com\/product-category\/protection\/quick-tips\/\">Quick Tips<\/a> ici.<\/strong><\/p>\n<h3>Voir notre s\u00e9lection de gants <a href=\"https:\/\/ztsports.com\/product-category\/protection\/gloves\/\">ici<\/a><\/h3>\n<p><strong>\u00c0 propos de l\u2019ABS et des Quick Tips APOGEE :<\/strong><\/p>\n<p><strong>Avantages de l\u2019ABS :<\/strong><\/p>\n<ol>\n<li><strong>Co\u00fbt de production faible :<\/strong> L\u2019<strong>ABS<\/strong> est \u00e9conomique \u00e0 produire, ce qui en fait une option abordable pour les fabricants.<\/li>\n<li><strong>Usinabilit\u00e9 :<\/strong> L\u2019ABS est facile \u00e0 usiner, ce qui en fait un choix privil\u00e9gi\u00e9 pour les fabricants de plastique.<\/li>\n<li><strong>Propri\u00e9t\u00e9s souhaitables :<\/strong> L\u2019ABS offre une combinaison de propri\u00e9t\u00e9s, y compris r\u00e9sistance aux chocs, solidit\u00e9 structurelle, r\u00e9sistance chimique, performance \u00e0 la temp\u00e9rature, isolation \u00e9lectrique, et facilit\u00e9 de peinture et de collage.<\/li>\n<li><strong>Processus de polym\u00e9risation :<\/strong> L\u2019ABS est cr\u00e9\u00e9 par polym\u00e9risation du styr\u00e8ne et de l\u2019acrylonitrile en pr\u00e9sence de polybutadi\u00e8ne, ce qui forme des liaisons chimiques fortes pour am\u00e9liorer ses propri\u00e9t\u00e9s.<\/li>\n<\/ol>\n<p><strong>Applications de l\u2019ABS :<\/strong><\/p>\n<p>L\u2019<strong>ABS<\/strong> est utilis\u00e9 dans divers secteurs, notamment :<\/p>\n<ol>\n<li><strong>Briques LEGO :<\/strong> L\u2019<strong>ABS<\/strong> sert \u00e0 fabriquer les c\u00e9l\u00e8bres briques LEGO embo\u00eetables.<\/li>\n<li><strong>Petits appareils de cuisine :<\/strong> L\u2019<strong>ABS<\/strong> est couramment utilis\u00e9 pour les coques et composants des appareils de cuisine.<\/li>\n<li><strong>Touches de clavier :<\/strong> L\u2019ABS est choisi pour sa durabilit\u00e9 et sa facilit\u00e9 de moulage pour les touches.<\/li>\n<li><strong>Composants automobiles :<\/strong> L\u2019ABS est utilis\u00e9 \u00e0 l\u2019int\u00e9rieur et \u00e0 l\u2019ext\u00e9rieur des v\u00e9hicules pour sa r\u00e9sistance et sa solidit\u00e9 aux chocs.<\/li>\n<li><strong>\u00c9quipements de protection :<\/strong> L\u2019ABS est utilis\u00e9 pour fabriquer des casques de protection gr\u00e2ce \u00e0 sa r\u00e9sistance aux chocs.<\/li>\n<li><strong>Instruments de musique :<\/strong> Certains composants d\u2019instruments de musique sont fabriqu\u00e9s en <strong>ABS<\/strong> pour sa combinaison de solidit\u00e9 et facilit\u00e9 de moulage.<\/li>\n<\/ol>\n<p><strong>Technologies d\u2019extrusion plastique :<\/strong><\/p>\n<p>Plastic Extrusion Technologies, entreprise avec plus de 100 ans d\u2019exp\u00e9rience dans l\u2019industrie du plastique, utilise le mat\u00e9riau <strong>ABS<\/strong> pour diverses applications. Ils offrent des services d\u2019extrusion plastique et peuvent fournir des solutions bas\u00e9es sur l\u2019<strong>ABS<\/strong> \u00e0 des entreprises dans le monde entier.<\/p>\n<p>En r\u00e9sum\u00e9, l\u2019<strong>ABS<\/strong> est un plastique technique polyvalent avec de nombreux avantages et applications dans diff\u00e9rents secteurs. Cependant, il est important de prendre en compte ses limites lors de son choix pour des applications sp\u00e9cifiques.<\/p>\n<p>En savoir plus sur Apogee\u00a0<a href=\"https:\/\/apogee-sports.com\/\" target=\"_blank\" rel=\"noopener\">ici<\/a><\/p>\n","protected":false},"excerpt":{"rendered":"<p>APOGEE Conseils Rapides pour Gants de Short Track Les Apogee Quick Tips sont con\u00e7us pour r\u00e9duire la friction lorsque vous posez votre main sur la glace dans les virages. Les Quick Tips durables en plastique d\u2019Apogee sont r\u00e9sistants et fonctionnels. Sp\u00e9cialement fa\u00e7onn\u00e9s pour chaque doigt, ces Quick Tips sont num\u00e9rot\u00e9s de 1 \u00e0 5 pour [&hellip;]<\/p>\n","protected":false},"featured_media":22939,"comment_status":"open","ping_status":"closed","template":"","meta":{"_acf_changed":false,"_monsterinsights_skip_tracking":false,"_monsterinsights_sitenote_active":false,"_monsterinsights_sitenote_note":"","_monsterinsights_sitenote_category":0,"_uf_show_specific_survey":0,"_uf_disable_surveys":false,"site-sidebar-layout":"default","site-content-layout":"","ast-site-content-layout":"default","site-content-style":"default","site-sidebar-style":"default","ast-global-header-display":"","ast-banner-title-visibility":"","ast-main-header-display":"","ast-hfb-above-header-display":"","ast-hfb-below-header-display":"","ast-hfb-mobile-header-display":"","site-post-title":"","ast-breadcrumbs-content":"","ast-featured-img":"","footer-sml-layout":"","ast-disable-related-posts":"","theme-transparent-header-meta":"default","adv-header-id-meta":"","stick-header-meta":"","header-above-stick-meta":"","header-main-stick-meta":"","header-below-stick-meta":"","astra-migrate-meta-layouts":"set","ast-page-background-enabled":"default","ast-page-background-meta":{"desktop":{"background-color":"","background-image":"","background-repeat":"repeat","background-position":"center center","background-size":"auto","background-attachment":"scroll","background-type":"","background-media":"","overlay-type":"","overlay-color":"","overlay-opacity":"","overlay-gradient":""},"tablet":{"background-color":"","background-image":"","background-repeat":"repeat","background-position":"center center","background-size":"auto","background-attachment":"scroll","background-type":"","background-media":"","overlay-type":"","overlay-color":"","overlay-opacity":"","overlay-gradient":""},"mobile":{"background-color":"","background-image":"","background-repeat":"repeat","background-position":"center center","background-size":"auto","background-attachment":"scroll","background-type":"","background-media":"","overlay-type":"","overlay-color":"","overlay-opacity":"","overlay-gradient":""}},"ast-content-background-meta":{"desktop":{"background-color":"var(--ast-global-color-5)","background-image":"","background-repeat":"repeat","background-position":"center center","background-size":"auto","background-attachment":"scroll","background-type":"","background-media":"","overlay-type":"","overlay-color":"","overlay-opacity":"","overlay-gradient":""},"tablet":{"background-color":"var(--ast-global-color-5)","background-image":"","background-repeat":"repeat","background-position":"center center","background-size":"auto","background-attachment":"scroll","background-type":"","background-media":"","overlay-type":"","overlay-color":"","overlay-opacity":"","overlay-gradient":""},"mobile":{"background-color":"var(--ast-global-color-5)","background-image":"","background-repeat":"repeat","background-position":"center center","background-size":"auto","background-attachment":"scroll","background-type":"","background-media":"","overlay-type":"","overlay-color":"","overlay-opacity":"","overlay-gradient":""}}},"product_brand":[3275,3332],"product_cat":[3378],"product_tag":[],"class_list":{"0":"post-22961","1":"product","2":"type-product","3":"status-publish","4":"has-post-thumbnail","6":"product_brand-apogee","7":"product_brand-quick-tips","8":"product_cat-non-categorise","9":"desktop-align-left","10":"tablet-align-left","11":"mobile-align-left","13":"first","14":"instock","15":"taxable","16":"shipping-taxable","17":"purchasable","18":"product-type-simple"},"acf":[],"_links":{"self":[{"href":"https:\/\/ztsports.com\/fr\/wp-json\/wp\/v2\/product\/22961","targetHints":{"allow":["GET"]}}],"collection":[{"href":"https:\/\/ztsports.com\/fr\/wp-json\/wp\/v2\/product"}],"about":[{"href":"https:\/\/ztsports.com\/fr\/wp-json\/wp\/v2\/types\/product"}],"replies":[{"embeddable":true,"href":"https:\/\/ztsports.com\/fr\/wp-json\/wp\/v2\/comments?post=22961"}],"version-history":[{"count":1,"href":"https:\/\/ztsports.com\/fr\/wp-json\/wp\/v2\/product\/22961\/revisions"}],"predecessor-version":[{"id":22962,"href":"https:\/\/ztsports.com\/fr\/wp-json\/wp\/v2\/product\/22961\/revisions\/22962"}],"wp:featuredmedia":[{"embeddable":true,"href":"https:\/\/ztsports.com\/fr\/wp-json\/wp\/v2\/media\/22939"}],"wp:attachment":[{"href":"https:\/\/ztsports.com\/fr\/wp-json\/wp\/v2\/media?parent=22961"}],"wp:term":[{"taxonomy":"product_brand","embeddable":true,"href":"https:\/\/ztsports.com\/fr\/wp-json\/wp\/v2\/product_brand?post=22961"},{"taxonomy":"product_cat","embeddable":true,"href":"https:\/\/ztsports.com\/fr\/wp-json\/wp\/v2\/product_cat?post=22961"},{"taxonomy":"product_tag","embeddable":true,"href":"https:\/\/ztsports.com\/fr\/wp-json\/wp\/v2\/product_tag?post=22961"}],"curies":[{"name":"wp","href":"https:\/\/api.w.org\/{rel}","templated":true}]}}