{"id":22937,"date":"2023-05-29T00:37:54","date_gmt":"2023-05-29T00:37:54","guid":{"rendered":"https:\/\/ztsports.com\/?post_type=product&#038;p=22937"},"modified":"2026-03-07T12:00:49","modified_gmt":"2026-03-07T12:00:49","slug":"happy-face-blade-soakers-by-sherbatov","status":"publish","type":"product","link":"https:\/\/ztsports.com\/fr\/store\/happy-face-blade-soakers-by-sherbatov\/","title":{"rendered":"HAPPY FACE BLADE SOAKERS By SHERBATOV"},"content":{"rendered":"<h1><strong>HAPPY FACE BLADE SOAKERS<\/strong><\/h1>\n<p>Les HAPPY FACE Blade Soakers ont un bout renforc\u00e9 r\u00e9sistant aux coupures.<\/p>\n<div data-hveid=\"CBIQAQ\" data-ved=\"2ahUKEwiJ2M-h8-yGAxWmFTQIHfyWD84Qj7gIegQIEhAB\">\n<div class=\"dnXCYb\" tabindex=\"0\" role=\"button\" aria-controls=\"_W411Zsm-KKar0PEP_K2-8Aw_30\" aria-expanded=\"true\">\n<div class=\"JlqpRe\"><span class=\"JCzEY tNxQIb\"><span class=\"CSkcDe\">Les blade soakers sont-ils n\u00e9cessaires ? La r\u00e9ponse simple est Oui.<\/span><\/span><\/div>\n<div class=\"L3Ezfd\" data-ved=\"2ahUKEwiJ2M-h8-yGAxWmFTQIHfyWD84Quk56BAgSEAI\"><\/div>\n<\/div>\n<\/div>\n<div id=\"_W411Zsm-KKar0PEP_K2-8Aw_30\" class=\"bCOlv\" data-ved=\"2ahUKEwiJ2M-h8-yGAxWmFTQ7NUEegQIEhAE\">\n<div class=\"IZE3Td\">\n<div class=\"r2fjmd t0bRye\" data-hveid=\"CBIQBQ\" data-ved=\"2ahUKEwiJ2M-h8-yGAxWmFTQIHfyWD84Qu04oAHoECBIQBQ\">\n<div id=\"W411Zsm-KKar0PEP_K2-8Aw__16\">\n<div class=\"wDYxhc\" data-md=\"61\">\n<div class=\"LGOjhe\" role=\"heading\" data-attrid=\"wa:\/description\" aria-level=\"3\" data-hveid=\"CBcQAA\"><span class=\"ILfuVd\" lang=\"fr\"><span class=\"hgKElc\">Ils gardent les lames en s\u00e9curit\u00e9 dans votre <a href=\"https:\/\/ztsports.com\/product-category\/accessories\/backpacks-bags\/\"><strong>sac ou sac \u00e0 dos<\/strong><\/a> pendant le transport. Les soakers avec bouts renforc\u00e9s prot\u00e8gent \u00e9galement les lames et les objets dans le sac. De plus, les bouts renforc\u00e9s prolongent la dur\u00e9e de vie de vos blade soakers. Tous les patineurs devraient poss\u00e9der une paire de \u201csoakers\u201d. <b>Les soakers absorbent l\u2019humidit\u00e9 sur vos lames et emp\u00eachent la rouille<\/b>. La rouille sur les lames appara\u00eet brune et friable, ce qui \u00e9mousse vos patins et les rend dangereux \u00e0 utiliser.<\/span><\/span><\/div>\n<div role=\"heading\" data-attrid=\"wa:\/description\" aria-level=\"3\" data-hveid=\"CBcQAA\">Il est \u00e9galement recommand\u00e9, apr\u00e8s \u00eatre revenu de la patinoire, de sortir vos patins du sac, de retirer les soakers et de laisser les deux s\u00e9cher \u00e0 l\u2019air libre.<\/div>\n<\/div>\n<\/div>\n<\/div>\n<\/div>\n<\/div>\n<p><strong>Vous pouvez trouver tous nos <a href=\"https:\/\/ztsports.com\/product-category\/blade-protection\/\">blade soakers et protecteurs ici.<\/a><\/strong><\/p>\n","protected":false},"excerpt":{"rendered":"<p>HAPPY FACE BLADE SOAKERS Les HAPPY FACE Blade Soakers ont un bout renforc\u00e9 r\u00e9sistant aux coupures. Les blade soakers sont-ils n\u00e9cessaires ? La r\u00e9ponse simple est Oui. Ils gardent les lames en s\u00e9curit\u00e9 dans votre sac ou sac \u00e0 dos pendant le transport. Les soakers avec bouts renforc\u00e9s prot\u00e8gent \u00e9galement les lames et les objets [&hellip;]<\/p>\n","protected":false},"featured_media":22933,"comment_status":"open","ping_status":"closed","template":"","meta":{"_acf_changed":false,"_monsterinsights_skip_tracking":false,"_monsterinsights_sitenote_active":false,"_monsterinsights_sitenote_note":"","_monsterinsights_sitenote_category":0,"_uf_show_specific_survey":0,"_uf_disable_surveys":false,"site-sidebar-layout":"default","site-content-layout":"","ast-site-content-layout":"default","site-content-style":"default","site-sidebar-style":"default","ast-global-header-display":"","ast-banner-title-visibility":"","ast-main-header-display":"","ast-hfb-above-header-display":"","ast-hfb-below-header-display":"","ast-hfb-mobile-header-display":"","site-post-title":"","ast-breadcrumbs-content":"","ast-featured-img":"","footer-sml-layout":"","ast-disable-related-posts":"","theme-transparent-header-meta":"default","adv-header-id-meta":"","stick-header-meta":"","header-above-stick-meta":"","header-main-stick-meta":"","header-below-stick-meta":"","astra-migrate-meta-layouts":"set","ast-page-background-enabled":"default","ast-page-background-meta":{"desktop":{"background-color":"","background-image":"","background-repeat":"repeat","background-position":"center center","background-size":"auto","background-attachment":"scroll","background-type":"","background-media":"","overlay-type":"","overlay-color":"","overlay-opacity":"","overlay-gradient":""},"tablet":{"background-color":"","background-image":"","background-repeat":"repeat","background-position":"center center","background-size":"auto","background-attachment":"scroll","background-type":"","background-media":"","overlay-type":"","overlay-color":"","overlay-opacity":"","overlay-gradient":""},"mobile":{"background-color":"","background-image":"","background-repeat":"repeat","background-position":"center center","background-size":"auto","background-attachment":"scroll","background-type":"","background-media":"","overlay-type":"","overlay-color":"","overlay-opacity":"","overlay-gradient":""}},"ast-content-background-meta":{"desktop":{"background-color":"var(--ast-global-color-5)","background-image":"","background-repeat":"repeat","background-position":"center center","background-size":"auto","background-attachment":"scroll","background-type":"","background-media":"","overlay-type":"","overlay-color":"","overlay-opacity":"","overlay-gradient":""},"tablet":{"background-color":"var(--ast-global-color-5)","background-image":"","background-repeat":"repeat","background-position":"center center","background-size":"auto","background-attachment":"scroll","background-type":"","background-media":"","overlay-type":"","overlay-color":"","overlay-opacity":"","overlay-gradient":""},"mobile":{"background-color":"var(--ast-global-color-5)","background-image":"","background-repeat":"repeat","background-position":"center center","background-size":"auto","background-attachment":"scroll","background-type":"","background-media":"","overlay-type":"","overlay-color":"","overlay-opacity":"","overlay-gradient":""}}},"product_brand":[3337],"product_cat":[4561],"product_tag":[],"class_list":{"0":"post-22937","1":"product","2":"type-product","3":"status-publish","4":"has-post-thumbnail","6":"product_brand-sherbatov","7":"product_cat-blades","8":"desktop-align-left","9":"tablet-align-left","10":"mobile-align-left","12":"first","13":"instock","14":"taxable","15":"shipping-taxable","16":"purchasable","17":"product-type-simple"},"acf":[],"_links":{"self":[{"href":"https:\/\/ztsports.com\/fr\/wp-json\/wp\/v2\/product\/22937","targetHints":{"allow":["GET"]}}],"collection":[{"href":"https:\/\/ztsports.com\/fr\/wp-json\/wp\/v2\/product"}],"about":[{"href":"https:\/\/ztsports.com\/fr\/wp-json\/wp\/v2\/types\/product"}],"replies":[{"embeddable":true,"href":"https:\/\/ztsports.com\/fr\/wp-json\/wp\/v2\/comments?post=22937"}],"version-history":[{"count":1,"href":"https:\/\/ztsports.com\/fr\/wp-json\/wp\/v2\/product\/22937\/revisions"}],"predecessor-version":[{"id":22938,"href":"https:\/\/ztsports.com\/fr\/wp-json\/wp\/v2\/product\/22937\/revisions\/22938"}],"wp:featuredmedia":[{"embeddable":true,"href":"https:\/\/ztsports.com\/fr\/wp-json\/wp\/v2\/media\/22933"}],"wp:attachment":[{"href":"https:\/\/ztsports.com\/fr\/wp-json\/wp\/v2\/media?parent=22937"}],"wp:term":[{"taxonomy":"product_brand","embeddable":true,"href":"https:\/\/ztsports.com\/fr\/wp-json\/wp\/v2\/product_brand?post=22937"},{"taxonomy":"product_cat","embeddable":true,"href":"https:\/\/ztsports.com\/fr\/wp-json\/wp\/v2\/product_cat?post=22937"},{"taxonomy":"product_tag","embeddable":true,"href":"https:\/\/ztsports.com\/fr\/wp-json\/wp\/v2\/product_tag?post=22937"}],"curies":[{"name":"wp","href":"https:\/\/api.w.org\/{rel}","templated":true}]}}