{"id":22930,"date":"2023-05-31T10:30:25","date_gmt":"2023-05-31T10:30:25","guid":{"rendered":"https:\/\/ztsports.com\/?post_type=product&#038;p=22930"},"modified":"2026-03-07T11:56:37","modified_gmt":"2026-03-07T11:56:37","slug":"mpc-street-fight-125mm-inline-skate-wheel","status":"publish","type":"product","link":"https:\/\/ztsports.com\/fr\/store\/mpc-street-fight-125mm-inline-skate-wheel\/","title":{"rendered":"MPC Street Fight 125mm Inline Skate Wheel"},"content":{"rendered":"<h1><strong>Roue de Patin Inline MPC Street Fight 125mm<\/strong><\/h1>\n<p>Roue de patin inline MPC Street Fight 125mm<br \/>\nLa roue de course MPC Street Fight 125mm pour le patinage de vitesse offre des performances et une vitesse accrues. De plus, la Street Fight propose des variations de rigidit\u00e9 pour ceux qui aiment ajuster l\u2019\u00e9cartement des roues afin d\u2019optimiser le ratio vitesse\/adh\u00e9rence.<\/p>\n<p>La grande roue Street Fight 125mm est l\u2019alternative \u00e0 bande unique par rapport aux autres roues sur le march\u00e9. Elle offre un long roulement, une adh\u00e9rence r\u00e9active et un confort optimal. Exactement ce dont vous avez besoin pour maximiser vos performances et rester comp\u00e9titif, alors que le sport \u00e9volue vers ce format de roue plus grand de 125mm.<\/p>\n<p>De plus, la Big Street Fight Orange offre plus de flexibilit\u00e9 tandis que la Big Street Fight Black apporte rigidit\u00e9 et avantage de roulement. R\u00e9actives et stables dans les virages, rigides sur les lignes droites, le bon m\u00e9lange de moyeux est un \u00e9l\u00e9ment crucial de votre strat\u00e9gie de vitesse.<\/p>\n<p>Street Fight 125mm Extra Ferme \u2013 il n\u2019y a pas de place pour autre chose.<\/p>\n<p>Partout, on entend le bruit des pieds qui glissent et avancent, et ils roulent sur des roues plus grandes et plus rapides que les v\u00f4tres ! Vous devez suivre, mais vous en avez assez de la hausse des prix des roues. La Big Street Fight de MPC est exactement ce que vous attendiez.<\/p>\n<p>La vitesse maximale est plus facile \u00e0 maintenir sur la dur\u00e9e avec moins d\u2019effort gr\u00e2ce \u00e0 ces roues, et le prix est juste. Les roues Big Street Fight 125mm de MPC sont une technologie ax\u00e9e sur la performance, con\u00e7ue pour s\u2019adapter \u00e0 votre budget.<\/p>\n<p>La Big Street Fight 125mm est l\u2019alternative \u00e0 bande unique par rapport aux autres roues sur le march\u00e9, offrant un long roulement, une adh\u00e9rence r\u00e9active et le confort n\u00e9cessaire pour maximiser vos r\u00e9sultats et rester comp\u00e9titif alors que le sport adopte ce format de roue plus grand.<\/p>\n<p>La MPC Street Fight propose \u00e9galement des variations de rigidit\u00e9 pour ceux qui ont besoin d\u2019ajuster l\u2019\u00e9cartement des roues afin d\u2019optimiser le ratio vitesse\/adh\u00e9rence. La Big Street Fight Orange offre plus de flexibilit\u00e9, tandis que la Big Street Fight Black apporte rigidit\u00e9 et avantage de roulement.<\/p>\n<p>R\u00e9actives et stables dans les virages, rigides sur les lignes droites, le bon m\u00e9lange de moyeux est un \u00e9l\u00e9ment crucial de votre strat\u00e9gie de vitesse. De retour sur la piste, vous avez fait vos preuves, alors ne prenez aucun risque ! \u00c9quipez-vous des roues MPC Big Street Fight 125mm pour ce que vous payeriez normalement pour un set de 110mm \u00e9prouv\u00e9 en comp\u00e9tition.<\/p>\n<p>Vous irez loin, sans jamais compromettre votre passion ou la gloire, avec les chances de votre c\u00f4t\u00e9 gr\u00e2ce \u00e0 ces roues.<\/p>\n<p>&#8211; Lors de la commande, le prix affich\u00e9 est PAR ROUE (et non par set). Cela vous permet de mixer les tailles et\/ou la duret\u00e9 des roues. Si vous souhaitez acheter un set de 8 roues identiques, veuillez s\u00e9lectionner une quantit\u00e9 de 8.<\/p>\n<p>Fabriqu\u00e9 aux : USA<br \/>\nApplication : Route ou piste<br \/>\nDiam\u00e8tre : 125mm<br \/>\nDuret\u00e9 : X-Ferm<br \/>\nTaille des roulements : 608  <\/p>\n<p><strong>*Le prix est par roue. Vendu uniquement par sets de 6.<\/strong><\/p>\n<p>La MPC Street Fight utilise le m\u00eame compos\u00e9 que le <strong><a href=\"https:\/\/ztsports.com\/product\/bont-red-magic-125mm-wheels\/\">Bont Red Magic<\/a><\/strong>, mais elle ne poss\u00e8de pas de bande flexible \u00e0 l\u2019int\u00e9rieur. De plus, la Street Fight n\u2019a pas de moyeu en aluminium rigide et dur, ce qui vous fait \u00e9conomiser de l\u2019argent.<\/p>\n<p><strong><a href=\"https:\/\/www.rollerenligne.com\/en\/skating-hardware\/testing-the-mpc-big-black-magic-125-mm-speed-skating-wheels\/\" target=\"_blank\" rel=\"noopener\">Avis sur les roues Black Magic 125mm de MPC<\/a><\/strong>, pr\u00e9d\u00e9cesseur de la Street Fight.<\/p>\n<p><strong>Enfin, vous pouvez voir toutes nos <a href=\"https:\/\/ztsports.com\/fr\/product-category\/patinage-de-vitesse-en-ligne\/roues\/\">roues Inline<\/a> ici.<\/strong><\/p>\n","protected":false},"excerpt":{"rendered":"<p>Roue de Patin Inline MPC Street Fight 125mm Roue de patin inline MPC Street Fight 125mm La roue de course MPC Street Fight 125mm pour le patinage de vitesse offre des performances et une vitesse accrues. De plus, la Street Fight propose des variations de rigidit\u00e9 pour ceux qui aiment ajuster l\u2019\u00e9cartement des roues afin [&hellip;]<\/p>\n","protected":false},"featured_media":22926,"comment_status":"open","ping_status":"closed","template":"","meta":{"_acf_changed":false,"_monsterinsights_skip_tracking":false,"_monsterinsights_sitenote_active":false,"_monsterinsights_sitenote_note":"","_monsterinsights_sitenote_category":0,"_uf_show_specific_survey":0,"_uf_disable_surveys":false,"site-sidebar-layout":"default","site-content-layout":"","ast-site-content-layout":"default","site-content-style":"default","site-sidebar-style":"default","ast-global-header-display":"","ast-banner-title-visibility":"","ast-main-header-display":"","ast-hfb-above-header-display":"","ast-hfb-below-header-display":"","ast-hfb-mobile-header-display":"","site-post-title":"","ast-breadcrumbs-content":"","ast-featured-img":"","footer-sml-layout":"","ast-disable-related-posts":"","theme-transparent-header-meta":"default","adv-header-id-meta":"","stick-header-meta":"","header-above-stick-meta":"","header-main-stick-meta":"","header-below-stick-meta":"","astra-migrate-meta-layouts":"set","ast-page-background-enabled":"default","ast-page-background-meta":{"desktop":{"background-color":"","background-image":"","background-repeat":"repeat","background-position":"center center","background-size":"auto","background-attachment":"scroll","background-type":"","background-media":"","overlay-type":"","overlay-color":"","overlay-opacity":"","overlay-gradient":""},"tablet":{"background-color":"","background-image":"","background-repeat":"repeat","background-position":"center center","background-size":"auto","background-attachment":"scroll","background-type":"","background-media":"","overlay-type":"","overlay-color":"","overlay-opacity":"","overlay-gradient":""},"mobile":{"background-color":"","background-image":"","background-repeat":"repeat","background-position":"center center","background-size":"auto","background-attachment":"scroll","background-type":"","background-media":"","overlay-type":"","overlay-color":"","overlay-opacity":"","overlay-gradient":""}},"ast-content-background-meta":{"desktop":{"background-color":"var(--ast-global-color-5)","background-image":"","background-repeat":"repeat","background-position":"center center","background-size":"auto","background-attachment":"scroll","background-type":"","background-media":"","overlay-type":"","overlay-color":"","overlay-opacity":"","overlay-gradient":""},"tablet":{"background-color":"var(--ast-global-color-5)","background-image":"","background-repeat":"repeat","background-position":"center center","background-size":"auto","background-attachment":"scroll","background-type":"","background-media":"","overlay-type":"","overlay-color":"","overlay-opacity":"","overlay-gradient":""},"mobile":{"background-color":"var(--ast-global-color-5)","background-image":"","background-repeat":"repeat","background-position":"center center","background-size":"auto","background-attachment":"scroll","background-type":"","background-media":"","overlay-type":"","overlay-color":"","overlay-opacity":"","overlay-gradient":""}}},"product_brand":[3325],"product_cat":[3381,3382],"product_tag":[],"class_list":{"0":"post-22930","1":"product","2":"type-product","3":"status-publish","4":"has-post-thumbnail","6":"product_brand-mpc","7":"product_cat-patinage-de-vitesse-en-ligne","8":"product_cat-roues","9":"desktop-align-left","10":"tablet-align-left","11":"mobile-align-left","13":"first","14":"instock","15":"taxable","16":"shipping-taxable","17":"purchasable","18":"product-type-simple"},"acf":[],"_links":{"self":[{"href":"https:\/\/ztsports.com\/fr\/wp-json\/wp\/v2\/product\/22930","targetHints":{"allow":["GET"]}}],"collection":[{"href":"https:\/\/ztsports.com\/fr\/wp-json\/wp\/v2\/product"}],"about":[{"href":"https:\/\/ztsports.com\/fr\/wp-json\/wp\/v2\/types\/product"}],"replies":[{"embeddable":true,"href":"https:\/\/ztsports.com\/fr\/wp-json\/wp\/v2\/comments?post=22930"}],"version-history":[{"count":2,"href":"https:\/\/ztsports.com\/fr\/wp-json\/wp\/v2\/product\/22930\/revisions"}],"predecessor-version":[{"id":22932,"href":"https:\/\/ztsports.com\/fr\/wp-json\/wp\/v2\/product\/22930\/revisions\/22932"}],"wp:featuredmedia":[{"embeddable":true,"href":"https:\/\/ztsports.com\/fr\/wp-json\/wp\/v2\/media\/22926"}],"wp:attachment":[{"href":"https:\/\/ztsports.com\/fr\/wp-json\/wp\/v2\/media?parent=22930"}],"wp:term":[{"taxonomy":"product_brand","embeddable":true,"href":"https:\/\/ztsports.com\/fr\/wp-json\/wp\/v2\/product_brand?post=22930"},{"taxonomy":"product_cat","embeddable":true,"href":"https:\/\/ztsports.com\/fr\/wp-json\/wp\/v2\/product_cat?post=22930"},{"taxonomy":"product_tag","embeddable":true,"href":"https:\/\/ztsports.com\/fr\/wp-json\/wp\/v2\/product_tag?post=22930"}],"curies":[{"name":"wp","href":"https:\/\/api.w.org\/{rel}","templated":true}]}}