{"id":22924,"date":"2023-05-31T11:55:34","date_gmt":"2023-05-31T11:55:34","guid":{"rendered":"https:\/\/ztsports.com\/?post_type=product&#038;p=22924"},"modified":"2026-03-07T11:55:13","modified_gmt":"2026-03-07T11:55:13","slug":"ball-ring-skate-stretcher-boot-punch","status":"publish","type":"product","link":"https:\/\/ztsports.com\/fr\/store\/ball-ring-skate-stretcher-boot-punch\/","title":{"rendered":"Ball &#038; Ring Skate Stretcher Boot Punch"},"content":{"rendered":"<h1 class=\"a-size-base-plus a-text-bold\">Perce-Bottes Ball &amp; Ring Skate Stretcher<\/h1>\n<p>Le Perce-Bottes Ball &amp; Ring Skate Stretcher est fabriqu\u00e9 en fonte durable. C&#8217;est un incontournable pour tout <strong>Club, Entra\u00eeneur ou Responsable du mat\u00e9riel.<\/strong><\/p>\n<ul class=\"a-unordered-list a-vertical a-spacing-mini\">\n<li class=\"a-spacing-small\"><span class=\"a-list-item\">CONSTRUCTION DURABLE : Fabriqu\u00e9 en fonte, sa r\u00e9sistance et sa durabilit\u00e9 sont reconnues gr\u00e2ce \u00e0 son processus de fabrication. Notre Perce-Bottes Ball &amp; Ring est con\u00e7u pour durer. La construction est de haute qualit\u00e9 et gr\u00e2ce au proc\u00e9d\u00e9 de moulage, il est suffisamment solide pour modifier des mat\u00e9riaux \u00e9pais comme le cuir \u00e9pais. La qualit\u00e9 \u00e9tait notre priorit\u00e9 pour ce Perce-Bottes Ball &amp; Ring.<\/span><\/li>\n<li class=\"a-spacing-small\"><span class=\"a-list-item\">\u00c9TIREMENT DES OIGNONS : Gr\u00e2ce au processus de moulage, notre Perce-Bottes Ball &amp; Ring offre des traitements cibl\u00e9s. L&#8217;\u00e9tirement cibl\u00e9 se fait par l&#8217;extr\u00e9mit\u00e9 ball &amp; ring de l&#8217;outil. Ils fonctionnent en synergie : l&#8217;extr\u00e9mit\u00e9 en anneau indique la zone cibl\u00e9e, tandis que la boule modifie le mat\u00e9riau. L&#8217;autre extr\u00e9mit\u00e9 de l&#8217;outil offre une fonction de verrouillage pour maintenir la zone cibl\u00e9e en place pendant le traitement.<\/span><\/li>\n<li class=\"a-spacing-small\"><span class=\"a-list-item\">UTILISATION CIBL\u00c9E : Le Perce-Bottes Ball &amp; Ring, ou comme nous aimons l&#8217;appeler, le Dispositif d&#8217;\u00c9tirement Cibl\u00e9, est destin\u00e9 aux personnes ayant besoin de soulagement cibl\u00e9 sur leurs chaussures. Id\u00e9al pour ajuster vos chaussures ou bottes, qu&#8217;elles soient neuves ou anciennes. Vous pouvez soulager la douleur caus\u00e9e par les oignons, cors et m\u00eame les orteils en marteau avec notre outil. N&#8217;attendez pas, soyez \u00e0 l&#8217;aise d\u00e8s que vous enfilez vos chaussures ou bottes.<\/span><\/li>\n<li class=\"a-spacing-small\"><span class=\"a-list-item\">APPLICATIONS : Con\u00e7u pour \u00eatre \u00e0 la fois solide et durable, le Perce-Bottes Ball &amp; Ring est fait pour durer. Cet outil d&#8217;\u00e9tirement cibl\u00e9 est parfait pour les chaussures en cuir comme les chaussures habill\u00e9es. Il peut fonctionner avec certains types de bottes (si elles sont d\u00e9la\u00e7\u00e9es), mais il est initialement con\u00e7u pour les chaussures habill\u00e9es. L&#8217;extr\u00e9mit\u00e9 ball &amp; ring, qui p\u00e9n\u00e8tre dans la chaussure, est courte, donc tout ce qui poss\u00e8de plus de 4 \u0153illets sera plus difficile \u00e0 \u00e9tirer.<\/span><\/li>\n<li class=\"a-spacing-small\"><span class=\"a-list-item\">CONSEILS : Nous recommandons d&#8217;utiliser notre chaleur et, si vous en avez, le Spray d&#8217;\u00c9tirement en m\u00eame temps que notre Perce-Bottes Ball &amp; Ring. La chaleur et le spray assouplissent votre cuir et facilitent l&#8217;\u00e9tirement cibl\u00e9 tout en hydratant vos chaussures ou bottes.<\/span><\/li>\n<li class=\"a-spacing-small\"><span class=\"a-list-item\"><strong>Prenez votre temps<\/strong> lors de l&#8217;utilisation de tout type d&#8217;appareil d&#8217;\u00e9tirement de chaussures. Pourquoi ? Toutes les chaussures et bottes sont construites diff\u00e9remment, et vous ne devez pas risquer de casser des coutures ou de d\u00e9chirer vos chaussures. Allez doucement, l&#8217;\u00e9tirement du cuir de qualit\u00e9 prend du temps.<\/span><\/li>\n<li><span id=\"productTitle\" class=\"a-size-large product-title-word-break\">Dispositif d&#8217;\u00c9tirement Cibl\u00e9, \u00c9tirement pour Oignon, Cornes &amp; Orteils en Marteau<\/span><\/li>\n<li>Bien qu&#8217;il ait \u00e9t\u00e9 con\u00e7u \u00e0 l&#8217;origine pour les chaussures, il fonctionne tout aussi bien sur les bottes de patin. Voici un <a href=\"https:\/\/www.google.com\/search?q=FootFitter+Cast+Iron+Ball+&amp;+Ring&amp;rlz=1C1ONGR_enCA951CA951&amp;sxsrf=APwXEddRGVXmCssKY63OL3ZP8OT9mtUUhg:1685533125609&amp;source=lnms&amp;tbm=vid&amp;sa=X&amp;ved=2ahUKEwij4tWZvJ__AhW-MDQIHdLwCVwQ_AUoA3oECAIQBQ&amp;biw=1366&amp;bih=568&amp;dpr=1#fpstate=ive&amp;vld=cid:a0473700,vid:U5HL2LhhXg0\" target=\"_blank\" rel=\"noopener\"><strong>court clip<\/strong> de son utilisation.<\/a><\/li>\n<\/ul>\n<p><strong>D\u00e9couvrez \u00e9galement le <a href=\"https:\/\/ztsports.com\/product\/bont-skate-rip-jaws\/\">Bont\u00a0<span class=\"il\">Rip<\/span>\u00a0<span class=\"il\">Jaws<\/span>, un outil pour retirer les points chauds.<\/a><\/strong><\/p>\n","protected":false},"excerpt":{"rendered":"<p>Perce-Bottes Ball &amp; Ring Skate Stretcher Le Perce-Bottes Ball &amp; Ring Skate Stretcher est fabriqu\u00e9 en fonte durable. C&#8217;est un incontournable pour tout Club, Entra\u00eeneur ou Responsable du mat\u00e9riel. CONSTRUCTION DURABLE : Fabriqu\u00e9 en fonte, sa r\u00e9sistance et sa durabilit\u00e9 sont reconnues gr\u00e2ce \u00e0 son processus de fabrication. Notre Perce-Bottes Ball &amp; Ring est con\u00e7u [&hellip;]<\/p>\n","protected":false},"featured_media":22921,"comment_status":"open","ping_status":"closed","template":"","meta":{"_acf_changed":false,"_monsterinsights_skip_tracking":false,"_monsterinsights_sitenote_active":false,"_monsterinsights_sitenote_note":"","_monsterinsights_sitenote_category":0,"_uf_show_specific_survey":0,"_uf_disable_surveys":false,"site-sidebar-layout":"default","site-content-layout":"","ast-site-content-layout":"default","site-content-style":"default","site-sidebar-style":"default","ast-global-header-display":"","ast-banner-title-visibility":"","ast-main-header-display":"","ast-hfb-above-header-display":"","ast-hfb-below-header-display":"","ast-hfb-mobile-header-display":"","site-post-title":"","ast-breadcrumbs-content":"","ast-featured-img":"","footer-sml-layout":"","ast-disable-related-posts":"","theme-transparent-header-meta":"default","adv-header-id-meta":"","stick-header-meta":"","header-above-stick-meta":"","header-main-stick-meta":"","header-below-stick-meta":"","astra-migrate-meta-layouts":"set","ast-page-background-enabled":"default","ast-page-background-meta":{"desktop":{"background-color":"","background-image":"","background-repeat":"repeat","background-position":"center center","background-size":"auto","background-attachment":"scroll","background-type":"","background-media":"","overlay-type":"","overlay-color":"","overlay-opacity":"","overlay-gradient":""},"tablet":{"background-color":"","background-image":"","background-repeat":"repeat","background-position":"center center","background-size":"auto","background-attachment":"scroll","background-type":"","background-media":"","overlay-type":"","overlay-color":"","overlay-opacity":"","overlay-gradient":""},"mobile":{"background-color":"","background-image":"","background-repeat":"repeat","background-position":"center center","background-size":"auto","background-attachment":"scroll","background-type":"","background-media":"","overlay-type":"","overlay-color":"","overlay-opacity":"","overlay-gradient":""}},"ast-content-background-meta":{"desktop":{"background-color":"var(--ast-global-color-5)","background-image":"","background-repeat":"repeat","background-position":"center center","background-size":"auto","background-attachment":"scroll","background-type":"","background-media":"","overlay-type":"","overlay-color":"","overlay-opacity":"","overlay-gradient":""},"tablet":{"background-color":"var(--ast-global-color-5)","background-image":"","background-repeat":"repeat","background-position":"center center","background-size":"auto","background-attachment":"scroll","background-type":"","background-media":"","overlay-type":"","overlay-color":"","overlay-opacity":"","overlay-gradient":""},"mobile":{"background-color":"var(--ast-global-color-5)","background-image":"","background-repeat":"repeat","background-position":"center center","background-size":"auto","background-attachment":"scroll","background-type":"","background-media":"","overlay-type":"","overlay-color":"","overlay-opacity":"","overlay-gradient":""}}},"product_brand":[3317,3365],"product_cat":[3378],"product_tag":[],"class_list":{"0":"post-22924","1":"product","2":"type-product","3":"status-publish","4":"has-post-thumbnail","6":"product_brand-luigino","7":"product_brand-zt-sports","8":"product_cat-non-categorise","9":"desktop-align-left","10":"tablet-align-left","11":"mobile-align-left","13":"first","14":"instock","15":"taxable","16":"shipping-taxable","17":"purchasable","18":"product-type-simple"},"acf":[],"_links":{"self":[{"href":"https:\/\/ztsports.com\/fr\/wp-json\/wp\/v2\/product\/22924","targetHints":{"allow":["GET"]}}],"collection":[{"href":"https:\/\/ztsports.com\/fr\/wp-json\/wp\/v2\/product"}],"about":[{"href":"https:\/\/ztsports.com\/fr\/wp-json\/wp\/v2\/types\/product"}],"replies":[{"embeddable":true,"href":"https:\/\/ztsports.com\/fr\/wp-json\/wp\/v2\/comments?post=22924"}],"version-history":[{"count":1,"href":"https:\/\/ztsports.com\/fr\/wp-json\/wp\/v2\/product\/22924\/revisions"}],"predecessor-version":[{"id":22925,"href":"https:\/\/ztsports.com\/fr\/wp-json\/wp\/v2\/product\/22924\/revisions\/22925"}],"wp:featuredmedia":[{"embeddable":true,"href":"https:\/\/ztsports.com\/fr\/wp-json\/wp\/v2\/media\/22921"}],"wp:attachment":[{"href":"https:\/\/ztsports.com\/fr\/wp-json\/wp\/v2\/media?parent=22924"}],"wp:term":[{"taxonomy":"product_brand","embeddable":true,"href":"https:\/\/ztsports.com\/fr\/wp-json\/wp\/v2\/product_brand?post=22924"},{"taxonomy":"product_cat","embeddable":true,"href":"https:\/\/ztsports.com\/fr\/wp-json\/wp\/v2\/product_cat?post=22924"},{"taxonomy":"product_tag","embeddable":true,"href":"https:\/\/ztsports.com\/fr\/wp-json\/wp\/v2\/product_tag?post=22924"}],"curies":[{"name":"wp","href":"https:\/\/api.w.org\/{rel}","templated":true}]}}