{"id":22919,"date":"2023-06-08T21:13:30","date_gmt":"2023-06-08T21:13:30","guid":{"rendered":"https:\/\/ztsports.com\/?post_type=product&#038;p=22919"},"modified":"2026-04-22T23:58:22","modified_gmt":"2026-04-22T23:58:22","slug":"lame-bi-metal-nagano-2","status":"publish","type":"product","link":"https:\/\/ztsports.com\/fr\/store\/lame-bi-metal-nagano-2\/","title":{"rendered":"Lame Bi-Metal Nagano Bi-Metal Nagano Blade Short Track"},"content":{"rendered":"<h1 data-rm-block-id=\"block-1\">Lame Bi-Metal Nagano<\/h1>\n<p data-rm-block-id=\"block-2\">La Lame Bi-Metal Nagano de Skate-Tec offre le meilleur rapport qualit\u00e9-prix. Cette lame rappelle la sensation des <strong>lames Maple Gold<\/strong> mais avec un runner et un pr\u00e9-bend similaires aux mod\u00e8les M-Wave, Argon et QuarQ, ce qui garantit une glisse exceptionnelle et un pr\u00e9-bend constant.<\/p>\n<p data-rm-block-id=\"block-3\">\u00c0 seulement 499,99$ en promo de No\u00ebl pour une paire, compar\u00e9 \u00e0 plus de 699$, vous ne pouvez pas vous tromper. Nous les recommandons vivement.<\/p>\n<p data-rm-block-id=\"block-4\"><strong>INFORMATIONS G\u00c9N\u00c9RALES SUR LE PRODUIT<\/strong><\/p>\n<hr \/>\n<div class=\"rte product-single__description\">\n<ul>\n<li>Nom de la lame : Nagano<\/li>\n<li>Tube : aluminium anodis\u00e9 7000<\/li>\n<li>Pilier : hauteur 36mm<\/li>\n<li>Hauteur du tube : moyenne 24mm<\/li>\n<li>\u00c9paisseur de la lame : 1,1mm, 62HRC BiMetal ou PM sur demande<\/li>\n<li>62HRC BiMetal ou PM sur demande pour un excellent maintien du tranchant<\/li>\n<li>Lame Bi-Metal : bonne glisse et plus r\u00e9sistante aux chocs que PM<\/li>\n<li>Type de courbure : pr\u00e9-courb\u00e9e<\/li>\n<li>Rigidit\u00e9 : moyenne<\/li>\n<li>\n<h3>Tailles 16&#8243; et 16,5&#8243; &#8211; Promo de printemps<\/h3>\n<\/li>\n<li>Sensation rappelant les <strong>lames Maple Gold<\/strong> mais avec un runner et un pr\u00e9-bend similaires aux mod\u00e8les M-Wave, Argon et QuarQ, garantissant une glisse exceptionnelle et un pr\u00e9-bend constant. Id\u00e9ale pour les patineurs l\u00e9gers.<\/li>\n<\/ul>\n<\/div>\n<p data-rm-block-id=\"block-15\">Pour <a href=\"https:\/\/www.skate-tec.com\/nagano.html\" target=\"_blank\" rel=\"noopener\">plus d\u2019informations sur la lame Skate-Tec Nagano<\/a>.<\/p>\n<p data-rm-block-id=\"block-16\">Enfin, retrouvez toutes les <a href=\"https:\/\/ztsports.com\/fr\/product-category\/blades\/\"><strong>lames Short Track<\/strong><\/a> ici.<\/p>\n<h3>N\u2019oubliez pas d\u2019ajouter la <strong><a href=\"https:\/\/ztsports.com\/product\/short-track-blade-preparation\/\">pr\u00e9paration de lame<\/a><\/strong>.<\/h3>\n","protected":false},"excerpt":{"rendered":"<h1>Bi-Metal Nagano Blade<\/h1>\n<p>La lame Bi-Metal Nagano de Skate-Tec offre le meilleur rapport qualit\u00e9-prix. Cette lame rappelle la sensation des <strong>Maple Gold Blades<\/strong> tout en int\u00e9grant un runner et un pr\u00e9-courbure pr\u00e9sents sur les mod\u00e8les M-Wave, Argon et QuarQ, garantissant une glisse exceptionnelle et un pr\u00e9-bend constant.<\/p>\n<p>\u00c0 seulement 499,99$ en promo de No\u00ebl pour une paire, compar\u00e9 \u00e0 plus de 699$, c&#8217;est une excellente affaire. Nous les recommandons vivement.<\/p>\n<h2>INFORMATIONS G\u00c9N\u00c9RALES SUR LE PRODUIT<\/h2>\n<hr \/>\n<div class=\"rte product-single__description\">\n<ul>\n<li>Nom de la lame : Nagano<\/li>\n<li>Tube : Aluminium anodis\u00e9 7000<\/li>\n<li>Pilier : hauteur 36 mm<\/li>\n<li>Hauteur du tube : moyenne 24 mm<\/li>\n<li>\u00c9paisseur de la lame : 1,1 mm, 62HRC BiMetal ou PM sur demande<\/li>\n<li>Maintien excellent du tranchant gr\u00e2ce \u00e0 62HRC BiMetal ou PM sur demande<\/li>\n<li>Lame Bi-Metal : bonne glisse et plus r\u00e9sistante aux contacts que PM<\/li>\n<li>Type de courbure : pr\u00e9-courb\u00e9e<\/li>\n<li>Rigidit\u00e9 : moyenne<\/li>\n<li>\n<h3>Tailles Bi-Metal Nagano Blade : 16&#8243; et 16,5&#8243; &#8211; Promo No\u00ebl<\/h3>\n<\/li>\n<li>Sensation similaire aux <strong>Maple Gold Blades<\/strong> avec runner et pr\u00e9-bend M-Wave, Argon et QuarQ. Id\u00e9ale pour les patineurs l\u00e9gers.<\/li>\n<\/ul>\n<\/div>\n<p>Pour <a href=\"https:\/\/www.skate-tec.com\/nagano.html\">plus d\u2019informations sur la lame Skate-Tec Nagano<\/a>.<\/p>\n<p>Retrouvez toutes les <a href=\"https:\/\/ztsports.com\/fr\/product-category\/blades\/\"><strong>lames Short Track<\/strong><\/a> ici.<\/p>\n<h3>N\u2019oubliez pas d\u2019ajouter la <strong><a href=\"https:\/\/ztsports.com\/product\/short-track-blade-preparation\/\">pr\u00e9paration de lame<\/a><\/strong>.<\/h3>\n","protected":false},"featured_media":22915,"comment_status":"open","ping_status":"closed","template":"","meta":{"_acf_changed":false,"_monsterinsights_skip_tracking":false,"_monsterinsights_sitenote_active":false,"_monsterinsights_sitenote_note":"","_monsterinsights_sitenote_category":0,"_uf_show_specific_survey":0,"_uf_disable_surveys":false,"site-sidebar-layout":"default","site-content-layout":"","ast-site-content-layout":"default","site-content-style":"default","site-sidebar-style":"default","ast-global-header-display":"","ast-banner-title-visibility":"","ast-main-header-display":"","ast-hfb-above-header-display":"","ast-hfb-below-header-display":"","ast-hfb-mobile-header-display":"","site-post-title":"","ast-breadcrumbs-content":"","ast-featured-img":"","footer-sml-layout":"","ast-disable-related-posts":"","theme-transparent-header-meta":"default","adv-header-id-meta":"","stick-header-meta":"","header-above-stick-meta":"","header-main-stick-meta":"","header-below-stick-meta":"","astra-migrate-meta-layouts":"set","ast-page-background-enabled":"default","ast-page-background-meta":{"desktop":{"background-color":"","background-image":"","background-repeat":"repeat","background-position":"center center","background-size":"auto","background-attachment":"scroll","background-type":"","background-media":"","overlay-type":"","overlay-color":"","overlay-opacity":"","overlay-gradient":""},"tablet":{"background-color":"","background-image":"","background-repeat":"repeat","background-position":"center center","background-size":"auto","background-attachment":"scroll","background-type":"","background-media":"","overlay-type":"","overlay-color":"","overlay-opacity":"","overlay-gradient":""},"mobile":{"background-color":"","background-image":"","background-repeat":"repeat","background-position":"center center","background-size":"auto","background-attachment":"scroll","background-type":"","background-media":"","overlay-type":"","overlay-color":"","overlay-opacity":"","overlay-gradient":""}},"ast-content-background-meta":{"desktop":{"background-color":"var(--ast-global-color-5)","background-image":"","background-repeat":"repeat","background-position":"center center","background-size":"auto","background-attachment":"scroll","background-type":"","background-media":"","overlay-type":"","overlay-color":"","overlay-opacity":"","overlay-gradient":""},"tablet":{"background-color":"var(--ast-global-color-5)","background-image":"","background-repeat":"repeat","background-position":"center center","background-size":"auto","background-attachment":"scroll","background-type":"","background-media":"","overlay-type":"","overlay-color":"","overlay-opacity":"","overlay-gradient":""},"mobile":{"background-color":"var(--ast-global-color-5)","background-image":"","background-repeat":"repeat","background-position":"center center","background-size":"auto","background-attachment":"scroll","background-type":"","background-media":"","overlay-type":"","overlay-color":"","overlay-opacity":"","overlay-gradient":""}}},"product_brand":[3326],"product_cat":[4561,4560],"product_tag":[3796,4646],"class_list":{"0":"post-22919","1":"product","2":"type-product","3":"status-publish","4":"has-post-thumbnail","6":"product_brand-nagano","7":"product_cat-blades","8":"product_cat-short-track-blades","9":"product_tag-short-track","10":"product_tag-skate-tec","11":"desktop-align-left","12":"tablet-align-left","13":"mobile-align-left","15":"first","16":"instock","17":"sale","18":"featured","19":"taxable","20":"shipping-taxable","21":"purchasable","22":"product-type-simple"},"acf":[],"_links":{"self":[{"href":"https:\/\/ztsports.com\/fr\/wp-json\/wp\/v2\/product\/22919","targetHints":{"allow":["GET"]}}],"collection":[{"href":"https:\/\/ztsports.com\/fr\/wp-json\/wp\/v2\/product"}],"about":[{"href":"https:\/\/ztsports.com\/fr\/wp-json\/wp\/v2\/types\/product"}],"replies":[{"embeddable":true,"href":"https:\/\/ztsports.com\/fr\/wp-json\/wp\/v2\/comments?post=22919"}],"version-history":[{"count":3,"href":"https:\/\/ztsports.com\/fr\/wp-json\/wp\/v2\/product\/22919\/revisions"}],"predecessor-version":[{"id":25731,"href":"https:\/\/ztsports.com\/fr\/wp-json\/wp\/v2\/product\/22919\/revisions\/25731"}],"wp:featuredmedia":[{"embeddable":true,"href":"https:\/\/ztsports.com\/fr\/wp-json\/wp\/v2\/media\/22915"}],"wp:attachment":[{"href":"https:\/\/ztsports.com\/fr\/wp-json\/wp\/v2\/media?parent=22919"}],"wp:term":[{"taxonomy":"product_brand","embeddable":true,"href":"https:\/\/ztsports.com\/fr\/wp-json\/wp\/v2\/product_brand?post=22919"},{"taxonomy":"product_cat","embeddable":true,"href":"https:\/\/ztsports.com\/fr\/wp-json\/wp\/v2\/product_cat?post=22919"},{"taxonomy":"product_tag","embeddable":true,"href":"https:\/\/ztsports.com\/fr\/wp-json\/wp\/v2\/product_tag?post=22919"}],"curies":[{"name":"wp","href":"https:\/\/api.w.org\/{rel}","templated":true}]}}