{"id":22912,"date":"2023-06-09T19:56:42","date_gmt":"2023-06-09T19:56:42","guid":{"rendered":"https:\/\/ztsports.com\/?post_type=product&#038;p=22912"},"modified":"2026-04-19T22:45:15","modified_gmt":"2026-04-19T22:45:15","slug":"electronic-bearing-cleaner-by-bont","status":"publish","type":"product","link":"https:\/\/ztsports.com\/fr\/store\/electronic-bearing-cleaner-by-bont\/","title":{"rendered":"Electronic Bearing Cleaner By Bont"},"content":{"rendered":"<h1 class=\"product_title entry-title\">Nettoyeur \u00c9lectronique de Roulements Bont (Electronic Bearing Cleaner By Bont)<\/h1>\n<p>Le Nettoyeur \u00c9lectronique de Roulements Bont fait tourner le roulement et \u00e9limine toute la salet\u00e9, l\u2019huile et m\u00eame la rouille l\u00e9g\u00e8re. Par exemple, glissez simplement votre roulement de patinage de vitesse inline <strong>688<\/strong> ou <strong>608<\/strong> sur le nettoyeur. Trempez-le dans le produit de nettoyage de votre choix, puis appuyez sur le bouton rouge.<\/p>\n<h2>Nettoyeur \u00c9lectronique de Roulements Bont (Electronic Bearing Cleaner By Bont)<\/h2>\n<p>C\u2019est le moyen le plus simple de nettoyer vos roulements de roller. Chaque roulement est nettoy\u00e9 en environ 20 secondes. De plus, ce nettoyeur fonctionne avec toutes les marques de roulements <strong>608<\/strong>, <strong>688<\/strong> ou <strong>167<\/strong>. Vos roulements de patinage inline retrouveront leur aspect neuf.<br \/>\nSi vous utilisez des roulements avec un trou int\u00e9rieur de 7 mm, nous fournissons \u00e9galement un axe de 7 mm pour nettoyer ces roulements.<\/p>\n<p>Vous voulez voir le <a href=\"https:\/\/www.youtube.com\/watch?v=Pe69QoMyyGg\" target=\"_blank\" rel=\"noopener\"><strong>Nettoyeur en action<\/strong><\/a> ?<\/p>\n<p>Enfin, il convient \u00e0 <a href=\"https:\/\/ztsports.com\/product-category\/patinage-de-vitesse-en-ligne\/bearings\/\"><strong>tous les roulements 7mm &amp; 8mm<\/strong><\/a> que vous pouvez consulter et comparer ici.<\/p>\n","protected":false},"excerpt":{"rendered":"<p>Nettoyeur \u00c9lectronique de Roulements Bont (Electronic Bearing Cleaner By Bont) Le Nettoyeur \u00c9lectronique de Roulements Bont fait tourner le roulement et \u00e9limine toute la salet\u00e9, l\u2019huile et m\u00eame la rouille l\u00e9g\u00e8re. Par exemple, glissez simplement votre roulement de patinage de vitesse inline 688 ou 608 sur le nettoyeur. Trempez-le dans le produit de nettoyage de [&hellip;]<\/p>\n","protected":false},"featured_media":22905,"comment_status":"open","ping_status":"closed","template":"","meta":{"_acf_changed":false,"_monsterinsights_skip_tracking":false,"_monsterinsights_sitenote_active":false,"_monsterinsights_sitenote_note":"","_monsterinsights_sitenote_category":0,"_uf_show_specific_survey":0,"_uf_disable_surveys":false,"site-sidebar-layout":"default","site-content-layout":"","ast-site-content-layout":"default","site-content-style":"default","site-sidebar-style":"default","ast-global-header-display":"","ast-banner-title-visibility":"","ast-main-header-display":"","ast-hfb-above-header-display":"","ast-hfb-below-header-display":"","ast-hfb-mobile-header-display":"","site-post-title":"","ast-breadcrumbs-content":"","ast-featured-img":"","footer-sml-layout":"","ast-disable-related-posts":"","theme-transparent-header-meta":"default","adv-header-id-meta":"","stick-header-meta":"","header-above-stick-meta":"","header-main-stick-meta":"","header-below-stick-meta":"","astra-migrate-meta-layouts":"set","ast-page-background-enabled":"default","ast-page-background-meta":{"desktop":{"background-color":"","background-image":"","background-repeat":"repeat","background-position":"center center","background-size":"auto","background-attachment":"scroll","background-type":"","background-media":"","overlay-type":"","overlay-color":"","overlay-opacity":"","overlay-gradient":""},"tablet":{"background-color":"","background-image":"","background-repeat":"repeat","background-position":"center center","background-size":"auto","background-attachment":"scroll","background-type":"","background-media":"","overlay-type":"","overlay-color":"","overlay-opacity":"","overlay-gradient":""},"mobile":{"background-color":"","background-image":"","background-repeat":"repeat","background-position":"center center","background-size":"auto","background-attachment":"scroll","background-type":"","background-media":"","overlay-type":"","overlay-color":"","overlay-opacity":"","overlay-gradient":""}},"ast-content-background-meta":{"desktop":{"background-color":"var(--ast-global-color-5)","background-image":"","background-repeat":"repeat","background-position":"center center","background-size":"auto","background-attachment":"scroll","background-type":"","background-media":"","overlay-type":"","overlay-color":"","overlay-opacity":"","overlay-gradient":""},"tablet":{"background-color":"var(--ast-global-color-5)","background-image":"","background-repeat":"repeat","background-position":"center center","background-size":"auto","background-attachment":"scroll","background-type":"","background-media":"","overlay-type":"","overlay-color":"","overlay-opacity":"","overlay-gradient":""},"mobile":{"background-color":"var(--ast-global-color-5)","background-image":"","background-repeat":"repeat","background-position":"center center","background-size":"auto","background-attachment":"scroll","background-type":"","background-media":"","overlay-type":"","overlay-color":"","overlay-opacity":"","overlay-gradient":""}}},"product_brand":[3285],"product_cat":[4565,3381],"product_tag":[4704,4703],"class_list":{"0":"post-22912","1":"product","2":"type-product","3":"status-publish","4":"has-post-thumbnail","6":"product_brand-bont","7":"product_cat-accessoires","8":"product_cat-patinage-de-vitesse-en-ligne","9":"product_tag-cleaner-by-bont","10":"product_tag-electronic-bearing","11":"desktop-align-left","12":"tablet-align-left","13":"mobile-align-left","15":"first","16":"instock","17":"taxable","18":"shipping-taxable","19":"purchasable","20":"product-type-simple"},"acf":[],"_links":{"self":[{"href":"https:\/\/ztsports.com\/fr\/wp-json\/wp\/v2\/product\/22912","targetHints":{"allow":["GET"]}}],"collection":[{"href":"https:\/\/ztsports.com\/fr\/wp-json\/wp\/v2\/product"}],"about":[{"href":"https:\/\/ztsports.com\/fr\/wp-json\/wp\/v2\/types\/product"}],"replies":[{"embeddable":true,"href":"https:\/\/ztsports.com\/fr\/wp-json\/wp\/v2\/comments?post=22912"}],"version-history":[{"count":4,"href":"https:\/\/ztsports.com\/fr\/wp-json\/wp\/v2\/product\/22912\/revisions"}],"predecessor-version":[{"id":25733,"href":"https:\/\/ztsports.com\/fr\/wp-json\/wp\/v2\/product\/22912\/revisions\/25733"}],"wp:featuredmedia":[{"embeddable":true,"href":"https:\/\/ztsports.com\/fr\/wp-json\/wp\/v2\/media\/22905"}],"wp:attachment":[{"href":"https:\/\/ztsports.com\/fr\/wp-json\/wp\/v2\/media?parent=22912"}],"wp:term":[{"taxonomy":"product_brand","embeddable":true,"href":"https:\/\/ztsports.com\/fr\/wp-json\/wp\/v2\/product_brand?post=22912"},{"taxonomy":"product_cat","embeddable":true,"href":"https:\/\/ztsports.com\/fr\/wp-json\/wp\/v2\/product_cat?post=22912"},{"taxonomy":"product_tag","embeddable":true,"href":"https:\/\/ztsports.com\/fr\/wp-json\/wp\/v2\/product_tag?post=22912"}],"curies":[{"name":"wp","href":"https:\/\/api.w.org\/{rel}","templated":true}]}}