{"id":22903,"date":"2023-06-11T14:58:06","date_gmt":"2023-06-11T14:58:06","guid":{"rendered":"https:\/\/ztsports.com\/?post_type=product&#038;p=22903"},"modified":"2026-03-12T12:07:07","modified_gmt":"2026-03-12T12:07:07","slug":"corner-belts-technicords-speed-skating-training","status":"publish","type":"product","link":"https:\/\/ztsports.com\/fr\/store\/corner-belts-technicords-speed-skating-training\/","title":{"rendered":"CORNER BELTS TECHNICORDS SPEED SKATING TRAINING"},"content":{"rendered":"<h1>CEINTURES CORNER TECHNICORDS<\/h1>\n<p>Avec les ceintures Corner TECHNICORDS, vous am\u00e9liorerez votre position corporelle ainsi que votre stabilit\u00e9 et votre puissance.<br \/>\nNotre ceinture est suffisamment compacte pour tenir dans votre sac de patinage de vitesse et vous accompagner partout. Pour am\u00e9liorer vos performances, faites confiance aux ceintures d\u2019entra\u00eenement TECHNICORDS pour le patinage de vitesse.<\/p>\n<p>Le mat\u00e9riel d\u2019entra\u00eenement recommand\u00e9 par le champion du monde 2018, <a href=\"https:\/\/olympic.ca\/team-canada\/charles-hamelin\/\" target=\"_blank\" rel=\"noopener\">Charles Hamelin<\/a>.<\/p>\n<h3>CEINTURES CORNER TECHNICORDS \u2013 CEINTURES D\u2019ENTRA\u00ceNEMENT PATINAGE DE VITESSE<\/h3>\n<p>Que vous travailliez vos croisements ou vos mont\u00e9es-descentes, les ceintures Technicords vous aideront \u00e0 perfectionner votre position corporelle.<br \/>\nElles vous permettront \u00e9galement d\u2019exercer plus de pression sur la glace. Compactes, elles se glissent facilement dans votre sac de patinage et vous accompagnent partout, tout en \u00e9tant assez puissantes pour am\u00e9liorer vos performances au niveau sup\u00e9rieur.<\/p>\n<p><strong>Dimensions :<\/strong> 118\u2033 X 2\u2033 (300 cm X 5 cm)<\/p>\n<p>D\u00e9couvrez ces <a href=\"https:\/\/www.youtube.com\/watch?v=lLMWAMaCTKs&#038;t=24s\" target=\"_blank\" rel=\"noopener\"><strong>exercices incroyables que vous pouvez faire avec seulement une ceinture et un poteau !<\/strong><\/a><br \/>\nRetrouvez-nous sur Instagram @Elite_Performance_Training pour de nombreux autres entra\u00eenements et exercices !<\/p>\n<p>D\u00e9couvrez comment utiliser vos <a href=\"https:\/\/www.facebook.com\/watch\/?v=1039922526898595\" target=\"_blank\" rel=\"noopener\"><strong>ceintures d\u2019entra\u00eenement pour travailler vos croisements en inline.<\/strong><\/a> Excellent exercice pour ralentir le croisement et se concentrer sur une pouss\u00e9e solide et lat\u00e9rale\u2026 avec une extension compl\u00e8te.<\/p>\n<p>Enfin, vous pouvez consulter tous nos <a href=\"https:\/\/ztsports.com\/fr\/product-category\/aides-au-coaching-et-a-lentrainement\/\"><strong>mat\u00e9riels de coaching et d\u2019entra\u00eenement ici<\/strong><\/a>.<\/p>\n","protected":false},"excerpt":{"rendered":"<p>CEINTURES CORNER TECHNICORDS Avec les ceintures Corner TECHNICORDS, vous am\u00e9liorerez votre position corporelle ainsi que votre stabilit\u00e9 et votre puissance. Notre ceinture est suffisamment compacte pour tenir dans votre sac de patinage de vitesse et vous accompagner partout. Pour am\u00e9liorer vos performances, faites confiance aux ceintures d\u2019entra\u00eenement TECHNICORDS pour le patinage de vitesse. Le mat\u00e9riel [&hellip;]<\/p>\n","protected":false},"featured_media":22898,"comment_status":"open","ping_status":"closed","template":"","meta":{"_acf_changed":false,"_monsterinsights_skip_tracking":false,"_monsterinsights_sitenote_active":false,"_monsterinsights_sitenote_note":"","_monsterinsights_sitenote_category":0,"_uf_show_specific_survey":0,"_uf_disable_surveys":false,"site-sidebar-layout":"default","site-content-layout":"","ast-site-content-layout":"default","site-content-style":"default","site-sidebar-style":"default","ast-global-header-display":"","ast-banner-title-visibility":"","ast-main-header-display":"","ast-hfb-above-header-display":"","ast-hfb-below-header-display":"","ast-hfb-mobile-header-display":"","site-post-title":"","ast-breadcrumbs-content":"","ast-featured-img":"","footer-sml-layout":"","ast-disable-related-posts":"","theme-transparent-header-meta":"default","adv-header-id-meta":"","stick-header-meta":"","header-above-stick-meta":"","header-main-stick-meta":"","header-below-stick-meta":"","astra-migrate-meta-layouts":"set","ast-page-background-enabled":"default","ast-page-background-meta":{"desktop":{"background-color":"","background-image":"","background-repeat":"repeat","background-position":"center center","background-size":"auto","background-attachment":"scroll","background-type":"","background-media":"","overlay-type":"","overlay-color":"","overlay-opacity":"","overlay-gradient":""},"tablet":{"background-color":"","background-image":"","background-repeat":"repeat","background-position":"center center","background-size":"auto","background-attachment":"scroll","background-type":"","background-media":"","overlay-type":"","overlay-color":"","overlay-opacity":"","overlay-gradient":""},"mobile":{"background-color":"","background-image":"","background-repeat":"repeat","background-position":"center center","background-size":"auto","background-attachment":"scroll","background-type":"","background-media":"","overlay-type":"","overlay-color":"","overlay-opacity":"","overlay-gradient":""}},"ast-content-background-meta":{"desktop":{"background-color":"var(--ast-global-color-5)","background-image":"","background-repeat":"repeat","background-position":"center center","background-size":"auto","background-attachment":"scroll","background-type":"","background-media":"","overlay-type":"","overlay-color":"","overlay-opacity":"","overlay-gradient":""},"tablet":{"background-color":"var(--ast-global-color-5)","background-image":"","background-repeat":"repeat","background-position":"center center","background-size":"auto","background-attachment":"scroll","background-type":"","background-media":"","overlay-type":"","overlay-color":"","overlay-opacity":"","overlay-gradient":""},"mobile":{"background-color":"var(--ast-global-color-5)","background-image":"","background-repeat":"repeat","background-position":"center center","background-size":"auto","background-attachment":"scroll","background-type":"","background-media":"","overlay-type":"","overlay-color":"","overlay-opacity":"","overlay-gradient":""}}},"product_brand":[3338,3344,3348,3365],"product_cat":[4565,3380,3379],"product_tag":[],"class_list":{"0":"post-22903","1":"product","2":"type-product","3":"status-publish","4":"has-post-thumbnail","6":"product_brand-skate-tec","7":"product_brand-stay-bent","8":"product_brand-technicords","9":"product_brand-zt-sports","10":"product_cat-accessoires","11":"product_cat-aides-a-lentrainement","12":"product_cat-aides-au-coaching-et-a-lentrainement","13":"desktop-align-left","14":"tablet-align-left","15":"mobile-align-left","17":"first","18":"instock","19":"taxable","20":"shipping-taxable","21":"purchasable","22":"product-type-simple"},"acf":[],"_links":{"self":[{"href":"https:\/\/ztsports.com\/fr\/wp-json\/wp\/v2\/product\/22903","targetHints":{"allow":["GET"]}}],"collection":[{"href":"https:\/\/ztsports.com\/fr\/wp-json\/wp\/v2\/product"}],"about":[{"href":"https:\/\/ztsports.com\/fr\/wp-json\/wp\/v2\/types\/product"}],"replies":[{"embeddable":true,"href":"https:\/\/ztsports.com\/fr\/wp-json\/wp\/v2\/comments?post=22903"}],"version-history":[{"count":2,"href":"https:\/\/ztsports.com\/fr\/wp-json\/wp\/v2\/product\/22903\/revisions"}],"predecessor-version":[{"id":24570,"href":"https:\/\/ztsports.com\/fr\/wp-json\/wp\/v2\/product\/22903\/revisions\/24570"}],"wp:featuredmedia":[{"embeddable":true,"href":"https:\/\/ztsports.com\/fr\/wp-json\/wp\/v2\/media\/22898"}],"wp:attachment":[{"href":"https:\/\/ztsports.com\/fr\/wp-json\/wp\/v2\/media?parent=22903"}],"wp:term":[{"taxonomy":"product_brand","embeddable":true,"href":"https:\/\/ztsports.com\/fr\/wp-json\/wp\/v2\/product_brand?post=22903"},{"taxonomy":"product_cat","embeddable":true,"href":"https:\/\/ztsports.com\/fr\/wp-json\/wp\/v2\/product_cat?post=22903"},{"taxonomy":"product_tag","embeddable":true,"href":"https:\/\/ztsports.com\/fr\/wp-json\/wp\/v2\/product_tag?post=22903"}],"curies":[{"name":"wp","href":"https:\/\/api.w.org\/{rel}","templated":true}]}}