{"id":22895,"date":"2023-06-12T14:29:58","date_gmt":"2023-06-12T14:29:58","guid":{"rendered":"https:\/\/ztsports.com\/?post_type=product&#038;p=22895"},"modified":"2026-03-07T11:49:51","modified_gmt":"2026-03-07T11:49:51","slug":"ehs-cyclone-lt-boot-long-track","status":"publish","type":"product","link":"https:\/\/ztsports.com\/fr\/store\/ehs-cyclone-lt-boot-long-track\/","title":{"rendered":"EHS CYCLONE LT BOOT Long Track"},"content":{"rendered":"<h1>EHS CYCLONE LT BOOT<\/h1>\n<p>La EHS CYCLONE LT BOOT est <span class=\"color_11\">la botte haut de gamme, de haute performance pour le patinage de vitesse sur longue piste.<\/span><\/p>\n<ul>\n<li>Nouvelle coque en carbone ultra-l\u00e9g\u00e8re et facilement thermoformable<\/li>\n<li>La tige de la Cyclone utilise du cuir de vache souple offrant durabilit\u00e9 et performance<\/li>\n<li>Renfort en nylon pour un soutien suppl\u00e9mentaire et un confort am\u00e9lior\u00e9<\/li>\n<li>Doublure en cuir de veau 100% naturel pour un contact direct et pr\u00e9cis avec la glace<\/li>\n<li>Langue profil\u00e9e pour plus de confort et un maintien optimal du pied<\/li>\n<li>Autres caract\u00e9ristiques : lacets cir\u00e9s canadiens, fermeture \u00e9clair YKK sport<\/li>\n<li>Compatible avec toutes nos lames EHS Clap, mais nous recommandons notre <a href=\"https:\/\/ztsports.com\/product\/ehs-superior-long-track-blade\/\"><strong>Superior Clap<\/strong><\/a> pour une exp\u00e9rience ultime<\/li>\n<li>Tailles disponibles : 35 \u00e0 46<\/li>\n<li>Propos\u00e9e en formes standard et larges<\/li>\n<li>Montages \u00e0 plat pour un positionnement tr\u00e8s pr\u00e9cis sans tension<\/li>\n<\/ul>\n<p>Enfin, vous pouvez comparer toutes nos <a href=\"\/?product_cat=boots1\"><strong>Long Track Boots<\/strong><\/a> ici.<\/p>\n","protected":false},"excerpt":{"rendered":"<p>EHS CYCLONE LT BOOT La EHS CYCLONE LT BOOT est la botte haut de gamme, de haute performance pour le patinage de vitesse sur longue piste. Nouvelle coque en carbone ultra-l\u00e9g\u00e8re et facilement thermoformable La tige de la Cyclone utilise du cuir de vache souple offrant durabilit\u00e9 et performance Renfort en nylon pour un soutien [&hellip;]<\/p>\n","protected":false},"featured_media":22891,"comment_status":"open","ping_status":"closed","template":"","meta":{"_acf_changed":false,"_monsterinsights_skip_tracking":false,"_monsterinsights_sitenote_active":false,"_monsterinsights_sitenote_note":"","_monsterinsights_sitenote_category":0,"_uf_show_specific_survey":0,"_uf_disable_surveys":false,"site-sidebar-layout":"default","site-content-layout":"","ast-site-content-layout":"default","site-content-style":"default","site-sidebar-style":"default","ast-global-header-display":"","ast-banner-title-visibility":"","ast-main-header-display":"","ast-hfb-above-header-display":"","ast-hfb-below-header-display":"","ast-hfb-mobile-header-display":"","site-post-title":"","ast-breadcrumbs-content":"","ast-featured-img":"","footer-sml-layout":"","ast-disable-related-posts":"","theme-transparent-header-meta":"default","adv-header-id-meta":"","stick-header-meta":"","header-above-stick-meta":"","header-main-stick-meta":"","header-below-stick-meta":"","astra-migrate-meta-layouts":"set","ast-page-background-enabled":"default","ast-page-background-meta":{"desktop":{"background-color":"","background-image":"","background-repeat":"repeat","background-position":"center center","background-size":"auto","background-attachment":"scroll","background-type":"","background-media":"","overlay-type":"","overlay-color":"","overlay-opacity":"","overlay-gradient":""},"tablet":{"background-color":"","background-image":"","background-repeat":"repeat","background-position":"center center","background-size":"auto","background-attachment":"scroll","background-type":"","background-media":"","overlay-type":"","overlay-color":"","overlay-opacity":"","overlay-gradient":""},"mobile":{"background-color":"","background-image":"","background-repeat":"repeat","background-position":"center center","background-size":"auto","background-attachment":"scroll","background-type":"","background-media":"","overlay-type":"","overlay-color":"","overlay-opacity":"","overlay-gradient":""}},"ast-content-background-meta":{"desktop":{"background-color":"var(--ast-global-color-5)","background-image":"","background-repeat":"repeat","background-position":"center center","background-size":"auto","background-attachment":"scroll","background-type":"","background-media":"","overlay-type":"","overlay-color":"","overlay-opacity":"","overlay-gradient":""},"tablet":{"background-color":"var(--ast-global-color-5)","background-image":"","background-repeat":"repeat","background-position":"center center","background-size":"auto","background-attachment":"scroll","background-type":"","background-media":"","overlay-type":"","overlay-color":"","overlay-opacity":"","overlay-gradient":""},"mobile":{"background-color":"var(--ast-global-color-5)","background-image":"","background-repeat":"repeat","background-position":"center center","background-size":"auto","background-attachment":"scroll","background-type":"","background-media":"","overlay-type":"","overlay-color":"","overlay-opacity":"","overlay-gradient":""}}},"product_brand":[3347],"product_cat":[3378],"product_tag":[],"class_list":{"0":"post-22895","1":"product","2":"type-product","3":"status-publish","4":"has-post-thumbnail","6":"product_brand-ehs","7":"product_cat-non-categorise","8":"desktop-align-left","9":"tablet-align-left","10":"mobile-align-left","12":"first","13":"instock","14":"taxable","15":"shipping-taxable","16":"purchasable","17":"product-type-simple"},"acf":[],"_links":{"self":[{"href":"https:\/\/ztsports.com\/fr\/wp-json\/wp\/v2\/product\/22895","targetHints":{"allow":["GET"]}}],"collection":[{"href":"https:\/\/ztsports.com\/fr\/wp-json\/wp\/v2\/product"}],"about":[{"href":"https:\/\/ztsports.com\/fr\/wp-json\/wp\/v2\/types\/product"}],"replies":[{"embeddable":true,"href":"https:\/\/ztsports.com\/fr\/wp-json\/wp\/v2\/comments?post=22895"}],"version-history":[{"count":1,"href":"https:\/\/ztsports.com\/fr\/wp-json\/wp\/v2\/product\/22895\/revisions"}],"predecessor-version":[{"id":22896,"href":"https:\/\/ztsports.com\/fr\/wp-json\/wp\/v2\/product\/22895\/revisions\/22896"}],"wp:featuredmedia":[{"embeddable":true,"href":"https:\/\/ztsports.com\/fr\/wp-json\/wp\/v2\/media\/22891"}],"wp:attachment":[{"href":"https:\/\/ztsports.com\/fr\/wp-json\/wp\/v2\/media?parent=22895"}],"wp:term":[{"taxonomy":"product_brand","embeddable":true,"href":"https:\/\/ztsports.com\/fr\/wp-json\/wp\/v2\/product_brand?post=22895"},{"taxonomy":"product_cat","embeddable":true,"href":"https:\/\/ztsports.com\/fr\/wp-json\/wp\/v2\/product_cat?post=22895"},{"taxonomy":"product_tag","embeddable":true,"href":"https:\/\/ztsports.com\/fr\/wp-json\/wp\/v2\/product_tag?post=22895"}],"curies":[{"name":"wp","href":"https:\/\/api.w.org\/{rel}","templated":true}]}}