{"id":22889,"date":"2023-06-14T04:55:34","date_gmt":"2023-06-14T04:55:34","guid":{"rendered":"https:\/\/ztsports.com\/?post_type=product&#038;p=22889"},"modified":"2026-03-07T11:48:44","modified_gmt":"2026-03-07T11:48:44","slug":"cut-resistant-ankle-protectors","status":"publish","type":"product","link":"https:\/\/ztsports.com\/fr\/store\/cut-resistant-ankle-protectors\/","title":{"rendered":"CUT RESISTANT ANKLE PROTECTORS"},"content":{"rendered":"<h1>Prot\u00e8ge-chevilles R\u00e9sistants aux Coupures<\/h1>\n<p>Les prot\u00e8ge-chevilles r\u00e9sistants aux coupures sont de taille unique. Un article obligatoire pour le Short Track Speed Skating.<\/p>\n<p>De plus, ils sont taille unique avec des propri\u00e9t\u00e9s \u00e9lastiques avanc\u00e9es. Technologie \u201cHollow Fiber\u201d, anti-allergique.<\/p>\n<p>Super fibre combin\u00e9e avec Polyester et Elastine, Niveau de coupe 2 EN38<\/p>\n<h4 class=\"h-feature-headline right-text h6\">Protection contre les lac\u00e9rations &#8211; Prot\u00e8ge-chevilles R\u00e9sistants aux Coupures<\/h4>\n<p><strong>Pourquoi :<\/strong> Pour pr\u00e9venir les coupures et blessures du tendon d\u2019Achille caus\u00e9es par les lames pendant la phase de pouss\u00e9e.<\/p>\n<p>Aucune peau ne doit \u00eatre visible entre la botte du patineur et la combinaison. Des prot\u00e8ge-chevilles r\u00e9sistants aux perforations fabriqu\u00e9s en Kevlar ou Dyneema doivent \u00eatre port\u00e9s sur les deux jambes, couvrant de la partie sup\u00e9rieure des bottes jusqu\u2019\u00e0 10 cm au-dessus.<\/p>\n<p>Conforme \u00e0 la r\u00e9glementation ISU 1265.<\/p>\n<p>\u00c9galement important : <strong>Plus \u00e9lastique, plus confortable, excellent ajustement !<\/strong><\/p>\n<p><b>De plus, un article de s\u00e9curit\u00e9 obligatoire pour le Short Track.<\/b><\/p>\n<p><b>Consultez FPVQ &amp; <\/b><a style=\"font-weight: bold;\" href=\"https:\/\/www.ontariospeedskating.ca\/safety-equipment\" target=\"_blank\" rel=\"noopener\">OSSA : Accessoire obligatoire<\/a><b> en comp\u00e9tition.<\/b><\/p>\n<p>Enfin, consultez tous nos <a href=\"https:\/\/ztsports.com\/product-category\/protection\/lower-body-protection\/\"><strong>articles de protection pour le bas du corps<\/strong><\/a> ici.<\/p>\n","protected":false},"excerpt":{"rendered":"<p>Prot\u00e8ge-chevilles R\u00e9sistants aux Coupures Les prot\u00e8ge-chevilles r\u00e9sistants aux coupures sont de taille unique. Un article obligatoire pour le Short Track Speed Skating. De plus, ils sont taille unique avec des propri\u00e9t\u00e9s \u00e9lastiques avanc\u00e9es. Technologie \u201cHollow Fiber\u201d, anti-allergique. Super fibre combin\u00e9e avec Polyester et Elastine, Niveau de coupe 2 EN38 Protection contre les lac\u00e9rations &#8211; Prot\u00e8ge-chevilles [&hellip;]<\/p>\n","protected":false},"featured_media":22587,"comment_status":"open","ping_status":"closed","template":"","meta":{"_acf_changed":false,"_monsterinsights_skip_tracking":false,"_monsterinsights_sitenote_active":false,"_monsterinsights_sitenote_note":"","_monsterinsights_sitenote_category":0,"_uf_show_specific_survey":0,"_uf_disable_surveys":false,"site-sidebar-layout":"default","site-content-layout":"","ast-site-content-layout":"default","site-content-style":"default","site-sidebar-style":"default","ast-global-header-display":"","ast-banner-title-visibility":"","ast-main-header-display":"","ast-hfb-above-header-display":"","ast-hfb-below-header-display":"","ast-hfb-mobile-header-display":"","site-post-title":"","ast-breadcrumbs-content":"","ast-featured-img":"","footer-sml-layout":"","ast-disable-related-posts":"","theme-transparent-header-meta":"default","adv-header-id-meta":"","stick-header-meta":"","header-above-stick-meta":"","header-main-stick-meta":"","header-below-stick-meta":"","astra-migrate-meta-layouts":"set","ast-page-background-enabled":"default","ast-page-background-meta":{"desktop":{"background-color":"","background-image":"","background-repeat":"repeat","background-position":"center center","background-size":"auto","background-attachment":"scroll","background-type":"","background-media":"","overlay-type":"","overlay-color":"","overlay-opacity":"","overlay-gradient":""},"tablet":{"background-color":"","background-image":"","background-repeat":"repeat","background-position":"center center","background-size":"auto","background-attachment":"scroll","background-type":"","background-media":"","overlay-type":"","overlay-color":"","overlay-opacity":"","overlay-gradient":""},"mobile":{"background-color":"","background-image":"","background-repeat":"repeat","background-position":"center center","background-size":"auto","background-attachment":"scroll","background-type":"","background-media":"","overlay-type":"","overlay-color":"","overlay-opacity":"","overlay-gradient":""}},"ast-content-background-meta":{"desktop":{"background-color":"var(--ast-global-color-5)","background-image":"","background-repeat":"repeat","background-position":"center center","background-size":"auto","background-attachment":"scroll","background-type":"","background-media":"","overlay-type":"","overlay-color":"","overlay-opacity":"","overlay-gradient":""},"tablet":{"background-color":"var(--ast-global-color-5)","background-image":"","background-repeat":"repeat","background-position":"center center","background-size":"auto","background-attachment":"scroll","background-type":"","background-media":"","overlay-type":"","overlay-color":"","overlay-opacity":"","overlay-gradient":""},"mobile":{"background-color":"var(--ast-global-color-5)","background-image":"","background-repeat":"repeat","background-position":"center center","background-size":"auto","background-attachment":"scroll","background-type":"","background-media":"","overlay-type":"","overlay-color":"","overlay-opacity":"","overlay-gradient":""}}},"product_brand":[3358,3361,3359,3360,3362,3365],"product_cat":[3378],"product_tag":[],"class_list":{"0":"post-22889","1":"product","2":"type-product","3":"status-publish","4":"has-post-thumbnail","6":"product_brand-x-series","7":"product_brand-x-series-xact","8":"product_brand-x-tech","9":"product_brand-xact","10":"product_brand-xtech","11":"product_brand-zt-sports","12":"product_cat-non-categorise","13":"desktop-align-left","14":"tablet-align-left","15":"mobile-align-left","17":"first","18":"instock","19":"sale","20":"taxable","21":"shipping-taxable","22":"purchasable","23":"product-type-simple"},"acf":[],"_links":{"self":[{"href":"https:\/\/ztsports.com\/fr\/wp-json\/wp\/v2\/product\/22889","targetHints":{"allow":["GET"]}}],"collection":[{"href":"https:\/\/ztsports.com\/fr\/wp-json\/wp\/v2\/product"}],"about":[{"href":"https:\/\/ztsports.com\/fr\/wp-json\/wp\/v2\/types\/product"}],"replies":[{"embeddable":true,"href":"https:\/\/ztsports.com\/fr\/wp-json\/wp\/v2\/comments?post=22889"}],"version-history":[{"count":1,"href":"https:\/\/ztsports.com\/fr\/wp-json\/wp\/v2\/product\/22889\/revisions"}],"predecessor-version":[{"id":22890,"href":"https:\/\/ztsports.com\/fr\/wp-json\/wp\/v2\/product\/22889\/revisions\/22890"}],"wp:featuredmedia":[{"embeddable":true,"href":"https:\/\/ztsports.com\/fr\/wp-json\/wp\/v2\/media\/22587"}],"wp:attachment":[{"href":"https:\/\/ztsports.com\/fr\/wp-json\/wp\/v2\/media?parent=22889"}],"wp:term":[{"taxonomy":"product_brand","embeddable":true,"href":"https:\/\/ztsports.com\/fr\/wp-json\/wp\/v2\/product_brand?post=22889"},{"taxonomy":"product_cat","embeddable":true,"href":"https:\/\/ztsports.com\/fr\/wp-json\/wp\/v2\/product_cat?post=22889"},{"taxonomy":"product_tag","embeddable":true,"href":"https:\/\/ztsports.com\/fr\/wp-json\/wp\/v2\/product_tag?post=22889"}],"curies":[{"name":"wp","href":"https:\/\/api.w.org\/{rel}","templated":true}]}}