{"id":22886,"date":"2023-06-15T23:34:25","date_gmt":"2023-06-15T23:34:25","guid":{"rendered":"https:\/\/ztsports.com\/?post_type=product&#038;p=22886"},"modified":"2026-04-11T15:54:37","modified_gmt":"2026-04-11T15:54:37","slug":"cut-resistant-socks-pro-shield-protection","status":"publish","type":"product","link":"https:\/\/ztsports.com\/fr\/store\/cut-resistant-socks-pro-shield-protection\/","title":{"rendered":"CUT RESISTANT SOCKS Pro-Shield Protection"},"content":{"rendered":"<h6>Chaussettes R\u00e9sistantes aux Coupures Pro-Shield Protection (CUT RESISTANT SOCKS)<\/h6>\n<p>Les chaussettes r\u00e9sistantes aux coupures de Pro-Shield Protection offrent une protection efficace mais discr\u00e8te des chevilles. Elles se portent sous la combinaison et peuvent remplacer les protections de cheville standard.<\/p>\n<p>De plus, elles offrent une protection \u00e0 360 degr\u00e9s niveau 2 et sont conformes \u00e0 la norme EN388. Elles exercent \u00e9galement une compression sur le mollet, am\u00e9liorant la circulation sanguine.<\/p>\n<h3>PRO-SHIELD Chaussettes R\u00e9sistantes aux Coupures<\/h3>\n<ul>\n<li>Protection contre les coupures assur\u00e9e dans une chaussette l\u00e9g\u00e8re et confortable<\/li>\n<li>Fabriqu\u00e9es en mat\u00e9riau extensible 4 directions avec 3 zones de compression favorisant une meilleure circulation sanguine<\/li>\n<li>Protection contre les coupures \u00e0 360 degr\u00e9s de l\u2019os de la cheville jusqu\u2019au mollet<\/li>\n<li>Fibres respirantes dissipant la chaleur et permettant la circulation de l\u2019air<\/li>\n<li>Composition : 50% mat\u00e9riau r\u00e9sistant aux coupures, 35% Nylon, 5% Spandex, 10% Polyester<\/li>\n<li>Protection contre les lac\u00e9rations, EN-388 Niveau de coupe 2<\/li>\n<\/ul>\n<h4>Tailles disponibles\u00a0(CUT RESISTANT SOCKS):<\/h4>\n<ul>\n<li>SM : 33-36<\/li>\n<li>M : 37-40<\/li>\n<li>L : 41-43<\/li>\n<li>XL : 44-46<\/li>\n<\/ul>\n<p>Enfin, vous pouvez consulter tous nos <a href=\"https:\/\/ztsports.com\/product-category\/protection\/\"><strong>articles de protection pour le skate ici<\/strong><\/a>.<\/p>\n<p>De plus, toutes nos <a href=\"https:\/\/ztsports.com\/product-category\/socks\/\"><strong>chaussettes sont disponibles ici<\/strong><\/a>.<\/p>\n","protected":false},"excerpt":{"rendered":"<p>Chaussettes R\u00e9sistantes aux Coupures Pro-Shield Protection (CUT RESISTANT SOCKS) Les chaussettes r\u00e9sistantes aux coupures de Pro-Shield Protection offrent une protection efficace mais discr\u00e8te des chevilles. Elles se portent sous la combinaison et peuvent remplacer les protections de cheville standard. De plus, elles offrent une protection \u00e0 360 degr\u00e9s niveau 2 et sont conformes \u00e0 la [&hellip;]<\/p>\n","protected":false},"featured_media":22885,"comment_status":"open","ping_status":"closed","template":"","meta":{"_acf_changed":false,"_monsterinsights_skip_tracking":false,"_monsterinsights_sitenote_active":false,"_monsterinsights_sitenote_note":"","_monsterinsights_sitenote_category":0,"_uf_show_specific_survey":0,"_uf_disable_surveys":false,"site-sidebar-layout":"default","site-content-layout":"","ast-site-content-layout":"default","site-content-style":"default","site-sidebar-style":"default","ast-global-header-display":"","ast-banner-title-visibility":"","ast-main-header-display":"","ast-hfb-above-header-display":"","ast-hfb-below-header-display":"","ast-hfb-mobile-header-display":"","site-post-title":"","ast-breadcrumbs-content":"","ast-featured-img":"","footer-sml-layout":"","ast-disable-related-posts":"","theme-transparent-header-meta":"default","adv-header-id-meta":"","stick-header-meta":"","header-above-stick-meta":"","header-main-stick-meta":"","header-below-stick-meta":"","astra-migrate-meta-layouts":"set","ast-page-background-enabled":"default","ast-page-background-meta":{"desktop":{"background-color":"","background-image":"","background-repeat":"repeat","background-position":"center center","background-size":"auto","background-attachment":"scroll","background-type":"","background-media":"","overlay-type":"","overlay-color":"","overlay-opacity":"","overlay-gradient":""},"tablet":{"background-color":"","background-image":"","background-repeat":"repeat","background-position":"center center","background-size":"auto","background-attachment":"scroll","background-type":"","background-media":"","overlay-type":"","overlay-color":"","overlay-opacity":"","overlay-gradient":""},"mobile":{"background-color":"","background-image":"","background-repeat":"repeat","background-position":"center center","background-size":"auto","background-attachment":"scroll","background-type":"","background-media":"","overlay-type":"","overlay-color":"","overlay-opacity":"","overlay-gradient":""}},"ast-content-background-meta":{"desktop":{"background-color":"var(--ast-global-color-5)","background-image":"","background-repeat":"repeat","background-position":"center center","background-size":"auto","background-attachment":"scroll","background-type":"","background-media":"","overlay-type":"","overlay-color":"","overlay-opacity":"","overlay-gradient":""},"tablet":{"background-color":"var(--ast-global-color-5)","background-image":"","background-repeat":"repeat","background-position":"center center","background-size":"auto","background-attachment":"scroll","background-type":"","background-media":"","overlay-type":"","overlay-color":"","overlay-opacity":"","overlay-gradient":""},"mobile":{"background-color":"var(--ast-global-color-5)","background-image":"","background-repeat":"repeat","background-position":"center center","background-size":"auto","background-attachment":"scroll","background-type":"","background-media":"","overlay-type":"","overlay-color":"","overlay-opacity":"","overlay-gradient":""}}},"product_brand":[3331],"product_cat":[3637,3421,3482],"product_tag":[4356,3970,4640],"class_list":{"0":"post-22886","1":"product","2":"type-product","3":"status-publish","4":"has-post-thumbnail","6":"product_brand-pro-shield","7":"product_cat-protection","8":"product_cat-protection-bebe-inferieure","9":"product_cat-protection-contre-les-coupures","10":"product_tag-bandes-de-resistance","11":"product_tag-coupe-restante","12":"product_tag-cut-resistant-socks","13":"desktop-align-left","14":"tablet-align-left","15":"mobile-align-left","17":"first","18":"instock","19":"sale","20":"taxable","21":"shipping-taxable","22":"purchasable","23":"product-type-simple"},"acf":[],"_links":{"self":[{"href":"https:\/\/ztsports.com\/fr\/wp-json\/wp\/v2\/product\/22886","targetHints":{"allow":["GET"]}}],"collection":[{"href":"https:\/\/ztsports.com\/fr\/wp-json\/wp\/v2\/product"}],"about":[{"href":"https:\/\/ztsports.com\/fr\/wp-json\/wp\/v2\/types\/product"}],"replies":[{"embeddable":true,"href":"https:\/\/ztsports.com\/fr\/wp-json\/wp\/v2\/comments?post=22886"}],"version-history":[{"count":3,"href":"https:\/\/ztsports.com\/fr\/wp-json\/wp\/v2\/product\/22886\/revisions"}],"predecessor-version":[{"id":25182,"href":"https:\/\/ztsports.com\/fr\/wp-json\/wp\/v2\/product\/22886\/revisions\/25182"}],"wp:featuredmedia":[{"embeddable":true,"href":"https:\/\/ztsports.com\/fr\/wp-json\/wp\/v2\/media\/22885"}],"wp:attachment":[{"href":"https:\/\/ztsports.com\/fr\/wp-json\/wp\/v2\/media?parent=22886"}],"wp:term":[{"taxonomy":"product_brand","embeddable":true,"href":"https:\/\/ztsports.com\/fr\/wp-json\/wp\/v2\/product_brand?post=22886"},{"taxonomy":"product_cat","embeddable":true,"href":"https:\/\/ztsports.com\/fr\/wp-json\/wp\/v2\/product_cat?post=22886"},{"taxonomy":"product_tag","embeddable":true,"href":"https:\/\/ztsports.com\/fr\/wp-json\/wp\/v2\/product_tag?post=22886"}],"curies":[{"name":"wp","href":"https:\/\/api.w.org\/{rel}","templated":true}]}}