{"id":22882,"date":"2023-06-25T22:24:56","date_gmt":"2023-06-25T22:24:56","guid":{"rendered":"https:\/\/ztsports.com\/?post_type=product&#038;p=22882"},"modified":"2026-03-07T11:46:48","modified_gmt":"2026-03-07T11:46:48","slug":"protective-sport-glasses-kit-3-lens","status":"publish","type":"product","link":"https:\/\/ztsports.com\/fr\/store\/protective-sport-glasses-kit-3-lens\/","title":{"rendered":"Protective Sport Glasses Kit 3 Lens"},"content":{"rendered":"<section>\n<div>\n<div>\n<div>\n<div>\n<h1>Kit de Lunettes de Protection Sportive<\/h1>\n<p>Le kit de lunettes de protection sportive est adapt\u00e9 \u00e0 divers sports sur glace et sur route. Il prot\u00e8ge contre la lumi\u00e8re du soleil intense et toutes les conditions m\u00e9t\u00e9orologiques gr\u00e2ce \u00e0 ses 3 verres interchangeables. Chaque verre de ce kit respecte les normes militaires am\u00e9ricaines pour la r\u00e9sistance balistique. Personnalisez l\u2019ajustement gr\u00e2ce au pont nasal et aux branches en polym\u00e8re TPR r\u00e9glables. De plus, un <strong>adaptateur pour prescription inclus et un \u00e9tui rigide souple<\/strong> sont fournis pour prot\u00e9ger vos lunettes et verres.<\/p>\n<p>Nos lunettes en nylon Grilamid TR-90 sont l\u00e9g\u00e8res et performantes. Elles sont livr\u00e9es avec <strong>3 verres balistiques<\/strong> test\u00e9s. L\u2019adaptateur RX pour verres correcteurs est \u00e9galement inclus.<\/p>\n<p><b>Ajustement :<\/b><\/p>\n<p>Standard Fit<\/p>\n<p><b>Caract\u00e9ristiques :<\/b><\/p>\n<ul>\n<li>Monture en polym\u00e8re<\/li>\n<li>Forme de verre N3, PC, base 7.5 (courbure r\u00e9elle)<\/li>\n<li>Pont nasal et branches r\u00e9glables en polym\u00e8re TPR<\/li>\n<li>Monture sans contour en nylon Grilamid TR-90<\/li>\n<li>Norme ANSI Z87.1 : 150 ft\/sec<\/li>\n<li>Norme MIL-PRF 32432A : 700-725 ft\/sec<\/li>\n<li><strong>3 verres interchangeables : fum\u00e9 \/ jaune \/ clair. Adaptateur pour prescription inclus.<\/strong><\/li>\n<li>Verres balistiques test\u00e9s selon les normes militaires am\u00e9ricaines<\/li>\n<li>Couleur : NOIR<\/li>\n<\/ul>\n<p><strong><span class=\"Y2IQFc\" lang=\"fr\">FPVQ &amp; <a href=\"https:\/\/www.ontariospeedskating.ca\/safety-equipment\" target=\"_blank\" rel=\"noopener\">OSSA : Accessoire obligatoire<\/a> en comp\u00e9tition.<\/span><\/strong><\/p>\n<\/div>\n<\/div>\n<\/div>\n<\/div>\n<\/section>\n<section>\n<dl data-test=\"item-details\">\n<dt>\n<div>Enfin, d\u00e9couvrez toute notre <a href=\"https:\/\/ztsports.com\/product-category\/protection\/glasses\/\"><strong>s\u00e9lection de lunettes de protection sportive<\/strong><\/a> ici.<\/div>\n<\/dt>\n<\/dl>\n<\/section>\n","protected":false},"excerpt":{"rendered":"<p>Kit de Lunettes de Protection Sportive Le kit de lunettes de protection sportive est adapt\u00e9 \u00e0 divers sports sur glace et sur route. Il prot\u00e8ge contre la lumi\u00e8re du soleil intense et toutes les conditions m\u00e9t\u00e9orologiques gr\u00e2ce \u00e0 ses 3 verres interchangeables. Chaque verre de ce kit respecte les normes militaires am\u00e9ricaines pour la r\u00e9sistance [&hellip;]<\/p>\n","protected":false},"featured_media":22878,"comment_status":"open","ping_status":"closed","template":"","meta":{"_acf_changed":false,"_monsterinsights_skip_tracking":false,"_monsterinsights_sitenote_active":false,"_monsterinsights_sitenote_note":"","_monsterinsights_sitenote_category":0,"_uf_show_specific_survey":0,"_uf_disable_surveys":false,"site-sidebar-layout":"default","site-content-layout":"","ast-site-content-layout":"default","site-content-style":"default","site-sidebar-style":"default","ast-global-header-display":"","ast-banner-title-visibility":"","ast-main-header-display":"","ast-hfb-above-header-display":"","ast-hfb-below-header-display":"","ast-hfb-mobile-header-display":"","site-post-title":"","ast-breadcrumbs-content":"","ast-featured-img":"","footer-sml-layout":"","ast-disable-related-posts":"","theme-transparent-header-meta":"default","adv-header-id-meta":"","stick-header-meta":"","header-above-stick-meta":"","header-main-stick-meta":"","header-below-stick-meta":"","astra-migrate-meta-layouts":"set","ast-page-background-enabled":"default","ast-page-background-meta":{"desktop":{"background-color":"","background-image":"","background-repeat":"repeat","background-position":"center center","background-size":"auto","background-attachment":"scroll","background-type":"","background-media":"","overlay-type":"","overlay-color":"","overlay-opacity":"","overlay-gradient":""},"tablet":{"background-color":"","background-image":"","background-repeat":"repeat","background-position":"center center","background-size":"auto","background-attachment":"scroll","background-type":"","background-media":"","overlay-type":"","overlay-color":"","overlay-opacity":"","overlay-gradient":""},"mobile":{"background-color":"","background-image":"","background-repeat":"repeat","background-position":"center center","background-size":"auto","background-attachment":"scroll","background-type":"","background-media":"","overlay-type":"","overlay-color":"","overlay-opacity":"","overlay-gradient":""}},"ast-content-background-meta":{"desktop":{"background-color":"var(--ast-global-color-5)","background-image":"","background-repeat":"repeat","background-position":"center center","background-size":"auto","background-attachment":"scroll","background-type":"","background-media":"","overlay-type":"","overlay-color":"","overlay-opacity":"","overlay-gradient":""},"tablet":{"background-color":"var(--ast-global-color-5)","background-image":"","background-repeat":"repeat","background-position":"center center","background-size":"auto","background-attachment":"scroll","background-type":"","background-media":"","overlay-type":"","overlay-color":"","overlay-opacity":"","overlay-gradient":""},"mobile":{"background-color":"var(--ast-global-color-5)","background-image":"","background-repeat":"repeat","background-position":"center center","background-size":"auto","background-attachment":"scroll","background-type":"","background-media":"","overlay-type":"","overlay-color":"","overlay-opacity":"","overlay-gradient":""}}},"product_brand":[3302],"product_cat":[3378],"product_tag":[],"class_list":{"0":"post-22882","1":"product","2":"type-product","3":"status-publish","4":"has-post-thumbnail","6":"product_brand-garneau","7":"product_cat-non-categorise","8":"desktop-align-left","9":"tablet-align-left","10":"mobile-align-left","12":"first","13":"instock","14":"taxable","15":"shipping-taxable","16":"purchasable","17":"product-type-simple"},"acf":[],"_links":{"self":[{"href":"https:\/\/ztsports.com\/fr\/wp-json\/wp\/v2\/product\/22882","targetHints":{"allow":["GET"]}}],"collection":[{"href":"https:\/\/ztsports.com\/fr\/wp-json\/wp\/v2\/product"}],"about":[{"href":"https:\/\/ztsports.com\/fr\/wp-json\/wp\/v2\/types\/product"}],"replies":[{"embeddable":true,"href":"https:\/\/ztsports.com\/fr\/wp-json\/wp\/v2\/comments?post=22882"}],"version-history":[{"count":2,"href":"https:\/\/ztsports.com\/fr\/wp-json\/wp\/v2\/product\/22882\/revisions"}],"predecessor-version":[{"id":22884,"href":"https:\/\/ztsports.com\/fr\/wp-json\/wp\/v2\/product\/22882\/revisions\/22884"}],"wp:featuredmedia":[{"embeddable":true,"href":"https:\/\/ztsports.com\/fr\/wp-json\/wp\/v2\/media\/22878"}],"wp:attachment":[{"href":"https:\/\/ztsports.com\/fr\/wp-json\/wp\/v2\/media?parent=22882"}],"wp:term":[{"taxonomy":"product_brand","embeddable":true,"href":"https:\/\/ztsports.com\/fr\/wp-json\/wp\/v2\/product_brand?post=22882"},{"taxonomy":"product_cat","embeddable":true,"href":"https:\/\/ztsports.com\/fr\/wp-json\/wp\/v2\/product_cat?post=22882"},{"taxonomy":"product_tag","embeddable":true,"href":"https:\/\/ztsports.com\/fr\/wp-json\/wp\/v2\/product_tag?post=22882"}],"curies":[{"name":"wp","href":"https:\/\/api.w.org\/{rel}","templated":true}]}}