{"id":22871,"date":"2023-06-26T16:49:10","date_gmt":"2023-06-26T16:49:10","guid":{"rendered":"https:\/\/ztsports.com\/?post_type=product&#038;p=22871"},"modified":"2026-03-07T11:44:04","modified_gmt":"2026-03-07T11:44:04","slug":"staybent-top-locating-stops-jig-blade-hight","status":"publish","type":"product","link":"https:\/\/ztsports.com\/fr\/store\/staybent-top-locating-stops-jig-blade-hight\/","title":{"rendered":"StayBent Top Locating Stops Jig Blade Hight"},"content":{"rendered":"<h1>Stops de Positionnement Sup\u00e9rieur StayBent<\/h1>\n<p><span class=\"Y2IQFc\" lang=\"fr\">Les Stops de Positionnement Sup\u00e9rieur StayBent sont des pi\u00e8ces originales. Il s&#8217;agit d&#8217;un accessoire optionnel pour le StayBent Jig, offrant 2 possibilit\u00e9s de r\u00e9glage pour une pr\u00e9cision optimale sur des lames neuves ou us\u00e9es.<\/span><\/p>\n<p>Assure que vos lames soient toujours install\u00e9es de mani\u00e8re identique \u00e0 chaque utilisation.<\/p>\n<p><span class=\"Y2IQFc\" lang=\"fr\">Les Stops de Positionnement Sup\u00e9rieur StayBent sont con\u00e7us pour \u00eatre utilis\u00e9s en conjonction avec le <a href=\"https:\/\/ztsports.com\/product\/stay-bent-sharpening-jig\/\"><strong>StayBent Jig<\/strong><\/a>, le Jig ultime pour maintenir le tranchant de vos lames. Les stops sup\u00e9rieurs offrent deux possibilit\u00e9s de r\u00e9glage, permettant d&#8217;obtenir une pr\u00e9cision optimale lors de l&#8217;entretien des lames. Livr\u00e9s en paire.<\/span><\/p>\n<h2>Stops de Positionnement Sup\u00e9rieur StayBent pour le <a href=\"https:\/\/ztsports.com\/product\/stay-bent-sharpening-jig\/\"><strong>StayBent Jig<\/strong><\/a><\/h2>\n<p><span class=\"Y2IQFc\" lang=\"fr\">Les Stops de Positionnement Sup\u00e9rieur StayBent pour le StayBent Jig sont une pi\u00e8ce optionnelle, offrant deux r\u00e9glages possibles pour une pr\u00e9cision optimale lors de l&#8217;installation des lames dans le Jig.<\/span><\/p>\n<p><strong>Zt Sports \u2013 Votre destination par d\u00e9faut pour acheter les Stops de Positionnement Sup\u00e9rieur StayBent<\/strong><\/p>\n<p>Ces stops sup\u00e9rieurs optionnels pour le cadre StayBent offrent deux possibilit\u00e9s de r\u00e9glage pour une pr\u00e9cision optimale sur des lames neuves ou us\u00e9es, garantissant que vos lames sont toujours parfaitement align\u00e9es et en parfait \u00e9tat.<\/p>\n<h3>Caract\u00e9ristiques<\/h3>\n<ul>\n<li>Stops sup\u00e9rieurs optionnels r\u00e9glables<\/li>\n<li>Offre deux possibilit\u00e9s de r\u00e9glage pour une pr\u00e9cision optimale<\/li>\n<li>Livr\u00e9s par paire<\/li>\n<\/ul>\n<h4>Pr\u00e9cision et Polyvalence<\/h4>\n<p>Un des principaux avantages des Stops de Positionnement Sup\u00e9rieur StayBent pour le StayBent Jig est leur pr\u00e9cision et leur polyvalence. Les deux possibilit\u00e9s de r\u00e9glage permettent d&#8217;obtenir une pr\u00e9cision optimale lors de l&#8217;entretien du tranchant des lames et am\u00e9liorent leur performance.<\/p>\n<h3>Pourquoi acheter ce produit ?<\/h3>\n<ul>\n<li>Offre deux possibilit\u00e9s de r\u00e9glage pour une pr\u00e9cision optimale lors de l&#8217;entretien du tranchant des lames, am\u00e9liorant ainsi leurs performances.<\/li>\n<li>Durable, facile \u00e0 installer et \u00e0 retirer, pratique \u00e0 utiliser \u00e0 chaque aff\u00fbtage.<\/li>\n<li>Un ajout pr\u00e9cieux \u00e0 tout kit d&#8217;entretien de lames.<\/li>\n<li>Assure un alignement parfait et maintient vos lames en condition optimale.<\/li>\n<li>Con\u00e7u pour \u00eatre utilis\u00e9 avec le StayBent Jig, solution compl\u00e8te pour l\u2019entretien et l\u2019aff\u00fbtage des lames.<\/li>\n<\/ul>\n<p><strong>Achetez d\u00e8s aujourd&#8217;hui les Stops de Positionnement Sup\u00e9rieur StayBent pour votre StayBent Jig chez <\/strong><a href=\"https:\/\/ztsports.com\/fr\/\">Zt Sports<\/a><\/p>\n<p>Enfin, atteignez une pr\u00e9cision optimale pour l\u2019entretien de vos lames avec les Stops de Positionnement Sup\u00e9rieur StayBent. Accessoire optionnel, offrant deux options de r\u00e9glage, garantissant un alignement parfait et un tranchant optimal. Polyvalent, durable et facile \u00e0 installer, un outil indispensable pour votre StayBent Jig.<\/p>\n<p><a href=\"https:\/\/ztsports.com\/product-category\/sharpening\/jigs\/\"><strong>D\u00e9couvrez tous nos jigs et kits d\u2019aff\u00fbtage ici.<\/strong><\/a><\/p>\n<h3><a href=\"https:\/\/www.youtube.com\/watch?v=6mu5w7rdrL0\" target=\"_blank\" rel=\"noopener\">Tutoriel Aff\u00fbtage de Patins<\/a><\/h3>\n","protected":false},"excerpt":{"rendered":"<p>Stops de Positionnement Sup\u00e9rieur StayBent Les Stops de Positionnement Sup\u00e9rieur StayBent sont des pi\u00e8ces originales. Il s&#8217;agit d&#8217;un accessoire optionnel pour le StayBent Jig, offrant 2 possibilit\u00e9s de r\u00e9glage pour une pr\u00e9cision optimale sur des lames neuves ou us\u00e9es. Assure que vos lames soient toujours install\u00e9es de mani\u00e8re identique \u00e0 chaque utilisation. Les Stops de [&hellip;]<\/p>\n","protected":false},"featured_media":22867,"comment_status":"open","ping_status":"closed","template":"","meta":{"_acf_changed":false,"_monsterinsights_skip_tracking":false,"_monsterinsights_sitenote_active":false,"_monsterinsights_sitenote_note":"","_monsterinsights_sitenote_category":0,"_uf_show_specific_survey":0,"_uf_disable_surveys":false,"site-sidebar-layout":"default","site-content-layout":"","ast-site-content-layout":"default","site-content-style":"default","site-sidebar-style":"default","ast-global-header-display":"","ast-banner-title-visibility":"","ast-main-header-display":"","ast-hfb-above-header-display":"","ast-hfb-below-header-display":"","ast-hfb-mobile-header-display":"","site-post-title":"","ast-breadcrumbs-content":"","ast-featured-img":"","footer-sml-layout":"","ast-disable-related-posts":"","theme-transparent-header-meta":"default","adv-header-id-meta":"","stick-header-meta":"","header-above-stick-meta":"","header-main-stick-meta":"","header-below-stick-meta":"","astra-migrate-meta-layouts":"set","ast-page-background-enabled":"default","ast-page-background-meta":{"desktop":{"background-color":"","background-image":"","background-repeat":"repeat","background-position":"center center","background-size":"auto","background-attachment":"scroll","background-type":"","background-media":"","overlay-type":"","overlay-color":"","overlay-opacity":"","overlay-gradient":""},"tablet":{"background-color":"","background-image":"","background-repeat":"repeat","background-position":"center center","background-size":"auto","background-attachment":"scroll","background-type":"","background-media":"","overlay-type":"","overlay-color":"","overlay-opacity":"","overlay-gradient":""},"mobile":{"background-color":"","background-image":"","background-repeat":"repeat","background-position":"center center","background-size":"auto","background-attachment":"scroll","background-type":"","background-media":"","overlay-type":"","overlay-color":"","overlay-opacity":"","overlay-gradient":""}},"ast-content-background-meta":{"desktop":{"background-color":"var(--ast-global-color-5)","background-image":"","background-repeat":"repeat","background-position":"center center","background-size":"auto","background-attachment":"scroll","background-type":"","background-media":"","overlay-type":"","overlay-color":"","overlay-opacity":"","overlay-gradient":""},"tablet":{"background-color":"var(--ast-global-color-5)","background-image":"","background-repeat":"repeat","background-position":"center center","background-size":"auto","background-attachment":"scroll","background-type":"","background-media":"","overlay-type":"","overlay-color":"","overlay-opacity":"","overlay-gradient":""},"mobile":{"background-color":"var(--ast-global-color-5)","background-image":"","background-repeat":"repeat","background-position":"center center","background-size":"auto","background-attachment":"scroll","background-type":"","background-media":"","overlay-type":"","overlay-color":"","overlay-opacity":"","overlay-gradient":""}}},"product_brand":[3344],"product_cat":[3378],"product_tag":[3806,3805],"class_list":{"0":"post-22871","1":"product","2":"type-product","3":"status-publish","4":"has-post-thumbnail","6":"product_brand-stay-bent","7":"product_cat-non-categorise","8":"product_tag-staybent","9":"product_tag-staybent-by-ehs","10":"desktop-align-left","11":"tablet-align-left","12":"mobile-align-left","14":"first","15":"instock","16":"taxable","17":"shipping-taxable","18":"purchasable","19":"product-type-simple"},"acf":[],"_links":{"self":[{"href":"https:\/\/ztsports.com\/fr\/wp-json\/wp\/v2\/product\/22871","targetHints":{"allow":["GET"]}}],"collection":[{"href":"https:\/\/ztsports.com\/fr\/wp-json\/wp\/v2\/product"}],"about":[{"href":"https:\/\/ztsports.com\/fr\/wp-json\/wp\/v2\/types\/product"}],"replies":[{"embeddable":true,"href":"https:\/\/ztsports.com\/fr\/wp-json\/wp\/v2\/comments?post=22871"}],"version-history":[{"count":1,"href":"https:\/\/ztsports.com\/fr\/wp-json\/wp\/v2\/product\/22871\/revisions"}],"predecessor-version":[{"id":22872,"href":"https:\/\/ztsports.com\/fr\/wp-json\/wp\/v2\/product\/22871\/revisions\/22872"}],"wp:featuredmedia":[{"embeddable":true,"href":"https:\/\/ztsports.com\/fr\/wp-json\/wp\/v2\/media\/22867"}],"wp:attachment":[{"href":"https:\/\/ztsports.com\/fr\/wp-json\/wp\/v2\/media?parent=22871"}],"wp:term":[{"taxonomy":"product_brand","embeddable":true,"href":"https:\/\/ztsports.com\/fr\/wp-json\/wp\/v2\/product_brand?post=22871"},{"taxonomy":"product_cat","embeddable":true,"href":"https:\/\/ztsports.com\/fr\/wp-json\/wp\/v2\/product_cat?post=22871"},{"taxonomy":"product_tag","embeddable":true,"href":"https:\/\/ztsports.com\/fr\/wp-json\/wp\/v2\/product_tag?post=22871"}],"curies":[{"name":"wp","href":"https:\/\/api.w.org\/{rel}","templated":true}]}}