{"id":22858,"date":"2023-06-26T22:29:02","date_gmt":"2023-06-26T22:29:02","guid":{"rendered":"https:\/\/ztsports.com\/?post_type=product&#038;p=22858"},"modified":"2026-04-10T15:28:10","modified_gmt":"2026-04-10T15:28:10","slug":"lunettes-de-protection-enfants","status":"publish","type":"product","link":"https:\/\/ztsports.com\/fr\/store\/lunettes-de-protection-enfants\/","title":{"rendered":"Lunettes de Protection Enfants Kids Protective Glasses Short Track"},"content":{"rendered":"<h1 class=\"product_title entry-title wd-entities-title\">Lunettes de Protection Enfants pour Short Track<\/h1>\n<p>Ces lunettes de protection enfants pour enfants poss\u00e8dent une monture en nylon. Elles respectent les normes ASTM F803 de r\u00e9sistance aux impacts.<\/p>\n<p>Verres en polycarbonate incassables garantis ! Conviennent aux enfants de 6 \u00e0 12 ans et offrent une protection UV 400.<\/p>\n<p>Comprend une monture noire enveloppante en nylon et des coussinets nasaux confortables en TPR. Test\u00e9 et conforme aux sp\u00e9cifications ASTM F803.<\/p>\n<p>De plus, ces lunettes de s\u00e9curit\u00e9 disposent de <strong>tailles de monture r\u00e9duites<\/strong> pour s\u2019adapter aux visages plus petits des enfants.<\/p>\n<p>Les verres sportifs sont en polycarbonate, un mat\u00e9riau r\u00e9sistant aux impacts qui prot\u00e8ge les yeux des objets en mouvement rapide. <b>Le mat\u00e9riau est incassable et dix fois plus r\u00e9sistant que les verres de lunettes ordinaires<\/b>. Il est plus souple tout en restant tr\u00e8s r\u00e9sistant aux chocs.<\/p>\n<p>Choisissez toujours des verres en <b>polycarbonate ou Trivex r\u00e9sistants aux impacts<\/b>.<\/p>\n<h5>lunettes de protection enfants<\/h5>\n<p><strong>Taille Enfants \/ Junior<\/strong><\/p>\n<p>La <a href=\"https:\/\/ztsports.com\/product\/adult-protective-glasses-for-short-track\/\"><strong>taille adulte est disponible ici<\/strong><\/a>.<\/p>\n<p><strong><span class=\"Y2IQFc\" lang=\"fr\">FPVQ &amp; <a href=\"https:\/\/www.ontariospeedskating.ca\/safety-equipment\" target=\"_blank\" rel=\"noopener\">OSSA : Accessoire obligatoire<\/a> en comp\u00e9tition.<\/span><\/strong><\/p>\n<p><strong>Enfin, vous pouvez consulter notre large s\u00e9lection de <a href=\"https:\/\/ztsports.com\/product-category\/protection\/glasses\/\">Lunettes de Protection pour le Patinage de Vitesse<\/a> ici.<\/strong><\/p>\n","protected":false},"excerpt":{"rendered":"<p>Lunettes de Protection Enfants pour Short Track Ces lunettes de protection enfants pour enfants poss\u00e8dent une monture en nylon. Elles respectent les normes ASTM F803 de r\u00e9sistance aux impacts. Verres en polycarbonate incassables garantis ! Conviennent aux enfants de 6 \u00e0 12 ans et offrent une protection UV 400. Comprend une monture noire enveloppante en [&hellip;]<\/p>\n","protected":false},"featured_media":22855,"comment_status":"open","ping_status":"closed","template":"","meta":{"_acf_changed":false,"_monsterinsights_skip_tracking":false,"_monsterinsights_sitenote_active":false,"_monsterinsights_sitenote_note":"","_monsterinsights_sitenote_category":0,"_uf_show_specific_survey":0,"_uf_disable_surveys":false,"site-sidebar-layout":"default","site-content-layout":"","ast-site-content-layout":"default","site-content-style":"default","site-sidebar-style":"default","ast-global-header-display":"","ast-banner-title-visibility":"","ast-main-header-display":"","ast-hfb-above-header-display":"","ast-hfb-below-header-display":"","ast-hfb-mobile-header-display":"","site-post-title":"","ast-breadcrumbs-content":"","ast-featured-img":"","footer-sml-layout":"","ast-disable-related-posts":"","theme-transparent-header-meta":"default","adv-header-id-meta":"","stick-header-meta":"","header-above-stick-meta":"","header-main-stick-meta":"","header-below-stick-meta":"","astra-migrate-meta-layouts":"set","ast-page-background-enabled":"default","ast-page-background-meta":{"desktop":{"background-color":"","background-image":"","background-repeat":"repeat","background-position":"center center","background-size":"auto","background-attachment":"scroll","background-type":"","background-media":"","overlay-type":"","overlay-color":"","overlay-opacity":"","overlay-gradient":""},"tablet":{"background-color":"","background-image":"","background-repeat":"repeat","background-position":"center center","background-size":"auto","background-attachment":"scroll","background-type":"","background-media":"","overlay-type":"","overlay-color":"","overlay-opacity":"","overlay-gradient":""},"mobile":{"background-color":"","background-image":"","background-repeat":"repeat","background-position":"center center","background-size":"auto","background-attachment":"scroll","background-type":"","background-media":"","overlay-type":"","overlay-color":"","overlay-opacity":"","overlay-gradient":""}},"ast-content-background-meta":{"desktop":{"background-color":"var(--ast-global-color-5)","background-image":"","background-repeat":"repeat","background-position":"center center","background-size":"auto","background-attachment":"scroll","background-type":"","background-media":"","overlay-type":"","overlay-color":"","overlay-opacity":"","overlay-gradient":""},"tablet":{"background-color":"var(--ast-global-color-5)","background-image":"","background-repeat":"repeat","background-position":"center center","background-size":"auto","background-attachment":"scroll","background-type":"","background-media":"","overlay-type":"","overlay-color":"","overlay-opacity":"","overlay-gradient":""},"mobile":{"background-color":"var(--ast-global-color-5)","background-image":"","background-repeat":"repeat","background-position":"center center","background-size":"auto","background-attachment":"scroll","background-type":"","background-media":"","overlay-type":"","overlay-color":"","overlay-opacity":"","overlay-gradient":""}}},"product_brand":[3316,3315],"product_cat":[3587],"product_tag":[4629],"class_list":{"0":"post-22858","1":"product","2":"type-product","3":"status-publish","4":"has-post-thumbnail","6":"product_brand-20-20","7":"product_brand-leader","8":"product_cat-lunettes","9":"product_tag-lunettes-de-protection-enfants","10":"desktop-align-left","11":"tablet-align-left","12":"mobile-align-left","14":"first","15":"instock","16":"sale","17":"taxable","18":"shipping-taxable","19":"purchasable","20":"product-type-simple"},"acf":[],"_links":{"self":[{"href":"https:\/\/ztsports.com\/fr\/wp-json\/wp\/v2\/product\/22858","targetHints":{"allow":["GET"]}}],"collection":[{"href":"https:\/\/ztsports.com\/fr\/wp-json\/wp\/v2\/product"}],"about":[{"href":"https:\/\/ztsports.com\/fr\/wp-json\/wp\/v2\/types\/product"}],"replies":[{"embeddable":true,"href":"https:\/\/ztsports.com\/fr\/wp-json\/wp\/v2\/comments?post=22858"}],"version-history":[{"count":4,"href":"https:\/\/ztsports.com\/fr\/wp-json\/wp\/v2\/product\/22858\/revisions"}],"predecessor-version":[{"id":25169,"href":"https:\/\/ztsports.com\/fr\/wp-json\/wp\/v2\/product\/22858\/revisions\/25169"}],"wp:featuredmedia":[{"embeddable":true,"href":"https:\/\/ztsports.com\/fr\/wp-json\/wp\/v2\/media\/22855"}],"wp:attachment":[{"href":"https:\/\/ztsports.com\/fr\/wp-json\/wp\/v2\/media?parent=22858"}],"wp:term":[{"taxonomy":"product_brand","embeddable":true,"href":"https:\/\/ztsports.com\/fr\/wp-json\/wp\/v2\/product_brand?post=22858"},{"taxonomy":"product_cat","embeddable":true,"href":"https:\/\/ztsports.com\/fr\/wp-json\/wp\/v2\/product_cat?post=22858"},{"taxonomy":"product_tag","embeddable":true,"href":"https:\/\/ztsports.com\/fr\/wp-json\/wp\/v2\/product_tag?post=22858"}],"curies":[{"name":"wp","href":"https:\/\/api.w.org\/{rel}","templated":true}]}}