{"id":22852,"date":"2023-06-27T03:50:06","date_gmt":"2023-06-27T03:50:06","guid":{"rendered":"https:\/\/ztsports.com\/?post_type=product&#038;p=22852"},"modified":"2026-03-07T11:39:38","modified_gmt":"2026-03-07T11:39:38","slug":"bk-junior-stiletto-protective-eyewear-2","status":"publish","type":"product","link":"https:\/\/ztsports.com\/fr\/store\/bk-junior-stiletto-protective-eyewear-2\/","title":{"rendered":"BK Junior Stiletto Protective Eyewear"},"content":{"rendered":"<h1>BK Junior Stiletto Lunettes de Protection<\/h1>\n<p>Les lunettes de protection BK Junior Stiletto <span class=\"Y2IQFc\" lang=\"fr\">sont l&#8217;un des \u00e9quipements de s\u00e9curit\u00e9 obligatoires pour le patinage de vitesse.<\/span> Le <strong>Black Knight Junior Stiletto<\/strong> est disponible en tailles Jeunesse et Adulte.<\/p>\n<p><span class=\"Y2IQFc\" lang=\"fr\">Forme arrondie assurant un confort in\u00e9gal\u00e9.<\/span> Les lunettes les plus \u00e9l\u00e9gantes et profil\u00e9es disponibles. De plus, elles sont \u00e9quip\u00e9es de <span class=\"Y2IQFc\" lang=\"fr\">verres en polycarbonate haute r\u00e9sistance aux rayures et aux impacts, optiquement neutres sans distorsion, avec traitement anti-bu\u00e9e.<\/span> Un \u00e9tui souple et une sangle sont inclus.<\/p>\n<p>Le Black Knight Stiletto &#8211; Lunettes petites offrent une qualit\u00e9 exceptionnelle et une protection contre les impacts accidentels (balles ou raquettes). Con\u00e7ues pour les visages plus petits, elles sont plus petites que la s\u00e9rie Turbo. La taille Small mesure 13 cm de largeur de monture (pour jeunes juniors).<\/p>\n<h3>Sp\u00e9cifications &#8211; Black Knight Stiletto Small :<\/h3>\n<ul>\n<li>Verres r\u00e9sistants aux rayures et aux impacts en polycarbonate<\/li>\n<li>Verres optiquement corrects sans distorsion<\/li>\n<li>Branches \u00e0 ba\u00efonnette pour un ajustement confortable<\/li>\n<li>Rev\u00eatement anti-bu\u00e9e et ventilation pour \u00e9viter la condensation<\/li>\n<li>Livr\u00e9 avec une pochette de protection et une sangle pour s\u00e9curiser les lunettes<\/li>\n<li>Conforme \u00e0 la norme ASTM F803 pour les sports de raquette (squash, badminton, racquetball, paddleball, tennis)<\/li>\n<li>Taille : 13 cm de largeur de monture<\/li>\n<\/ul>\n<p dir=\"ltr\" data-placeholder=\"Translation\"><strong><span class=\"Y2IQFc\" lang=\"fr\">FPVQ &amp; <a href=\"https:\/\/www.ontariospeedskating.ca\/safety-equipment\" target=\"_blank\" rel=\"noopener\">OSSA : Accessoire obligatoire<\/a> en comp\u00e9tition.<\/span><\/strong><\/p>\n<p dir=\"ltr\" data-placeholder=\"Translation\">Enfin, consultez toute notre <a href=\"https:\/\/ztsports.com\/product-category\/protection\/glasses\/\"><strong>s\u00e9lection de lunettes de protection pour le patinage de vitesse<\/strong><\/a> ici.<\/p>\n","protected":false},"excerpt":{"rendered":"<p>BK Junior Stiletto Lunettes de Protection Les lunettes de protection BK Junior Stiletto sont l&#8217;un des \u00e9quipements de s\u00e9curit\u00e9 obligatoires pour le patinage de vitesse. Le Black Knight Junior Stiletto est disponible en tailles Jeunesse et Adulte. Forme arrondie assurant un confort in\u00e9gal\u00e9. Les lunettes les plus \u00e9l\u00e9gantes et profil\u00e9es disponibles. De plus, elles sont [&hellip;]<\/p>\n","protected":false},"featured_media":25040,"comment_status":"open","ping_status":"closed","template":"","meta":{"_acf_changed":false,"_monsterinsights_skip_tracking":false,"_monsterinsights_sitenote_active":false,"_monsterinsights_sitenote_note":"","_monsterinsights_sitenote_category":0,"_uf_show_specific_survey":0,"_uf_disable_surveys":false,"site-sidebar-layout":"default","site-content-layout":"","ast-site-content-layout":"default","site-content-style":"default","site-sidebar-style":"default","ast-global-header-display":"","ast-banner-title-visibility":"","ast-main-header-display":"","ast-hfb-above-header-display":"","ast-hfb-below-header-display":"","ast-hfb-mobile-header-display":"","site-post-title":"","ast-breadcrumbs-content":"","ast-featured-img":"","footer-sml-layout":"","ast-disable-related-posts":"","theme-transparent-header-meta":"default","adv-header-id-meta":"","stick-header-meta":"","header-above-stick-meta":"","header-main-stick-meta":"","header-below-stick-meta":"","astra-migrate-meta-layouts":"set","ast-page-background-enabled":"default","ast-page-background-meta":{"desktop":{"background-color":"","background-image":"","background-repeat":"repeat","background-position":"center center","background-size":"auto","background-attachment":"scroll","background-type":"","background-media":"","overlay-type":"","overlay-color":"","overlay-opacity":"","overlay-gradient":""},"tablet":{"background-color":"","background-image":"","background-repeat":"repeat","background-position":"center center","background-size":"auto","background-attachment":"scroll","background-type":"","background-media":"","overlay-type":"","overlay-color":"","overlay-opacity":"","overlay-gradient":""},"mobile":{"background-color":"","background-image":"","background-repeat":"repeat","background-position":"center center","background-size":"auto","background-attachment":"scroll","background-type":"","background-media":"","overlay-type":"","overlay-color":"","overlay-opacity":"","overlay-gradient":""}},"ast-content-background-meta":{"desktop":{"background-color":"var(--ast-global-color-5)","background-image":"","background-repeat":"repeat","background-position":"center center","background-size":"auto","background-attachment":"scroll","background-type":"","background-media":"","overlay-type":"","overlay-color":"","overlay-opacity":"","overlay-gradient":""},"tablet":{"background-color":"var(--ast-global-color-5)","background-image":"","background-repeat":"repeat","background-position":"center center","background-size":"auto","background-attachment":"scroll","background-type":"","background-media":"","overlay-type":"","overlay-color":"","overlay-opacity":"","overlay-gradient":""},"mobile":{"background-color":"var(--ast-global-color-5)","background-image":"","background-repeat":"repeat","background-position":"center center","background-size":"auto","background-attachment":"scroll","background-type":"","background-media":"","overlay-type":"","overlay-color":"","overlay-opacity":"","overlay-gradient":""}}},"product_brand":[],"product_cat":[3378],"product_tag":[3796],"class_list":{"0":"post-22852","1":"product","2":"type-product","3":"status-publish","4":"has-post-thumbnail","6":"product_cat-non-categorise","7":"product_tag-short-track","8":"desktop-align-left","9":"tablet-align-left","10":"mobile-align-left","12":"first","13":"instock","14":"taxable","15":"shipping-taxable","16":"purchasable","17":"product-type-simple"},"acf":[],"_links":{"self":[{"href":"https:\/\/ztsports.com\/fr\/wp-json\/wp\/v2\/product\/22852","targetHints":{"allow":["GET"]}}],"collection":[{"href":"https:\/\/ztsports.com\/fr\/wp-json\/wp\/v2\/product"}],"about":[{"href":"https:\/\/ztsports.com\/fr\/wp-json\/wp\/v2\/types\/product"}],"replies":[{"embeddable":true,"href":"https:\/\/ztsports.com\/fr\/wp-json\/wp\/v2\/comments?post=22852"}],"version-history":[{"count":2,"href":"https:\/\/ztsports.com\/fr\/wp-json\/wp\/v2\/product\/22852\/revisions"}],"predecessor-version":[{"id":22854,"href":"https:\/\/ztsports.com\/fr\/wp-json\/wp\/v2\/product\/22852\/revisions\/22854"}],"wp:featuredmedia":[{"embeddable":true,"href":"https:\/\/ztsports.com\/fr\/wp-json\/wp\/v2\/media\/25040"}],"wp:attachment":[{"href":"https:\/\/ztsports.com\/fr\/wp-json\/wp\/v2\/media?parent=22852"}],"wp:term":[{"taxonomy":"product_brand","embeddable":true,"href":"https:\/\/ztsports.com\/fr\/wp-json\/wp\/v2\/product_brand?post=22852"},{"taxonomy":"product_cat","embeddable":true,"href":"https:\/\/ztsports.com\/fr\/wp-json\/wp\/v2\/product_cat?post=22852"},{"taxonomy":"product_tag","embeddable":true,"href":"https:\/\/ztsports.com\/fr\/wp-json\/wp\/v2\/product_tag?post=22852"}],"curies":[{"name":"wp","href":"https:\/\/api.w.org\/{rel}","templated":true}]}}